{"id":41,"date":"2024-04-04T04:15:09","date_gmt":"2024-04-04T01:15:09","guid":{"rendered":"https:\/\/sisu.ut.ee\/ravimitest-maakeeli\/53-milliseid-teenuseid-apteegis-pakutakse\/"},"modified":"2024-04-04T04:15:34","modified_gmt":"2024-04-04T01:15:34","slug":"53-milliseid-teenuseid-apteegis-pakutakse","status":"publish","type":"page","link":"https:\/\/sisu.ut.ee\/ravimitest-maakeeli\/53-milliseid-teenuseid-apteegis-pakutakse\/","title":{"rendered":"5.3. Milliseid teenuseid apteegis pakutakse?"},"content":{"rendered":"<p><span>\u00dcldapteegis viibib patsient ainult m\u00fc\u00fcgisaalis, kuid lisaks sellele on apteegil veel erinevaid teisi ruume, kus nt valmistatakse ja s\u00e4ilitatakse ravimeid. Ravimitega seotud tegevused on rangelt reglementeeritud ja apteegi personal kannab n\u00f5uetekohast t\u00f6\u00f6riietust ning vahetusjalan\u00f5usid. \u00dcldapteegi m\u00fc\u00fcgisaal v\u00f5ib olla kujundatud erinevalt. Viimasel ajal on enamlevinud ravimite ja apteegikaupade v\u00e4ljapaneku viisiks avariiulid. Patsiendile on n\u00e4htavad k\u00e4sim\u00fc\u00fcgiravimid ja teised apteegikaubad. Retseptiravimid on paigutatud kinnistesse sahtlitesse ja kappidesse ning nende juurde patsientidel juurdep\u00e4\u00e4s puudub.<\/span><\/p>\n<h4>Apteegiteenus on peamiselt ravimite jaem\u00fc\u00fck koos ravimite sihip\u00e4rast ja ratsionaalset kasutamist toetava n\u00f5ustamisega.<\/h4>\n<p>Samuti moodustavad osa apteegiteenusest ravimite ekstemporaalne ja seeriaviisiline valmistamine ning jaendamine. Ravimite ekstemporaalne valmistamine t\u00e4hendab ravimi valmistamist apteegis vastavalt konkreetsele arstiretseptile. Selleks peavad apteegis olema loodud tingimused ravimite valmistamiseks: vastavad ruumid, sisseseade ning vajalikud toime- ja abiained. Ravim valmistatakse kuni nelja \u00f6\u00f6p\u00e4eva jooksul alates retsepti esitamisest apteeki. Ravimite seeriaviisiline valmistamine toimub Ravimiameti poolt kinnitatud retseptide alusel nendele ravimitele, mille nt hooajaline kasutamine (nohusalv) on eelnevalt teada. Nende ravimite v\u00e4ljastamiseks apteegist ei ole alati arstiretsepti vaja. Ravimite jaendamist teostatakse sellisel juhul, kui apteeki saabunud ravimipakend on vaja jagada v\u00e4iksemat kogust ravimit sisaldavateks pakenditeks. Seoses erinevas vormis ja annustes olevate valmisravimite k\u00e4ttesaadavuse suurenemisega on ravimite ekstemporaalne ja seeriaviisiline valmistamine Eesti \u00fcldapteekides viimastel aastatel v\u00e4henenud. Sagedamini valmistatakse erinevaid v\u00e4lispidiselt kasutatavaid ravimeid ja peavalupulbreid. Haiglaapteegis valmistatavate ravimite nomenklatuur on v\u00f5rreldes \u00fcldapteegiga erinev, h\u00f5lmates ka nt v\u00e4hiravimeid.<\/p>\n<p><span>Peamise osa apteegiteenusest moodustab t\u00e4nap\u00e4eval patsientide teavitamine ravimite kasutamise kohta. Ravimin\u00f5ustamises on v\u00f5imalik eristada retsepti- ja k\u00e4sim\u00fc\u00fcgiravimite alast teavitamist. Retseptiravimi puhul on ravimi v\u00e4ljastamise aluseks retsept, mis 90% juhtudest on digitaalne ning mille v\u00e4ljastamiseks esitab patsient v\u00f5i tema esindaja apteekrile oma isikut t\u00f5endava dokumendi. Enamus retseptidest kirjutatakse v\u00e4lja toimeainep\u00f5hiselt, mis t\u00e4hendab, et patsiendil on v\u00f5imalik valida erinevate ravimitootjate ravimite hulgast talle sobivaim ravimpreparaat.<\/span><\/p>\n<h4>Apteekril on kohustus pakkuda patsiendile alati hinnalt soodsaimat ravimit.<\/h4>\n<p>Retseptiravimi v\u00e4ljastamisel kordab apteeker \u00fcle retseptil olnud kasutamisjuhised ning vajadusel t\u00e4iendab infot kasutamisest koos teiste ravimite, toidu ja joogiga ning ravimi s\u00e4ilitamise kohta. Ravimi kasutamise info m\u00e4rgitakse\u00a0ka ravimikarbile.<\/p>\n<p><span>K\u00e4sim\u00fc\u00fcgiravimi v\u00e4ljastamisel v\u00f5i iseravimise n\u00f5ustamisel selgitab apteeker esiteks v\u00e4lja, kellele ravimit soovitakse, milline on patsiendi terviseprobleem, kui kaua haigus on kestnud ja kas ning milliseid raviviise on juba eelnevalt kasutatud. L\u00e4htuvalt saadud infost pakub apteeker v\u00e4lja k\u00e4sim\u00fc\u00fcgiravimi v\u00f5i m\u00f5ne teise apteegikauba patsiendi kirjeldatud s\u00fcmptomite leevendamiseks v\u00f5i haiguse ravimiseks, selgitades patsiendile ravimi toimet, ravimi koos kasutamist teiste ravimite, toidu ja joogiga ning\u00a0s\u00e4ilitamistingimusi. Ka k\u00e4sim\u00fc\u00fcgiravimi valimisel on oluline pakkuda patsiendile soodsaima hinnaga ravimpreparaati. Ebaselgete s\u00fcmptomite korral soovitab apteeker p\u00f6\u00f6rduda konsultatsiooniks arsti juurde.<\/span><\/p>\n<p><span>Lisaks ravimitele pakutakse apteegis n\u00f5ustamist ka meditsiiniseadmete, toidulisandite ja loodustoodete ning abivahendite kasutamiseks.<\/span><\/p>\n<h4><span><span>Apteeker saab samuti aidata, hinnates retseptiravimite ja k\u00e4sim\u00fc\u00fcgiravimite koos kasutamise ohutust. <\/span><\/span><\/h4>\n<p><span data-mce-mark=\"1\"><span data-mce-mark=\"1\">Apteeker saab samuti aidata, hinnates retsepti- ja k\u00e4sim\u00fc\u00fcgiravimite koos kasutamise ohutust. Selline teenus ei ole aga alati v\u00f5imalik traditsioonilise apteegiteenusena ning seda pakutakse m\u00f5nedes Eesti \u00fcldapteekides t\u00e4iendava lisateenuse vormis. Lisaks ravimite kasutamise n\u00f5ustamisele on apteekides v\u00f5imalik m\u00e4\u00e4rata erinevaid tervisen\u00e4itajaid nagu nt verer\u00f5hk, kolesterooli ja veresuhkru n\u00e4itajad jt. Samuti pakutakse meie apteekides n\u00f5ustamist haiguste ennetamiseks, nt tervislik toitumine ja suitsetamisest loobumine.<\/span><\/span><\/p>\n","protected":false},"excerpt":{"rendered":"<p>\u00dcldapteegis viibib patsient ainult m\u00fc\u00fcgisaalis, kuid lisaks sellele on apteegil veel erinevaid teisi ruume, kus nt valmistatakse ja s\u00e4ilitatakse ravimeid. Ravimitega seotud tegevused on rangelt reglementeeritud ja apteegi personal kannab n\u00f5uetekohast t\u00f6\u00f6riietust ning vahetusjalan\u00f5usid. \u00dcldapteegi m\u00fc\u00fcgisaal v\u00f5ib olla kujundatud erinevalt. &#8230;<\/p>\n","protected":false},"author":142,"featured_media":0,"parent":0,"menu_order":0,"comment_status":"closed","ping_status":"closed","template":"","meta":{"_acf_changed":false,"inline_featured_image":false,"footnotes":""},"class_list":["post-41","page","type-page","status-publish","hentry"],"acf":[],"_links":{"self":[{"href":"https:\/\/sisu.ut.ee\/ravimitest-maakeeli\/wp-json\/wp\/v2\/pages\/41","targetHints":{"allow":["GET"]}}],"collection":[{"href":"https:\/\/sisu.ut.ee\/ravimitest-maakeeli\/wp-json\/wp\/v2\/pages"}],"about":[{"href":"https:\/\/sisu.ut.ee\/ravimitest-maakeeli\/wp-json\/wp\/v2\/types\/page"}],"author":[{"embeddable":true,"href":"https:\/\/sisu.ut.ee\/ravimitest-maakeeli\/wp-json\/wp\/v2\/users\/142"}],"replies":[{"embeddable":true,"href":"https:\/\/sisu.ut.ee\/ravimitest-maakeeli\/wp-json\/wp\/v2\/comments?post=41"}],"version-history":[{"count":1,"href":"https:\/\/sisu.ut.ee\/ravimitest-maakeeli\/wp-json\/wp\/v2\/pages\/41\/revisions"}],"predecessor-version":[{"id":186,"href":"https:\/\/sisu.ut.ee\/ravimitest-maakeeli\/wp-json\/wp\/v2\/pages\/41\/revisions\/186"}],"wp:attachment":[{"href":"https:\/\/sisu.ut.ee\/ravimitest-maakeeli\/wp-json\/wp\/v2\/media?parent=41"}],"curies":[{"name":"wp","href":"https:\/\/api.w.org\/{rel}","templated":true}]}}