{"id":40,"date":"2024-04-04T04:15:09","date_gmt":"2024-04-04T01:15:09","guid":{"rendered":"https:\/\/sisu.ut.ee\/ravimitest-maakeeli\/52-mida-apteegis-muuakse\/"},"modified":"2024-04-18T13:35:50","modified_gmt":"2024-04-18T10:35:50","slug":"52-mida-apteegis-muuakse","status":"publish","type":"page","link":"https:\/\/sisu.ut.ee\/ravimitest-maakeeli\/52-mida-apteegis-muuakse\/","title":{"rendered":"5.2. Mida apteegis m\u00fc\u00fcakse?"},"content":{"rendered":"<h2>Mis on retseptiravimid ja k\u00e4sim\u00fc\u00fcgiravimid?<\/h2>\n<p><img loading=\"lazy\" decoding=\"async\" class=\"alignnone wp-image-100\" style=\"float: left; width: 200px; height: 268px; margin-left: 10px; margin-right: 10px;\" title=\"K\u00e4sim\u00fc\u00fcgiravimid\" src=\"https:\/\/sisu.ut.ee\/wp-content\/uploads\/sites\/272\/kasimuugiravimid.jpg\" alt=\"kasimuugiravimid.jpg\" width=\"601\" height=\"839\" srcset=\"https:\/\/sisu.ut.ee\/wp-content\/uploads\/sites\/272\/kasimuugiravimid.jpg 601w, https:\/\/sisu.ut.ee\/wp-content\/uploads\/sites\/272\/kasimuugiravimid-215x300.jpg 215w\" sizes=\"auto, (max-width: 601px) 100vw, 601px\">Ravimile m\u00fc\u00fcgiloa andmisel klassifitseeritakse ravim retseptiravimiks juhul, kui ravimpreparaadi kasutamisel ilma arsti j\u00e4relevalveta v\u00f5ib ilmneda otsene v\u00f5i kaudne oht kasutaja tervisele, veterinaarravimite puhul looma, ravimi manustaja ja loomse toidu tarbija tervisele, samuti keskkonnale; ravimpreparaati on sageli ja v\u00e4ga laialdaselt kasutatud ebaotstarbekalt v\u00f5i selline kasutamine on t\u00f5en\u00e4oline, mist\u00f5ttu on v\u00f5imalik, et see kujutab endast inimeste v\u00f5i loomade tervisele otsest v\u00f5i kaudset ohtu; ravimpreparaat sisaldab ainet v\u00f5i aineid, mille toime(d) v\u00f5i k\u00f5rvaltoime(d) n\u00f5uavad lisauuringuid (uus ravim, v\u00e4hene kasutamiskogemus, uus ravimpreparaadi tugevus, uus annuse suurus, uus manustamisviis, uus n\u00e4idustus, uus kombinatsioon, ebapiisavad kasutamiskogemused m\u00f5nel patsiendir\u00fchmal).<\/p>\n<h4>Ravimiretseptil oleva vajaliku info olemasolu ja selle sisu kontrollitakse hoolikalt enne iga ravimi v\u00e4ljastamist.<\/h4>\n<p>Retseptiravimeid v\u00e4ljastatakse ainult arstiretsepti alusel ja retseptiravimite reklaam \u00fcldsusele ei ole lubatud.<\/p>\n<p>Kui apteekril tekib sellega seoses k\u00fcsimusi, p\u00f6\u00f6rdub ta nende selgitamiseks kas patsiendi poole v\u00f5i kontakteerub ravimi v\u00e4ljakirjutajaga.<\/p>\n<p>Ravimi kasutaja peaks suutma haiguss\u00fcmptome ise hinnata (nt palavik, valu, k\u00f6ha, nohu, seedeh\u00e4ired, allergiast tingitud nohu).<\/p>\n<h4 style=\"text-align: left;\">K\u00e4sim\u00fc\u00fcgiravimiteks klassifitseeritud ravimeid kasutatakse sagedaste, iseparaneva ning l\u00fchiajalise kuluga haiguste korral.<\/h4>\n<p style=\"text-align: left;\">K\u00e4sim\u00fc\u00fcgiravimi kasutamise n\u00e4idustus peab olema selgelt arusaadav, annustamine lihtne ning pakendi suurus ei tohi \u00fcletada ravikuuri pikkust. K\u00e4sim\u00fc\u00fcgiravimite reklaam \u00fcldsusele on lubatud, kuid hoolimata sellest on soovitav enne ravimi kasutamist konsulteerida ka arsti v\u00f5i apteekriga.<\/p>\n<h2>Mis on teised apteegikaubad?<\/h2>\n<p>Lisaks ravimitele pakutakse apteegis erinevas valikus toidulisandeid, loodustooteid, meditsiiniseadmeid, h\u00fcgieeni- ja haigep\u00f5etusvahendeid, abivahendeid ja apteegikosmeetikat. Loetletud apteegikaubad ja k\u00e4sim\u00fc\u00fcgiravimid on m\u00fc\u00fcgisaalis paigutatud s\u00fcstematiseeritult, nt haiguste v\u00f5i s\u00fcmptomite kaupa. V\u00f5imalusel on ravimid ja teised apteegikaubad paigutatud eraldi v\u00f5i eristatavad pakendim\u00e4rgistuse erisuste abil. Ravimipakendid on varustatud ka pimedatele m\u00f5eldud kirjaga.<\/p>\n<p>Toidulisanditest on levinumad erinevad vitamiinide ja mineraalainete preparaadid. Loodustoodete osas pakuvad enamus meie apteekidest laia valikut ravimtaimeteesid ning erinevas vormis olevaid taimseid preparaate. Toidulisandite \u00fcle teostab j\u00e4relevalvet P\u00f5llumajandus- ja Toiduamet ning nende kvaliteedi t\u00f5estamise n\u00f5uded ei ole nii ranged kui ravimitel.<\/p>\n<p>Medistiiniseadmed, mida on v\u00f5imalik soetada apteegist, v\u00f5ib laias laastus jagada kahte suurde gruppi: diagnostilised seadmed patsiendi seisundi hindamiseks nagu nt verer\u00f5huaparaadid, gl\u00fckomeetrid, kraadiklaasid jt ning preparaadid, mis leevendavad erinevaid haiguss\u00fcmptome, kuid mis ei avalda ravimitele sarnast toimet. Osa meditsiiniseadmetest nagu nt erinevad plaastrid, sidemed kuuluvad haigep\u00f5etusvahendite hulka ning organismi luu- ja lihaskonda toetavad seadmed abivahendite hulka. Medistiiniseadmete \u00fcle teostab j\u00e4relevalvet Terviseamet ning sarnaselt toidulisanditele ei ole ka selle tootegrupi kvaliteedin\u00f5uded nii rangeid kui ravimitel.<\/p>\n<p>Apteegikosmeetika on reeglina l\u00f5hna- ja v\u00e4rvainete vaba, sobib kasutamiseks allergikutele ning ei anna dekoratiivset efekti.<\/p>\n","protected":false},"excerpt":{"rendered":"<p>Mis on retseptiravimid ja k\u00e4sim\u00fc\u00fcgiravimid? Ravimile m\u00fc\u00fcgiloa andmisel klassifitseeritakse ravim retseptiravimiks juhul, kui ravimpreparaadi kasutamisel ilma arsti j\u00e4relevalveta v\u00f5ib ilmneda otsene v\u00f5i kaudne oht kasutaja tervisele, veterinaarravimite puhul looma, ravimi manustaja ja loomse toidu tarbija tervisele, samuti keskkonnale; ravimpreparaati on &#8230;<\/p>\n","protected":false},"author":142,"featured_media":0,"parent":0,"menu_order":0,"comment_status":"closed","ping_status":"closed","template":"","meta":{"_acf_changed":false,"inline_featured_image":false,"footnotes":""},"class_list":["post-40","page","type-page","status-publish","hentry"],"acf":[],"_links":{"self":[{"href":"https:\/\/sisu.ut.ee\/ravimitest-maakeeli\/wp-json\/wp\/v2\/pages\/40","targetHints":{"allow":["GET"]}}],"collection":[{"href":"https:\/\/sisu.ut.ee\/ravimitest-maakeeli\/wp-json\/wp\/v2\/pages"}],"about":[{"href":"https:\/\/sisu.ut.ee\/ravimitest-maakeeli\/wp-json\/wp\/v2\/types\/page"}],"author":[{"embeddable":true,"href":"https:\/\/sisu.ut.ee\/ravimitest-maakeeli\/wp-json\/wp\/v2\/users\/142"}],"replies":[{"embeddable":true,"href":"https:\/\/sisu.ut.ee\/ravimitest-maakeeli\/wp-json\/wp\/v2\/comments?post=40"}],"version-history":[{"count":2,"href":"https:\/\/sisu.ut.ee\/ravimitest-maakeeli\/wp-json\/wp\/v2\/pages\/40\/revisions"}],"predecessor-version":[{"id":565,"href":"https:\/\/sisu.ut.ee\/ravimitest-maakeeli\/wp-json\/wp\/v2\/pages\/40\/revisions\/565"}],"wp:attachment":[{"href":"https:\/\/sisu.ut.ee\/ravimitest-maakeeli\/wp-json\/wp\/v2\/media?parent=40"}],"curies":[{"name":"wp","href":"https:\/\/api.w.org\/{rel}","templated":true}]}}