{"id":34,"date":"2024-04-04T04:15:09","date_gmt":"2024-04-04T01:15:09","guid":{"rendered":"https:\/\/sisu.ut.ee\/ravimitest-maakeeli\/5-moodul-ulevaade-apteegist\/"},"modified":"2024-04-17T16:31:44","modified_gmt":"2024-04-17T13:31:44","slug":"5-moodul-ulevaade-apteegist","status":"publish","type":"page","link":"https:\/\/sisu.ut.ee\/ravimitest-maakeeli\/5-moodul-ulevaade-apteegist\/","title":{"rendered":"5. moodul: \u00dclevaade apteegist"},"content":{"rendered":"<p><span id=\"docs-internal-guid-f5714a99-7fff-35e0-176a-409225705afa\">Selle mooduli eesm\u00e4rgiks on tutvustada, mis toimub apteegis, kes on apteekrid ja millist n\u00f5u nad saavad Sulle ravimite ohutu ja t\u00f5husa kasutamise tagamiseks anda. P\u00e4rast mooduli l\u00e4bimist tead, mis koht on apteek, kes seal t\u00f6\u00f6tavad ja mida seal tehakse. Samuti saad aru, kuidas j\u00f5uab ravim apteeki, kuidas eristada ravimeid teistest apteegikaupadest ning millist infot ravimite kohta apteegist k\u00fcsida. <\/span><\/p>\n<h5 style=\"text-align: center;\"><div class=\"ratio ratio-16x9 mb-3\"><div class=\"video-placeholder-wrapper video-placeholder-wrapper--16x9\">\n\t\t\t    <div class=\"video-placeholder d-flex justify-content-center align-items-center\">\n\t\t\t        <div class=\"overlay text-white p-2 w-100 text-center d-block justify-content-center align-items-center\">\n\t\t\t            <div>Kolmandate osapoolte sisu n\u00e4gemiseks palun n\u00f5ustu k\u00fcpsistega.<\/div>\n\t\t\t            <button class=\"btn btn-secondary btn-sm mt-1 consent-change\">Muuda n\u00f5usolekut<\/button>\n\t\t\t        <\/div>\n\t\t\t    <\/div>\n\t\t\t<\/div>\n<\/div><\/h5>\n<h5 style=\"text-align: center;\">Apteek, ravimid ja apteegiteenused (Daisy Volmer)<\/h5>\n<h5 style=\"text-align: center;\"><a href=\"https:\/\/www.uttv.ee\/naita?id=28053\" target=\"_blank\" rel=\"noopener\">https:\/\/www.uttv.ee\/naita?id=28053<\/a><\/h5>\n<p><\/p><div class=\"accordion mb-3\">\n        <div class=\"accordion-item accordion-item--white\">\n        <h2 class=\"accordion-header\" id=\"accordion-69df39190bb5f-heading\">\n            <button class=\"accordion-button collapsed\" type=\"button\" data-bs-toggle=\"collapse\" data-bs-target=\"#accordion-69df39190bb5f-collapse\" aria-expanded=\"true\" aria-controls=\"accordion-69df39190bb5f-collapse\">Millest videos r\u00e4\u00e4giti?<\/button>\n        <\/h2>\n        <div id=\"accordion-69df39190bb5f-collapse\" class=\"accordion-collapse collapse\" aria-labelledby=\"accordion-69df39190bb5f-heading\">\n            <div class=\"accordion-body\">\n<p>Mida teha, kui sul on nohu v\u00f5i k\u00f6ha kimbutab? V\u00f5i kui k\u00f5ht valutab? Kustkohast saada ravimit? Kellelt k\u00fcsida n\u00f5u? Eks ikka apteegist!<\/p>\n<p>Kuidas sa apteegi leiad? Apteegi v\u00e4lisuksel v\u00f5i selle k\u00f5rval peab olema selgelt kirjas, millise apteegiga on tegemist ja millal see on avatud. Eestis tegutses 2018. a. jaanuari seisuga ligikaudu 500 apteeki ja iga apteek teenindas keskmiselt 2700 elanikku. \u00a0Apteegid varustavad elanikkonda ravimite, aga ka toidulisandite, loodustoodete jt apteegikaupadega.<\/p>\n<p>Eestis v\u00e4ljastatakse ravimeid ainult apteegist. Kas sa tead, kuidas ravimid apteeki j\u00f5uavad?<\/p>\n<p>Valdav osa ravimitest m\u00fc\u00fcakse ravimihulgim\u00fc\u00fcjate vahendusel, kes tagavad kvaliteetse ravimi j\u00f5udmise ravimitootjalt apteegi kaudu patsiendini. Selleks on vaja kaitsta ravimeid purunemise, v\u00f5ltsimise v\u00f5i varguse eest ning s\u00e4ilitada neid sobival temperatuuril. Samuti tuleb \u00e4ra hoida ravimite sattumine k\u00f5rvaliste isikute k\u00e4tte ning muutumine inimestele, loomadele v\u00f5i keskkonnale ohtlikuks.<\/p>\n<p>Seda, kas ja milliseid ravimeid sa vajad, ei oska ilma vastava hariduseta inimene reeglina ise arvata. Iseenese tarkusest ravimite kasutamine on kindlasti tervisele ohtlik. \u00a0K\u00f5ike seda silmas pidades on oluline, et ravimite v\u00e4ljastamisel ja kasutamise kohta info andmisel on patsiendile abiks apteekrid.<\/p>\n<p>Apteekreid on kahesuguseid: proviisorid ja farmatseudid. Proviisorid on Tartu \u00dclikoolis viis aastat \u00f5ppinud ravimite asjatundjad, kes t\u00f6\u00f6tavad apteegijuhataja v\u00f5i proviisorina kas apteegis v\u00f5i m\u00f5nes teises ravimitega tegelevas ettev\u00f5ttes, n\u00e4iteks ravimite tootmine ja ravimite hulgim\u00fc\u00fck. Farmatseudid on l\u00e4binud kolmeaastase \u00f5ppe Tallinna Tervishoiu K\u00f5rgkoolis ning t\u00f6\u00f6tavad peamiselt apteekides.<\/p>\n<p>Lisaks proviisoritele ja farmatseutidele t\u00f6\u00f6tavad apteekides klienditeenindajad, kellel puudub farmaatsiaalane eriharidus ja nad annavad n\u00f5u nende apteegikaupade kohta, mis ei ole ravimid.<\/p>\n<p>Kui sa apteegi m\u00fc\u00fcgisaalis ringi vaatad, siis n\u00e4ed, et k\u00e4sim\u00fc\u00fcgiravimid ja teised apteegikaubad on paigutatud s\u00fcsteemi j\u00e4rgi avariiulitele. Lisaks ravimitele pakutakse apteegis toidulisandeid, loodustooteid, meditsiiniseadmeid, h\u00fcgieeni- ja haigep\u00f5etusvahendeid ja apteegikosmeetikat. Need ja k\u00e4sim\u00fc\u00fcgiravimid on m\u00fc\u00fcgisaalis paigutatud s\u00fcstematiseeritult, nt haiguste v\u00f5i s\u00fcmptomite kaupa, teised apteegikaubad kategoorianimede j\u00e4rgi (nt vitamiinid). Retseptiravimeid, mille kasutamiseks kirjutab arst v\u00e4lja retsepti, sa avariiulitelt ei leia. Need on paigutatud kinnistesse sahtlitesse ja kappidesse, mis asuvad apteekri selja taga ja sinna patsient ise vabalt ravimit uudistama ei p\u00e4\u00e4se.<\/p>\n<p>Aga mis on \u00fcldse k\u00e4sim\u00fc\u00fcgiravimid? K\u00e4sim\u00fc\u00fcgiravimeid kasutatakse sagedasemate haiguste (nt palavik, valu, k\u00f6ha, nohu, kergemad seedeh\u00e4ired, allergiast tingitud nohu jms) korral. K\u00e4sim\u00fc\u00fcgiravimi n\u00e4idustus peab olema tavakasutajale selgelt arusaadav ja annustamine lihtne. Ravimipakendid on varustatud ka pimedatele m\u00f5eldud kirjaga.<\/p>\n<p>Milliseid teenuseid apteegis \u00fcldse pakutakse? Teenuseid saab jagada traditsioonilisteks ja lisateenusteks. Traditsiooniliste teenuste all m\u00f5eldakse retsepti- ja\/v\u00f5i k\u00e4sim\u00fc\u00fcgiravimi v\u00e4ljastamist ning ravimi valmistamist ja jaendamist.<\/p>\n<p>Kui sul on vaja retseptiravimit, siis selle v\u00e4ljastamiseks peab olema retsept, mis 90% juhtudest on digitaalne ning selle v\u00e4ljastamiseks esitab patsient v\u00f5i tema esindaja apteekrile oma isikut t\u00f5endava dokumendi. Enamus ravimiretseptidest kirjutatakse v\u00e4lja toimeainep\u00f5hiselt, mis t\u00e4hendab, et sul on v\u00f5imalik valida erinevate ravimitootjate ravimite hulgast sobivaim ravimpreparaat. Apteekril on kohustus pakkuda patsiendile alati hinnalt soodsaimat ravimit. Retseptiravimi v\u00e4ljastamisel kordab apteeker \u00fcle selle kasutamisjuhised. Kui soovid, m\u00e4rgitakse ravimi kasutamise info ka ravimikarbile.<\/p>\n<p>Teine oluline traditsiooniline apteegiteenus on k\u00e4sim\u00fc\u00fcgiravimite v\u00e4ljastamine ja iseravimise n\u00f5ustamine.Kui sa tuled apteeki ja kirjeldad enda v\u00f5i pereliikme haiguss\u00fcmptome v\u00f5i soovid konkreetset k\u00e4sim\u00fc\u00fcgiravimit, selgitab apteeker esiteks v\u00e4lja, kellele ravimit soovitakse, milline on patsiendi terviseprobleem, kui kaua haigus on kestnud ja kas ning milliseid raviviise on juba eelnevalt kasutatud. L\u00e4htuvalt saadud infost pakub apteeker sulle soodsaima hinnaga k\u00e4sim\u00fc\u00fcgiravimit v\u00f5i m\u00f5nda teist apteegikaupa. Ebaselgete s\u00fcmptomite korral soovitab apteeker sul p\u00f6\u00f6rduda konsultatsiooniks arsti juurde.<\/p>\n<p>Kui arst kirjutab sulle ravimi, mida apteegis valmis kujul ei ole, tuleb see valmistada ja selleks on vaja sellist arstiretsepti, kus on lisaks ravimi kasutamise juhistele kirjas ka ravimi koostis. \u00a0Ravimite valmistamiseks on apteegis vastavad ruumid, sisseseade ning vajalikud toime- ja abiained. Ravimite seeriaviisiline valmistamine toimub nendele ravimitele, mille nt hooajaline kasutamine on eelnevalt teada. Ravimite jaendamist teostatakse sellisel juhul, kui apteeki saabunud ravimipakend on vaja jagada v\u00e4iksemat kogust ravimit sisaldavateks pakenditeks.<\/p>\n<p>Apteegid pakuvad j\u00e4rjest rohkem ka erinevaid lisateenuseid.\u00dcks sagedasemaid apteekides teostatavatest tervisetestidest on verer\u00f5hu m\u00f5\u00f5tmine. Teenuse saamiseks ei ole vaja eelnevalt aega kokku leppida. Lisaks saad apteegis m\u00e4\u00e4rata erinevaid tervisen\u00e4itajaid nagu nt verer\u00f5hk, kolesterooli ja veresuhkru n\u00e4itad ja teised erinevad testid. Apteeker saab sind aidata ka siis, kui on vaja hinnata ravimite k\u00f5rvaltoimeid v\u00f5i koos kasutamise ohutust. Samuti pakutakse sulle apteegis n\u00f5ustamist haiguste ennetamiseks nagu n\u00e4iteks tervislik toitumine, suitsetamisest loobumine jt teemad.<\/p>\n<p>Eestis tegutseb kolme t\u00fc\u00fcpi apteeke. See apteek, kus me praegu asume, on \u00fcldapteek. Sellise apteegi peamiseks \u00fclesandeks on varustada elanikkonda ravimite ja teiste apteegikaupadega. Teine levinum apteegit\u00fc\u00fcp on haiglaapteegid, mida oli 2018 a jaanuaris Eestis 24. Haiglaapteek ei ole haiglas paiknev \u00fcldapteek, vaid haiglaosakondi ravimitega varustav apteek. Lisaks t\u00f6\u00f6stuslikult toodetud ravimite v\u00e4ljastamisele toimub haiglaapteegis ka erinevate ravimite valmistamine ja kasutatavate ravimite ohutuse ja t\u00f5hususe patsiendip\u00f5hine hindamine. Kolmandaks on olemas veterinaarapteegid, mida on Eestis 4. Tegemist on ainult loomadele m\u00f5eldud ravimitega tegelevate apteekidega. Erinevalt teistest apteekidest t\u00f6\u00f6tavad veterinaarapteekides veterinaararstid.<\/p>\n<p>Lisaks tavateenusele v\u00f5ib apteek pakkuda ka internetiapteegi teenust ja t\u00e4na tegutseb Eestis \u00fcks internetiapteek. Internetiapteegist saad osta k\u00e4sim\u00fc\u00fcgiravimeid; digiretsepti alusel enamikku retseptiravimeid; k\u00e4sim\u00fc\u00fcgis olevaid veterinaarravimeid ja teisi apteegikaupu. Sarnaselt tavaapteegiga peab sul ka internetiapteegis olema retseptiravimi tellimiseks retsept ning patsiendiga suhtleb apteeker, kes n\u00f5ustab ja abistab ravimi valikul. Tegevusluba omaval internetiapteegi kodulehel on oma kindel logo, millele klikkides saad kinnitust, et tegemist on kontrollitud ravimite kaugm\u00fc\u00fcgi ettev\u00f5ttega.<\/p>\n<p>Tere tulemast erinevatesse apteekidesse oma tervist toetama ja taastama!<\/p>\n<p><\/p><\/div>\n        <\/div>\n        <\/div>\n    <\/div>\n","protected":false},"excerpt":{"rendered":"<p>Selle mooduli eesm\u00e4rgiks on tutvustada, mis toimub apteegis, kes on apteekrid ja millist n\u00f5u nad saavad Sulle ravimite ohutu ja t\u00f5husa kasutamise tagamiseks anda. P\u00e4rast mooduli l\u00e4bimist tead, mis koht on apteek, kes seal t\u00f6\u00f6tavad ja mida seal tehakse. Samuti &#8230;<\/p>\n","protected":false},"author":142,"featured_media":0,"parent":0,"menu_order":0,"comment_status":"closed","ping_status":"closed","template":"","meta":{"_acf_changed":false,"inline_featured_image":false,"footnotes":""},"class_list":["post-34","page","type-page","status-publish","hentry"],"acf":[],"_links":{"self":[{"href":"https:\/\/sisu.ut.ee\/ravimitest-maakeeli\/wp-json\/wp\/v2\/pages\/34","targetHints":{"allow":["GET"]}}],"collection":[{"href":"https:\/\/sisu.ut.ee\/ravimitest-maakeeli\/wp-json\/wp\/v2\/pages"}],"about":[{"href":"https:\/\/sisu.ut.ee\/ravimitest-maakeeli\/wp-json\/wp\/v2\/types\/page"}],"author":[{"embeddable":true,"href":"https:\/\/sisu.ut.ee\/ravimitest-maakeeli\/wp-json\/wp\/v2\/users\/142"}],"replies":[{"embeddable":true,"href":"https:\/\/sisu.ut.ee\/ravimitest-maakeeli\/wp-json\/wp\/v2\/comments?post=34"}],"version-history":[{"count":3,"href":"https:\/\/sisu.ut.ee\/ravimitest-maakeeli\/wp-json\/wp\/v2\/pages\/34\/revisions"}],"predecessor-version":[{"id":562,"href":"https:\/\/sisu.ut.ee\/ravimitest-maakeeli\/wp-json\/wp\/v2\/pages\/34\/revisions\/562"}],"wp:attachment":[{"href":"https:\/\/sisu.ut.ee\/ravimitest-maakeeli\/wp-json\/wp\/v2\/media?parent=34"}],"curies":[{"name":"wp","href":"https:\/\/api.w.org\/{rel}","templated":true}]}}