{"id":33,"date":"2024-04-04T04:15:09","date_gmt":"2024-04-04T01:15:09","guid":{"rendered":"https:\/\/sisu.ut.ee\/ravimitest-maakeeli\/ravimite-manustamise-pohimotted\/"},"modified":"2024-04-04T04:15:35","modified_gmt":"2024-04-04T01:15:35","slug":"ravimite-manustamise-pohimotted","status":"publish","type":"page","link":"https:\/\/sisu.ut.ee\/ravimitest-maakeeli\/ravimite-manustamise-pohimotted\/","title":{"rendered":"4. moodul: Ravimite manustamise p\u00f5him\u00f5tted"},"content":{"rendered":"<p>\n\tN\u00fc\u00fcd, kui Sul on selge, kuidas ravimeid avastatakse, luuakse ja kontrollitakse, v\u00f5iksid Sa vaadata l\u00e4hemalt seda, kuidas ravimid toimivad ja mida\u00a0pead Sa tegema selleks, et ravimi manustamisel saada just seda \u00f5iget ja oodatud toimet.\n<\/p>\n\n<p dir=\"ltr\">\n\tSelle mooduli eesm\u00e4rgiks on anda Sulle \u00fclevaade sellest, kuidas ravimeid manustada ja kuidas nende manustamise tulemusena saabub oodatud toime. P\u00e4rast mooduli l\u00e4bimist tead Sa, millised on p\u00f5hilised ravimite manustamise v\u00f5imalused, mis juhtub ravimiga Sinu kehas p\u00e4rast selle manustamist ja millest s\u00f5ltub ravimi oodatud toime saabumise kiirus ja kestus. Samuti seda, mida on erinevate manustamisviiside kasutamisel oluline silmas pidada.\n<\/p>\n<p>\n\t<span><span><div class=\"ratio ratio-16x9 mb-3\"><div class=\"video-placeholder-wrapper video-placeholder-wrapper--16x9\">\n\t\t\t    <div class=\"video-placeholder d-flex justify-content-center align-items-center\">\n\t\t\t        <div class=\"overlay text-white p-2 w-100 text-center d-block justify-content-center align-items-center\">\n\t\t\t            <div>Kolmandate osapoolte sisu n\u00e4gemiseks palun n\u00f5ustu k\u00fcpsistega.<\/div>\n\t\t\t            <button class=\"btn btn-secondary btn-sm mt-1 consent-change\">Muuda n\u00f5usolekut<\/button>\n\t\t\t        <\/div>\n\t\t\t    <\/div>\n\t\t\t<\/div>\n<\/div><\/span><\/span>\n<\/p>\n<h5 style=\"text-align: center\">\n\t<span>Ravimite manustamine (Kersti Teder)<\/span><br>\n<\/h5>\n<h5 style=\"text-align: center\">\n\t<a href=\"https:\/\/www.uttv.ee\/naita?id=27709\" target=\"_blank\" rel=\"noopener\">https:\/\/www.uttv.ee\/naita?id=27709<\/a><br>\n<\/h5>\n<p><\/p><div class=\"accordion mb-3\">\n        <div class=\"accordion-item accordion-item--white\">\n        <h2 class=\"accordion-header\" id=\"accordion-69e009f2249da-heading\">\n            <button class=\"accordion-button collapsed\" type=\"button\" data-bs-toggle=\"collapse\" data-bs-target=\"#accordion-69e009f2249da-collapse\" aria-expanded=\"true\" aria-controls=\"accordion-69e009f2249da-collapse\">Millest videos r\u00e4\u00e4giti?<\/button>\n        <\/h2>\n        <div id=\"accordion-69e009f2249da-collapse\" class=\"accordion-collapse collapse\" aria-labelledby=\"accordion-69e009f2249da-heading\">\n            <div class=\"accordion-body\">\n<p>\n\tOled Sa kunagi m\u00f5elnud, mis juhtub ravimiga p\u00e4rast selle manustamist ja kuidas saabub sellest toime? See video annab \u00fclevaate sellest, kuidas saabub ravimi toime tableti v\u00f5i kapsli manustamisel. Lisaks, kuna on palju erinevaid haiguseid ja nende raviks mitmeid ravimeid, mis sisaldavad erinevaid toimeaineid ja neid pandud erinevatesse ravimvormidesse, siis selgitab see video ka natuke seda, mis\u00a0on vaja kasutada erinevaid manustamisviise.\n<\/p>\n<p>\n\tKuigi peavalu saab leevendada mitmeti, siis tihti on esimeseks valikuks m\u00f5ni valuvaigistit sisaldav tablett v\u00f5i kapsel. Selleks, et Sinu\u00a0peavalu v\u00e4hendada, peab see tablett olema disainitud nii, et me saaksime selle alla neelata ja et temast tuleks v\u00e4lja vajalik kogus toimeainet. Ravimi k\u00e4es hoidmisest ei piisa, see peab minema sinna, kus ta saab hakata lagunema ja toimeainet vabastama. Tablette ja ka kapsleid manustatakse suukaudselt ehk enteraalselt. See t\u00e4hendab seda, et ravim pannakse suhu ja neelatakse alla. Selleks, et seda oleks lihtsam teha, peaks inimene istuma v\u00f5i seisma ja jooma umbes pool klaasi vett.\u00a0\n<\/p>\n<p>\n\tKui ravimvorm, n\u00e4iteks tablett, j\u00f5uab makku, hakkab ta seal enamasti v\u00e4iksemateks osakesteks lagunema, et selles peidetud toimeaine saaks vabaneda ja seedetrakti vedelikes lahustuda. Imenduda saab ainult lahustunud toimeaine. Kuigi osaliselt toimub toimeainete imendumine juba maost, siis suurem osa toimeainest liigub edasi peensoolde. Seal toimub enamus toimeainete imendumine, ehk lahustunud toimeaine liikumine l\u00e4bi limaskestade verre. Kui toimeaine on j\u00f5udnud seedetraktist verre, liigub ta esmalt maksa, kus osa toimeainest sageli laguneb, seda nimetatakse esmaseks maksametabolismiks. Seega ei saa kogu imendunud toimeaine j\u00f5uda meie \u00fcldisesse ehk tsentraalsesse vereringesse ja sealt edasi toimekohale. Esmast maksametabolismi on v\u00f5imalik v\u00e4ltida n\u00e4iteks ravimi keele alla v\u00f5i veeni manustamisel, kus ravim imendub v\u00f5i manustatakse kohe patsiendi tsentraalsesse vereringesse.\u00a0Lagundamata toimeaine liigub maksast\u00a0 l\u00e4bi s\u00fcdame tsentraalse vereringe kaudu edasi kogu kehasse. See t\u00e4hendab, et n\u00fc\u00fcd j\u00f5uab toimeaine ka t\u00fcdruku p\u00e4he ja saab \u00e4ra v\u00f5tta peavalu.\u00a0\n<\/p>\n<p>\n\tKuna ravimid on kehav\u00f5\u00f5rad ained, siis soovib meie keha nendest vabaneda. Toimeained lagundatakse kas maksas v\u00f5i viiakse uriiniga kehast v\u00e4lja. Kui manustame ravimit vaid \u00fche korra, siis mingi aja m\u00f6\u00f6dudes ei ole meie organismis enam \u00fcldse toimeainet.\u00a0\n<\/p>\n<p>\n\tAga miks on meil vaja nii palju erinevaid v\u00f5imalusi ravimite manustamiseks!? Seda on vaja selleks, et me saaksime ravimeid manustada nii suurtele kui v\u00e4ikestele, nii noortele kui vanadele.\u00a0Nii neile, kes saavad ravimit ise neelata, kui ka neile, kes seda teha ei saa. Lisaks v\u00f5ib olla nii, et toimeaine, mis peaks meid ravima, ei kannata seedetraktis olevaid aineid ning seet\u00f5ttu on meil vaja leida muu v\u00f5imalus selle manustamiseks. Ja vahel ka selleks, et saaksime toime kiiremini, ilma selleta, et toimeaine peaks tegema pikka ringi meie organismis. See v\u00f5imaldab sageli v\u00e4ltida ka soovimatuid toimeid, mis muidu v\u00f5iksid kaasneda.\u00a0\n<\/p>\n<p>\n\tNii et j\u00e4rgmisel korral, kui Sulle apteegis ravim ulatatakse, siis m\u00f5tle, kuidas manustada seda nii, et see annaks Sulle oodatud toime. Ja kui Sa pole selles kindel, siis k\u00fcsi apteekrilt \u00fcle.\n<\/p>\n<p>\n\t<\/p><\/div>\n        <\/div>\n        <\/div>\n    <\/div>\n","protected":false},"excerpt":{"rendered":"<p>N\u00fc\u00fcd, kui Sul on selge, kuidas ravimeid avastatakse, luuakse ja kontrollitakse, v\u00f5iksid Sa vaadata l\u00e4hemalt seda, kuidas ravimid toimivad ja mida\u00a0pead Sa tegema selleks, et ravimi manustamisel saada just seda \u00f5iget ja oodatud toimet. Selle mooduli eesm\u00e4rgiks on anda Sulle &#8230;<\/p>\n","protected":false},"author":142,"featured_media":0,"parent":0,"menu_order":0,"comment_status":"closed","ping_status":"closed","template":"","meta":{"_acf_changed":false,"inline_featured_image":false,"footnotes":""},"class_list":["post-33","page","type-page","status-publish","hentry"],"acf":[],"_links":{"self":[{"href":"https:\/\/sisu.ut.ee\/ravimitest-maakeeli\/wp-json\/wp\/v2\/pages\/33","targetHints":{"allow":["GET"]}}],"collection":[{"href":"https:\/\/sisu.ut.ee\/ravimitest-maakeeli\/wp-json\/wp\/v2\/pages"}],"about":[{"href":"https:\/\/sisu.ut.ee\/ravimitest-maakeeli\/wp-json\/wp\/v2\/types\/page"}],"author":[{"embeddable":true,"href":"https:\/\/sisu.ut.ee\/ravimitest-maakeeli\/wp-json\/wp\/v2\/users\/142"}],"replies":[{"embeddable":true,"href":"https:\/\/sisu.ut.ee\/ravimitest-maakeeli\/wp-json\/wp\/v2\/comments?post=33"}],"version-history":[{"count":1,"href":"https:\/\/sisu.ut.ee\/ravimitest-maakeeli\/wp-json\/wp\/v2\/pages\/33\/revisions"}],"predecessor-version":[{"id":194,"href":"https:\/\/sisu.ut.ee\/ravimitest-maakeeli\/wp-json\/wp\/v2\/pages\/33\/revisions\/194"}],"wp:attachment":[{"href":"https:\/\/sisu.ut.ee\/ravimitest-maakeeli\/wp-json\/wp\/v2\/media?parent=33"}],"curies":[{"name":"wp","href":"https:\/\/api.w.org\/{rel}","templated":true}]}}