{"id":31,"date":"2024-04-04T04:15:08","date_gmt":"2024-04-04T01:15:08","guid":{"rendered":"https:\/\/sisu.ut.ee\/ravimitest-maakeeli\/autorid\/"},"modified":"2025-10-02T18:12:21","modified_gmt":"2025-10-02T15:12:21","slug":"autorid","status":"publish","type":"page","link":"https:\/\/sisu.ut.ee\/ravimitest-maakeeli\/autorid\/","title":{"rendered":"Autorid"},"content":{"rendered":"<table class=\"table table-hover\" style=\"width: 90%;\" border=\"0\" cellspacing=\"0\" cellpadding=\"10\" align=\"center\">\n<tbody>\n<tr>\n<td style=\"width: 25%;\"><img loading=\"lazy\" decoding=\"async\" class=\"alignnone wp-image-88\" src=\"https:\/\/sisu.ut.ee\/wp-content\/uploads\/sites\/272\/ain-raal.png\" alt=\"Ain Raal\" width=\"200\" height=\"200\" srcset=\"https:\/\/sisu.ut.ee\/wp-content\/uploads\/sites\/272\/ain-raal.png 200w, https:\/\/sisu.ut.ee\/wp-content\/uploads\/sites\/272\/ain-raal-150x150.png 150w\" sizes=\"auto, (max-width: 200px) 100vw, 200px\"><\/td>\n<td><strong>Ain Raal<\/strong> on Tartu \u00dclikooli Farmaatsia instituudi farmakognoosia professor. Ta on l\u00f5petanud Tartu 5. Keskkooli bioloogia-geograafia eriklassi ja Tartu \u00dclikooli proviisorina, kaitsnud oma v\u00e4itekirja ravimtaimede uurimise alal. Viljaka kirjamehena on ta avaldanud \u00fcle 600 kirjutise, sealhulgas sadu teaduslikke uuringuid ravimtaimede, farmaatsia ajaloo ja sotsiaalfarmaatsia valdkonnas, samuti 27 raamatut, mille seas on mitmeid \u00f5pikuid ning \u00fcks tuntumaid \u201cMaailma ravimtaimede ents\u00fcklopeedia\u201d (1007 lk) jt. Lisaks farmaatsia alasele tegevusele Eestis on ta panustanud Euroopa Ravimiameti ja Maailma Terviseorganisatsiooni (WHO) t\u00f6\u00f6sse. Looduslike ravimiallikate teadlase ja \u00f5ppej\u00f5una on tal 35-aastane t\u00f6\u00f6kogemus.<\/td>\n<\/tr>\n<tr>\n<td><img loading=\"lazy\" decoding=\"async\" class=\"alignnone wp-image-90\" src=\"https:\/\/sisu.ut.ee\/wp-content\/uploads\/sites\/272\/karin-kogermann.png\" alt=\"Karin Kogermann\" width=\"200\" height=\"200\" srcset=\"https:\/\/sisu.ut.ee\/wp-content\/uploads\/sites\/272\/karin-kogermann.png 200w, https:\/\/sisu.ut.ee\/wp-content\/uploads\/sites\/272\/karin-kogermann-150x150.png 150w\" sizes=\"auto, (max-width: 200px) 100vw, 200px\"><\/td>\n<td><strong>Karin Kogermann<\/strong> on l\u00f5petanud Tartu \u00dclikooli (T\u00dc) proviisorina, kaitses oma doktorit\u00f6\u00f6 farmatseutilise tehnoloogia ja f\u00fc\u00fcsikalise farmaatsia valdkonnas Helsingi \u00fclikoolis. Oma j\u00e4reldoktorantuuri teostas ta T\u00dc tehnoloogiainstituudi biotehnoloogia valdkonnas. Ta on T\u00dc Farmaatsia instituudi f\u00fc\u00fcsikalise farmaatsia professor. Ta t\u00f5i Eesti farmaatsiasse uue interdistsiplinaarse uurimissuuna \u2013 f\u00fc\u00fcsikalise farmaatsia ja alustas raviaine tahke faasi ja biofarmatseutiliste <i>in vivo<\/i> uuringutega. Ta tegeleb aktiivselt selle valdkonna edasi arendamisega ja t\u00f6\u00f6tab v\u00e4lja antimikroobseid kiulisi ravimkandurs\u00fcsteeme. Ta on seotud ka farmaatsia laialdasema populariseerimisega \u00fchiskonnas, olles Eesti Noorte Teaduste Akadeemia, Eesti Akadeemilise Farmaatsia Seltsi ja paljude ekspertkomisjonide liige.<\/td>\n<\/tr>\n<tr>\n<td><img loading=\"lazy\" decoding=\"async\" class=\"alignnone wp-image-92\" src=\"https:\/\/sisu.ut.ee\/wp-content\/uploads\/sites\/272\/kersti-teder.png\" alt=\"Kersti Teder\" width=\"200\" height=\"200\" srcset=\"https:\/\/sisu.ut.ee\/wp-content\/uploads\/sites\/272\/kersti-teder.png 200w, https:\/\/sisu.ut.ee\/wp-content\/uploads\/sites\/272\/kersti-teder-150x150.png 150w\" sizes=\"auto, (max-width: 200px) 100vw, 200px\"><\/td>\n<td><strong>Kersti Teder<\/strong> on l\u00f5petanud Tartu \u00dclikooli proviisori\u00f5ppe erialal. Ta juhib Tartu \u00dclikooli Kliinikumi Apteegi t\u00f6\u00f6d. Ta on t\u00f6\u00f6tanud Tartu \u00dclikooli Farmaatsia instituudis biofarmaatsia nooremlektorina, \u00f5petades tulevastele proviisoritele, kuidas ravimi toime saavutamiseks on olulised nii toimeaine, ravimvormi kui ka imendumispaiga omadused. K\u00e4imasoleva doktori\u00f5ppe raames uurib ta, kuidas ravimeid suukaudselt manustada siis, kui patsiendil on neelamisraskused v\u00f5i toitmiseks paigaldatud sond. Ta kuulub Eesti Haiglaapteekrite Seltsi juhatusse ja osaleb selle kaudu ka mitmes Euroopa Haiglaapteekrite Assotsiatsiooni projektis, et parandada ravimite kasutamise ohutust ja kvaliteeti haiglates.<\/td>\n<\/tr>\n<tr>\n<td><img loading=\"lazy\" decoding=\"async\" class=\"alignnone wp-image-89\" src=\"https:\/\/sisu.ut.ee\/wp-content\/uploads\/sites\/272\/daisy-volmer.png\" alt=\"Daisy Volmer\" width=\"200\" height=\"200\" srcset=\"https:\/\/sisu.ut.ee\/wp-content\/uploads\/sites\/272\/daisy-volmer.png 200w, https:\/\/sisu.ut.ee\/wp-content\/uploads\/sites\/272\/daisy-volmer-150x150.png 150w\" sizes=\"auto, (max-width: 200px) 100vw, 200px\"><\/td>\n<td><strong>Daisy Volmer<\/strong> on l\u00f5petanud Tartu \u00dclikooli proviisorina. Ta on Tartu \u00dclikooli Farmaatsia instituudi sotsiaalfarmaatsia kaasprofessor, lisaks vastutab ta programmijuhina proviisori\u00f5ppe arendamise eest. Oma teadust\u00f6\u00f6d alustas ta ravimtaimede uurimisega, kaitstes teadusmagistri t\u00f6\u00f6 taimede koostise m\u00e4\u00e4ramise metoodika v\u00e4ljat\u00f6\u00f6tamise teemal. Enam kui 15 aastat on tema \u00f5ppe- kui ka teadust\u00f6\u00f6 keskendunud sotsiaalfarmaatsia teemadele, uurides, selgitades ja \u00f5petades, millised tegurid lisaks ravimite kvaliteedile ja tehnoloogilistele aspektidele veel ravimite kasutamist m\u00f5jutavad. Hiljuti ilmus sellel teemal ka \u00f5pik \u2013 Praktiline sotsiaalfarmaatsia: ravimsuhtlemine apteegis. Ta kuulub mitmesse apteegiteenuseid arendavasse t\u00f6\u00f6r\u00fchma nii kodu- kui ka v\u00e4lismaal.<\/td>\n<\/tr>\n<tr>\n<td><img loading=\"lazy\" decoding=\"async\" class=\"alignnone wp-image-91\" src=\"https:\/\/sisu.ut.ee\/wp-content\/uploads\/sites\/272\/janne-sepp.png\" alt=\"Janne Sepp\" width=\"200\" height=\"200\" srcset=\"https:\/\/sisu.ut.ee\/wp-content\/uploads\/sites\/272\/janne-sepp.png 200w, https:\/\/sisu.ut.ee\/wp-content\/uploads\/sites\/272\/janne-sepp-150x150.png 150w\" sizes=\"auto, (max-width: 200px) 100vw, 200px\"><\/td>\n<td><strong>Janne Sepp<\/strong> on l\u00f5petanud Tartu \u00dclikooli proviisori\u00f5ppe eriala. Ta t\u00f6\u00f6tab Ravimiametis, kus ta tegeleb Eesti ravimistatistika koostamise ja ravimite kasutamise uurimisega ning esindab Eestit Euroopa koost\u00f6\u00f6v\u00f5rgustikes. Tartu \u00dclikooli Farmaatsia instituudis \u00f5petab ta nooremlektorina \u00fcli\u00f5pilastele farmakognoosiat. Lisaks on tal k\u00e4sil farmaatsia doktori\u00f5pingud, mis keskenduvad ravimtaimede uurimisele. Veel teeb ta koost\u00f6\u00f6d Eesti Antidopingu ja Spordieetika Sihtasutusega spordis keelatud ravimite teemal. Varasemalt on ta t\u00f6\u00f6tanud apteegis proviisorina. Ta on\u00a0Eesti Akadeemilise Farmaatsia Seltsi liige.<\/td>\n<\/tr>\n<\/tbody>\n<\/table>\n<p style=\"text-align: center;\">Videote tehniline teostus: Tartu \u00dclikooli infotehnoloogia osakonna multimeedia talitus.<br>\n\u00d5ppematerjalide ja e-kursuse tehniline teostus: Tartu \u00dclikooli \u00f5ppeosakonna elukestva \u00f5ppe keskus.<\/p>\n","protected":false},"excerpt":{"rendered":"<p>Ain Raal on Tartu \u00dclikooli Farmaatsia instituudi farmakognoosia professor. Ta on l\u00f5petanud Tartu 5. Keskkooli bioloogia-geograafia eriklassi ja Tartu \u00dclikooli proviisorina, kaitsnud oma v\u00e4itekirja ravimtaimede uurimise alal. Viljaka kirjamehena on ta avaldanud \u00fcle 600 kirjutise, sealhulgas sadu teaduslikke uuringuid ravimtaimede, &#8230;<\/p>\n","protected":false},"author":142,"featured_media":0,"parent":0,"menu_order":0,"comment_status":"closed","ping_status":"closed","template":"","meta":{"_acf_changed":false,"inline_featured_image":false,"footnotes":""},"class_list":["post-31","page","type-page","status-publish","hentry"],"acf":[],"_links":{"self":[{"href":"https:\/\/sisu.ut.ee\/ravimitest-maakeeli\/wp-json\/wp\/v2\/pages\/31","targetHints":{"allow":["GET"]}}],"collection":[{"href":"https:\/\/sisu.ut.ee\/ravimitest-maakeeli\/wp-json\/wp\/v2\/pages"}],"about":[{"href":"https:\/\/sisu.ut.ee\/ravimitest-maakeeli\/wp-json\/wp\/v2\/types\/page"}],"author":[{"embeddable":true,"href":"https:\/\/sisu.ut.ee\/ravimitest-maakeeli\/wp-json\/wp\/v2\/users\/142"}],"replies":[{"embeddable":true,"href":"https:\/\/sisu.ut.ee\/ravimitest-maakeeli\/wp-json\/wp\/v2\/comments?post=31"}],"version-history":[{"count":4,"href":"https:\/\/sisu.ut.ee\/ravimitest-maakeeli\/wp-json\/wp\/v2\/pages\/31\/revisions"}],"predecessor-version":[{"id":611,"href":"https:\/\/sisu.ut.ee\/ravimitest-maakeeli\/wp-json\/wp\/v2\/pages\/31\/revisions\/611"}],"wp:attachment":[{"href":"https:\/\/sisu.ut.ee\/ravimitest-maakeeli\/wp-json\/wp\/v2\/media?parent=31"}],"curies":[{"name":"wp","href":"https:\/\/api.w.org\/{rel}","templated":true}]}}