{"id":29,"date":"2024-04-04T04:15:08","date_gmt":"2024-04-04T01:15:08","guid":{"rendered":"https:\/\/sisu.ut.ee\/ravimitest-maakeeli\/avaleht\/"},"modified":"2025-12-15T19:11:03","modified_gmt":"2025-12-15T17:11:03","slug":"avaleht","status":"publish","type":"page","link":"https:\/\/sisu.ut.ee\/ravimitest-maakeeli\/","title":{"rendered":"Avaleht"},"content":{"rendered":"<p style=\"text-align: center;\"><\/p><div class=\"ratio ratio-16x9 mb-3\"><div class=\"video-placeholder-wrapper video-placeholder-wrapper--16x9\">\n\t\t\t    <div class=\"video-placeholder d-flex justify-content-center align-items-center\">\n\t\t\t        <div class=\"overlay text-white p-2 w-100 text-center d-block justify-content-center align-items-center\">\n\t\t\t            <div>Kolmandate osapoolte sisu n\u00e4gemiseks palun n\u00f5ustu k\u00fcpsistega.<\/div>\n\t\t\t            <button class=\"btn btn-secondary btn-sm mt-1 consent-change\">Muuda n\u00f5usolekut<\/button>\n\t\t\t        <\/div>\n\t\t\t    <\/div>\n\t\t\t<\/div>\n<\/div>\n<h5 style=\"text-align: center;\">Tere tulemast kursusele (Janne Sepp)<\/h5>\n<h5 style=\"text-align: center;\"><a title=\"\" href=\"https:\/\/www.uttv.ee\/naita?id=28596\" target=\"_blank\" rel=\"noopener\" data-url=\"https:\/\/www.uttv.ee\/naita?id=28596\">https:\/\/www.uttv.ee\/naita?id=28596<\/a><\/h5>\n<p><span style=\"vertical-align: baseline;\">Me k\u00f5ik tarvitame vahel ravimeid \u2013 mina, Sina, meie pered, s\u00f5brad, tuttavad. <\/span>Ravimite kasutamine n\u00e4itab t\u00f5usujoont, n\u00f5nda samuti nagu ka keskmine eluiga. Sest \u00fcha enam t\u00f6\u00f6tatakse v\u00e4lja uusi ravimeid haiguste senisest t\u00f5husamaks raviks. Mitmed haigused, mida veel aastak\u00fcmneid tagasi polnud v\u00f5imalik ravida, alluvad t\u00e4na juba v\u00e4ga h\u00e4sti ravimitele.<\/p>\n<h4><span style=\"font-size: 18px;\"><span style=\"color: #ff8c00;\">Kursus toimub 100% veebis, <\/span><a title=\"\" href=\"https:\/\/moodle.ut.ee\/course\/view.php?id=8904\" target=\"_blank\" rel=\"noopener\" data-url=\"https:\/\/moodle.ut.ee\/course\/view.php?id=8904\">Moodle\u2019i keskkonnas<\/a><span style=\"color: #ff8c00;\">.<br>\n<\/span><\/span><span style=\"font-size: 18px;\"><span style=\"color: #ff8c00;\"><br>\n9. veebruar \u2013 30. m\u00e4rts 2026<br>\n(k\u00f5ik huvilised)<\/span><\/span><br>\n<a title=\"\" href=\"https:\/\/www.is.ut.ee\/pls\/ois\/!tere.tulemast?leht=OK.AY.VP&amp;id_ay_programm=49810&amp;id_ay_toimumine=76780&amp;systeemi_seaded=10,1,12,1,\" target=\"_blank\" rel=\"noopener\" data-url=\"https:\/\/www.is.ut.ee\/pls\/ois\/!tere.tulemast?leht=OK.AY.VP&amp;id_ay_programm=49810&amp;id_ay_toimumine=70616&amp;systeemi_seaded=11,1,12,1,\" data-wp-editing=\"1\"><img decoding=\"async\" style=\"height: 31px; width: 200px;\" title=\"\" src=\"https:\/\/sisu.ut.ee\/wp-content\/uploads\/sites\/272\/reg-nupp.png\" alt=\"Registreeru\" data-file_info=\"%7B%22fid%22:%2239600%22,%22view_mode%22:%22default%22,%22type%22:%22media%22%7D\"><\/a><br>\n<span style=\"font-size: 18px;\"><span style=\"color: #ff8c00;\"><br>\n9. veebruar \u2013 30. m\u00e4rts 2026<br>\n(T\u00dc \u00fcli\u00f5pilased)<br>\n<\/span><\/span><a title=\"\" href=\"https:\/\/ois2.ut.ee\/#\/courses\/MVFA.00.019\/version\/ec23222b-5bf1-bf18-93fc-429c51d8c066\/details\" target=\"_blank\" rel=\"noopener\" data-url=\"https:\/\/ois2.ut.ee\/#\/courses\/MVFA.00.019\/version\/78e05ccf-031c-4378-2319-7e161514cdaf\/details\"><img decoding=\"async\" style=\"height: 31px; width: 200px;\" title=\"\" src=\"https:\/\/sisu.ut.ee\/wp-content\/uploads\/sites\/272\/reg-nupp.png\" alt=\"Registreeru\" data-file_info=\"%7B%22fid%22:%2239600%22,%22view_mode%22:%22default%22,%22type%22:%22media%22%7D\"><\/a><\/h4>\n<p dir=\"ltr\">Elame ajas, kus ravimid on k\u00e4ttesaadavad, nende ohutus, efektiivsus ja kvaliteet on kontrollitud ning kogu ravimisektor allub rangetele seadustele. Miks nii palju kontrolli ja seaduseid? Eks ikka sellep\u00e4rast, et me ei tohi unustada,\u00a0et\u00a0iga ravim on m\u00fcrk, kui seda tarvitada valel eesm\u00e4rgil, vales annuses ja valel viisil. Kui aga kasutame ravimeid \u00f5igesti, saame soovitud toimed. Sina pea meeles, et k\u00f5ik ravimid, mis on m\u00fc\u00fcgil apteegis, on kontrollitud ning apteeker oskab Sulle igak\u00fclgset n\u00f5u anda, kuidas neid ravimeid \u00f5igesti tarvitada.<\/p>\n<p dir=\"ltr\">Farmaatsia ehk ravimiteadus on \u00fcks v\u00e4ga keeruline valdkond. Seda on Sul v\u00f5imalik p\u00f5hjalikult \u00f5ppida Tartu \u00dclikoolis proviisori\u00f5ppes, mille l\u00e4bides saad endale farmaatsia magistrikraadi. Siiski v\u00f5iksid meil k\u00f5igil olla \u00fcldised teadmised ravimite kohta. Elame ju ajal, kus tohutu infohulk on meist vaid \u00fche n\u00e4puliigutuse kaugusel, kuid kaugeltki kogu see informatsioon ei ole \u00f5ige. Seep\u00e4rast ongi oluline, et iga\u00fchel meist oleks p\u00f5hiteadmine v\u00f5i nii-\u00f6elda tunnetus ravimite kohta, et oskaksime eristada t\u00f5de ja v\u00e4\u00e4ra ning seel\u00e4bi kaitsta enda ja oma l\u00e4hedaste tervist.<\/p>\n<p dir=\"ltr\">Ja just selliseid\u00a0p\u00f5hiteadmiseid\u00a0ravimite kohta p\u00fc\u00fcabki e-kursus \u201cRavimitest maakeeli\u201d Sulle anda.<\/p>\n<p dir=\"ltr\">Sellel kursusel:<\/p>\n<ul dir=\"ltr\">\n<li>saad \u00fclevaate ravimite kujunemisloost;<\/li>\n<li>saad teada, mis on ravim ja kuidas s\u00fcnnib ravim;<\/li>\n<li>saad teada, mis on ravimite koostises;<\/li>\n<li>m\u00f5istad, kuidas saabub ravimi toime ja kuidas saab ravimeid manustada;<\/li>\n<li>saad \u00fclevaate apteegist \u2013 mida seal m\u00fc\u00fcakse ja milliseid teenuseid apteegis pakutakse;<\/li>\n<li>antakse Sulle praktilisi n\u00f5uandeid selle kohta, mida ravimite kasutamisel on oluline silmas pidada.<\/li>\n<\/ul>\n<p dir=\"ltr\">6-n\u00e4dalane kursus <a title=\"\" href=\"https:\/\/moodle.ut.ee\/course\/view.php?id=8904\" target=\"_blank\" rel=\"noopener\" data-url=\"https:\/\/moodle.ut.ee\/course\/view.php?id=8904\">Moodle\u2019is<\/a> on jagatud teemadeks, igat teemat juhatab sisse l\u00fchike videoklipp ning seda toetab juba p\u00f5hjalikum tekstimaterjal. <span style=\"line-height: 1.38;\"><span style=\"background-color: #ffffff;\"><span style=\"vertical-align: baseline;\">Kursuse maht on 1 EAP ehk 26 tundi iseseisvat t\u00f6\u00f6d. Igal n\u00e4dalal peaksid planeerima \u00f5ppimiseks umbes 4 tundi Sulle sobival ajal.<\/span><\/span><\/span><\/p>\n<p dir=\"ltr\">Kui oled materjalid l\u00e4bi t\u00f6\u00f6tanud, saad oma teadmisi esmalt kontrollida ise, lahendades iga teema l\u00f5pus oleva enesetesti. Iga teema l\u00f5peb e-kursusel kontrolltestiga.\u00a0Kui sooritad k\u00f5ik kursuse \u201cRavimitest maakeeli\u201d kontrolltestid edukalt, siis soovime Sulle palju \u00f5nne koos Tartu \u00dclikooli digitunnistusega ning loodame, et said sellelt kursuselt palju kasulikke teadmisi!<\/p>\n","protected":false},"excerpt":{"rendered":"<p>Kolmandate osapoolte sisu n\u00e4gemiseks palun n\u00f5ustu k\u00fcpsistega. Muuda n\u00f5usolekut Tere tulemast kursusele (Janne Sepp) https:\/\/www.uttv.ee\/naita?id=28596 Me k\u00f5ik tarvitame vahel ravimeid \u2013 mina, Sina, meie pered, s\u00f5brad, tuttavad. Ravimite kasutamine n\u00e4itab t\u00f5usujoont, n\u00f5nda samuti nagu ka keskmine eluiga. Sest \u00fcha enam &#8230;<\/p>\n","protected":false},"author":142,"featured_media":0,"parent":0,"menu_order":0,"comment_status":"closed","ping_status":"closed","template":"","meta":{"_acf_changed":false,"inline_featured_image":false,"footnotes":""},"class_list":["post-29","page","type-page","status-publish","hentry"],"acf":[],"_links":{"self":[{"href":"https:\/\/sisu.ut.ee\/ravimitest-maakeeli\/wp-json\/wp\/v2\/pages\/29","targetHints":{"allow":["GET"]}}],"collection":[{"href":"https:\/\/sisu.ut.ee\/ravimitest-maakeeli\/wp-json\/wp\/v2\/pages"}],"about":[{"href":"https:\/\/sisu.ut.ee\/ravimitest-maakeeli\/wp-json\/wp\/v2\/types\/page"}],"author":[{"embeddable":true,"href":"https:\/\/sisu.ut.ee\/ravimitest-maakeeli\/wp-json\/wp\/v2\/users\/142"}],"replies":[{"embeddable":true,"href":"https:\/\/sisu.ut.ee\/ravimitest-maakeeli\/wp-json\/wp\/v2\/comments?post=29"}],"version-history":[{"count":18,"href":"https:\/\/sisu.ut.ee\/ravimitest-maakeeli\/wp-json\/wp\/v2\/pages\/29\/revisions"}],"predecessor-version":[{"id":651,"href":"https:\/\/sisu.ut.ee\/ravimitest-maakeeli\/wp-json\/wp\/v2\/pages\/29\/revisions\/651"}],"wp:attachment":[{"href":"https:\/\/sisu.ut.ee\/ravimitest-maakeeli\/wp-json\/wp\/v2\/media?parent=29"}],"curies":[{"name":"wp","href":"https:\/\/api.w.org\/{rel}","templated":true}]}}