{"id":28,"date":"2024-04-04T04:15:08","date_gmt":"2024-04-04T01:15:08","guid":{"rendered":"https:\/\/sisu.ut.ee\/ravimitest-maakeeli\/tanusonad\/"},"modified":"2024-04-04T04:15:35","modified_gmt":"2024-04-04T01:15:35","slug":"tanusonad","status":"publish","type":"page","link":"https:\/\/sisu.ut.ee\/ravimitest-maakeeli\/tanusonad\/","title":{"rendered":"T\u00e4nus\u00f5nad"},"content":{"rendered":"<p>\n\tMeie esimesed tanusonad kuuluvad noorele kolleegile proviisor Janne Sepale, kes meid ideega MOOC\u2019i (vaba juurdep\u00e4\u00e4suga tasuta e-kursus) tegemiseks nakatas ja kursusele suup\u00e4rase pealkirja \u201eRavimitest maakeeli\u201c v\u00e4lja pakkus.\n<\/p>\n<p>\n\tPalju t\u00e4nu loomer\u00fchma kuulunud kolleegidest \u00f5ppej\u00f5ududele, kellega koost\u00f6\u00f6s m\u00f5te kristalliseerus ning kursus helis, pildis ja kirjas\u00f5nas valmis sai: Karin Kogermann, Janne Sepp, Kersti Teder ja Daisy Volmer.\n<\/p>\n<p>\n\tSuur ait\u00e4h T\u00dc\u00a0infotehnoloogia osakonna\u00a0multimeedia talituse meestele, kes klippides esinenuid asjatundlikult juhendasid ning videod \u00fcles v\u00f5tsid ja \u00fchtseks tervikuks monteerisid: Toomas Petersell ja Juho Jalviste.\n<\/p>\n<p>\n\tOleme t\u00e4nulikud korduvalt filmimispaigana kasutatud Raekoja apteegile ja selle juhatajale, kes oli lahkesti n\u00f5us videos proviisorina \u00fcles astuma: Janika T\u00e4hnas.\n<\/p>\n<p>\n\tEriti tahame t\u00e4nada T\u00dc \u00f5ppeosakonna elukestva \u00f5ppe keskuse\u00a0meditsiiniteaduste valdkonna \u00f5ppedisainerit, kes meid kannatlikult, kiirelt ja p\u00f5him\u00f5ttekindlalt suunas ning MOOC\u2019ile selle l\u00f5pliku n\u00e4o andis: Triin Marandi.\n<\/p>\n<p>\n\tNing MOOC\u2019i autorite eriline t\u00e4nu kuulub k\u00f5ikidele nendele inimestele, kes on l\u00e4bi helendava aegruumi andnud oma panuse selleks, et kogu maailma rahvastiku tervise teenistusse s\u00fcnniksid v\u00f5imalikud efektiivsed, ohutud ja kvaliteetsed ravivahendid \u2013 ravimid!\n<\/p>\n<p>\n\t\u00a0\n<\/p>\n<p>\n\tAin Raal<br>T\u00dc farmaatsia instituudi juhataja, professor<\/p>\n","protected":false},"excerpt":{"rendered":"<p>Meie esimesed tanusonad kuuluvad noorele kolleegile proviisor Janne Sepale, kes meid ideega MOOC\u2019i (vaba juurdep\u00e4\u00e4suga tasuta e-kursus) tegemiseks nakatas ja kursusele suup\u00e4rase pealkirja \u201eRavimitest maakeeli\u201c v\u00e4lja pakkus. Palju t\u00e4nu loomer\u00fchma kuulunud kolleegidest \u00f5ppej\u00f5ududele, kellega koost\u00f6\u00f6s m\u00f5te kristalliseerus ning kursus helis, &#8230;<\/p>\n","protected":false},"author":142,"featured_media":0,"parent":0,"menu_order":0,"comment_status":"closed","ping_status":"closed","template":"","meta":{"_acf_changed":false,"inline_featured_image":false,"footnotes":""},"class_list":["post-28","page","type-page","status-publish","hentry"],"acf":[],"_links":{"self":[{"href":"https:\/\/sisu.ut.ee\/ravimitest-maakeeli\/wp-json\/wp\/v2\/pages\/28","targetHints":{"allow":["GET"]}}],"collection":[{"href":"https:\/\/sisu.ut.ee\/ravimitest-maakeeli\/wp-json\/wp\/v2\/pages"}],"about":[{"href":"https:\/\/sisu.ut.ee\/ravimitest-maakeeli\/wp-json\/wp\/v2\/types\/page"}],"author":[{"embeddable":true,"href":"https:\/\/sisu.ut.ee\/ravimitest-maakeeli\/wp-json\/wp\/v2\/users\/142"}],"replies":[{"embeddable":true,"href":"https:\/\/sisu.ut.ee\/ravimitest-maakeeli\/wp-json\/wp\/v2\/comments?post=28"}],"version-history":[{"count":1,"href":"https:\/\/sisu.ut.ee\/ravimitest-maakeeli\/wp-json\/wp\/v2\/pages\/28\/revisions"}],"predecessor-version":[{"id":199,"href":"https:\/\/sisu.ut.ee\/ravimitest-maakeeli\/wp-json\/wp\/v2\/pages\/28\/revisions\/199"}],"wp:attachment":[{"href":"https:\/\/sisu.ut.ee\/ravimitest-maakeeli\/wp-json\/wp\/v2\/media?parent=28"}],"curies":[{"name":"wp","href":"https:\/\/api.w.org\/{rel}","templated":true}]}}