{"id":25,"date":"2024-04-04T04:15:08","date_gmt":"2024-04-04T01:15:08","guid":{"rendered":"https:\/\/sisu.ut.ee\/ravimitest-maakeeli\/65-kuidas-ravimitega-reisida\/"},"modified":"2025-10-03T07:43:33","modified_gmt":"2025-10-03T04:43:33","slug":"65-kuidas-ravimitega-reisida","status":"publish","type":"page","link":"https:\/\/sisu.ut.ee\/ravimitest-maakeeli\/65-kuidas-ravimitega-reisida\/","title":{"rendered":"6.5. Kuidas ravimitega reisida?"},"content":{"rendered":"<p dir=\"ltr\">Ravimeid v\u00f5ib reisile oma tarbeks kaasa v\u00f5tta, kuid enne reisile minekut peaksid teadma, millised on ravimite kaasav\u00f5tmise piirangud ja kas m\u00f5ne ravimi kaasav\u00f5tmise jaoks on vaja Ravimiameti luba, Schengeni tunnistust v\u00f5i retsepti koopiat\/ arsti teatist t\u00f5endamaks, et ravimid on arsti poolt v\u00e4lja kirjutatud ja apteegist v\u00e4lja ostetud ravimid ning on m\u00f5eldud vaid isiklikuks tarbimiseks. Ravimiameti loa vajadus oleneb kaasav\u00f5etavast ravimist, kaasav\u00f5etavate ravimite kogusest, kohast, kuhu ja\/v\u00f5i l\u00e4bi milliste riikide reisitakse.<\/p>\n<p dir=\"ltr\">Vaata videoklippi\u00a0\u201cRavimitega reisimine\u201d:<\/p>\n<p><\/p><div class=\"ratio ratio-16x9 mb-3\"><div class=\"video-placeholder-wrapper video-placeholder-wrapper--16x9\">\n\t\t\t    <div class=\"video-placeholder d-flex justify-content-center align-items-center\">\n\t\t\t        <div class=\"overlay text-white p-2 w-100 text-center d-block justify-content-center align-items-center\">\n\t\t\t            <div>Kolmandate osapoolte sisu n\u00e4gemiseks palun n\u00f5ustu k\u00fcpsistega.<\/div>\n\t\t\t            <button class=\"btn btn-secondary btn-sm mt-1 consent-change\">Muuda n\u00f5usolekut<\/button>\n\t\t\t        <\/div>\n\t\t\t    <\/div>\n\t\t\t<\/div>\n<\/div>\n<h5 dir=\"ltr\" style=\"text-align: center;\">Reisimine ravimitega (aeg 4:57)<\/h5>\n<h5 dir=\"ltr\" style=\"text-align: center;\"><a title=\"\" href=\"https:\/\/www.youtube.com\/watch?v=NuEsZbiddhQ\" target=\"_blank\" rel=\"noopener\" data-url=\"https:\/\/www.youtube.com\/watch?v=FOPeLHKIa5s&amp;feature=youtu.be\">https:\/\/www.youtube.com\/watch?v=NuEsZbiddhQ<\/a><\/h5>\n<p dir=\"ltr\"><span style=\"color: #428bca;\"><strong>PRAKTILINE\u00a0 \u00dcLESANNE:<\/strong><\/span><\/p>\n<table class=\"table table-hover\" style=\"width: 100%;\" border=\"0\" cellspacing=\"1\" cellpadding=\"10\">\n<tbody>\n<tr>\n<td style=\"width: 70px;\"><img loading=\"lazy\" decoding=\"async\" class=\"alignnone wp-image-83\" src=\"https:\/\/sisu.ut.ee\/wp-content\/uploads\/sites\/272\/tahtis2.png\" alt=\"tahtis2.png\" width=\"60\" height=\"69\"><\/td>\n<td>Kas oled minemas reisile v\u00f5i just tulnud v\u00f5i tahaksid kuhugi reisile minna? Kasutades \u00fclalesitatud infot ja allikaid, tee kindlaks, milliseid ravimeid ja kui palju tohid sellesse riiki kaasa v\u00f5tta.<\/td>\n<\/tr>\n<\/tbody>\n<\/table>\n<p dir=\"ltr\"><span style=\"color: #428bca;\"><strong>LOE\u00a0 LISAKS:<\/strong><\/span><\/p>\n<table class=\"table table-hover\" style=\"width: 100%;\" border=\"0\" cellspacing=\"1\" cellpadding=\"10\">\n<tbody>\n<tr>\n<td style=\"width: 70px;\"><img loading=\"lazy\" decoding=\"async\" class=\"alignnone wp-image-83\" src=\"https:\/\/sisu.ut.ee\/wp-content\/uploads\/sites\/272\/tahtis2.png\" alt=\"tahtis2.png\" width=\"60\" height=\"69\"><\/td>\n<td>\n<ul dir=\"ltr\">\n<li>Ravimitega reisimine (Ravimiamet) <a title=\"\" href=\"https:\/\/www.ravimiamet.ee\/ravimitegareisimine\" target=\"_blank\" rel=\"noopener\" data-url=\"https:\/\/www.ravimiamet.ee\/ravimite-kaitlemine\/ravimid-ule-piiri\/ravimitega-reisimine\">https:\/\/www.ravimiamet.ee\/ravimitegareisimine<\/a><\/li>\n<li>Ravimite saatmine <a title=\"\" href=\"https:\/\/ravimiamet.ee\/ravimite-kaitlemine\/ravimid-ule-piiri\/ravimite-saatmine\" target=\"_blank\" rel=\"noopener\" data-url=\"https:\/\/www.ravimiamet.ee\/ravimite-kaitlemine\/ravimid-ule-piiri\/ravimite-saatmine\">https:\/\/ravimiamet.ee\/ravimite-kaitlemine\/ravimid-ule-piiri\/ravimite-saatmine<\/a><\/li>\n<li>Schengeni riigid <a title=\"\" href=\"https:\/\/www.schengenvisainfo.com\/schengen-visa-countries-list\/\" target=\"_blank\" rel=\"noopener\" data-url=\"https:\/\/www.schengenvisainfo.com\/schengen-visa-countries-list\/\">https:\/\/www.schengenvisainfo.com\/schengen-visa-countries-list\/<\/a><\/li>\n<\/ul>\n<\/td>\n<\/tr>\n<\/tbody>\n<\/table>\n","protected":false},"excerpt":{"rendered":"<p>Ravimeid v\u00f5ib reisile oma tarbeks kaasa v\u00f5tta, kuid enne reisile minekut peaksid teadma, millised on ravimite kaasav\u00f5tmise piirangud ja kas m\u00f5ne ravimi kaasav\u00f5tmise jaoks on vaja Ravimiameti luba, Schengeni tunnistust v\u00f5i retsepti koopiat\/ arsti teatist t\u00f5endamaks, et ravimid on arsti &#8230;<\/p>\n","protected":false},"author":142,"featured_media":0,"parent":0,"menu_order":0,"comment_status":"closed","ping_status":"closed","template":"","meta":{"_acf_changed":false,"inline_featured_image":false,"footnotes":""},"class_list":["post-25","page","type-page","status-publish","hentry"],"acf":[],"_links":{"self":[{"href":"https:\/\/sisu.ut.ee\/ravimitest-maakeeli\/wp-json\/wp\/v2\/pages\/25","targetHints":{"allow":["GET"]}}],"collection":[{"href":"https:\/\/sisu.ut.ee\/ravimitest-maakeeli\/wp-json\/wp\/v2\/pages"}],"about":[{"href":"https:\/\/sisu.ut.ee\/ravimitest-maakeeli\/wp-json\/wp\/v2\/types\/page"}],"author":[{"embeddable":true,"href":"https:\/\/sisu.ut.ee\/ravimitest-maakeeli\/wp-json\/wp\/v2\/users\/142"}],"replies":[{"embeddable":true,"href":"https:\/\/sisu.ut.ee\/ravimitest-maakeeli\/wp-json\/wp\/v2\/comments?post=25"}],"version-history":[{"count":5,"href":"https:\/\/sisu.ut.ee\/ravimitest-maakeeli\/wp-json\/wp\/v2\/pages\/25\/revisions"}],"predecessor-version":[{"id":612,"href":"https:\/\/sisu.ut.ee\/ravimitest-maakeeli\/wp-json\/wp\/v2\/pages\/25\/revisions\/612"}],"wp:attachment":[{"href":"https:\/\/sisu.ut.ee\/ravimitest-maakeeli\/wp-json\/wp\/v2\/media?parent=25"}],"curies":[{"name":"wp","href":"https:\/\/api.w.org\/{rel}","templated":true}]}}