{"id":21,"date":"2024-04-04T04:15:08","date_gmt":"2024-04-04T01:15:08","guid":{"rendered":"https:\/\/sisu.ut.ee\/ravimitest-maakeeli\/61-miks-ravimid-eriline-kaup\/"},"modified":"2025-10-03T11:26:05","modified_gmt":"2025-10-03T08:26:05","slug":"61-miks-ravimid-eriline-kaup","status":"publish","type":"page","link":"https:\/\/sisu.ut.ee\/ravimitest-maakeeli\/61-miks-ravimid-eriline-kaup\/","title":{"rendered":"6.1. Miks on ravimid eriline kaup?"},"content":{"rendered":"<h4 dir=\"ltr\">Selleks, et ravimit saaks turustada, peab ravimil olema m\u00fc\u00fcgiluba.<\/h4>\n<p dir=\"ltr\">Ravimid on v\u00e4ga erilised selles m\u00f5ttes, et mitte \u00fckski teine kaup ei ole nii rangelt kontrollitud, kui on ravimid. Kogu ravimi tarneahel alates tehasest kuni apteegini peab vastama erinevates eeskirjades etten\u00e4htud tingimustele ning on n\u00f5ue, et iga etapi toimimise eest on vastutavad oma eriala p\u00e4devaimad spetsialistid \u2013 enamasti proviisorid. Selleks, et ravimit turustada, peab ravimil olema m\u00fc\u00fcgiluba, mis tagab selle, et apteeki j\u00f5udev ravim on kvaliteetne, t\u00f5hus ja ohutu. M\u00f5jutavad ju ravimid otseselt meie tervist ja v\u00e4him k\u00f5rvalekalle kas v\u00f5i \u00fches neist ning oodatud tulemuse asemel v\u00f5ime kogeda soovimatuid tagaj\u00e4rgi. Sellep\u00e4rast on ravimite kvaliteedile esitatud n\u00f5uded v\u00e4ga ranged. M\u00fc\u00fcgiluba on vaja ka veterinaarravimitel.<\/p>\n<p dir=\"ltr\">Ravimite (sh ka veterinaarravimite) valdkonna seadusp\u00e4rase toimimise eest hoolitseb Eestis Ravimiamet. Euroopa Liidu liikmesriikide ravimiametid teevad igak\u00fclgset koost\u00f6\u00f6d Euroopa Ravimiametiga (<em>European Medicines Agency<\/em>), mis alates m\u00e4rtsist 2019 tegutseb Hollandis, Amsterdamis.<\/p>\n<h2 dir=\"ltr\">Kuidas ravim m\u00fc\u00fcgiloa saab?<\/h2>\n<h4 dir=\"ltr\">Ravim peab olema kvaliteetne, t\u00f5hus ja ohutu.<\/h4>\n<p dir=\"ltr\">Selleks, et apteegis tohiks ravimit m\u00fc\u00fca, peab selle ravimi tootja v\u00f5i tootja esindaja taotlema Ravimiametilt m\u00fc\u00fcgiloa. Selle jaoks on vaja mahukat andmestikku, kus on p\u00f5hjalikult kirjeldatud kogu ravimi tootmine (nii toimeainet kui ka abiaineid puudutav), ravimi ohutusuuringud ja kliinilised uuringud, mille kaudu v\u00f5ib olla kindel, et ravim toimib, on ohutu ja on kvaliteetne. Lisaks peab igal m\u00fc\u00fcgiloaga ravimil olema ka eestikeelne arstidele suunatud ravimi omaduste kokkuv\u00f5te ning patsientidele suunatud pakendi infoleht ja pakendi kavand. Selline dokumentatsioon v\u00f5ib h\u00f5lmata lausa tuhandeid lehek\u00fclgi. K\u00f5iki neid dokumente loevad ja hindavad spetsialistid ravimiametites, kes on selleks saanud erialase v\u00e4lja\u00f5ppe. Kui ravimi m\u00fc\u00fcgiloa dokumentides leitakse k\u00fcsitavusi v\u00f5i probleeme, siis toimub suhtlus ravimi tootja ja Ravimiameti vahel \u2013 see k\u00f5ik on aegan\u00f5udev, aga v\u00e4ga vajalik, tagamaks, et apteeki j\u00f5udvad ravimid oleksid meie tervisele ohutud. Ravimite valdkond on kogu Euroopa Liidus rangelt erinevate seaduste kaudu kontrollitud. Kui k\u00f5ik m\u00fc\u00fcgiloa v\u00e4ljastamise n\u00f5uded on t\u00e4idetud, antakse ravimile m\u00fc\u00fcgiluba ja ravim kantakse ravimiregistrisse.<\/p>\n<h4 dir=\"ltr\">Infot k\u00f5ikide Eestis turustatavate ravimite kohta leiad Ravimiregistrist (<a title=\"\" href=\"https:\/\/www.ravimiregister.ee\/\" target=\"_blank\" rel=\"noopener\" data-url=\"https:\/\/www.ravimiregister.ee\/\">https:\/\/www.ravimiregister.ee\/<\/a>).<\/h4>\n<p dir=\"ltr\">Ravimi m\u00fc\u00fcgiluba kehtib viis aastat. P\u00e4rast seda v\u00f5ib ravimi m\u00fc\u00fcgiloa hoidja taotleda ravimi m\u00fc\u00fcgiloa uuendamist. Siis hinnatakse t\u00e4iendavalt \u00fcle vahepealsel ajal ravimi kohta lisandunud andmed, uuemad andmed meditsiiniteaduses ning otsustatakse kas m\u00fc\u00fcgiluba pikendada v\u00f5i mitte. M\u00fc\u00fcgiluba v\u00f5ib pikendada kas uueks viieaastaseks perioodiks v\u00f5i t\u00e4htajatult.<\/p>\n<h4 dir=\"ltr\">Ravimiregistrist leiad k\u00f5ik ravimid. Tea, et toidulisandeid seal ei ole.<\/h4>\n<p dir=\"ltr\">Kuna kirjeldatud toimingud on keerulised, n\u00f5udes palju aega ning ka raha, siis osadel tootjatel puudub majanduslik huvi v\u00e4ikestes riikides oma ravimeid turustada \u2013 see on ka peamine p\u00f5hjus, miks Eestis k\u00f5ik ravimid k\u00e4ttesaadavad pole. Kui aga m\u00f5ni patsient vajab ravimit, millel Eestis m\u00fc\u00fcgiluba puudub, on arstil v\u00f5imalik taotleda Ravimiametilt eriluba m\u00fc\u00fcgiloata ravimi kasutamiseks, mille alusel j\u00f5uab apteeki patsiendile vajalik m\u00fc\u00fcgiloata ravim.<\/p>\n<p dir=\"ltr\"><span style=\"color: #428bca;\"><strong>PRAKTILINE\u00a0 \u00dcLESANNE:<\/strong><\/span><\/p>\n<table class=\"table table-hover\" style=\"width: 100%;\" border=\"0\" cellspacing=\"1\" cellpadding=\"10\">\n<tbody>\n<tr>\n<td style=\"width: 70px;\"><img loading=\"lazy\" decoding=\"async\" class=\"alignnone wp-image-82\" style=\"width: 60px; height: 69px;\" src=\"https:\/\/sisu.ut.ee\/wp-content\/uploads\/sites\/272\/kysimus2.png\" alt=\"kysimus2.png\" width=\"60\" height=\"69\"><\/td>\n<td>\n<ul>\n<li>Tuleta meelde, millist ravimit viimati kasutasid.<\/li>\n<li>Vaata kas leiad selle ravimi ka <a title=\"\" href=\"https:\/\/www.ravimiregister.ee\/\" target=\"_blank\" rel=\"noopener\" data-url=\"https:\/\/www.ravimiregister.ee\/\">Ravimiregistrist<\/a>.<\/li>\n<li>Uuri, millist infot Sa sealt saad.<\/li>\n<\/ul>\n<\/td>\n<\/tr>\n<\/tbody>\n<\/table>\n<p>Ravimiregistris on ainult ravimid. Toidulisandid, loodustooted, meditsiiniseadmed jm apteegis m\u00fc\u00fcdav kaup ei kuulu Ravimiameti haldusalasse ning neid Ravimiregistrist ei leia. Usaldusv\u00e4\u00e4rset infot nende toodete kohta on oluliselt keerulisem leida, kui ravimite kohta.<\/p>\n<h2 dir=\"ltr\">Kes millega tegeleb?<\/h2>\n<ul dir=\"ltr\">\n<li>Ravimiamet <a title=\"\" href=\"https:\/\/ravimiamet.ee\" target=\"_blank\" rel=\"noopener\" data-url=\"https:\/\/ravimiamet.ee\">https:\/\/ravimiamet.ee<\/a> \u2013 ravimid (sh ka veterinaarravimid) ja meditsiiniseadmed<\/li>\n<li>P\u00f5llumajandus- ja Toiduamet <a title=\"\" href=\"https:\/\/pta.agri.ee\" target=\"_blank\" rel=\"noopener\" data-url=\"https:\/\/pta.agri.ee\">https:\/\/pta.agri.ee<\/a> \u2013 toidulisandid<\/li>\n<li>Eesti Tervisekassa <a title=\"\" href=\"https:\/\/www.tervisekassa.ee\/\" target=\"_blank\" rel=\"noopener\" data-url=\"https:\/\/www.tervisekassa.ee\/\">https:\/\/www.tervisekassa.ee\/<\/a>\u00a0\u2013 riikliku ravikindlustuse korraldamine, sh soodustuste m\u00e4\u00e4ramine retseptiravimitele<\/li>\n<\/ul>\n<p><strong><span style=\"color: #428bca;\">VAATA\u00a0 LISAKS:<\/span><\/strong><\/p>\n<table class=\"table table-hover\" style=\"width: 100%;\" border=\"0\" cellspacing=\"1\" cellpadding=\"10\">\n<tbody>\n<tr>\n<td style=\"width: 70px;\"><img loading=\"lazy\" decoding=\"async\" class=\"alignnone wp-image-83\" style=\"width: 60px; height: 69px;\" src=\"https:\/\/sisu.ut.ee\/wp-content\/uploads\/sites\/272\/tahtis2.png\" alt=\"tahtis2.png\" width=\"60\" height=\"69\"><\/td>\n<td>\n<ul dir=\"ltr\">\n<li>Ravimiameti tutvustus \u2013 l\u00fchifilm annab \u00fclevaate, millega tegeleb Ravimiamet (2016): <a title=\"\" href=\"https:\/\/www.youtube.com\/watch?v=JGucmpiUpeo\" target=\"_blank\" rel=\"noopener\" data-url=\"https:\/\/www.youtube.com\/watch?v=JGucmpiUpeo\">https:\/\/www.youtube.com\/watch?v=JGucmpiUpeo<\/a>\u00a0(5:14)<\/li>\n<li>Euroopa Ravimiameti tutvustus \u2013 l\u00fchifilmis r\u00e4\u00e4gitakse asutuse olulisusest (2023): <a title=\"\" href=\"https:\/\/www.youtube.com\/watch?v=kuCuWSLslGI\" target=\"_blank\" rel=\"noopener\" data-url=\"https:\/\/www.youtube.com\/watch?v=kuCuWSLslGI\">https:\/\/www.youtube.com\/watch?v=kuCuWSLslGI<\/a>\u00a0(1:49)<\/li>\n<\/ul>\n<\/td>\n<\/tr>\n<\/tbody>\n<\/table>\n<h2>Miks tohivad ainult apteegid ravimeid v\u00e4ljastada?<\/h2>\n<p dir=\"ltr\">Kuna ravimite puhul on tegemist v\u00e4ga erilise kaubaga, millele on esitatud v\u00e4ga ranged n\u00f5uded, siis peab olema tagatud, et kogu ravimi tarneahel alates tehasest kuni apteegini oleks kontrollitud. Iga etapi toimimise eest on vastutavad oma eriala p\u00e4devaimad spetsialistid \u2013 enamasti proviisorid.<\/p>\n<p dir=\"ltr\"><a title=\"\" href=\"https:\/\/rkav.tehik.ee\/rkav\/faces\/pages\/tegevuslubaForm\/tegevuslubaOtsing.xhtml\" target=\"_blank\" rel=\"noopener\" data-url=\"https:\/\/rkav.tehik.ee\/rkav\/faces\/pages\/tegevuslubaForm\/tegevuslubaOtsing.xhtml\">Ravimiameti tegevuslubade registrist<\/a> saad teada, millised Eestis tegutsevad ettev\u00f5tted v\u00f5ivad ravimeid k\u00e4idelda. Registrist leiad k\u00f5ik apteegid (sh ka internetiapteegid), ravimite hulgim\u00fc\u00fcjad ja ravimite tootjad.<\/p>\n<h2 dir=\"ltr\">Miks tohivad ainult apteekrid ravimeid v\u00e4ljastada?<\/h2>\n<p dir=\"ltr\">Selleks, et tunda h\u00e4sti ravimeid, \u00f5pitakse \u00fclikoolis aastaid. Apteekrid, olgu nad siis proviisorid v\u00f5i farmatseudid, \u00f5pivad \u00fclikoolis mitu aastat ja lisaks praktiseerivad \u00f5ppe ajal veel ka apteegis, et saada omal erialal k\u00f5rgharitud spetsialistideks. Omandatud teadmised on v\u00e4ga p\u00f5hjalikud. Apteeker on spetsialist ravimite alal, nii nagu arst on ravimises. Tagamaks, et saaksid apteegist koos ravimiga ka asjakohaseid n\u00f5uandeid, tohib ravimeid v\u00e4ljastada ainult proviisor v\u00f5i farmatseut.<\/p>\n<h2 dir=\"ltr\">Kas internetist tohib ravimeid osta?<\/h2>\n<p dir=\"ltr\">Ravimite ostmisel internetist tuleb olla \u00e4\u00e4retult ettevaatlik, sest oht sattuda v\u00f5ltsitud ravimite ohvriks on suur. Igal apteegil on vaja tegutsemiseks Ravimiameti poolt v\u00e4ljastatud tegevusluba, nii ka internetiapteegil. Eestis tegutseb\u00a0praegu mitu Ravimiameti poolse tegevusloaga internetiapteeki, t\u00e4psema info leiad\u00a0Ravimiameti veebilehelt (<a title=\"\" href=\"https:\/\/ravimiamet.ee\/ravimite-kaitlemine\/ravimi-kaitlemine\/internetiapteek\" target=\"_blank\" rel=\"noopener\" data-url=\"https:\/\/ravimiamet.ee\/ravimite-kaitlemine\/ravimi-kaitlemine\/internetiapteek\">https:\/\/ravimiamet.ee\/ravimite-kaitlemine\/ravimi-kaitlemine\/internetiapteek<\/a>).<\/p>\n<p dir=\"ltr\">Ometi kaubeldakse ravimitega ka ebaseaduslikes internetim\u00fc\u00fcgikohtades ning sealt ostetud ravimitest \u00fcle 50% on v\u00f5ltsitud (Maailma Terviseorganisatsiooni andmed). Seega internetist ravimit hankides tuleb kontrollida, kas tegu on seadusliku internetiapteegiga.<\/p>\n<p dir=\"ltr\">Tihti v\u00f5ib ka sotsiaalmeediast leida kuulutusi, kus eraisik kaupleb oma ravimij\u00e4\u00e4kidega. Ravimij\u00e4\u00e4kide koht on j\u00e4\u00e4tmejaamas, nende ohutus, t\u00f5husus ja kvaliteet on h\u00e4gused, kuna puudub kontrollitav ja usaldusv\u00e4\u00e4rne info selle ravimi hankimise kohta. Lisaks ei tea me, mis tingimustes neid ravimeid on s\u00e4ilitatud. M\u00e4rgates sellist m\u00fc\u00fcgikuulutust, tuleb alati teavitada Ravimiametit, kuna selline tegevus on ebaseaduslik ning kujutab ohtu inimeste tervisele. Iga\u00fcks peab lootma oma tervele talupojam\u00f5istusele ning teadmisele, et ravimid ei ole sokid v\u00f5i saapad, mida on tore k\u00e4est k\u00e4tte m\u00fc\u00fca \u2013 ravimite puhul ei saa rakendada s\u00f5bralt s\u00f5brale s\u00fcsteemi.<\/p>\n<h2 dir=\"ltr\">V\u00f5ltsravimid<\/h2>\n<p dir=\"ltr\">Mitte \u00fckski ravim, ka looduslik v\u00f5i taimne (!), ei ole t\u00e4iesti ohutu \u2013 kui ravimil on toime, on tal ka k\u00f5rvaltoimed.<\/p>\n<h4 dir=\"ltr\">Ravimeid osta alati ainult apteegist! Vaid siis v\u00f5id olla kindel, et saad \u00f5ige ravimi, mille ohutus, kvaliteet ja t\u00f5husus on t\u00f5estatud.<\/h4>\n<p dir=\"ltr\">Ostes ravimeid v\u00e4ljaspool seaduslikku tarneahelat on v\u00e4ga suur oht sattuda v\u00f5ltsravimite ohvriks. V\u00f5ltsravimeid ei ole kontrollitud ning v\u00f5ltsijad ei j\u00e4rgi reegleid. Ent nad on t\u00f5elised meistrid ravimipakendi j\u00e4reletegemisel, nimelt v\u00f5ib nende poolt toodetud \u201cravimipakend\u201d olla \u00e4ravahetamiseni sarnane p\u00e4ris ravimi omale. Ravimi koostise osas nad nii osavad pole, kvaliteedi ja ohutuse tagamisest r\u00e4\u00e4kimata. Tagaj\u00e4rjed on kurvad. Paremal juhul (NB! see ei t\u00e4henda siiski midagi head) juhtub see, et ravimikarbis on odav n\u00f6 jahu- v\u00f5i t\u00e4rklisetablett, mis lihtsalt ei toimi ja haigus j\u00e4\u00e4b ravita, haiguse kulg ei pidurdu ning hiljem v\u00f5ib olla juba v\u00e4ga raske, v\u00f5ibolla isegi v\u00f5imatu, t\u00f5be t\u00f5rjuda. Halvemal\u00a0juhul on v\u00f5ltsravimi koostises ebakvaliteetne toimeaine, mis kujutab juba t\u00f5sist ohtu tervisele, ka toimeaine annus ei pruugi olla see, mis pakendil lubatakse, tootmistingimused ammugi mitte ning toime on etteennustamatu. Pole v\u00e4listatud, et v\u00f5ltsravimi koostises v\u00f5ib olla hoopis m\u00f5ni muu tugevalt toimiv aine, kui pakendile m\u00e4rgitud, ja siis v\u00f5ib tagaj\u00e4rg olla juba p\u00f6\u00f6rdumatu.<\/p>\n<h4 dir=\"ltr\">Ravimite m\u00fc\u00fcmine ja ostmine v\u00e4ljaspool \u00f5igusp\u00e4rast tarneahelat pole seaduslik! \u00c4ra sea oma tervist ohtu!<\/h4>\n<p dir=\"ltr\">V\u00f5ltsravimitega \u00e4ritsetakse laialdaselt erinevates ebaseaduslikes internetiportaalides. Sellistes keskkondades on v\u00f5imalik tegutseda anon\u00fc\u00fcmselt, m\u00fc\u00fca v\u00f5ltsitud retseptiravimeid ilma retsepti n\u00f5udmata, odavamalt kui v\u00f5ltsingu originaali apteegis ja tihtipeale v\u00e4ites veel, et \u201cravim\u201d on t\u00e4iesti ohutu, looduslik jne.<\/p>\n<p dir=\"ltr\"><span style=\"color: #428bca;\"><strong>PRAKTILINE\u00a0 \u00dcLESANNE:<\/strong><\/span><\/p>\n<table class=\"table table-hover\" style=\"width: 100%;\" border=\"0\" cellspacing=\"1\" cellpadding=\"1\">\n<tbody>\n<tr>\n<td style=\"width: 70px;\"><img loading=\"lazy\" decoding=\"async\" class=\"alignnone wp-image-82\" style=\"width: 60px; height: 69px;\" src=\"https:\/\/sisu.ut.ee\/wp-content\/uploads\/sites\/272\/kysimus2.png\" alt=\"kysimus2.png\" width=\"60\" height=\"69\"><\/td>\n<td>\n<p dir=\"ltr\">Milline allpool toodud variantidest on seaduslikult t\u00f6\u00f6tav internetiapteek?<\/p>\n<ul dir=\"ltr\">\n<li><a title=\"\" href=\"http:\/\/raviminfo.ee\/\" target=\"_blank\" rel=\"noopener\" data-url=\"http:\/\/raviminfo.ee\/\">http:\/\/raviminfo.ee\/<\/a><\/li>\n<li><a title=\"\" href=\"https:\/\/viagrathailand.net\/\" target=\"_blank\" rel=\"noopener\" data-url=\"https:\/\/viagrathailand.net\/\">https:\/\/viagrathailand.net\/<\/a><\/li>\n<li><a title=\"\" href=\"https:\/\/www.selver.ee\/joogid\/spordijoogid-pulbrid-batoonid\/toidulisandid\" target=\"_blank\" rel=\"noopener\" data-url=\"https:\/\/www.selver.ee\/joogid\/spordijoogid-pulbrid-batoonid\/toidulisandid\">https:\/\/www.selver.ee\/joogid\/spordijoogid-pulbrid-batoonid\/toidulisandid<\/a><\/li>\n<li><a title=\"\" href=\"https:\/\/www.apotheka.ee\/\" target=\"_blank\" rel=\"noopener\" data-url=\"https:\/\/www.apotheka.ee\/\">https:\/\/www.apotheka.ee\/<\/a><\/li>\n<\/ul>\n<p><\/p><div class=\"accordion mb-3\">\n        <div class=\"accordion-item accordion-item--white\">\n        <h2 class=\"accordion-header\" id=\"accordion-69df421a4c4f8-heading\">\n            <button class=\"accordion-button collapsed\" type=\"button\" data-bs-toggle=\"collapse\" data-bs-target=\"#accordion-69df421a4c4f8-collapse\" aria-expanded=\"true\" aria-controls=\"accordion-69df421a4c4f8-collapse\">Kommentaar<\/button>\n        <\/h2>\n        <div id=\"accordion-69df421a4c4f8-collapse\" class=\"accordion-collapse collapse\" aria-labelledby=\"accordion-69df421a4c4f8-heading\">\n            <div class=\"accordion-body\">\n<ul dir=\"ltr\">\n<li><strong><a title=\"\" href=\"http:\/\/raviminfo.ee\/\" target=\"_blank\" rel=\"noopener\" data-url=\"http:\/\/raviminfo.ee\/\">http:\/\/raviminfo.ee\/<\/a> <\/strong>n\u00e4ol on tegemist veebilehega, kus on v\u00f5imalik tutvuda ravimite hindadega apteekides\u00a0ja leida endale l\u00e4him apteek, kus soovitud ravimit m\u00fc\u00fcakse, kuid selle veebilehe kaudu ei saa\u00a0ravimeid internetist osta.<\/li>\n<li><strong><a title=\"\" href=\"https:\/\/viagrathailand.net\/\" target=\"_blank\" rel=\"noopener\" data-url=\"https:\/\/viagrathailand.net\/\">https:\/\/viagrathailand.net\/<\/a> <\/strong>tegeleb ebaseadusliku ravimi\u00e4riga, mis Euroopa Liidu \u00f5igusruumis on keelatud. Keelatud on ka ravimite ostmine sellistest kohtadest. Kui Eesti Maksu- ja Tolliamet sellise tegevuse avastab, siis\u00a0j\u00e4rgneb karistus.<\/li>\n<li><strong><a title=\"\" href=\"https:\/\/www.selver.ee\/joogid\/spordijoogid-pulbrid-batoonid\/toidulisandid\" target=\"_blank\" rel=\"noopener\" data-url=\"https:\/\/www.selver.ee\/joogid\/spordijoogid-pulbrid-batoonid\/toidulisandid\">https:\/\/www.selver.ee\/joogid\/spordijoogid-pulbrid-batoonid\/toidulisandid<\/a> <\/strong>on \u00fche Eestis tegutseva toidupoeketi internetipood, kust on v\u00f5imalik osta lisaks toidule ka toidulisandeid, kuid mitte ravimeid.<\/li>\n<li><strong><a title=\"\" href=\"https:\/\/www.apotheka.ee\/\" target=\"_blank\" rel=\"noopener\" data-url=\"https:\/\/www.apotheka.ee\/\">https:\/\/www.apotheka.ee\/<\/a> <\/strong>on \u00f5ige vastus. Kas leidsid veebilehe all vasakul nurgas internetiapteegi logo ja sellele klikkides j\u00f5udsid Ravimiameti veebilehel (<a title=\"\" href=\"https:\/\/ravimiamet.ee\/ravimite-kaitlemine\/ravimi-kaitlemine\/internetiapteek\" target=\"_blank\" rel=\"noopener\" data-url=\"https:\/\/ravimiamet.ee\/ravimite-kaitlemine\/ravimi-kaitlemine\/internetiapteek\">https:\/\/ravimiamet.ee\/ravimite-kaitlemine\/ravimi-kaitlemine\/internetiapteek<\/a>) seadusliku internetiapteegi tuvastamiseni?<\/li>\n<\/ul>\n<p><\/p><\/div>\n        <\/div>\n        <\/div>\n    <\/div><\/td>\n<\/tr>\n<\/tbody>\n<\/table>\n<p><span style=\"color: #428bca;\"><strong>LOE\u00a0 LISAKS:<\/strong><\/span><\/p>\n<table class=\"table table-hover\" style=\"width: 100%;\" border=\"0\" cellspacing=\"1\" cellpadding=\"10\">\n<tbody>\n<tr>\n<td style=\"width: 70px;\"><img loading=\"lazy\" decoding=\"async\" class=\"alignnone wp-image-83\" style=\"width: 60px; height: 69px;\" src=\"https:\/\/sisu.ut.ee\/wp-content\/uploads\/sites\/272\/tahtis2.png\" alt=\"tahtis2.png\" width=\"60\" height=\"69\"><\/td>\n<td>\n<ul dir=\"ltr\">\n<li><a title=\"\" href=\"https:\/\/ravimiamet.ee\/ravimite-kaitlemine\/ravimi-kaitlemine\/internetiapteek\" target=\"_blank\" rel=\"noopener\" data-url=\"https:\/\/ravimiamet.ee\/ravimite-kaitlemine\/ravimi-kaitlemine\/internetiapteek\">Internetiapteek<\/a> (Ravimiamet)<\/li>\n<li><a title=\"\" href=\"https:\/\/ravimiamet.ee\/ravimite-kaitlemine\/ravimi-kaitlemine\/turvaelemendid\" target=\"_blank\" rel=\"noopener\" data-url=\"https:\/\/ravimiamet.ee\/ravimite-kaitlemine\/ravimi-kaitlemine\/turvaelemendid\">Turvaelemendid<\/a> (Ravimiamet)<\/li>\n<li><a title=\"\" href=\"https:\/\/ravimiamet.ee\/ravimid-ja-ohutus\/ravimitest\/voltsitud-ravimid\" target=\"_blank\" rel=\"noopener\" data-url=\"https:\/\/ravimiamet.ee\/ravimid-ja-ohutus\/ravimitest\/voltsitud-ravimid\">V\u00f5ltsitud ravimid<\/a> (Ravimiamet)<\/li>\n<\/ul>\n<\/td>\n<\/tr>\n<\/tbody>\n<\/table>\n","protected":false},"excerpt":{"rendered":"<p>Selleks, et ravimit saaks turustada, peab ravimil olema m\u00fc\u00fcgiluba. Ravimid on v\u00e4ga erilised selles m\u00f5ttes, et mitte \u00fckski teine kaup ei ole nii rangelt kontrollitud, kui on ravimid. Kogu ravimi tarneahel alates tehasest kuni apteegini peab vastama erinevates eeskirjades etten\u00e4htud &#8230;<\/p>\n","protected":false},"author":142,"featured_media":0,"parent":0,"menu_order":0,"comment_status":"closed","ping_status":"closed","template":"","meta":{"_acf_changed":false,"inline_featured_image":false,"footnotes":""},"class_list":["post-21","page","type-page","status-publish","hentry"],"acf":[],"_links":{"self":[{"href":"https:\/\/sisu.ut.ee\/ravimitest-maakeeli\/wp-json\/wp\/v2\/pages\/21","targetHints":{"allow":["GET"]}}],"collection":[{"href":"https:\/\/sisu.ut.ee\/ravimitest-maakeeli\/wp-json\/wp\/v2\/pages"}],"about":[{"href":"https:\/\/sisu.ut.ee\/ravimitest-maakeeli\/wp-json\/wp\/v2\/types\/page"}],"author":[{"embeddable":true,"href":"https:\/\/sisu.ut.ee\/ravimitest-maakeeli\/wp-json\/wp\/v2\/users\/142"}],"replies":[{"embeddable":true,"href":"https:\/\/sisu.ut.ee\/ravimitest-maakeeli\/wp-json\/wp\/v2\/comments?post=21"}],"version-history":[{"count":4,"href":"https:\/\/sisu.ut.ee\/ravimitest-maakeeli\/wp-json\/wp\/v2\/pages\/21\/revisions"}],"predecessor-version":[{"id":623,"href":"https:\/\/sisu.ut.ee\/ravimitest-maakeeli\/wp-json\/wp\/v2\/pages\/21\/revisions\/623"}],"wp:attachment":[{"href":"https:\/\/sisu.ut.ee\/ravimitest-maakeeli\/wp-json\/wp\/v2\/media?parent=21"}],"curies":[{"name":"wp","href":"https:\/\/api.w.org\/{rel}","templated":true}]}}