{"id":17,"date":"2024-04-04T04:15:07","date_gmt":"2024-04-04T01:15:07","guid":{"rendered":"https:\/\/sisu.ut.ee\/ravimitest-maakeeli\/34-kas-koik-ravimid-ohutud\/"},"modified":"2024-04-04T04:15:35","modified_gmt":"2024-04-04T01:15:35","slug":"34-kas-koik-ravimid-ohutud","status":"publish","type":"page","link":"https:\/\/sisu.ut.ee\/ravimitest-maakeeli\/34-kas-koik-ravimid-ohutud\/","title":{"rendered":"3.4. Kas k\u00f5ik ravimid on ohutud?"},"content":{"rendered":"<h4 dir=\"ltr\">\n\tIga ravim on m\u00fcrk, k\u00f5ik oleneb annusest ja \u00f5igest kasutamisest.<br>\n<\/h4>\n<p dir=\"ltr\">\n\t\u0160veitsi arsti ja loodusteadlase Paracelsuse kuulus lause: <em>\u00abSola dosis facit venenum\u00bb<\/em> (lad k\u00a0\u00abIga ravim on m\u00fcrk, k\u00f5ik oleneb annusest\u00bb) \u00fctleb \u00e4ra p\u00f5hit\u00f5e, mis kehtib ka t\u00e4nap\u00e4eval. T\u00e4helepanekut v\u00f5iks veidi laiendada ning \u00f6elda: \u00abIga ravim on m\u00fcrk, k\u00f5ik oleneb annusest ja \u00f5igest kasutamisest\u00bb. See lause v\u00f5iks tegelikult anda m\u00e4rku ja teadmise, et niisama ravimeid ise tarvitada on ohtlik. Ravimeid peab v\u00f5tma siis, kui on olemas konkreetne n\u00e4idustus ehk inimesel on konkreetne haigus v\u00f5i s\u00fcmptomid, mille raviks v\u00f5i leevendamiseks on arendatud v\u00e4lja sobiv kvaliteetne ravim ning arst on selle inimesele v\u00e4lja kirjutanud v\u00f5i selle ravimi kasutamiseks on soovituse andnud arst v\u00f5i apteeker.\n<\/p>\n<p dir=\"ltr\">\n\tKui inimene t\u00f5esti leiab internetiavarustest teadmised ja ise endal diagnoosib m\u00f5ne haiguse, siis peab ta kindlasti enne ravimi tarvitamist n\u00f5u pidama arsti v\u00f5i apteekriga, sest ilma arsti- v\u00f5i farmaatsiahariduseta pole inimene v\u00f5imeline hindama oma tervise seisundit ning ravimite sobivust \u00fche v\u00f5i teise haiguse ravimiseks.\n<\/p>\n<h4 dir=\"ltr\">\n\tLaps ei ole v\u00e4ike t\u00e4iskasvanu.<br>\n<\/h4>\n<p dir=\"ltr\">\n\tPeab olema v\u00e4ga ettevaatlik ravimite tarvitamisel ja teistele soovitamisel. Ravim, mida on soovitanud arst v\u00f5i apteeker just teile, ei pruugi sobida naabri Marile isegi, kui tundub, et on tegemist sama haiguse v\u00f5i s\u00fcmptomiga. Eriti peab t\u00e4helepanu p\u00f6\u00f6rama lastele ravimite manustamise korral. Laps ei ole v\u00e4ike t\u00e4iskasvanu ning ise ravimite poolitamine v\u00f5i purustamine pole alati lubatud. Juba ravimi v\u00e4ljat\u00f6\u00f6tamise ajal on ravimi tootja teinud otsuse, kas konkreetset ravimvormi (nt tabletti) on lubatud poolitada v\u00f5i purustada ning tootja on teinud ka uuringud ja t\u00f5estanud, et selline ravimi modifitseerimine on lubatud.\n<\/p>\n<p dir=\"ltr\">\n\tRavimite j\u00e4relevalvet ning ohutuse kontrollimist pole alati teostatud. Selle arusaamani, et on oluline ohutust ja efektiivsust t\u00f5estada, j\u00f5uti kahjuks ajaloos l\u00e4bi v\u00e4ga valusate \u00f5ppetundide (nt sulfaniilamiidi eliksiiri m\u00fcrgistused (1937); talidomiidi katastroof (1957). Kindlasti suurimad katastroofid, mis on seotud ravimite toksilisusega on p\u00e4rit ajast, kui ravimiametid veel maailmas sellist j\u00e4relevalvet ei teostanud ja polnud ka n\u00f5uet, et oleks vaja uue raviaine puhul t\u00f5estada selle ohutus ja efektiivsus.\n<\/p>\n<h4>\n\tApteegist v\u00e4ljastatavate ravimite puhul on t\u00f5estatud, et need on kvaliteetsed, efektiivsed ja ohutud. Kuid oluline on see, kuidas inimesed neid ravimeid kasutavad.<br>\n<\/h4>\n<p>\n\tApteegist v\u00e4ljastatavate ravimite puhul on t\u00f5estatud, et need on kvaliteetsed, efektiivsed ja ohutud. Kuid oluline on see, kuidas inimesed neid ravimeid kasutavad (manustavad ja s\u00e4ilitavad) ja seep\u00e4rast tuleks ka silmas pidada, et koos ravimikarbiga saaks inimene apteegist kaasa ka kvaliteetse n\u00f5ustamise ravimi kasutamise kohta. Vajadusel saab inimene alati ka ise huvi tunda ja juurde k\u00fcsida, kui midagi ebaselgeks j\u00e4i, sest vastutus ravimi korrektse manustamise kohta lasub ka patsiendil endal.<\/p>\n","protected":false},"excerpt":{"rendered":"<p>Iga ravim on m\u00fcrk, k\u00f5ik oleneb annusest ja \u00f5igest kasutamisest. \u0160veitsi arsti ja loodusteadlase Paracelsuse kuulus lause: \u00abSola dosis facit venenum\u00bb (lad k\u00a0\u00abIga ravim on m\u00fcrk, k\u00f5ik oleneb annusest\u00bb) \u00fctleb \u00e4ra p\u00f5hit\u00f5e, mis kehtib ka t\u00e4nap\u00e4eval. T\u00e4helepanekut v\u00f5iks veidi laiendada &#8230;<\/p>\n","protected":false},"author":142,"featured_media":0,"parent":0,"menu_order":0,"comment_status":"closed","ping_status":"closed","template":"","meta":{"_acf_changed":false,"inline_featured_image":false,"footnotes":""},"class_list":["post-17","page","type-page","status-publish","hentry"],"acf":[],"_links":{"self":[{"href":"https:\/\/sisu.ut.ee\/ravimitest-maakeeli\/wp-json\/wp\/v2\/pages\/17","targetHints":{"allow":["GET"]}}],"collection":[{"href":"https:\/\/sisu.ut.ee\/ravimitest-maakeeli\/wp-json\/wp\/v2\/pages"}],"about":[{"href":"https:\/\/sisu.ut.ee\/ravimitest-maakeeli\/wp-json\/wp\/v2\/types\/page"}],"author":[{"embeddable":true,"href":"https:\/\/sisu.ut.ee\/ravimitest-maakeeli\/wp-json\/wp\/v2\/users\/142"}],"replies":[{"embeddable":true,"href":"https:\/\/sisu.ut.ee\/ravimitest-maakeeli\/wp-json\/wp\/v2\/comments?post=17"}],"version-history":[{"count":1,"href":"https:\/\/sisu.ut.ee\/ravimitest-maakeeli\/wp-json\/wp\/v2\/pages\/17\/revisions"}],"predecessor-version":[{"id":210,"href":"https:\/\/sisu.ut.ee\/ravimitest-maakeeli\/wp-json\/wp\/v2\/pages\/17\/revisions\/210"}],"wp:attachment":[{"href":"https:\/\/sisu.ut.ee\/ravimitest-maakeeli\/wp-json\/wp\/v2\/media?parent=17"}],"curies":[{"name":"wp","href":"https:\/\/api.w.org\/{rel}","templated":true}]}}