{"id":14,"date":"2024-04-04T04:15:07","date_gmt":"2024-04-04T01:15:07","guid":{"rendered":"https:\/\/sisu.ut.ee\/ravimitest-maakeeli\/31-mis-ravimvorm\/"},"modified":"2024-04-17T15:50:37","modified_gmt":"2024-04-17T12:50:37","slug":"31-mis-ravimvorm","status":"publish","type":"page","link":"https:\/\/sisu.ut.ee\/ravimitest-maakeeli\/31-mis-ravimvorm\/","title":{"rendered":"3.1. Mis on ravimvorm?"},"content":{"rendered":"<h4 dir=\"ltr\">Ravimvorm on farmatseutiliste v\u00f5tete kogum, mis aitab raviaine toime kohale viia.<\/h4>\n<p dir=\"ltr\">Ravimvorm on farmatseutiliste v\u00f5tete kogum, mis aitab raviaine toime kohale viia. Ravimvorme on erinevaid ja peamiselt ning traditsiooniliselt jaotatakse ravimvorme arvestades nende agregaatolekut: vedelad ja tahked ning pooltahked ravimvormid (joonis 1).<\/p>\n<p dir=\"ltr\" style=\"text-align: center;\"><img loading=\"lazy\" decoding=\"async\" width=\"700\" height=\"361\" class=\"alignnone wp-image-78\" title=\"Joonis 1. Ravimvormide jaotus agregaatoleku j\u00e4rgi.\" src=\"https:\/\/sisu.ut.ee\/wp-content\/uploads\/sites\/272\/3-1-1.png\" alt=\"Joonis 1\" srcset=\"https:\/\/sisu.ut.ee\/wp-content\/uploads\/sites\/272\/3-1-1.png 700w, https:\/\/sisu.ut.ee\/wp-content\/uploads\/sites\/272\/3-1-1-300x155.png 300w\" sizes=\"auto, (max-width: 700px) 100vw, 700px\"><\/p>\n<p dir=\"ltr\">Euroopas ja seega ka Eesti Vabariigis kehtiv Euroopa Farmakop\u00f6a (<a title=\"\" href=\"https:\/\/www.edqm.eu\/en\/european-pharmacopoeia\" target=\"_blank\" rel=\"noopener\" data-url=\"https:\/\/www.edqm.eu\/en\/european-pharmacopoeia\">https:\/\/www.edqm.eu\/en\/european-pharmacopoeia<\/a>) klassifikatsioon jagab ravimvormid tunduvalt t\u00e4psemini arvestades seejuures lisaks ravimvormi agregaatolekule ka raviaine toime saabumise kiirust ja ka manustamisviisi. Seega ravimvormid kogu aeg t\u00e4iustuvad ja neid defineeritakse just konkreetsel hetkel k\u00e4ibel olevate terminite abil. Euroopa farmakop\u00f6a on k\u00e4siraamat, mis on m\u00f5eldud ravimit\u00f6\u00f6stusele juhendina, milliseid teste on vaja oma ravimpreparaadi v\u00e4ljat\u00f6\u00f6tamisel l\u00e4bi viia, et v\u00e4lja selgitada ravimpreparaadi kvaliteet. Rohkem infot ravimvormide ja manustamisviiside kohta leiab Ravimiameti Farmaatsiaterminoloogia raamatust v\u00f5i ka Ravimiameti kodulehel (<a title=\"\" href=\"http:\/\/www.ravimiamet.ee\/\" target=\"_blank\" rel=\"noopener\" data-url=\"http:\/\/www.ravimiamet.ee\/\">http:\/\/www.ravimiamet.ee\/<\/a>). Oluline t\u00e4psustus on ka kirjeldada ravimite kasutamise viisi, et kas n\u00e4iteks lahus on m\u00f5eldud v\u00e4lispidiseks v\u00f5i seespidiseks kasutamiseks. V\u00e4lispidiselt k\u00f5ige enam kasutatavad ravimvormid on kreemid, salvid, geelid, plaastrid, pulbrid, aga ka lahused, spreid, suspensioonid ja emulsioonid. Samas seespidised ravimid ehk enteraalsed ravimid v\u00f5ivad olla v\u00e4ga erinevad ravimvormid nagu tabletid, kapslid, lahused, suspensioonid, emulsioonid, siirupid jne. Juhul, kui ravim viiakse organismi s\u00fcstimise teel, siis nimetatakse neid parenteraalseks ehk s\u00fcsteravimiteks. S\u00fcsteravimite korral on tegemist ravimitega, mida viiakse organismi s\u00fcstimise teel ja ka siin on v\u00f5imalik olenevalt s\u00fcstimise kohast neid erinevalt jaotada.<\/p>\n<p dir=\"ltr\">Seega sellist ravimvormi, kui lihtsalt \u201ctablett\u201d polegi, sest on vaja t\u00e4psustada manustamisviisi, kas tegemist on suukaudse tableti v\u00f5i vaginaaltabletiga jne. Ning samuti on vajalik t\u00e4psustada, kas tegemist on raviainet kiiresti vabastava tabletiga (konventsionaalne ravimvorm) v\u00f5i raviainet modifitseeritult vabastava tabletiga. Kui raviainet kiiresti vabastavates ravimvormides ei ole raviaine vabanemist taotluslikult modifitseeritud spetsiaalse koostise ja\/v\u00f5i tootmismeetodiga, siis raviainet modifitseeritult vabastavad ravimvormid on ravimvormid, millel v\u00f5rreldes samal teel manustatava raviainet kiiresti vabastava ravimvormiga on erinev raviaine(te) vabanemise kiirus ja\/v\u00f5i vabanemise koht. Taotluslik modifitseerimine saavutatakse spetsiaalse koostise ja\/v\u00f5i tootmismeetodiga. Raviainet modifitseeritult vabastavate ravimvormide hulka kuuluvad raviainet prolongeeritult ehk aeglustatult vabastavad ravimvormid, viivitatult vabastavad nt gastroresistentsed kaetud tabletid ja pulseerivalt vabastavad ravimvormid, need on nt OROS tabletid, kust raviaine vabaneb v\u00f5rdsete ajavahemike j\u00e4rel v\u00f5rdsete osahulkadena ja seda reguleeritakse mingi kindla s\u00fcsteemi abil nt osmootse pumba abil (joonis 2).<\/p>\n<p dir=\"ltr\" style=\"text-align: center;\"><img loading=\"lazy\" decoding=\"async\" width=\"700\" height=\"297\" class=\"alignnone wp-image-79\" style=\"width: 700px; height: 297px;\" title=\"Joonis 2. Uudsed ravimvormid ja ravimkandurs\u00fcsteemid (OROS s\u00fcsteem).\" src=\"https:\/\/sisu.ut.ee\/wp-content\/uploads\/sites\/272\/3-1-2.png\" alt=\"Joonis 2\" srcset=\"https:\/\/sisu.ut.ee\/wp-content\/uploads\/sites\/272\/3-1-2.png 700w, https:\/\/sisu.ut.ee\/wp-content\/uploads\/sites\/272\/3-1-2-300x127.png 300w\" sizes=\"auto, (max-width: 700px) 100vw, 700px\"><\/p>\n<p dir=\"ltr\">Arusaadavalt, kui ravimvorm v\u00f5i manustamisviis muutuvad, v\u00f5ivad muutuda ka raviaine oodatav toime saabumise aeg, kui ka kogu biosaadavus (joonis 3).<\/p>\n<p dir=\"ltr\" style=\"text-align: center;\"><img loading=\"lazy\" decoding=\"async\" width=\"700\" height=\"364\" class=\"alignnone wp-image-80\" title=\"Joonis 3. Ravimvormi ja manustamisviisi olulisus ravimpreparaadi toime avaldumises organismis.\" src=\"https:\/\/sisu.ut.ee\/wp-content\/uploads\/sites\/272\/3-1-3.png\" alt=\"Joonis 3\" srcset=\"https:\/\/sisu.ut.ee\/wp-content\/uploads\/sites\/272\/3-1-3.png 700w, https:\/\/sisu.ut.ee\/wp-content\/uploads\/sites\/272\/3-1-3-300x156.png 300w\" sizes=\"auto, (max-width: 700px) 100vw, 700px\"><\/p>\n<p dir=\"ltr\">Kui on tegemist sama ravimvormiga \u2013 nt vesilahus, kuid manustamisviisid erinevad, \u00fcks ravimpreparaat on suukaudne ja teine intramuskulaarne, siis on ilmselge, et nende ravimpreparaatide k\u00e4itumine organismis erineb. Toime saabumise aeg ning ka toime suurus erinevad. Teine variant on, kui tegemist on erinevate ravimvormidega \u2013 nt tablett ja vesilahus, mida manustatakse m\u00f5lemat suu kaudu, on j\u00e4llegi\u00a0iseenesest m\u00f5istetav, et need ravimpreparaadid avaldavat toimet organismis erinevalt, sest raviaine saab toimet avaldada alles p\u00e4rast seda, kui ta on ravimvormist vabanenud. Seega tabletist on oodatava toime saabumine aeglasem\u00a0kui vesilahusest. Kolmas n\u00e4ide on see, kui nii ravimvorm\u00a0kui manustamisviis on sama \u2013 nt suukaudne tablett, kuid ravimpreparaadid ja nende toime avaldumine v\u00f5ivad siiski erineda. Aga mis siis nende ravimpreparaatide puhul v\u00f5ivad erinevusteks olla? P\u00f5hilised erinevused v\u00f5ivad olla kasutatavates raviaine tahke aine vormis v\u00f5i siis abiainetes. Need m\u00f5lemad v\u00f5ivad oluliselt muuta raviaine k\u00e4itumist organismis.<\/p>\n","protected":false},"excerpt":{"rendered":"<p>Ravimvorm on farmatseutiliste v\u00f5tete kogum, mis aitab raviaine toime kohale viia. Ravimvorm on farmatseutiliste v\u00f5tete kogum, mis aitab raviaine toime kohale viia. Ravimvorme on erinevaid ja peamiselt ning traditsiooniliselt jaotatakse ravimvorme arvestades nende agregaatolekut: vedelad ja tahked ning pooltahked ravimvormid &#8230;<\/p>\n","protected":false},"author":142,"featured_media":0,"parent":0,"menu_order":0,"comment_status":"closed","ping_status":"closed","template":"","meta":{"_acf_changed":false,"inline_featured_image":false,"footnotes":""},"class_list":["post-14","page","type-page","status-publish","hentry"],"acf":[],"_links":{"self":[{"href":"https:\/\/sisu.ut.ee\/ravimitest-maakeeli\/wp-json\/wp\/v2\/pages\/14","targetHints":{"allow":["GET"]}}],"collection":[{"href":"https:\/\/sisu.ut.ee\/ravimitest-maakeeli\/wp-json\/wp\/v2\/pages"}],"about":[{"href":"https:\/\/sisu.ut.ee\/ravimitest-maakeeli\/wp-json\/wp\/v2\/types\/page"}],"author":[{"embeddable":true,"href":"https:\/\/sisu.ut.ee\/ravimitest-maakeeli\/wp-json\/wp\/v2\/users\/142"}],"replies":[{"embeddable":true,"href":"https:\/\/sisu.ut.ee\/ravimitest-maakeeli\/wp-json\/wp\/v2\/comments?post=14"}],"version-history":[{"count":2,"href":"https:\/\/sisu.ut.ee\/ravimitest-maakeeli\/wp-json\/wp\/v2\/pages\/14\/revisions"}],"predecessor-version":[{"id":545,"href":"https:\/\/sisu.ut.ee\/ravimitest-maakeeli\/wp-json\/wp\/v2\/pages\/14\/revisions\/545"}],"wp:attachment":[{"href":"https:\/\/sisu.ut.ee\/ravimitest-maakeeli\/wp-json\/wp\/v2\/media?parent=14"}],"curies":[{"name":"wp","href":"https:\/\/api.w.org\/{rel}","templated":true}]}}