{"id":13,"date":"2024-04-04T04:15:07","date_gmt":"2024-04-04T01:15:07","guid":{"rendered":"https:\/\/sisu.ut.ee\/ravimitest-maakeeli\/46-kasutatud-allikad\/"},"modified":"2025-10-03T11:08:00","modified_gmt":"2025-10-03T08:08:00","slug":"46-kasutatud-allikad","status":"publish","type":"page","link":"https:\/\/sisu.ut.ee\/ravimitest-maakeeli\/46-kasutatud-allikad\/","title":{"rendered":"4.6. Kasutatud allikad"},"content":{"rendered":"<ul>\n<li><span style=\"line-height: normal;\">Attwood D, Florence AT. (2008). FASTtrack Physical Pharmacy. Pharmaceutical Press, London-Chicago<\/span><\/li>\n<li><span style=\"line-height: normal;\">Eesti Deabeediliidu koduleht:\u00a0<\/span><a title=\"\" href=\"http:\/\/www.diabetes.ee\/dokumendid\/diabeetiku-systimisopetus.pdf\" target=\"_blank\" rel=\"noopener\" data-url=\"http:\/\/www.diabetes.ee\/dokumendid\/diabeetiku-systimisopetus.pdf\">http:\/\/www.diabetes.ee\/dokumendid\/diabeetiku-systimisopetus.pdf<\/a>\u00a0(mai\u00a02019)<\/li>\n<li>Lippincott Williams &amp; Wilkins (2009). Lippincott\u2019s nursing procedures. 5th ed. Philadelphia.<\/li>\n<li>MT\u00dc Tromboosi\u00fchingu koduleht:\u00a0<a title=\"\" href=\"http:\/\/tromboos.ee\/wp-content\/uploads\/2011\/02\/systepaevik.pdf\" target=\"_blank\" rel=\"noopener\" data-url=\"http:\/\/tromboos.ee\/wp-content\/uploads\/2011\/02\/systepaevik.pdf\">http:\/\/tromboos.ee\/wp-content\/uploads\/2011\/02\/systepaevik.pdf<\/a>\u00a0(mai 2019)<\/li>\n<li>Pokk, P. (2012). Farmakokineetika ja ravimivormide m\u00f5ju ravimite kliinilisele kasutamisele. Eesti Arst; 91(1):26-32.<\/li>\n<li>Ravimiregister: <a title=\"\" href=\"https:\/\/www.ravimiregister.ee\/PublicHomePage.aspx\" target=\"_blank\" rel=\"noopener\" data-url=\"https:\/\/www.ravimiregister.ee\/Data\/\/aRMM\/32516\/81ef4651-c507-4de6-9481-5393b15cfd44\/Patsiendile_Eneses\u00fcstimisejuhend.pdf\">https:\/\/www.ravimiregister.ee\/PublicHomePage.aspx<\/a>\u00a0(mai 2019)<\/li>\n<li>Shargel, L.; Yu A.B.C. (2016).\u00a0Applied Biopharmaceutics &amp; Pharmacokinetics. 7th ed. McGraw-Hill Education<\/li>\n<li>Snyder, S.; Berman, A.T. (2012). Skills in Clinical Nursing, 7th Edition Pearson.<\/li>\n<li>Taylor, K.; Aulton, M. (2017).\u00a0Aulton\u2019s Pharmaceutics.The Design and Manufacture of Medicines. 5th ed. Elsevier<\/li>\n<li>Volmer, D.; Teder, K.; Matto, V.; Raal, A. (2017). Praktiline sotsiaalfarmaatsia. Ravimsuhtlemine apteegis. \u00d5pik k\u00f5rgkoolidele. Tartu: Tartu \u00dclikooli Kirjastus.<\/li>\n<\/ul>\n","protected":false},"excerpt":{"rendered":"<p>Attwood D, Florence AT. (2008). FASTtrack Physical Pharmacy. Pharmaceutical Press, London-Chicago Eesti Deabeediliidu koduleht:\u00a0http:\/\/www.diabetes.ee\/dokumendid\/diabeetiku-systimisopetus.pdf\u00a0(mai\u00a02019) Lippincott Williams &amp; Wilkins (2009). Lippincott\u2019s nursing procedures. 5th ed. Philadelphia. MT\u00dc Tromboosi\u00fchingu koduleht:\u00a0http:\/\/tromboos.ee\/wp-content\/uploads\/2011\/02\/systepaevik.pdf\u00a0(mai 2019) Pokk, P. (2012). Farmakokineetika ja ravimivormide m\u00f5ju ravimite kliinilisele kasutamisele. Eesti &#8230;<\/p>\n","protected":false},"author":142,"featured_media":0,"parent":0,"menu_order":0,"comment_status":"closed","ping_status":"closed","template":"","meta":{"_acf_changed":false,"inline_featured_image":false,"footnotes":""},"class_list":["post-13","page","type-page","status-publish","hentry"],"acf":[],"_links":{"self":[{"href":"https:\/\/sisu.ut.ee\/ravimitest-maakeeli\/wp-json\/wp\/v2\/pages\/13","targetHints":{"allow":["GET"]}}],"collection":[{"href":"https:\/\/sisu.ut.ee\/ravimitest-maakeeli\/wp-json\/wp\/v2\/pages"}],"about":[{"href":"https:\/\/sisu.ut.ee\/ravimitest-maakeeli\/wp-json\/wp\/v2\/types\/page"}],"author":[{"embeddable":true,"href":"https:\/\/sisu.ut.ee\/ravimitest-maakeeli\/wp-json\/wp\/v2\/users\/142"}],"replies":[{"embeddable":true,"href":"https:\/\/sisu.ut.ee\/ravimitest-maakeeli\/wp-json\/wp\/v2\/comments?post=13"}],"version-history":[{"count":2,"href":"https:\/\/sisu.ut.ee\/ravimitest-maakeeli\/wp-json\/wp\/v2\/pages\/13\/revisions"}],"predecessor-version":[{"id":619,"href":"https:\/\/sisu.ut.ee\/ravimitest-maakeeli\/wp-json\/wp\/v2\/pages\/13\/revisions\/619"}],"wp:attachment":[{"href":"https:\/\/sisu.ut.ee\/ravimitest-maakeeli\/wp-json\/wp\/v2\/media?parent=13"}],"curies":[{"name":"wp","href":"https:\/\/api.w.org\/{rel}","templated":true}]}}