{"id":74,"date":"2024-04-04T03:59:27","date_gmt":"2024-04-04T00:59:27","guid":{"rendered":"https:\/\/sisu.ut.ee\/ranne\/konverents\/"},"modified":"2024-04-04T04:00:19","modified_gmt":"2024-04-04T01:00:19","slug":"konverents","status":"publish","type":"page","link":"https:\/\/sisu.ut.ee\/ranne\/konverents\/","title":{"rendered":"RITA-r\u00e4nne projekti l\u00f5pukonverents toimus 15.01.2021"},"content":{"rendered":"<p>\n\t\u00a0\n<\/p>\n<p>\n\t<span style=\"font-size:24px\">R\u00e4nne kui v\u00f5imalus ja v\u00e4ljakutse Eesti \u00fchiskonnale ja koolile<\/span>\n<\/p>\n<hr>\n<p><span style=\"color:black\" lang=\"ET\">Moderaatorid:<\/span><\/p>\n<p>\n\t<span style=\"color:black\" lang=\"ET\">Aune Valk, Tartu \u00dclikooli \u00f5ppeprorektor<\/span>\n<\/p>\n<p>\n\t<span style=\"color:black\" lang=\"ET\">Raul Eamets, Tartu \u00dclikooli makro\u00f6konoomika professor<\/span>\n<\/p>\n<p>\n\t<span style=\"color:#0000ff\"><b><span lang=\"ET\">Sessioon 1: 10.00\u201311.20<\/span><\/b><\/span>\n<\/p>\n<p>\n\t<span style=\"color:black\" lang=\"ET\">10.00\u201310.05\u00a0\u00a0\u00a0\u00a0 Tervitus<\/span>\n<\/p>\n<p>\n\t<span style=\"color:black\" lang=\"ET\">10.05\u201310.20\u00a0\u00a0\u00a0\u00a0 Tiit Tammaru: RITA-R\u00e4nne p\u00f5hitulemused<\/span>\n<\/p>\n<p>\n\t<span style=\"color:black\" lang=\"ET\">10.20\u201310.40\u00a0\u00a0\u00a0\u00a0 Raul Eamets: Tark t\u00f6\u00f6j\u00f5ud kompenseerib rahvastiku v\u00e4henemist<\/span>\n<\/p>\n<p>\n\t<span style=\"color:black\" lang=\"ET\">10.40\u201311.00\u00a0\u00a0\u00a0\u00a0 Janno J\u00e4rve: Sisser\u00e4nde tulud ja kulud<\/span>\n<\/p>\n<p>\n\t<span style=\"color:black\" lang=\"ET\">11.00\u201311.20\u00a0\u00a0\u00a0\u00a0 Marek Tamm: <\/span><span style=\"color:black\" lang=\"ET\">Mitmekultuurilisuse ja l\u00f5imimise mudel Eesti \u00fchiskonnale<\/span>\n<\/p>\n<hr>\n<p><span style=\"color:#0000ff\"><b><span lang=\"ET\">Sessioon 2: 11.30\u201312.50<\/span><\/b><\/span><\/p>\n<p>\n\t<span style=\"color:black\" lang=\"ET\">11.30\u201311.50\u00a0\u00a0\u00a0\u00a0 Margus Pedaste: \u00dchtne Eesti kool kui meie k\u00f5igi suur siht ja v\u00f5imalus<\/span>\n<\/p>\n<p>\n\t<span style=\"color:black\" lang=\"ET\">11.50\u201312.05\u00a0\u00a0\u00a0\u00a0 Mairo R\u00e4\u00e4sk: <\/span><span style=\"background:white\" lang=\"ET\"><span style=\"color:black\">\u00dchtse Eesti kooli rakendamise valikud ja v\u00e4ljakutsed<\/span><\/span>\n<\/p>\n<p>\n\t<span style=\"color:black\" lang=\"ET\">12.05\u201312.20\u00a0\u00a0\u00a0\u00a0 Marko Uibu (ettekandja), Dagmar Narusson: Kooli roll kogukonna ankurinstitutsioonina<\/span>\n<\/p>\n<p>\n\t<span style=\"color:black\" lang=\"ET\">12.20\u201312.35\u00a0\u00a0\u00a0\u00a0 Mare Ainsaar (ettekandja), <\/span><span style=\"color:black\" lang=\"ET\">Oliver Nahkur, Helina Maasing, Ave Roots<\/span><span style=\"color:black\" lang=\"ET\">: <\/span><span style=\"color:black\" lang=\"ET\">Kas r\u00e4nne v\u00f5ib tekitada konflikte \u00fchiskonnas?<\/span>\n<\/p>\n<p>\n\t<span style=\"color:black\" lang=\"ET\">12.35\u201312.50\u00a0\u00a0\u00a0\u00a0 Helina Maasing: Radikaliseerumise m\u00e4rkamise ja sellele reageerimise juhendmaterjal ning soovitused koolidele<\/span>\n<\/p>\n<p>\n\t<span style=\"color:black\" lang=\"ET\">L\u00f5una<\/span>\n<\/p>\n<hr>\n<p>\n\t<span style=\"color:#0000ff\"><b><span lang=\"ET\">Sessioon 3: 13.30\u201314.50<\/span><\/b><\/span>\n<\/p>\n<p>\n\t<span style=\"color:black\" lang=\"ET\">13.30\u201313.45\u00a0\u00a0\u00a0\u00a0 Sandra J\u00e4rv, Laura Kirss: <\/span><span style=\"background:white\" lang=\"ET\"><span style=\"color:black\">Kultuuritundlik \u00f5petamine \u2013 samm edasi mitmekultuurilisest haridusest?<\/span><\/span>\n<\/p>\n<p>\n\t<span style=\"color:black\" lang=\"ET\">13.45\u201314.00\u00a0\u00a0\u00a0\u00a0 Mare Oja: <\/span><span style=\"color:black\" lang=\"ET\">Mitmeperspektiivse ajaloo\u00f5ppe t\u00f6\u00f6vahendid<\/span>\n<\/p>\n<p>\n\t<span style=\"color:black\" lang=\"ET\">14.00\u201314.15\u00a0\u00a0\u00a0\u00a0 <\/span><span style=\"color:black\" lang=\"ET\">Birute Klaas-Lang, Kristiina Praakli: REDEL toob keele ja kaaslased<\/span>\n<\/p>\n<p>\n\t<span style=\"color:black\" lang=\"ET\">14.15\u201314.30\u00a0\u00a0\u00a0\u00a0 Mare Kitsnik: <\/span><span style=\"background:white\" lang=\"ET\"><span style=\"color:black\">Hea \u00f5ppematerjal \u2013 t\u00f5husa \u00f5ppimise alus<\/span><\/span>\n<\/p>\n<p>\n\t<span style=\"color:black\" lang=\"ET\">14.30\u201314.45\u00a0\u00a0\u00a0\u00a0 <\/span><span style=\"color:black\" lang=\"ET\">Marika Padrik, Merit Hallap: <\/span><span style=\"background:white\" lang=\"ET\"><span style=\"color:black\">Veel \u00fcks k\u00e4siraamat?!<\/span><\/span>\n<\/p>\n<hr>\n<p>\n\t<span style=\"color:black\" lang=\"ET\">14.45\u201315.00\u00a0\u00a0\u00a0\u00a0 L\u00f5pps\u00f5na<\/span><\/p>\n","protected":false},"excerpt":{"rendered":"<p>\u00a0 R\u00e4nne kui v\u00f5imalus ja v\u00e4ljakutse Eesti \u00fchiskonnale ja koolile Moderaatorid: Aune Valk, Tartu \u00dclikooli \u00f5ppeprorektor Raul Eamets, Tartu \u00dclikooli makro\u00f6konoomika professor Sessioon 1: 10.00\u201311.20 10.00\u201310.05\u00a0\u00a0\u00a0\u00a0 Tervitus 10.05\u201310.20\u00a0\u00a0\u00a0\u00a0 Tiit Tammaru: RITA-R\u00e4nne p\u00f5hitulemused 10.20\u201310.40\u00a0\u00a0\u00a0\u00a0 Raul Eamets: Tark t\u00f6\u00f6j\u00f5ud kompenseerib rahvastiku v\u00e4henemist &#8230;<\/p>\n","protected":false},"author":138,"featured_media":0,"parent":0,"menu_order":0,"comment_status":"closed","ping_status":"closed","template":"","meta":{"_acf_changed":false,"inline_featured_image":false,"footnotes":""},"class_list":["post-74","page","type-page","status-publish","hentry"],"acf":[],"_links":{"self":[{"href":"https:\/\/sisu.ut.ee\/ranne\/wp-json\/wp\/v2\/pages\/74","targetHints":{"allow":["GET"]}}],"collection":[{"href":"https:\/\/sisu.ut.ee\/ranne\/wp-json\/wp\/v2\/pages"}],"about":[{"href":"https:\/\/sisu.ut.ee\/ranne\/wp-json\/wp\/v2\/types\/page"}],"author":[{"embeddable":true,"href":"https:\/\/sisu.ut.ee\/ranne\/wp-json\/wp\/v2\/users\/138"}],"replies":[{"embeddable":true,"href":"https:\/\/sisu.ut.ee\/ranne\/wp-json\/wp\/v2\/comments?post=74"}],"version-history":[{"count":1,"href":"https:\/\/sisu.ut.ee\/ranne\/wp-json\/wp\/v2\/pages\/74\/revisions"}],"predecessor-version":[{"id":409,"href":"https:\/\/sisu.ut.ee\/ranne\/wp-json\/wp\/v2\/pages\/74\/revisions\/409"}],"wp:attachment":[{"href":"https:\/\/sisu.ut.ee\/ranne\/wp-json\/wp\/v2\/media?parent=74"}],"curies":[{"name":"wp","href":"https:\/\/api.w.org\/{rel}","templated":true}]}}