{"id":72,"date":"2024-04-04T03:59:27","date_gmt":"2024-04-04T00:59:27","guid":{"rendered":"https:\/\/sisu.ut.ee\/ranne\/toopaketid\/"},"modified":"2024-04-04T04:00:19","modified_gmt":"2024-04-04T01:00:19","slug":"toopaketid","status":"publish","type":"page","link":"https:\/\/sisu.ut.ee\/ranne\/toopaketid\/","title":{"rendered":"Projekti t\u00f6\u00f6paketid (TP)"},"content":{"rendered":"<p>Projekti kolmeks teemaks on r\u00e4nde ja t\u00f6\u00f6turu arengute anal\u00fc\u00fcs, r\u00e4nde tulu-kulu mudeli koostamine ning kogukondadele ja haridusele keskenduvate l\u00f5imumisega seotud v\u00e4ljakutsete lahendamine praktiliste t\u00f6\u00f6vahendite koostamise abil. Projekti edukaks elluviimiseks oleme loodud t\u00f6\u00f6pakettide t\u00e4psemad kirjeldused on leitavad vasakul paiknevast men\u00fc\u00fcst.\u00a0 <\/p>\n<p>\u00a0<strong><\/strong><\/p>\n","protected":false},"excerpt":{"rendered":"<p>Projekti kolmeks teemaks on r\u00e4nde ja t\u00f6\u00f6turu arengute anal\u00fc\u00fcs, r\u00e4nde tulu-kulu mudeli koostamine ning kogukondadele ja haridusele keskenduvate l\u00f5imumisega seotud v\u00e4ljakutsete lahendamine praktiliste t\u00f6\u00f6vahendite koostamise abil. Projekti edukaks elluviimiseks oleme loodud t\u00f6\u00f6pakettide t\u00e4psemad kirjeldused on leitavad vasakul paiknevast men\u00fc\u00fcst.\u00a0 \u00a0<\/p>\n","protected":false},"author":138,"featured_media":0,"parent":0,"menu_order":0,"comment_status":"closed","ping_status":"closed","template":"","meta":{"_acf_changed":false,"inline_featured_image":false,"footnotes":""},"class_list":["post-72","page","type-page","status-publish","hentry"],"acf":[],"_links":{"self":[{"href":"https:\/\/sisu.ut.ee\/ranne\/wp-json\/wp\/v2\/pages\/72","targetHints":{"allow":["GET"]}}],"collection":[{"href":"https:\/\/sisu.ut.ee\/ranne\/wp-json\/wp\/v2\/pages"}],"about":[{"href":"https:\/\/sisu.ut.ee\/ranne\/wp-json\/wp\/v2\/types\/page"}],"author":[{"embeddable":true,"href":"https:\/\/sisu.ut.ee\/ranne\/wp-json\/wp\/v2\/users\/138"}],"replies":[{"embeddable":true,"href":"https:\/\/sisu.ut.ee\/ranne\/wp-json\/wp\/v2\/comments?post=72"}],"version-history":[{"count":1,"href":"https:\/\/sisu.ut.ee\/ranne\/wp-json\/wp\/v2\/pages\/72\/revisions"}],"predecessor-version":[{"id":411,"href":"https:\/\/sisu.ut.ee\/ranne\/wp-json\/wp\/v2\/pages\/72\/revisions\/411"}],"wp:attachment":[{"href":"https:\/\/sisu.ut.ee\/ranne\/wp-json\/wp\/v2\/media?parent=72"}],"curies":[{"name":"wp","href":"https:\/\/api.w.org\/{rel}","templated":true}]}}