{"id":65,"date":"2024-04-04T03:59:26","date_gmt":"2024-04-04T00:59:26","guid":{"rendered":"https:\/\/sisu.ut.ee\/ranne\/materjalid\/"},"modified":"2024-04-18T15:21:24","modified_gmt":"2024-04-18T12:21:24","slug":"materjalid","status":"publish","type":"page","link":"https:\/\/sisu.ut.ee\/ranne\/materjalid\/","title":{"rendered":"MATERJALID"},"content":{"rendered":"<div class=\"wp-block-columns is-layout-flex wp-container-core-columns-is-layout-9d6595d7 wp-block-columns-is-layout-flex\">\n<div class=\"wp-block-column is-layout-flow wp-block-column-is-layout-flow\" style=\"flex-basis:33.33%\">\n<div class=\"os-anchor-menu\">\n<ul>\n\t<li>\n\t\t<a href=\"#\">Materjalid<\/a>\n\t<\/li>\n\t<li>\n\t\t<a href=\"#Kogukonnad%20ja%20l%C3%B5imumine\">Kogukondade ja l\u00f5imumise, online-kogukondade ja hargmaisuse anal\u00fc\u00fcsid<\/a>\n\t<\/li>\n\t<li>\n\t\t<a href=\"#L%C3%B5imumise%20n%C3%A4ited\">Kogukonnas l\u00f5imumise toetamise olemasolevad n\u00e4ited ja v\u00f5imalused<\/a>\n\t<\/li>\n\t<li>\n\t\t<a href=\"#Radikaliseerumine%20ja%20konflikt\">Radikaliseerumise ja konflikti \u00fclevaated, materjalid<\/a>\n\t<\/li>\n\t<li>\n\t\t<a href=\"#Ettekanded%20ja%20meedia\">Ettekanded, loengud, artiklid meedias<\/a>\n\t<\/li>\n<\/ul>\n<\/div>\n<\/div>\n\n\n\n<div class=\"wp-block-column is-layout-flow wp-block-column-is-layout-flow\" style=\"flex-basis:66.66%\"><nav class=\"is-responsive wp-block-navigation is-layout-flex wp-block-navigation-is-layout-flex\" aria-label=\"ressursside_kogum\" data-wp-interactive=\"core\/navigation\" data-wp-context='{\"overlayOpenedBy\":{\"click\":false,\"hover\":false,\"focus\":false},\"type\":\"overlay\",\"roleAttribute\":\"\",\"ariaLabel\":\"Men\\u00fc\\u00fc\"}'><button aria-haspopup=\"dialog\" aria-label=\"Ava men\u00fc\u00fc\" class=\"wp-block-navigation__responsive-container-open\" data-wp-on--click=\"actions.openMenuOnClick\" data-wp-on--keydown=\"actions.handleMenuKeydown\"><svg width=\"24\" height=\"24\" xmlns=\"http:\/\/www.w3.org\/2000\/svg\" viewbox=\"0 0 24 24\" aria-hidden=\"true\" focusable=\"false\"><path d=\"M4 7.5h16v1.5H4z\"><\/path><path d=\"M4 15h16v1.5H4z\"><\/path><\/svg><\/button>\n\t\t\t\t<div class=\"wp-block-navigation__responsive-container\" id=\"modal-1\" data-wp-class--has-modal-open=\"state.isMenuOpen\" data-wp-class--is-menu-open=\"state.isMenuOpen\" data-wp-watch=\"callbacks.initMenu\" data-wp-on--keydown=\"actions.handleMenuKeydown\" data-wp-on--focusout=\"actions.handleMenuFocusout\" tabindex=\"-1\">\n\t\t\t\t\t<div class=\"wp-block-navigation__responsive-close\" tabindex=\"-1\">\n\t\t\t\t\t\t<div class=\"wp-block-navigation__responsive-dialog\" data-wp-bind--aria-modal=\"state.ariaModal\" data-wp-bind--aria-label=\"state.ariaLabel\" data-wp-bind--role=\"state.roleAttribute\">\n\t\t\t\t\t\t\t<button aria-label=\"Sulge men\u00fc\u00fc\" class=\"wp-block-navigation__responsive-container-close\" data-wp-on--click=\"actions.closeMenuOnClick\"><svg xmlns=\"http:\/\/www.w3.org\/2000\/svg\" viewbox=\"0 0 24 24\" width=\"24\" height=\"24\" aria-hidden=\"true\" focusable=\"false\"><path d=\"m13.06 12 6.47-6.47-1.06-1.06L12 10.94 5.53 4.47 4.47 5.53 10.94 12l-6.47 6.47 1.06 1.06L12 13.06l6.47 6.47 1.06-1.06L13.06 12Z\"><\/path><\/svg><\/button>\n\t\t\t\t\t\t\t<div class=\"wp-block-navigation__responsive-container-content\" data-wp-watch=\"callbacks.focusFirstElement\" id=\"modal-1-content\">\n\t\t\t\t\t\t\t\t<ul class=\"wp-block-navigation__container is-responsive wp-block-navigation\"><li class=\" wp-block-navigation-item wp-block-navigation-link\"><a class=\"wp-block-navigation-item__content\" href=\"https:\/\/sisu.ut.ee\/ranne\/ressursside-kogum\"><span class=\"wp-block-navigation-item__label\">Sissejuhatus<\/span><\/a><\/li><li class=\" wp-block-navigation-item wp-block-navigation-link\"><a class=\"wp-block-navigation-item__content\" href=\"https:\/\/sisu.ut.ee\/ranne\/riik\/\"><span class=\"wp-block-navigation-item__label\">RIIK<\/span><\/a><\/li><li class=\" wp-block-navigation-item wp-block-navigation-link\"><a class=\"wp-block-navigation-item__content\" href=\"https:\/\/sisu.ut.ee\/ranne\/kov\/\"><span class=\"wp-block-navigation-item__label\">KOV<\/span><\/a><\/li><li class=\" wp-block-navigation-item wp-block-navigation-link\"><a class=\"wp-block-navigation-item__content\" href=\"https:\/\/sisu.ut.ee\/ranne\/kool\/\"><span class=\"wp-block-navigation-item__label\">KOOL<\/span><\/a><\/li><li class=\" wp-block-navigation-item wp-block-navigation-link\"><a class=\"wp-block-navigation-item__content\" href=\"https:\/\/sisu.ut.ee\/ranne\/materjalid\/\"><span class=\"wp-block-navigation-item__label\">Materjalid<\/span><\/a><\/li><\/ul>\n\t\t\t\t\t\t\t<\/div>\n\t\t\t\t\t\t<\/div>\n\t\t\t\t\t<\/div>\n\t\t\t\t<\/div><\/nav>\n\n\n<p style=\"text-align: center\">\n\t\u00a0\n<\/p>\n<p style=\"text-align: center\">\n\t<a id=\"Kogukonnad ja l\u00f5imumine\" name=\"Kogukonnad%20ja%20l%C3%B5imumine\"><span style=\"font-size:16px\"><u><b>Kogukondade ja l\u00f5imumise, online-kogukondade ja hargmaisuse anal\u00fc\u00fcsid<\/b><\/u><\/span><\/a>\n<\/p>\n<p style=\"margin-bottom:8.0pt\">\n\tRoots, A, Kaldur, K. (2020) <a data-url=\"https:\/\/sisu.ut.ee\/wp-content\/uploads\/sites\/265\/roots_loimumisindeksid.pdf\" href=\"https:\/\/sisu.ut.ee\/wp-content\/uploads\/sites\/265\/roots_loimumisindeksid.pdf\" target=\"_blank\" title=\"\" rel=\"noopener\">Uussisser\u00e4ndajate l\u00f5imumise m\u00f5\u00f5tmine l\u00f5imumisindeksite abil erinevates Eesti piirkondades ja Eestis tervikuna. RITA-r\u00e4nne projekti uuringu \u00fclevaade. <\/a>\n<\/p>\n<p style=\"margin-bottom:8.0pt\">\n\tNarusson, D., Uibu, M. (2020).<a data-url=\"https:\/\/sisu.ut.ee\/wp-content\/uploads\/sites\/265\/narusson_jt_2019_uussisserandajate_ja_koolide_kogemused_kval.pdf\" href=\"https:\/\/sisu.ut.ee\/wp-content\/uploads\/sites\/265\/narusson_jt_2019_uussisserandajate_ja_koolide_kogemused_kval.pdf\" target=\"_blank\" title=\"\" rel=\"noopener\"> Sotsiaalsete kogukondade kujundamise v\u00f5imalused Eestis: koolide ja uussisser\u00e4ndajate kogemused. RITA-r\u00e4nne projekti uuringu \u00fclevaade.<\/a>\n<\/p>\n<p style=\"margin-bottom:8.0pt\">\n\tTamberg, M. (2019).<a data-url=\"https:\/\/sisu.ut.ee\/wp-content\/uploads\/sites\/265\/tamberg_2019_uussisserandajate_kohanemine_mag.pdf\" href=\"https:\/\/sisu.ut.ee\/wp-content\/uploads\/sites\/265\/tamberg_2019_uussisserandajate_kohanemine_mag.pdf\" target=\"_blank\" title=\"\" rel=\"noopener\"> Uussisser\u00e4ndajate kohanemine \u2013 v\u00e4lisspetsialistide abikaasade kogemused. Magistrit\u00f6\u00f6. Tartu \u00dclikool (juhendaja D. Narusson)<\/a>\n<\/p>\n<p style=\"margin-bottom:8.0pt\">\n\tSalvet S. (2018).<a data-url=\"https:\/\/sisu.ut.ee\/wp-content\/uploads\/sites\/265\/salvet_2018_immobiilsete_elanikeruhmade_sotsiaalmeediakasutus.pdf\" href=\"https:\/\/sisu.ut.ee\/wp-content\/uploads\/sites\/265\/salvet_2018_immobiilsete_elanikeruhmade_sotsiaalmeediakasutus.pdf\" target=\"_blank\" title=\"\" rel=\"noopener\"> (Im)mobiilsete elaniker\u00fchmade sotsiaalmeediakasutus ja identiteet. RITA-r\u00e4nne projekti kirjandus\u00fclevaade<\/a>\n<\/p>\n<p style=\"margin-bottom:8.0pt\">\n\tSalvet S. (2018).<a data-url=\"https:\/\/sisu.ut.ee\/wp-content\/uploads\/sites\/265\/salvet_2018_online_kogukond_kokkuvote_luhike.pdf\" href=\"https:\/\/sisu.ut.ee\/wp-content\/uploads\/sites\/265\/salvet_2018_online_kogukond_kokkuvote_luhike.pdf\" target=\"_blank\" title=\"\" rel=\"noopener\"> Online kogukondade roll r\u00e4ndemustrite kujunemisel. RITA-r\u00e4nne projekti kirjandus\u00fclevaate kokkuv\u00f5te (7 lk)<\/a>\n<\/p>\n<p style=\"margin-bottom:8.0pt\">\n\tSalvet S. (2018).<a data-url=\"https:\/\/sisu.ut.ee\/wp-content\/uploads\/sites\/265\/salvet_2018_online_kogukond_kirjandusylevaade_pikk.pdf\" href=\"https:\/\/sisu.ut.ee\/wp-content\/uploads\/sites\/265\/salvet_2018_online_kogukond_kirjandusylevaade_pikk.pdf\" target=\"_blank\" title=\"\" rel=\"noopener\"> Online kogukondade roll r\u00e4ndemustrite kujunemisel. RITA-r\u00e4nne projekti kirjandus\u00fclevaade (19 lk)<\/a>\n<\/p>\n<p>\n\tVihalemm, T., Juzefovi\u010ds, J. (2020). <a data-url=\"https:\/\/sisu.ut.ee\/wp-content\/uploads\/sites\/265\/vihalemm_jt_2020_rita_hargmaisuse_kokkuv6te.pdf\" href=\"https:\/\/sisu.ut.ee\/wp-content\/uploads\/sites\/265\/vihalemm_jt_2020_rita_hargmaisuse_kokkuv6te.pdf\" target=\"_blank\" title=\"\" rel=\"noopener\">Rahvusvaheline kogemus hargmaiste praktikate kasutamisel kohaliku l\u00f5imumise tugevdajana. RITA-r\u00e4nne projekti toimetis<\/a>\n<\/p>\n<hr>\n<p>\n\t\u00a0\n<\/p>\n<p style=\"text-align: center\">\n\t<a id=\"L\u00f5imumise n\u00e4ited\" name=\"L%C3%B5imumise%20n%C3%A4ited\"><span style=\"font-size:16px\"><u><b>Kogukonnas l\u00f5imumise toetamise olemasolevad n\u00e4ited ja v\u00f5imalused<\/b><\/u><\/span><\/a>\n<\/p>\n<p>\n\tNarusson, D, Uibu, M., Beilmann, M., Tamberg, M. (2018).<a data-url=\"https:\/\/sisu.ut.ee\/wp-content\/uploads\/sites\/265\/narusson_et_al_2018_tp5_kogukonda_loimumise_projektide_ulevaade.pdf\" href=\"https:\/\/sisu.ut.ee\/wp-content\/uploads\/sites\/265\/narusson_et_al_2018_tp5_kogukonda_loimumise_projektide_ulevaade.pdf\" target=\"_blank\" title=\"\" rel=\"noopener\"> \u00dcle-Eestiliste l\u00f5imumise projektide kaardistus l\u00e4htuvalt kogukondlike ja sotsiaalsete suhete kujundamise potentsiaalist. RITA-r\u00e4nne projekti uuringu \u00fclevaade<\/a>\n<\/p>\n<p>\n\tBeilmann, M., Narusson, D., Ilisson, K., Uibu, M. (2019). <a data-url=\"https:\/\/sisu.ut.ee\/wp-content\/uploads\/sites\/265\/beilmann_jt_2019_valispraktikate_kaardistus.pdf\" href=\"https:\/\/sisu.ut.ee\/wp-content\/uploads\/sites\/265\/beilmann_jt_2019_valispraktikate_kaardistus.pdf\" target=\"_blank\" title=\"\" rel=\"noopener\">Rahvusvaheline kogukondade teenuste-praktikate kaardistus l\u00e4htuvalt kogukondlike ja sotsiaalsete suhete kujundamise potentsiaalist. RITA-r\u00e4nne projekti uuringu \u00fclevaade<\/a>\n<\/p>\n<p>\n\tLinno, M. (2018). <a data-url=\"https:\/\/sisu.ut.ee\/wp-content\/uploads\/sites\/265\/linno_tp5_noorsootoo_ja_loimumine.pdf\" href=\"https:\/\/sisu.ut.ee\/wp-content\/uploads\/sites\/265\/linno_tp5_noorsootoo_ja_loimumine.pdf\" target=\"_blank\" title=\"\" rel=\"noopener\">Noorsoot\u00f6\u00f6 v\u00f5imalused kogukondade l\u00f5imumisel sisser\u00e4nde taustaga\u00a0 inimeste toetamiseks. RITA-r\u00e4nne projekti kirjandus\u00fclevaade<\/a>\n<\/p>\n<p>\n\tUibu, M., Narusson, D. (2020).<a data-url=\"https:\/\/sisu.ut.ee\/wp-content\/uploads\/sites\/265\/uibu_jt_2020_rita-koosloome_soovitused.pdf\" href=\"https:\/\/sisu.ut.ee\/wp-content\/uploads\/sites\/265\/uibu_jt_2020_rita-koosloome_soovitused.pdf\" target=\"_blank\" title=\"\" rel=\"noopener\"> Kuidas kaasata kogukonnas erinevaid osapooli? Kuidas kasutada koosloomelisi meetodeid ja viia l\u00e4bi koosloome t\u00f6\u00f6tubasid? RITA-r\u00e4nne projekti toimetis<\/a>\n<\/p>\n<p>\n\tNarusson, D., Uibu, M. (2020). <a data-url=\"https:\/\/sisu.ut.ee\/wp-content\/uploads\/sites\/265\/uibu_ja_narusson_2020_koolikogukonna_arendamise_juhised.pdf\" href=\"https:\/\/sisu.ut.ee\/wp-content\/uploads\/sites\/265\/uibu_ja_narusson_2020_koolikogukonna_arendamise_juhised.pdf\" target=\"_blank\" title=\"\" rel=\"noopener\">Juhendmaterjal koolidele koolikogukonna, kui ankurinstitutsiooni funktsiooni edasiarendamiseks uustulijate kohanemise ja l\u00f5imumise kontekstis. <\/a>\n<\/p>\n<ul style=\"margin-left: 40px\">\n<li>\n\t\tMaterjal koolituse ja arutelude jaoks \u2013 <a data-url=\"https:\/\/sisu.ut.ee\/wp-content\/uploads\/sites\/265\/koolid_kogukond_uussisserandajad_presentatsioon.pptx\" href=\"https:\/\/sisu.ut.ee\/wp-content\/uploads\/sites\/265\/koolid_kogukond_uussisserandajad_presentatsioon.pptx\" target=\"_blank\" title=\"\" rel=\"noopener\">powerpoint slaidid<\/a>.\n\t<\/li>\n<li>\n\t\tMaterjal koolituse ja arutelude jaoks \u2013 <a data-url=\"https:\/\/sisu.ut.ee\/wp-content\/uploads\/sites\/265\/toolehed_rita_ranne_materjal.docx\" href=\"https:\/\/sisu.ut.ee\/wp-content\/uploads\/sites\/265\/toolehed_rita_ranne_materjal.docx\" target=\"_blank\" title=\"\" rel=\"noopener\">t\u00f6\u00f6lehed<\/a>.\n\t<\/li>\n<\/ul>\n<hr>\n<p>\n\t\u00a0\n<\/p>\n<p style=\"text-align: center\">\n\t<a id=\"Radikaliseerumine ja konflikt\" name=\"Radikaliseerumine%20ja%20konflikt\"><span style=\"font-size:16px\"><u><strong>Radikaliseerumise ja konflikti \u00fclevaated, materjalid<\/strong><\/u><\/span><\/a>\n<\/p>\n<p>\n\tMaasing H. (2018).<a data-url=\"https:\/\/sisu.ut.ee\/wp-content\/uploads\/sites\/265\/maasing_2018_polariseerumise_ja_radikaliseerumise_ulevaade.pdf\" href=\"https:\/\/sisu.ut.ee\/wp-content\/uploads\/sites\/265\/maasing_2018_polariseerumise_ja_radikaliseerumise_ulevaade.pdf\" target=\"_blank\" title=\"\" rel=\"noopener\"> Polariseerumise ja radikaliseerumise ennetamine \u2013 kohaliku omavalitsuse koost\u00f6\u00f6 kogukondadega ja kooliga. RITA-r\u00e4nne projekti kirjandus\u00fclevaade<\/a>\n<\/p>\n<p>\n\tNahkur O, Ainsaar M, Maasing H, Roots A. (2020).<a data-url=\"https:\/\/sisu.ut.ee\/wp-content\/uploads\/sites\/265\/nahkur_jt_2020_etnilise_konflikti_riski_indeksist.pdf\" href=\"https:\/\/sisu.ut.ee\/wp-content\/uploads\/sites\/265\/nahkur_jt_2020_etnilise_konflikti_riski_indeksist.pdf\" target=\"_blank\" title=\"\" rel=\"noopener\"> Etnilise konflikti riski indeks. RITA-r\u00e4nne projekti toimetis<\/a>\n<\/p>\n<p>\n\tNahkur O, Ainsaar M, Maasing H, Roots A, Mumma, A. (2020). <a data-url=\"https:\/\/sisu.ut.ee\/wp-content\/uploads\/sites\/265\/nahkur_2020_veebitooriista_tutvustus.pdf\" href=\"https:\/\/sisu.ut.ee\/wp-content\/uploads\/sites\/265\/nahkur_2020_veebitooriista_tutvustus.pdf\" target=\"_blank\" title=\"\" rel=\"noopener\">Etnilise konflikti riski indeksi veebit\u00f6\u00f6riist. RITA-r\u00e4nne projekti toimetis<\/a>\n<\/p>\n<p>\n\tNahkur, O., Maasing, H.(2020). <a data-url=\"https:\/\/sisu.ut.ee\/wp-content\/uploads\/sites\/265\/konfliktide_ja_radikaliseerumise_ennetamise_soovitused_koolidele.pdf\" href=\"https:\/\/sisu.ut.ee\/wp-content\/uploads\/sites\/265\/konfliktide_ja_radikaliseerumise_ennetamise_soovitused_koolidele.pdf\" target=\"_blank\" title=\"\" rel=\"noopener\">Etniliste konfliktide ja radikaliseerumise ennetamise soovitused koolidele. RITA-R\u00c4NNE projekti materjalid.<\/a>\n<\/p>\n<p>\n\tSalvet S. (2020).<a data-url=\"https:\/\/sisu.ut.ee\/wp-content\/uploads\/sites\/265\/salvet_2020_uuring_hoiakud_online_kk.pdf\" href=\"https:\/\/sisu.ut.ee\/wp-content\/uploads\/sites\/265\/salvet_2020_uuring_hoiakud_online_kk.pdf\" target=\"_blank\" title=\"\" rel=\"noopener\"> Hoiakud r\u00e4nde ja migrantide suhtes eestikeelsetes sotsiaalmeediapostitustes. RITA-R\u00c4NNE projekti toimetis<\/a>\n<\/p>\n<p>\n\tSalvet S. (2020).<a data-url=\"https:\/\/sisu.ut.ee\/wp-content\/uploads\/sites\/265\/salvet_2020_metoodika_online_kk.pdf\" href=\"https:\/\/sisu.ut.ee\/wp-content\/uploads\/sites\/265\/salvet_2020_metoodika_online_kk.pdf\" target=\"_blank\" title=\"\" rel=\"noopener\"> Kuidas koguda ja anal\u00fc\u00fcsida Facebooki postitusi? Online-kogukondade hoiakute kaardistamise juhend. RITA-R\u00c4NNE projekti toimetis<\/a>\n<\/p>\n<p>\n\t<u>Maasing H, Salvet S. (2020)<\/u>.<a data-url=\"https:\/\/sisu.ut.ee\/wp-content\/uploads\/sites\/265\/maasing_ja_salvet_2020_aarmuslik_vagivald_ja_radikaliseerumine_koolis_juhend_opetajatele.pdf\" href=\"https:\/\/sisu.ut.ee\/wp-content\/uploads\/sites\/265\/maasing_ja_salvet_2020_aarmuslik_vagivald_ja_radikaliseerumine_koolis_juhend_opetajatele.pdf\" target=\"_blank\" title=\"\" rel=\"noopener\"> \u00c4\u00e4rmuslik v\u00e4givald ja radikaliseerumine koolis \u2013 10 vastust, mida \u00f5petaja peab teadma. RITA-r\u00e4nne projekti toimetis<\/a>\n<\/p>\n<hr>\n<p>\n\t\u00a0\n<\/p>\n<p style=\"text-align: center\">\n\t<a id=\"Ettekanded ja meedia\" name=\"Ettekanded%20ja%20meedia\"><span style=\"font-size:16px\"><u><b>Ettekanded, loengud, artiklid meedias<\/b><\/u><\/span><\/a>\n<\/p>\n<p>\n\tNarusson, D., Uibu, M. (2019). L\u00f5imumine on argine asi. ERR portaal. <a href=\"https:\/\/www.err.ee\/984151\/dagmar-narusson-ja-marko-uibu-loimumine-on-argine-asi\">https:\/\/www.err.ee\/984151\/dagmar-narusson-ja-marko-uibu-loimumine-on-argine-asi<\/a>\n<\/p>\n<p>\n\tNarusson, D. (2020). <a href=\"https:\/\/skk.ee\/fileadmin\/media\/pildid\/uudised\/REGIONAALARENG-Dagmar-Narusson-kogukonna-arenemine-ankurkogukonnaks-voimaldab-isearanis-laia-haaret-Tanane-leht.pdf\">Dagmar Narusson: Kogukonna arenemine ankurkogukonnaks v\u00f5imaldab ise\u00e4ranis laia haaret. Postimees, 16\u201317.<\/a>\n<\/p>\n<p>\n\tNarusson, D. (2020). <a href=\"https:\/\/sotsiaalteadused.ut.ee\/et\/sisseastumine\/avalikud-loengud-2020\">Avalik loeng \u201cKogukondade piiritlemine, arendamine ja s\u00e4ilen\u00f5tkuse m\u00e4rkamine\u201d.<\/a>\n<\/p>\n<p>\n\tUibu, M. (2020). <a href=\"https:\/\/www.youtube.com\/watch?v=LVabmnnbgUk&amp;ab_channel=IntegratsiooniSihtasutus\">Ettekanne \u201eUustulijate sotsiaalsete kontaktide ja kogukonnatunde toetamine\u201c 2020. aasta l\u00f5imumiskonverentsil <\/a>\u00a0\n<\/p>\n<p>\n\tVihalemm, T. (2020). <a href=\"https:\/\/www.youtube.com\/watch?v=cbNTEjA8ox8&amp;ab_channel=IntegratsiooniSihtasutus\">Ettekanne \u201eKas v\u00e4lismaa meedia j\u00e4lgimine takistab kohalikku l\u00f5imumist?\u201c 2020. aasta l\u00f5imumiskonverentsil<\/a>\n<\/p>\n<p>\n\tT\u00f6\u00f6pakett 5 koolide seminari materjalid. <a href=\"https:\/\/sisu.ut.ee\/wp-content\/uploads\/sites\/265\/rita_projekti_loimumisseminar_koolidega_-_tu_30.03.2019.pdf\">https:\/\/sisu.ut.ee\/wp-content\/uploads\/sites\/265\/rita_projekti_loimumisseminar_koolidega_-_tu_30.03.2019.pdf<\/a>\n<\/p>\n<\/div>\n<\/div>\n","protected":false},"excerpt":{"rendered":"<p>Materjalid Kogukondade ja l\u00f5imumise, online-kogukondade ja hargmaisuse anal\u00fc\u00fcsid Kogukonnas l\u00f5imumise toetamise olemasolevad n\u00e4ited ja v\u00f5imalused Radikaliseerumise ja konflikti \u00fclevaated, materjalid Ettekanded, loengud, artiklid meedias \u00a0 Kogukondade ja l\u00f5imumise, online-kogukondade ja hargmaisuse anal\u00fc\u00fcsid Roots, A, Kaldur, K. (2020) Uussisser\u00e4ndajate l\u00f5imumise m\u00f5\u00f5tmine &#8230;<\/p>\n","protected":false},"author":138,"featured_media":0,"parent":0,"menu_order":0,"comment_status":"closed","ping_status":"closed","template":"","meta":{"_acf_changed":false,"inline_featured_image":false,"footnotes":""},"class_list":["post-65","page","type-page","status-publish","hentry"],"acf":[],"_links":{"self":[{"href":"https:\/\/sisu.ut.ee\/ranne\/wp-json\/wp\/v2\/pages\/65","targetHints":{"allow":["GET"]}}],"collection":[{"href":"https:\/\/sisu.ut.ee\/ranne\/wp-json\/wp\/v2\/pages"}],"about":[{"href":"https:\/\/sisu.ut.ee\/ranne\/wp-json\/wp\/v2\/types\/page"}],"author":[{"embeddable":true,"href":"https:\/\/sisu.ut.ee\/ranne\/wp-json\/wp\/v2\/users\/138"}],"replies":[{"embeddable":true,"href":"https:\/\/sisu.ut.ee\/ranne\/wp-json\/wp\/v2\/comments?post=65"}],"version-history":[{"count":3,"href":"https:\/\/sisu.ut.ee\/ranne\/wp-json\/wp\/v2\/pages\/65\/revisions"}],"predecessor-version":[{"id":501,"href":"https:\/\/sisu.ut.ee\/ranne\/wp-json\/wp\/v2\/pages\/65\/revisions\/501"}],"wp:attachment":[{"href":"https:\/\/sisu.ut.ee\/ranne\/wp-json\/wp\/v2\/media?parent=65"}],"curies":[{"name":"wp","href":"https:\/\/api.w.org\/{rel}","templated":true}]}}