{"id":62,"date":"2024-04-04T03:59:26","date_gmt":"2024-04-04T00:59:26","guid":{"rendered":"https:\/\/sisu.ut.ee\/ranne\/meeskond\/"},"modified":"2024-04-04T04:00:19","modified_gmt":"2024-04-04T01:00:19","slug":"meeskond","status":"publish","type":"page","link":"https:\/\/sisu.ut.ee\/ranne\/meeskond\/","title":{"rendered":"1. RITA-R\u00e4nne projekti juhtimine:"},"content":{"rendered":"<table class=\"table table-hover\" style=\"width: 548px;height: 400px\" border=\"0\">\n<tbody>\n<tr>\n<td><img loading=\"lazy\" decoding=\"async\" style=\"float: left\" src=\"\/wp-content\/uploads\/sites\/265\/small_tiit_tammaru_0.jpg\" width=\"90\" height=\"90\"><\/td>\n<td>\n<p>Tiit Tammaru, projektijuht<\/p>\n<p>Tartu \u00dclikooli rahvastiku- ja linnageograafia professor<\/p>\n<p>tiit.tammaru@ut.ee<\/p>\n<\/td>\n<\/tr>\n<tr>\n<td><img loading=\"lazy\" decoding=\"async\" style=\"float: left\" src=\"\/wp-content\/uploads\/sites\/265\/small_raul_eamets.jpg\" width=\"90\" height=\"90\"><\/td>\n<td>\n<p>Raul Eamets, projektijuht<\/p>\n<p>Tartu \u00dclikooli makro\u00f6konoomika professor<\/p>\n<p>raul.eamets@ut.ee<\/p>\n<\/td>\n<\/tr>\n<tr>\n<td><img loading=\"lazy\" decoding=\"async\" style=\"float: left\" src=\"\/wp-content\/uploads\/sites\/265\/small_annika_vaiko_0.jpg\" width=\"90\" height=\"90\"><\/td>\n<td>\n<p>Annika V\u00e4iko, assistent<\/p>\n<p>Tartu \u00dclikooli inimgeograafia tehnik<\/p>\n<p>annika.vaiko@ut.ee<\/p>\n<\/td>\n<\/tr>\n<tr>\n<td><\/td>\n<td><\/td>\n<\/tr>\n<tr>\n<td><\/td>\n<td><\/td>\n<\/tr>\n<tr>\n<td><\/td>\n<td><\/td>\n<\/tr>\n<\/tbody>\n<\/table>\n\n\n","protected":false},"excerpt":{"rendered":"<p>Tiit Tammaru, projektijuht Tartu \u00dclikooli rahvastiku- ja linnageograafia professor tiit.tammaru@ut.ee Raul Eamets, projektijuht Tartu \u00dclikooli makro\u00f6konoomika professor raul.eamets@ut.ee Annika V\u00e4iko, assistent Tartu \u00dclikooli inimgeograafia tehnik annika.vaiko@ut.ee<\/p>\n","protected":false},"author":138,"featured_media":0,"parent":0,"menu_order":0,"comment_status":"closed","ping_status":"closed","template":"","meta":{"_acf_changed":false,"inline_featured_image":false,"footnotes":""},"class_list":["post-62","page","type-page","status-publish","hentry"],"acf":[],"_links":{"self":[{"href":"https:\/\/sisu.ut.ee\/ranne\/wp-json\/wp\/v2\/pages\/62","targetHints":{"allow":["GET"]}}],"collection":[{"href":"https:\/\/sisu.ut.ee\/ranne\/wp-json\/wp\/v2\/pages"}],"about":[{"href":"https:\/\/sisu.ut.ee\/ranne\/wp-json\/wp\/v2\/types\/page"}],"author":[{"embeddable":true,"href":"https:\/\/sisu.ut.ee\/ranne\/wp-json\/wp\/v2\/users\/138"}],"replies":[{"embeddable":true,"href":"https:\/\/sisu.ut.ee\/ranne\/wp-json\/wp\/v2\/comments?post=62"}],"version-history":[{"count":1,"href":"https:\/\/sisu.ut.ee\/ranne\/wp-json\/wp\/v2\/pages\/62\/revisions"}],"predecessor-version":[{"id":419,"href":"https:\/\/sisu.ut.ee\/ranne\/wp-json\/wp\/v2\/pages\/62\/revisions\/419"}],"wp:attachment":[{"href":"https:\/\/sisu.ut.ee\/ranne\/wp-json\/wp\/v2\/media?parent=62"}],"curies":[{"name":"wp","href":"https:\/\/api.w.org\/{rel}","templated":true}]}}