{"id":57,"date":"2024-04-04T03:59:26","date_gmt":"2024-04-04T00:59:26","guid":{"rendered":"https:\/\/sisu.ut.ee\/ranne\/ressursside-kogum\/"},"modified":"2024-04-18T14:47:58","modified_gmt":"2024-04-18T11:47:58","slug":"ressursside-kogum","status":"publish","type":"page","link":"https:\/\/sisu.ut.ee\/ranne\/ressursside-kogum\/","title":{"rendered":"TP 5 Ressursside kogum"},"content":{"rendered":"<nav class=\"is-responsive wp-block-navigation is-layout-flex wp-block-navigation-is-layout-flex\" aria-label=\"ressursside_kogum\" data-wp-interactive=\"core\/navigation\" data-wp-context='{\"overlayOpenedBy\":{\"click\":false,\"hover\":false,\"focus\":false},\"type\":\"overlay\",\"roleAttribute\":\"\",\"ariaLabel\":\"Men\\u00fc\\u00fc\"}'><button aria-haspopup=\"dialog\" aria-label=\"Ava men\u00fc\u00fc\" class=\"wp-block-navigation__responsive-container-open\" data-wp-on--click=\"actions.openMenuOnClick\" data-wp-on--keydown=\"actions.handleMenuKeydown\"><svg width=\"24\" height=\"24\" xmlns=\"http:\/\/www.w3.org\/2000\/svg\" viewbox=\"0 0 24 24\" aria-hidden=\"true\" focusable=\"false\"><path d=\"M4 7.5h16v1.5H4z\"><\/path><path d=\"M4 15h16v1.5H4z\"><\/path><\/svg><\/button>\n\t\t\t\t<div class=\"wp-block-navigation__responsive-container\" id=\"modal-1\" data-wp-class--has-modal-open=\"state.isMenuOpen\" data-wp-class--is-menu-open=\"state.isMenuOpen\" data-wp-watch=\"callbacks.initMenu\" data-wp-on--keydown=\"actions.handleMenuKeydown\" data-wp-on--focusout=\"actions.handleMenuFocusout\" tabindex=\"-1\">\n\t\t\t\t\t<div class=\"wp-block-navigation__responsive-close\" tabindex=\"-1\">\n\t\t\t\t\t\t<div class=\"wp-block-navigation__responsive-dialog\" data-wp-bind--aria-modal=\"state.ariaModal\" data-wp-bind--aria-label=\"state.ariaLabel\" data-wp-bind--role=\"state.roleAttribute\">\n\t\t\t\t\t\t\t<button aria-label=\"Sulge men\u00fc\u00fc\" class=\"wp-block-navigation__responsive-container-close\" data-wp-on--click=\"actions.closeMenuOnClick\"><svg xmlns=\"http:\/\/www.w3.org\/2000\/svg\" viewbox=\"0 0 24 24\" width=\"24\" height=\"24\" aria-hidden=\"true\" focusable=\"false\"><path d=\"m13.06 12 6.47-6.47-1.06-1.06L12 10.94 5.53 4.47 4.47 5.53 10.94 12l-6.47 6.47 1.06 1.06L12 13.06l6.47 6.47 1.06-1.06L13.06 12Z\"><\/path><\/svg><\/button>\n\t\t\t\t\t\t\t<div class=\"wp-block-navigation__responsive-container-content\" data-wp-watch=\"callbacks.focusFirstElement\" id=\"modal-1-content\">\n\t\t\t\t\t\t\t\t<ul class=\"wp-block-navigation__container is-responsive wp-block-navigation\"><li class=\" wp-block-navigation-item wp-block-navigation-link\"><a class=\"wp-block-navigation-item__content\" href=\"https:\/\/sisu.ut.ee\/ranne\/ressursside-kogum\"><span class=\"wp-block-navigation-item__label\">Sissejuhatus<\/span><\/a><\/li><li class=\" wp-block-navigation-item wp-block-navigation-link\"><a class=\"wp-block-navigation-item__content\" href=\"https:\/\/sisu.ut.ee\/ranne\/riik\/\"><span class=\"wp-block-navigation-item__label\">RIIK<\/span><\/a><\/li><li class=\" wp-block-navigation-item wp-block-navigation-link\"><a class=\"wp-block-navigation-item__content\" href=\"https:\/\/sisu.ut.ee\/ranne\/kov\/\"><span class=\"wp-block-navigation-item__label\">KOV<\/span><\/a><\/li><li class=\" wp-block-navigation-item wp-block-navigation-link\"><a class=\"wp-block-navigation-item__content\" href=\"https:\/\/sisu.ut.ee\/ranne\/kool\/\"><span class=\"wp-block-navigation-item__label\">KOOL<\/span><\/a><\/li><li class=\" wp-block-navigation-item wp-block-navigation-link\"><a class=\"wp-block-navigation-item__content\" href=\"https:\/\/sisu.ut.ee\/ranne\/materjalid\/\"><span class=\"wp-block-navigation-item__label\">Materjalid<\/span><\/a><\/li><\/ul>\n\t\t\t\t\t\t\t<\/div>\n\t\t\t\t\t\t<\/div>\n\t\t\t\t\t<\/div>\n\t\t\t\t<\/div><\/nav>\n\n<p>\n\tRessursside kogum sisaldab uuringute p\u00f5hij\u00e4reldusi ning soovitusi kogukonnatasandi v\u00f5imestamiseks ja eri l\u00f5imumismustrite toetamisv\u00f5imaluste leidmiseks, samuti ka probleemsete sotsiaalsete kontaktide ehk konfliktiohu ja radikaliseerumise m\u00e4rkamiseks ning nendele reageerimiseks. Eraldi t\u00e4helepanu on p\u00fchendatud koolile ja koolikogukonnale.<\/p>\n<p>Soovitused p\u00f5hinevad erinevatel originaaluuringutel, olemasolevate andmete teisesel anal\u00fc\u00fcsil, kirjandus\u00fclevaadetel (vt detailsemat \u00fclevaadet projekti tegevustest).\n<\/p>\n<hr>\n<p>\n\t<strong>T\u00f6\u00f6paketi p\u00f5hitulemused ja soovitused ning tegevuste raport:<\/strong><\/p>\n<p><a data-url=\"https:\/\/sisu.ut.ee\/wp-content\/uploads\/sites\/265\/tp5_riik_kov.pdf\" href=\"https:\/\/sisu.ut.ee\/wp-content\/uploads\/sites\/265\/tp5_riik_kov.pdf\" target=\"_blank\" title=\"\" rel=\"noopener\">Soovitused ja p\u00f5hij\u00e4reldused riigi ja KOVi tasandil<\/a><br><a data-url=\"https:\/\/sisu.ut.ee\/wp-content\/uploads\/sites\/265\/tp5_kool.pdf\" href=\"https:\/\/sisu.ut.ee\/wp-content\/uploads\/sites\/265\/tp5_kool.pdf\" target=\"_blank\" title=\"\" rel=\"noopener\">Soovitused koolidele<\/a><br><a data-url=\"https:\/\/sisu.ut.ee\/wp-content\/uploads\/sites\/265\/tp5_tegevuste_ja_tulemuste_ulevaade_tabelina.pdf\" href=\"https:\/\/sisu.ut.ee\/wp-content\/uploads\/sites\/265\/tp5_tegevuste_ja_tulemuste_ulevaade_tabelina.pdf\" target=\"_blank\" title=\"\" rel=\"noopener\">T\u00f6\u00f6paketi tegevuste \u00fclevaade <\/a>\n<\/p>\n<hr>\n<p>\n\t<br><em>RITA-r\u00e4nne projekti t\u00f6\u00f6paketi 5 ehk kogukondade l\u00f5imimise ja sotsiaalsete kontaktide t\u00f6\u00f6r\u00fchma on panustanud erinevad teadlased peamiselt Tartu \u00dclikooli \u00fchiskonnateaduste instituudist, aga ka praktikud v\u00e4ljastpoolt \u00fclikooli. Soovituste autorid on Mare Ainsaar, Helina Maasing, Oliver Nahkur, Dagmar Narusson, Ave Roots, Sander Salvet, Marko Uibu, Triin Vihalemm (t\u00e4hestikulises j\u00e4rjekorras). Uuringutesse ja alusanal\u00fc\u00fcsidesse panustasid lisaks veel Mai Beilmann, Kelli Ilisson, J\u0101nis Juzefovi\u010ds, Merle Linno, Marion Tamberg, Laura Tiitus.\u00a0<\/em>\n<\/p>","protected":false},"excerpt":{"rendered":"<p>Ressursside kogum sisaldab uuringute p\u00f5hij\u00e4reldusi ning soovitusi kogukonnatasandi v\u00f5imestamiseks ja eri l\u00f5imumismustrite toetamisv\u00f5imaluste leidmiseks, samuti ka probleemsete sotsiaalsete kontaktide ehk konfliktiohu ja radikaliseerumise m\u00e4rkamiseks ning nendele reageerimiseks. Eraldi t\u00e4helepanu on p\u00fchendatud koolile ja koolikogukonnale. Soovitused p\u00f5hinevad erinevatel originaaluuringutel, olemasolevate andmete &#8230;<\/p>\n","protected":false},"author":138,"featured_media":0,"parent":0,"menu_order":0,"comment_status":"closed","ping_status":"closed","template":"","meta":{"_acf_changed":false,"inline_featured_image":false,"footnotes":""},"class_list":["post-57","page","type-page","status-publish","hentry"],"acf":[],"_links":{"self":[{"href":"https:\/\/sisu.ut.ee\/ranne\/wp-json\/wp\/v2\/pages\/57","targetHints":{"allow":["GET"]}}],"collection":[{"href":"https:\/\/sisu.ut.ee\/ranne\/wp-json\/wp\/v2\/pages"}],"about":[{"href":"https:\/\/sisu.ut.ee\/ranne\/wp-json\/wp\/v2\/types\/page"}],"author":[{"embeddable":true,"href":"https:\/\/sisu.ut.ee\/ranne\/wp-json\/wp\/v2\/users\/138"}],"replies":[{"embeddable":true,"href":"https:\/\/sisu.ut.ee\/ranne\/wp-json\/wp\/v2\/comments?post=57"}],"version-history":[{"count":2,"href":"https:\/\/sisu.ut.ee\/ranne\/wp-json\/wp\/v2\/pages\/57\/revisions"}],"predecessor-version":[{"id":484,"href":"https:\/\/sisu.ut.ee\/ranne\/wp-json\/wp\/v2\/pages\/57\/revisions\/484"}],"wp:attachment":[{"href":"https:\/\/sisu.ut.ee\/ranne\/wp-json\/wp\/v2\/media?parent=57"}],"curies":[{"name":"wp","href":"https:\/\/api.w.org\/{rel}","templated":true}]}}