{"id":53,"date":"2024-04-04T03:59:25","date_gmt":"2024-04-04T00:59:25","guid":{"rendered":"https:\/\/sisu.ut.ee\/ranne\/ettekanded\/"},"modified":"2024-04-04T04:00:19","modified_gmt":"2024-04-04T01:00:19","slug":"ettekanded","status":"publish","type":"page","link":"https:\/\/sisu.ut.ee\/ranne\/ettekanded\/","title":{"rendered":"Ettekanded"},"content":{"rendered":"<hr>\n<p>\n\tRITA projekti l\u00f5imumisseminaride materjalid:\n<\/p>\n<ul>\n<li>\n\t\t<a data-url=\"https:\/\/sisu.ut.ee\/wp-content\/uploads\/sites\/265\/rita_projekti_loimumisseminar_koolidega_-_narva_07.05.2019.pdf\" href=\"https:\/\/sisu.ut.ee\/wp-content\/uploads\/sites\/265\/rita_projekti_loimumisseminar_koolidega_-_narva_07.05.2019.pdf\" target=\"_blank\" title=\"\" rel=\"noopener\">Seminar Narva P\u00e4hklim\u00e4e G\u00fcmnaasiumis 07.05.2019<\/a>\n\t<\/li>\n<li>\n\t\t<a data-url=\"https:\/\/sisu.ut.ee\/wp-content\/uploads\/sites\/265\/rita_projekti_loimumisseminar_koolidega_-_tu_30.03.2019.pdf\" href=\"https:\/\/sisu.ut.ee\/wp-content\/uploads\/sites\/265\/rita_projekti_loimumisseminar_koolidega_-_tu_30.03.2019.pdf\" target=\"_blank\" title=\"\" rel=\"noopener\">Seminar Tartu \u00dclikoolis 30.04.2019<\/a>\n\t<\/li>\n<li>\n\t\t<a data-url=\"https:\/\/sisu.ut.ee\/wp-content\/uploads\/sites\/265\/rita_projekti_loimumisseminar_koolidega_-_tlu_28.03.2019.pdf\" href=\"https:\/\/sisu.ut.ee\/wp-content\/uploads\/sites\/265\/rita_projekti_loimumisseminar_koolidega_-_tlu_28.03.2019.pdf\" target=\"_blank\" title=\"\" rel=\"noopener\">Seminar Tallinna \u00dclikoolis 28.03.2019<\/a>\n\t<\/li>\n<\/ul>\n<hr>\n<p>\n\t<a data-url=\"https:\/\/www.norden.ee\/et\/regionaalne-koostoo\/rahvastiku-areng\/raendekonverents-2019\" href=\"https:\/\/www.norden.ee\/et\/regionaalne-koostoo\/rahvastiku-areng\/raendekonverents-2019\" target=\"_blank\" title=\"\" rel=\"noopener\">P\u00f5hja- ja Baltimaade r\u00e4ndekonverents 2019: haridus ja l\u00f5imumine. 29.03.2019:<\/a>\n<\/p>\n<ul>\n<li>\n\t\tL. Kirss ja M. Pedaste ettekanne <a data-url=\"https:\/\/sisu.ut.ee\/wp-content\/uploads\/sites\/265\/norden_presentation_kirss_pedaste_03_2019.pdf\" href=\"https:\/\/sisu.ut.ee\/wp-content\/uploads\/sites\/265\/norden_presentation_kirss_pedaste_03_2019.pdf\" target=\"_blank\" title=\"\" rel=\"noopener\">\u201cIntegrated Estonian School and the Related Expectations for Teacher Education\u201d<\/a>\n\t<\/li>\n<\/ul>\n<hr>\n<p>\n\t<a href=\"https:\/\/www.norden.ee\/et\/regionaalne-koostoo\/rahvastiku-areng\/raendekonverents-2018\/paevakava\" target=\"_blank\" rel=\"noopener\">P\u00f5hja- ja Baltimaade r\u00e4ndekonverents 2018: muutused r\u00e4ndepoliitikas ja sisser\u00e4ndajate l\u00f5imumine t\u00f6\u00f6turule. 21.03.2018:<\/a>\n<\/p>\n<ul>\n<li>\n\t\tR. Eametsa planaarettekanne \u201cTark migratsioonipoliitika\u201d\n\t<\/li>\n<\/ul>\n<ul>\n<li>\n\t\tM. Ehala ettekanne <a href=\"https:\/\/youtu.be\/qjuixoVSAQs\" target=\"_blank\" rel=\"noopener\">\u201cMitmekultuurilisuse haldamine r\u00e4ndeajastu<\/a>\n\t<\/li>\n<\/ul>\n<hr>\n","protected":false},"excerpt":{"rendered":"<p>RITA projekti l\u00f5imumisseminaride materjalid: Seminar Narva P\u00e4hklim\u00e4e G\u00fcmnaasiumis 07.05.2019 Seminar Tartu \u00dclikoolis 30.04.2019 Seminar Tallinna \u00dclikoolis 28.03.2019 P\u00f5hja- ja Baltimaade r\u00e4ndekonverents 2019: haridus ja l\u00f5imumine. 29.03.2019: L. Kirss ja M. Pedaste ettekanne \u201cIntegrated Estonian School and the Related Expectations for &#8230;<\/p>\n","protected":false},"author":138,"featured_media":0,"parent":0,"menu_order":0,"comment_status":"closed","ping_status":"closed","template":"","meta":{"_acf_changed":false,"inline_featured_image":false,"footnotes":""},"class_list":["post-53","page","type-page","status-publish","hentry"],"acf":[],"_links":{"self":[{"href":"https:\/\/sisu.ut.ee\/ranne\/wp-json\/wp\/v2\/pages\/53","targetHints":{"allow":["GET"]}}],"collection":[{"href":"https:\/\/sisu.ut.ee\/ranne\/wp-json\/wp\/v2\/pages"}],"about":[{"href":"https:\/\/sisu.ut.ee\/ranne\/wp-json\/wp\/v2\/types\/page"}],"author":[{"embeddable":true,"href":"https:\/\/sisu.ut.ee\/ranne\/wp-json\/wp\/v2\/users\/138"}],"replies":[{"embeddable":true,"href":"https:\/\/sisu.ut.ee\/ranne\/wp-json\/wp\/v2\/comments?post=53"}],"version-history":[{"count":1,"href":"https:\/\/sisu.ut.ee\/ranne\/wp-json\/wp\/v2\/pages\/53\/revisions"}],"predecessor-version":[{"id":424,"href":"https:\/\/sisu.ut.ee\/ranne\/wp-json\/wp\/v2\/pages\/53\/revisions\/424"}],"wp:attachment":[{"href":"https:\/\/sisu.ut.ee\/ranne\/wp-json\/wp\/v2\/media?parent=53"}],"curies":[{"name":"wp","href":"https:\/\/api.w.org\/{rel}","templated":true}]}}