{"id":50,"date":"2024-04-04T03:59:25","date_gmt":"2024-04-04T00:59:25","guid":{"rendered":"https:\/\/sisu.ut.ee\/ranne\/projekti-teemakokkuvotted\/"},"modified":"2024-04-04T04:00:19","modified_gmt":"2024-04-04T01:00:19","slug":"projekti-teemakokkuvotted","status":"publish","type":"page","link":"https:\/\/sisu.ut.ee\/ranne\/projekti-teemakokkuvotted\/","title":{"rendered":"Projekti teemakokkuv\u00f5tted"},"content":{"rendered":"<blockquote>\n<p>\n\t\t2020\n\t<\/p>\n<\/blockquote>\n<p>\n\t<a data-url=\"https:\/\/sisu.ut.ee\/wp-content\/uploads\/sites\/265\/rita_koolimudelid_2.pdf\" href=\"https:\/\/sisu.ut.ee\/wp-content\/uploads\/sites\/265\/rita_koolimudelid_2.pdf\" target=\"_blank\" title=\"\" rel=\"noopener\">\u201c\u00dchtse Eesti kooli mudeli v\u00e4ljaarendamine Eestis\u201d 12.2020 RITA-r\u00e4nne projekti teemakokkuv\u00f5te<\/a>\n<\/p>\n<hr>\n<p>\n\t<a data-url=\"https:\/\/sisu.ut.ee\/wp-content\/uploads\/sites\/265\/teemakokkuvote_randearvuti.pdf\" href=\"https:\/\/sisu.ut.ee\/wp-content\/uploads\/sites\/265\/teemakokkuvote_randearvuti.pdf\" target=\"_blank\" title=\"\" rel=\"noopener\">\u201cR\u00e4ndearvuti\u201d 05.2020 RITA-r\u00e4nne projekti teemakokkuv\u00f5te nr 12<\/a>\n<\/p>\n<hr>\n<blockquote>\n<p>\n\t\t2019\n\t<\/p>\n<\/blockquote>\n<p>\n\t<a data-url=\"https:\/\/sisu.ut.ee\/wp-content\/uploads\/sites\/265\/visioonidokument.pdf\" href=\"https:\/\/sisu.ut.ee\/wp-content\/uploads\/sites\/265\/visioonidokument.pdf\" target=\"_blank\" title=\"\" rel=\"noopener\">R\u00e4nde-ja l\u00f5imumiskava 2035 \u2013 visioonidokument 14.10.2019<\/a>\n<\/p>\n<hr>\n<p>\n\t<a href=\"https:\/\/sisu.ut.ee\/wp-content\/uploads\/sites\/265\/4_toorannet_reguleerivad_randepoliitikad.pdf\" target=\"_blank\" rel=\"noopener\">\u201cT\u00f6\u00f6r\u00e4nnet reguleerivad r\u00e4ndepoliitikad\u201d 02.2019 RITA-r\u00e4nne projekti teemakokkuv\u00f5te nr 4<\/a>\n<\/p>\n<hr>\n<p>\n\t<a data-url=\"https:\/\/sisu.ut.ee\/wp-content\/uploads\/sites\/265\/rita_teemakokkuvote_uhtnekool_28_03_2019.pdf\" href=\"https:\/\/sisu.ut.ee\/wp-content\/uploads\/sites\/265\/rita_teemakokkuvote_uhtnekool_28_03_2019.pdf\" target=\"_blank\" title=\"\" rel=\"noopener\">\u201c\u00dchtne Eesti kool \u2013 visioon tuleviku Eesti koolist\u201d 02.2019 RITA-r\u00e4nne projekti teemakokkuv\u00f5te nr 5<\/a>\n<\/p>\n<hr>\n<p>\n\t<a href=\"https:\/\/sisu.ut.ee\/wp-content\/uploads\/sites\/265\/6_tp4_teemakokkuvote_6_mitmekultuurilisus_teoreetiline_raamistik_r.raud_.pdf\" target=\"_blank\" rel=\"noopener\">\u201cMitmekultuurilisus: teoreetiline raamistik\u201d 02.2019 RITA-r\u00e4nne projekti teemakokkuv\u00f5te nr 6<\/a>\n<\/p>\n<hr>\n<p>\n\t<a href=\"https:\/\/sisu.ut.ee\/wp-content\/uploads\/sites\/265\/7_mitmikidentiteedi_ja_uhtekuuluvuse_voimalused_ja_valjakutsed_eestis_raport_m.ehala_.pdf\" target=\"_blank\" rel=\"noopener\">\u201cMitmikidentiteedi ja \u00fchtekuuluvuse v\u00f5imalused ja v\u00e4ljakutsed Eestis\u201d 02.2019 RITA-r\u00e4nne projekti teemakokkuv\u00f5te nr 7<\/a>\n<\/p>\n<hr>\n<p>\n\t<a data-url=\"https:\/\/sisu.ut.ee\/wp-content\/uploads\/sites\/265\/rita_teemakokkuvote_8.pdf\" href=\"https:\/\/sisu.ut.ee\/wp-content\/uploads\/sites\/265\/rita_teemakokkuvote_8.pdf\" target=\"_blank\" title=\"\" rel=\"noopener\">\u201cSoome l\u00f5imumispoliitika l\u00e4htekohad ja praktikad\u201d 12.2019 RITA-r\u00e4nne projekti teemakokkuv\u00f5te nr 8<\/a>\n<\/p>\n<hr>\n<p>\n\t<a data-url=\"https:\/\/sisu.ut.ee\/wp-content\/uploads\/sites\/265\/eestlased_soomes_teemakokkuvote.pdf\" href=\"https:\/\/sisu.ut.ee\/wp-content\/uploads\/sites\/265\/eestlased_soomes_teemakokkuvote.pdf\" target=\"_blank\" title=\"\" rel=\"noopener\">\u201cEestlased Soomes \u2013 l\u00f5imumine, sidemed kodumaaga ja hargmaisuse mustrid\u201d \u2013 12.2019 RITA-r\u00e4nne projekti teemakokkuv\u00f5te nr 9<\/a>\n<\/p>\n<hr>\n<p>\n\t<a data-url=\"https:\/\/sisu.ut.ee\/wp-content\/uploads\/sites\/265\/sisserandajad_eesti_tooturul_-_teemakokkuvote.pdf\" href=\"https:\/\/sisu.ut.ee\/wp-content\/uploads\/sites\/265\/sisserandajad_eesti_tooturul_-_teemakokkuvote.pdf\" target=\"_blank\" title=\"\" rel=\"noopener\">\u201cP\u00e4rast 2000. aastat saabunud sisser\u00e4ndajad Eesti t\u00f6\u00f6turul\u201d \u2013 12.2019 RITA-r\u00e4nne projekti teemakokkuv\u00f5te nr 10<\/a>\n<\/p>\n<hr>\n<p>\n\t<a data-url=\"https:\/\/sisu.ut.ee\/wp-content\/uploads\/sites\/265\/mitmekeelse_hariduse_toimimimine_ja_edukus_10.pdf\" href=\"https:\/\/sisu.ut.ee\/wp-content\/uploads\/sites\/265\/mitmekeelse_hariduse_toimimimine_ja_edukus_10.pdf\" target=\"_blank\" title=\"\" rel=\"noopener\">\u201cMissugused tegurid m\u00f5jutavad mitmekeelse hariduse toimimist ning seostuvad edukusega?\u201d \u2013\u00a012.2019 RITA-r\u00e4nne projekti teemakokkuv\u00f5te nr 11<\/a>\n<\/p>\n<hr>\n<blockquote>\n<p>\n\t\t2018\n\t<\/p>\n<\/blockquote>\n<p>\n\t<a href=\"https:\/\/sisu.ut.ee\/wp-content\/uploads\/sites\/265\/luhikokkuvote_1_toojou_pakkumine_sisseanne_ja_hoive_4_02.07.2018.pdf\" target=\"_blank\" rel=\"noopener\">\u201cEesti t\u00f6\u00f6j\u00f5u prognoos: sisser\u00e4nne vs h\u00f5ivemuutus\u201d 05.2018 RITA-r\u00e4nne projekti teemakokkuv\u00f5te nr 1<\/a>\n<\/p>\n<hr>\n<p>\n\t<a href=\"https:\/\/sisu.ut.ee\/wp-content\/uploads\/sites\/265\/teemakokkuvote_2_mitmekultuuriline_uhiskond_loplik_.pdf\" target=\"_blank\" rel=\"noopener\">\u201cMitmekultuurilise \u00fchiskonna ja l\u00f5imumise kontseptuaalsed alused\u201d 06.2018 RITA-r\u00e4nne projekti teemakokkuv\u00f5te nr 2<\/a>\n<\/p>\n<hr>\n<p>\n\t<a data-url=\"https:\/\/sisu.ut.ee\/wp-content\/uploads\/sites\/265\/rita-ranne_3_teemakokkuvote.pdf\" href=\"https:\/\/sisu.ut.ee\/wp-content\/uploads\/sites\/265\/rita-ranne_3_teemakokkuvote.pdf\" target=\"_blank\" title=\"\" rel=\"noopener\">\u201cEesti-Soome r\u00e4nne\u201d 09.2018 RITA-r\u00e4nne projekti teemakokkuv\u00f5te nr 3<\/a>\n<\/p>\n<hr>\n<p>\n\t<a href=\"https:\/\/sisu.ut.ee\/wp-content\/uploads\/sites\/265\/tp6_taiskasvanud_uussisserannanute_eesti_keele_oppe_korraldus.pdf\" target=\"_blank\" rel=\"noopener\">\u201cT\u00e4iskasvanud uussisser\u00e4ndajate eestikeele \u00f5ppe korraldusest\u201d 12.2018 RITA-r\u00e4nne projekti kirjanduse \u00fclevaade<\/a>\n<\/p>\n<hr>\n","protected":false},"excerpt":{"rendered":"<p>2020 \u201c\u00dchtse Eesti kooli mudeli v\u00e4ljaarendamine Eestis\u201d 12.2020 RITA-r\u00e4nne projekti teemakokkuv\u00f5te \u201cR\u00e4ndearvuti\u201d 05.2020 RITA-r\u00e4nne projekti teemakokkuv\u00f5te nr 12 2019 R\u00e4nde-ja l\u00f5imumiskava 2035 \u2013 visioonidokument 14.10.2019 \u201cT\u00f6\u00f6r\u00e4nnet reguleerivad r\u00e4ndepoliitikad\u201d 02.2019 RITA-r\u00e4nne projekti teemakokkuv\u00f5te nr 4 \u201c\u00dchtne Eesti kool \u2013 visioon tuleviku &#8230;<\/p>\n","protected":false},"author":138,"featured_media":0,"parent":0,"menu_order":0,"comment_status":"closed","ping_status":"closed","template":"","meta":{"_acf_changed":false,"inline_featured_image":false,"footnotes":""},"class_list":["post-50","page","type-page","status-publish","hentry"],"acf":[],"_links":{"self":[{"href":"https:\/\/sisu.ut.ee\/ranne\/wp-json\/wp\/v2\/pages\/50","targetHints":{"allow":["GET"]}}],"collection":[{"href":"https:\/\/sisu.ut.ee\/ranne\/wp-json\/wp\/v2\/pages"}],"about":[{"href":"https:\/\/sisu.ut.ee\/ranne\/wp-json\/wp\/v2\/types\/page"}],"author":[{"embeddable":true,"href":"https:\/\/sisu.ut.ee\/ranne\/wp-json\/wp\/v2\/users\/138"}],"replies":[{"embeddable":true,"href":"https:\/\/sisu.ut.ee\/ranne\/wp-json\/wp\/v2\/comments?post=50"}],"version-history":[{"count":1,"href":"https:\/\/sisu.ut.ee\/ranne\/wp-json\/wp\/v2\/pages\/50\/revisions"}],"predecessor-version":[{"id":427,"href":"https:\/\/sisu.ut.ee\/ranne\/wp-json\/wp\/v2\/pages\/50\/revisions\/427"}],"wp:attachment":[{"href":"https:\/\/sisu.ut.ee\/ranne\/wp-json\/wp\/v2\/media?parent=50"}],"curies":[{"name":"wp","href":"https:\/\/api.w.org\/{rel}","templated":true}]}}