{"id":5,"date":"2024-04-04T03:59:22","date_gmt":"2024-04-04T00:59:22","guid":{"rendered":"https:\/\/sisu.ut.ee\/ranne\/kulu-tulu-mudel\/"},"modified":"2024-04-04T04:00:20","modified_gmt":"2024-04-04T01:00:20","slug":"kulu-tulu-mudel","status":"publish","type":"page","link":"https:\/\/sisu.ut.ee\/ranne\/kulu-tulu-mudel\/","title":{"rendered":"3. R\u00e4nde kulu-tulu mudeli t\u00f6\u00f6r\u00fchm:"},"content":{"rendered":"<table class=\"table table-hover\" style=\"height: 300px;width: 900px\" border=\"0\" align=\"left\">\n<tbody>\n<tr>\n<td><img loading=\"lazy\" decoding=\"async\" style=\"float: left\" src=\"\/wp-content\/uploads\/sites\/265\/small_janno-jarve.jpg\" width=\"90\" height=\"90\"><\/td>\n<td>\n<p>Janno J\u00e4rve, Eesti Rakendusuuringute Keskus CentAR O\u00dc, vanemanal\u00fc\u00fctik\u00a0\u00a0\u00a0\u00a0\u00a0\u00a0\u00a0\u00a0\u00a0\u00a0\u00a0\u00a0\u00a0\u00a0\u00a0\u00a0\u00a0\u00a0\u00a0\u00a0\u00a0\u00a0\u00a0\u00a0\u00a0\u00a0\u00a0\u00a0\u00a0\u00a0\u00a0\u00a0<\/p>\n<p>janno.jarve@centar.ee<\/p>\n<\/td>\n<\/tr>\n<tr>\n<td><img loading=\"lazy\" decoding=\"async\" src=\"\/wp-content\/uploads\/sites\/265\/small_sten-anspal.jpg\" width=\"90\" height=\"90\"><\/td>\n<td>\n<p>Sten Anspal, Eesti Rakendusuuringute Keskus CentAR O\u00dc, vanemanal\u00fc\u00fctik<\/p>\n<p>sten.anspal@centar.ee<\/p>\n<\/td>\n<\/tr>\n<tr>\n<td><img loading=\"lazy\" decoding=\"async\" src=\"\/wp-content\/uploads\/sites\/265\/small_epp-kallaste.jpg\" width=\"90\" height=\"90\"><\/td>\n<td>\n<p>Epp Kallaste, Eesti Rakendusuuringute Keskus CentAR O\u00dc, vanemteadur<\/p>\n<p>epp.kallaste@centar.ee<\/p>\n<\/td>\n<\/tr>\n<tr>\n<td><img loading=\"lazy\" decoding=\"async\" src=\"\/wp-content\/uploads\/sites\/265\/small_indrek-seppo.jpg\" width=\"90\" height=\"90\"><\/td>\n<td>\n<p>Indrek Seppo, Eesti Rakendusuuringute Keskus CentAR O\u00dc<\/p>\n<p>indrek.seppo@centar.ee<\/p>\n<\/td>\n<\/tr>\n<tr>\n<td><img loading=\"lazy\" decoding=\"async\" src=\"\/wp-content\/uploads\/sites\/265\/small_marko_somer.jpg\" width=\"90\" height=\"90\"><\/td>\n<td>\n<p>Marko S\u00f5mer, Eesti Rakendusuuringute Keskus CentAR O\u00dc<\/p>\n<p>marko.somer@centar.ee<\/p>\n<\/td>\n<\/tr>\n<tr>\n<td><img loading=\"lazy\" decoding=\"async\" src=\"\/wp-content\/uploads\/sites\/265\/small_kristi_anniste.jpg\" width=\"90\" height=\"90\"><\/td>\n<td>\n<p>Kristi Anniste, Poliitikauuringute Keskus Praxis, t\u00f6\u00f6- ja sotsiaalpoliitika anal\u00fc\u00fctik<\/p>\n<p><a href=\"mailto:kristi.anniste@praxis.ee\">kristi.anniste@praxis.ee<\/a><\/p>\n<\/td>\n<\/tr>\n<tr>\n<td><img loading=\"lazy\" decoding=\"async\" src=\"\/wp-content\/uploads\/sites\/265\/small_magnus-piirits.jpg\" width=\"90\" height=\"90\"><\/td>\n<td>\n<p>Magnus Piirits, Poliitikauuringute Keskus Praxis, t\u00f6\u00f6- ja sotsiaalpoliitika anal\u00fc\u00fctik<\/p>\n<p><a href=\"mailto:kristi.anniste@praxis.ee\">magnus.piirits@praxis.ee<\/a><\/p>\n<\/td>\n<\/tr>\n<tr>\n<td><img loading=\"lazy\" decoding=\"async\" src=\"\/wp-content\/uploads\/sites\/265\/small_siiri_silm.jpg\" width=\"90\" height=\"90\"><\/td>\n<td>\n<p>Siiri Silm, Tartu \u00dclikooli inimgeograafia teadur<\/p>\n<p>siiri@ut.ee<\/p>\n<\/td>\n<\/tr>\n<tr>\n<td><img loading=\"lazy\" decoding=\"async\" src=\"\/wp-content\/uploads\/sites\/265\/small_jaan_masso.jpg\" width=\"90\" height=\"90\"><\/td>\n<td>\n<p>Jaan Masso, Tartu \u00dclikooli rakendus\u00f6konomeetria vanemteadur<\/p>\n<p>jaan.masso@ut.ee<\/p>\n<\/td>\n<\/tr>\n<\/tbody>\n<\/table>\n","protected":false},"excerpt":{"rendered":"<p>Janno J\u00e4rve, Eesti Rakendusuuringute Keskus CentAR O\u00dc, vanemanal\u00fc\u00fctik\u00a0\u00a0\u00a0\u00a0\u00a0\u00a0\u00a0\u00a0\u00a0\u00a0\u00a0\u00a0\u00a0\u00a0\u00a0\u00a0\u00a0\u00a0\u00a0\u00a0\u00a0\u00a0\u00a0\u00a0\u00a0\u00a0\u00a0\u00a0\u00a0\u00a0\u00a0\u00a0 janno.jarve@centar.ee Sten Anspal, Eesti Rakendusuuringute Keskus CentAR O\u00dc, vanemanal\u00fc\u00fctik sten.anspal@centar.ee Epp Kallaste, Eesti Rakendusuuringute Keskus CentAR O\u00dc, vanemteadur epp.kallaste@centar.ee Indrek Seppo, Eesti Rakendusuuringute Keskus CentAR O\u00dc indrek.seppo@centar.ee Marko S\u00f5mer, Eesti Rakendusuuringute Keskus &#8230;<\/p>\n","protected":false},"author":138,"featured_media":0,"parent":0,"menu_order":0,"comment_status":"closed","ping_status":"closed","template":"","meta":{"_acf_changed":false,"inline_featured_image":false,"footnotes":""},"class_list":["post-5","page","type-page","status-publish","hentry"],"acf":[],"_links":{"self":[{"href":"https:\/\/sisu.ut.ee\/ranne\/wp-json\/wp\/v2\/pages\/5","targetHints":{"allow":["GET"]}}],"collection":[{"href":"https:\/\/sisu.ut.ee\/ranne\/wp-json\/wp\/v2\/pages"}],"about":[{"href":"https:\/\/sisu.ut.ee\/ranne\/wp-json\/wp\/v2\/types\/page"}],"author":[{"embeddable":true,"href":"https:\/\/sisu.ut.ee\/ranne\/wp-json\/wp\/v2\/users\/138"}],"replies":[{"embeddable":true,"href":"https:\/\/sisu.ut.ee\/ranne\/wp-json\/wp\/v2\/comments?post=5"}],"version-history":[{"count":1,"href":"https:\/\/sisu.ut.ee\/ranne\/wp-json\/wp\/v2\/pages\/5\/revisions"}],"predecessor-version":[{"id":446,"href":"https:\/\/sisu.ut.ee\/ranne\/wp-json\/wp\/v2\/pages\/5\/revisions\/446"}],"wp:attachment":[{"href":"https:\/\/sisu.ut.ee\/ranne\/wp-json\/wp\/v2\/media?parent=5"}],"curies":[{"name":"wp","href":"https:\/\/api.w.org\/{rel}","templated":true}]}}