{"id":48,"date":"2024-04-04T03:59:25","date_gmt":"2024-04-04T00:59:25","guid":{"rendered":"https:\/\/sisu.ut.ee\/ranne\/1-toopakett-1\/"},"modified":"2024-04-04T04:00:19","modified_gmt":"2024-04-04T01:00:19","slug":"1-toopakett-1","status":"publish","type":"page","link":"https:\/\/sisu.ut.ee\/ranne\/1-toopakett-1\/","title":{"rendered":"RITA-r\u00e4nne projekti juhtimine:"},"content":{"rendered":"<p>Projektijuhtidel Tiidul ja Raulil on pikaajaline kogemus suurte projektide ja organisatsioonide juhtimisel. Koos Kristina Kallasega juhiti n\u00e4iteks kaks aastat v\u00e4ldanud ja enam kui 40 teadlast h\u00f5lmanud Eesti inimarengu aruanne 2016\/2017 koostamist.<\/p>\n<p>RITA-r\u00e4nne projekti juhtimise t\u00f6\u00f6r\u00fchmad leiad <span style=\"text-decoration: underline\"><strong><a href=\"https:\/\/sisu.ut.ee\/ranne\/meeskond\" target=\"_blank\" rel=\"noopener\">siit<\/a>.<\/strong><\/span><\/p>\n","protected":false},"excerpt":{"rendered":"<p>Projektijuhtidel Tiidul ja Raulil on pikaajaline kogemus suurte projektide ja organisatsioonide juhtimisel. Koos Kristina Kallasega juhiti n\u00e4iteks kaks aastat v\u00e4ldanud ja enam kui 40 teadlast h\u00f5lmanud Eesti inimarengu aruanne 2016\/2017 koostamist. RITA-r\u00e4nne projekti juhtimise t\u00f6\u00f6r\u00fchmad leiad siit.<\/p>\n","protected":false},"author":138,"featured_media":0,"parent":0,"menu_order":0,"comment_status":"closed","ping_status":"closed","template":"","meta":{"_acf_changed":false,"inline_featured_image":false,"footnotes":""},"class_list":["post-48","page","type-page","status-publish","hentry"],"acf":[],"_links":{"self":[{"href":"https:\/\/sisu.ut.ee\/ranne\/wp-json\/wp\/v2\/pages\/48","targetHints":{"allow":["GET"]}}],"collection":[{"href":"https:\/\/sisu.ut.ee\/ranne\/wp-json\/wp\/v2\/pages"}],"about":[{"href":"https:\/\/sisu.ut.ee\/ranne\/wp-json\/wp\/v2\/types\/page"}],"author":[{"embeddable":true,"href":"https:\/\/sisu.ut.ee\/ranne\/wp-json\/wp\/v2\/users\/138"}],"replies":[{"embeddable":true,"href":"https:\/\/sisu.ut.ee\/ranne\/wp-json\/wp\/v2\/comments?post=48"}],"version-history":[{"count":1,"href":"https:\/\/sisu.ut.ee\/ranne\/wp-json\/wp\/v2\/pages\/48\/revisions"}],"predecessor-version":[{"id":429,"href":"https:\/\/sisu.ut.ee\/ranne\/wp-json\/wp\/v2\/pages\/48\/revisions\/429"}],"wp:attachment":[{"href":"https:\/\/sisu.ut.ee\/ranne\/wp-json\/wp\/v2\/media?parent=48"}],"curies":[{"name":"wp","href":"https:\/\/api.w.org\/{rel}","templated":true}]}}