{"id":44,"date":"2024-04-04T03:59:25","date_gmt":"2024-04-04T00:59:25","guid":{"rendered":"https:\/\/sisu.ut.ee\/ranne\/avaleht\/"},"modified":"2024-04-18T14:28:41","modified_gmt":"2024-04-18T11:28:41","slug":"avaleht","status":"publish","type":"page","link":"https:\/\/sisu.ut.ee\/ranne\/","title":{"rendered":"Avaleht"},"content":{"rendered":"<blockquote>\n<p><strong>RITA-R\u00c4NNE projekt aitab v\u00e4lja t\u00f6\u00f6tada teaduslikult p\u00f5hjendatud innovaatilisi l\u00e4henemisi r\u00e4nde ja l\u00f5imumise protsesside juhtimiseks Eestis, eesm\u00e4rgiga aidata kaasa majanduse arengule ja \u00fchiskonna sidususe suurenemisele<\/strong><\/p>\n<p><span style=\"font-size: medium\"><strong><\/strong><\/span><\/p>\n<\/blockquote>\n\n<div class=\"posts-full-width-block page-section\">\n\t\t\t<h2 class=\"section-title\">Viimased uudised<\/h2>\n\t\t\t\t\t\t\t\t\t\t\t\t\t\t\t<article class=\"post-21 post type-post status-publish format-standard hentry category-news\">\n  <div class=\"article-card-full d-flex flex-column border-bottom px-2 pb-2 mb-2\">\n    <div class=\"article-card__categories d-flex flex-wrap fw-bold\">\n      <a href=\"https:\/\/sisu.ut.ee\/ranne\/category\/news\/\" class=\"\">#Uudised<\/a>\n      <\/div>\n    <div class=\"d-flex flex-column flex-sm-row \">\n      <a href=\"https:\/\/sisu.ut.ee\/ranne\/rita-ranne-projekti-lopparuanne\/\" class=\"article-card-full__img-wrap\">\n                  <img loading=\"lazy\" decoding=\"async\" src=\"https:\/\/sisu.ut.ee\/wp-content\/themes\/tu\/public\/images\/default-placeholder.69fd84.svg\" class=\"img-fluid article-card-full__img\" alt=\"Vaikimisi pilt\" width=\"1000\" height=\"1000\">\n              <\/a>\n      <div class=\"d-flex flex-column w-100 mt-2 mt-sm-0 ms-sm-2\">\n        <h3 class=\"article-card-full__title h5 mb-1\">RITA-R\u00e4nne projekti l\u00f5pparuanne<\/h3>\n\n                  <div class=\"article-card-full__excerpt\">\n            <p>Valminud on RITA-R\u00e4nne projekti l\u00f5pparuanne. Eesti Teadusagentuuri tellitud uuring k\u00e4sitles r\u00e4ndes\u00f5ltuvust ja l\u00f5imumise v\u00e4ljakutseid Eestile riiklikul, kogukondlikul, t\u00f6\u00f6h\u00f5ive ja hariduslikul tasandil.\u00a0 L\u00f5pparuanne on k\u00e4ttesaadav siin.<\/p>\n          <\/div>\n        \n        <a href=\"https:\/\/sisu.ut.ee\/ranne\/rita-ranne-projekti-lopparuanne\/\" class=\"btn btn-secondary btn-sm mt-2 me-auto\">Loe edasi<\/a>\n\n                  <time class=\"post-date d-block mt-auto pt-2 text-end text-xs w-100\" datetime=\"2024-04-04T00:59:23+00:00\">\n            31.05.2021\n          <\/time>\n              <\/div>\n    <\/div>\n  <\/div>\n<\/article>\n\t\t\t\t\t\t\t\t\t\t\t<article class=\"post-34 post type-post status-publish format-standard hentry category-news\">\n  <div class=\"article-card-full d-flex flex-column border-bottom px-2 pb-2 mb-2\">\n    <div class=\"article-card__categories d-flex flex-wrap fw-bold\">\n      <a href=\"https:\/\/sisu.ut.ee\/ranne\/category\/news\/\" class=\"\">#Uudised<\/a>\n      <\/div>\n    <div class=\"d-flex flex-column flex-sm-row \">\n      <a href=\"https:\/\/sisu.ut.ee\/ranne\/konverentsil-esitatud-kusimuste-vastused\/\" class=\"article-card-full__img-wrap\">\n                  <img loading=\"lazy\" decoding=\"async\" src=\"https:\/\/sisu.ut.ee\/wp-content\/themes\/tu\/public\/images\/default-placeholder.69fd84.svg\" class=\"img-fluid article-card-full__img\" alt=\"Vaikimisi pilt\" width=\"1000\" height=\"1000\">\n              <\/a>\n      <div class=\"d-flex flex-column w-100 mt-2 mt-sm-0 ms-sm-2\">\n        <h3 class=\"article-card-full__title h5 mb-1\">Konverentsil esitatud k\u00fcsimuste vastused<\/h3>\n\n                  <div class=\"article-card-full__excerpt\">\n            <p>RITA-R\u00e4nne projekti konverentsil esitatud k\u00fcsimuste vastused: Raul Eamets: Tark t\u00f6\u00f6j\u00f5ud kompenseerib rahvastiku v\u00e4henemise Kuidas te hindasite sisser\u00e4nde vanuskoosseisu? Ilmselt sisser\u00e4nne on l\u00e4hiajal suures osas pensionile j\u00e4\u00e4vate Soome ehitajate tagasir\u00e4nne, kes siia t\u00f6\u00f6turule ei panusta. 2019 a andmetel oli sisser\u00e4ndajatest kuni \u2026<\/p>\n          <\/div>\n        \n        <a href=\"https:\/\/sisu.ut.ee\/ranne\/konverentsil-esitatud-kusimuste-vastused\/\" class=\"btn btn-secondary btn-sm mt-2 me-auto\">Loe edasi<\/a>\n\n                  <time class=\"post-date d-block mt-auto pt-2 text-end text-xs w-100\" datetime=\"2024-04-04T00:59:24+00:00\">\n            04.02.2021\n          <\/time>\n              <\/div>\n    <\/div>\n  <\/div>\n<\/article>\n\t\t\t\t\t\t\t\t\t\t\t<article class=\"post-30 post type-post status-publish format-standard hentry category-news\">\n  <div class=\"article-card-full d-flex flex-column border-bottom px-2 pb-2 mb-2\">\n    <div class=\"article-card__categories d-flex flex-wrap fw-bold\">\n      <a href=\"https:\/\/sisu.ut.ee\/ranne\/category\/news\/\" class=\"\">#Uudised<\/a>\n      <\/div>\n    <div class=\"d-flex flex-column flex-sm-row \">\n      <a href=\"https:\/\/sisu.ut.ee\/ranne\/rita-ranne-projekti-konverentsi-otseulekanne\/\" class=\"article-card-full__img-wrap\">\n                  <img loading=\"lazy\" decoding=\"async\" src=\"https:\/\/sisu.ut.ee\/wp-content\/themes\/tu\/public\/images\/default-placeholder.69fd84.svg\" class=\"img-fluid article-card-full__img\" alt=\"Vaikimisi pilt\" width=\"1000\" height=\"1000\">\n              <\/a>\n      <div class=\"d-flex flex-column w-100 mt-2 mt-sm-0 ms-sm-2\">\n        <h3 class=\"article-card-full__title h5 mb-1\">Konverentsi \u00fclekanne<\/h3>\n\n                  <div class=\"article-card-full__excerpt\">\n            <p>RITA-r\u00e4nne konverentsi \u201cR\u00e4nne kui v\u00f5imalus ja v\u00e4ljakutse Eesti \u00fchiskonnale ja koolile\u201d \u00fclekannet on v\u00f5imalik j\u00e4lgida siin:\u00a0https:\/\/worksup.com\/app\/#\/event\/agenda\/plan<\/p>\n          <\/div>\n        \n        <a href=\"https:\/\/sisu.ut.ee\/ranne\/rita-ranne-projekti-konverentsi-otseulekanne\/\" class=\"btn btn-secondary btn-sm mt-2 me-auto\">Loe edasi<\/a>\n\n                  <time class=\"post-date d-block mt-auto pt-2 text-end text-xs w-100\" datetime=\"2024-04-04T00:59:23+00:00\">\n            14.01.2021\n          <\/time>\n              <\/div>\n    <\/div>\n  <\/div>\n<\/article>\n\t\t\t\t\t\t\t\t\t\t\t<article class=\"post-28 post type-post status-publish format-standard hentry category-news\">\n  <div class=\"article-card-full d-flex flex-column border-bottom px-2 pb-2 mb-2\">\n    <div class=\"article-card__categories d-flex flex-wrap fw-bold\">\n      <a href=\"https:\/\/sisu.ut.ee\/ranne\/category\/news\/\" class=\"\">#Uudised<\/a>\n      <\/div>\n    <div class=\"d-flex flex-column flex-sm-row \">\n      <a href=\"https:\/\/sisu.ut.ee\/ranne\/rita-ranne-projekti-lopukonverents\/\" class=\"article-card-full__img-wrap\">\n                  <img loading=\"lazy\" decoding=\"async\" src=\"https:\/\/sisu.ut.ee\/wp-content\/themes\/tu\/public\/images\/default-placeholder.69fd84.svg\" class=\"img-fluid article-card-full__img\" alt=\"Vaikimisi pilt\" width=\"1000\" height=\"1000\">\n              <\/a>\n      <div class=\"d-flex flex-column w-100 mt-2 mt-sm-0 ms-sm-2\">\n        <h3 class=\"article-card-full__title h5 mb-1\">RITA-r\u00e4nne projekti l\u00f5pukonverents<\/h3>\n\n                  <div class=\"article-card-full__excerpt\">\n            <p>2017. aastal ilmunud Eesti Inimarengu aruanne t\u00f5i v\u00e4lja, et rahvastiku arvu v\u00e4henemist on v\u00f5imalik kompenseerida s\u00fcndimuse suurendamise ja sisser\u00e4ndega. T\u00f6\u00f6ealise elanikkonna v\u00e4henemist aitab suurem s\u00fcndimus tasakaalustada alles 20-25 aasta p\u00e4rast ehk siis, kui praegu s\u00fcndivad lapsed j\u00f5uavad t\u00f6\u00f6turule. \u00c4sja l\u00f5ppenud \u2026<\/p>\n          <\/div>\n        \n        <a href=\"https:\/\/sisu.ut.ee\/ranne\/rita-ranne-projekti-lopukonverents\/\" class=\"btn btn-secondary btn-sm mt-2 me-auto\">Loe edasi<\/a>\n\n                  <time class=\"post-date d-block mt-auto pt-2 text-end text-xs w-100\" datetime=\"2024-04-04T00:59:23+00:00\">\n            06.01.2021\n          <\/time>\n              <\/div>\n    <\/div>\n  <\/div>\n<\/article>\n\t\t\t\n\t\t\t\t\t\t<\/div>\n","protected":false},"excerpt":{"rendered":"<p>RITA-R\u00c4NNE projekt aitab v\u00e4lja t\u00f6\u00f6tada teaduslikult p\u00f5hjendatud innovaatilisi l\u00e4henemisi r\u00e4nde ja l\u00f5imumise protsesside juhtimiseks Eestis, eesm\u00e4rgiga aidata kaasa majanduse arengule ja \u00fchiskonna sidususe suurenemisele<\/p>\n","protected":false},"author":138,"featured_media":0,"parent":0,"menu_order":0,"comment_status":"closed","ping_status":"closed","template":"","meta":{"_acf_changed":false,"inline_featured_image":false,"footnotes":""},"class_list":["post-44","page","type-page","status-publish","hentry"],"acf":[],"_links":{"self":[{"href":"https:\/\/sisu.ut.ee\/ranne\/wp-json\/wp\/v2\/pages\/44","targetHints":{"allow":["GET"]}}],"collection":[{"href":"https:\/\/sisu.ut.ee\/ranne\/wp-json\/wp\/v2\/pages"}],"about":[{"href":"https:\/\/sisu.ut.ee\/ranne\/wp-json\/wp\/v2\/types\/page"}],"author":[{"embeddable":true,"href":"https:\/\/sisu.ut.ee\/ranne\/wp-json\/wp\/v2\/users\/138"}],"replies":[{"embeddable":true,"href":"https:\/\/sisu.ut.ee\/ranne\/wp-json\/wp\/v2\/comments?post=44"}],"version-history":[{"count":2,"href":"https:\/\/sisu.ut.ee\/ranne\/wp-json\/wp\/v2\/pages\/44\/revisions"}],"predecessor-version":[{"id":457,"href":"https:\/\/sisu.ut.ee\/ranne\/wp-json\/wp\/v2\/pages\/44\/revisions\/457"}],"wp:attachment":[{"href":"https:\/\/sisu.ut.ee\/ranne\/wp-json\/wp\/v2\/media?parent=44"}],"curies":[{"name":"wp","href":"https:\/\/api.w.org\/{rel}","templated":true}]}}