{"id":4,"date":"2024-04-04T03:59:22","date_gmt":"2024-04-04T00:59:22","guid":{"rendered":"https:\/\/sisu.ut.ee\/ranne\/rannejatooturg\/"},"modified":"2024-04-04T04:00:20","modified_gmt":"2024-04-04T01:00:20","slug":"rannejatooturg","status":"publish","type":"page","link":"https:\/\/sisu.ut.ee\/ranne\/rannejatooturg\/","title":{"rendered":"2. R\u00e4nde ja t\u00f6\u00f6turu t\u00f6\u00f6r\u00fchm:"},"content":{"rendered":"<table class=\"table table-hover\" style=\"width: 800px;height: 300px\" border=\"0\" align=\"left\">\n<tbody>\n<tr>\n<td><img loading=\"lazy\" decoding=\"async\" style=\"float: left\" src=\"\/wp-content\/uploads\/sites\/265\/small_tiit_tammaru_0.jpg\" width=\"90\" height=\"90\"><\/td>\n<td>\n<p>Tiit Tammaru, Tartu \u00dclikooli rahvastiku- ja linnageograafia professor<\/p>\n<p><a href=\"mailto:tiit.tammaru@ut.ee\">tiit.tammaru@ut.ee<\/a><\/p><\/td>\n<\/tr>\n<tr>\n<td><img loading=\"lazy\" decoding=\"async\" style=\"float: left\" src=\"\/wp-content\/uploads\/sites\/265\/small_raul_eamets.jpg\" width=\"90\" height=\"90\"><\/td>\n<td>\n<p>Raul Eamets, Tartu \u00dclikooli makro\u00f6konoomika professor<\/p>\n<p><a href=\"mailto:raul.eamets@ut.ee\">raul.eamets@ut.ee<\/a><\/p>\n<\/td>\n<\/tr>\n<tr>\n<td><img loading=\"lazy\" decoding=\"async\" style=\"float: left\" src=\"\/wp-content\/uploads\/sites\/265\/small_siiri_silm.jpg\" width=\"90\" height=\"90\"><\/td>\n<td>\n<p>Siiri Silm, Tartu \u00dclikooli inimgeograafia teadur<\/p>\n<p>siiri.silm@ut.ee<\/p>\n<\/td>\n<\/tr>\n<tr>\n<td><img loading=\"lazy\" decoding=\"async\" style=\"float: left\" src=\"\/wp-content\/uploads\/sites\/265\/small_allan_puur.jpg\" width=\"90\" height=\"90\"><\/td>\n<td>\n<p>Allan Puur, <span>Tallinna \u00dclikooli rahvastikuteaduse professor, Eesti demograafia keskuse juhtivteadur<\/span><\/p>\n<p><span>allan.puur@tlu.ee<\/span><\/p>\n<\/td>\n<\/tr>\n<tr>\n<td><img loading=\"lazy\" decoding=\"async\" style=\"float: left\" src=\"\/wp-content\/uploads\/sites\/265\/small_luule_sakkeus.jpg\" width=\"90\" height=\"90\"><\/td>\n<td>\n<p>Luule Sakkeus, Tallinna \u00dclikooli vanemteadur, Eesti demograafia keskuse juhataja<\/p>\n<p>luule.sakkeus@tlu.ee<\/p>\n<\/td>\n<\/tr>\n<tr>\n<td><img loading=\"lazy\" decoding=\"async\" style=\"float: left\" src=\"\/wp-content\/uploads\/sites\/265\/small_martin_klesment.jpg\" width=\"90\" height=\"90\"><\/td>\n<td>\n<p>Martin Klesment, Tallinna \u00dclikooli Eesti demograafia keskuse vanemteadur<\/p>\n<p>martin.klesment@ut.ee<\/p>\n<\/td>\n<\/tr>\n<tr>\n<td><img loading=\"lazy\" decoding=\"async\" src=\"\/wp-content\/uploads\/sites\/265\/small_kristi_anniste.jpg\" width=\"90\" height=\"90\"><\/td>\n<td>\n<p>Kristi Anniste, Poliitikauuringute Keskus Praxis, t\u00f6\u00f6- ja sotsiaalpoliitika anal\u00fc\u00fctik<\/p>\n<p>kristi.anniste@praxis.ee<\/p>\n<\/td>\n<\/tr>\n<tr>\n<td><img loading=\"lazy\" decoding=\"async\" style=\"float: left\" src=\"\/wp-content\/uploads\/sites\/265\/small_magnus-piirits.jpg\" width=\"90\" height=\"90\"><\/td>\n<td>\n<p>Magnus Piirits, Poliitikauuringute Keskus Praxis, t\u00f6\u00f6- ja sotsiaalpoliitika anal\u00fc\u00fctik<\/p>\n<p>magnus.piirits@praxis.ee<\/p>\n<\/td>\n<\/tr>\n<tr>\n<td><img loading=\"lazy\" decoding=\"async\" style=\"float: left\" src=\"\/wp-content\/uploads\/sites\/265\/small_margus_tiru.jpg\" width=\"90\" height=\"90\"><\/td>\n<td>\n<p>Margus Tiru, Positium LBS, asukohap\u00f5histe teenuste ja arenduse tehniline projektijuht<\/p>\n<p>margus.tiru@positium.ee<\/p>\n<\/td>\n<\/tr>\n<tr>\n<td><img loading=\"lazy\" decoding=\"async\" style=\"float: left\" src=\"\/wp-content\/uploads\/sites\/265\/small_erki-saluveer.jpeg\" width=\"90\" height=\"90\"><\/td>\n<td>\n<p>Erki Saluveer, Positium LBS, LBS s\u00fcsteemide arendaja<\/p>\n<p>erki.saluveer@positium.ee<\/p>\n<\/td>\n<\/tr>\n<tr>\n<td><\/td>\n<td><\/td>\n<\/tr>\n<\/tbody>\n<\/table>\n","protected":false},"excerpt":{"rendered":"<p>Tiit Tammaru, Tartu \u00dclikooli rahvastiku- ja linnageograafia professor tiit.tammaru@ut.ee Raul Eamets, Tartu \u00dclikooli makro\u00f6konoomika professor raul.eamets@ut.ee Siiri Silm, Tartu \u00dclikooli inimgeograafia teadur siiri.silm@ut.ee Allan Puur, Tallinna \u00dclikooli rahvastikuteaduse professor, Eesti demograafia keskuse juhtivteadur allan.puur@tlu.ee Luule Sakkeus, Tallinna \u00dclikooli vanemteadur, Eesti &#8230;<\/p>\n","protected":false},"author":138,"featured_media":0,"parent":0,"menu_order":0,"comment_status":"closed","ping_status":"closed","template":"","meta":{"_acf_changed":false,"inline_featured_image":false,"footnotes":""},"class_list":["post-4","page","type-page","status-publish","hentry"],"acf":[],"_links":{"self":[{"href":"https:\/\/sisu.ut.ee\/ranne\/wp-json\/wp\/v2\/pages\/4","targetHints":{"allow":["GET"]}}],"collection":[{"href":"https:\/\/sisu.ut.ee\/ranne\/wp-json\/wp\/v2\/pages"}],"about":[{"href":"https:\/\/sisu.ut.ee\/ranne\/wp-json\/wp\/v2\/types\/page"}],"author":[{"embeddable":true,"href":"https:\/\/sisu.ut.ee\/ranne\/wp-json\/wp\/v2\/users\/138"}],"replies":[{"embeddable":true,"href":"https:\/\/sisu.ut.ee\/ranne\/wp-json\/wp\/v2\/comments?post=4"}],"version-history":[{"count":1,"href":"https:\/\/sisu.ut.ee\/ranne\/wp-json\/wp\/v2\/pages\/4\/revisions"}],"predecessor-version":[{"id":447,"href":"https:\/\/sisu.ut.ee\/ranne\/wp-json\/wp\/v2\/pages\/4\/revisions\/447"}],"wp:attachment":[{"href":"https:\/\/sisu.ut.ee\/ranne\/wp-json\/wp\/v2\/media?parent=4"}],"curies":[{"name":"wp","href":"https:\/\/api.w.org\/{rel}","templated":true}]}}