{"id":14,"date":"2024-04-04T03:59:22","date_gmt":"2024-04-04T00:59:22","guid":{"rendered":"https:\/\/sisu.ut.ee\/ranne\/publikatsioonid\/"},"modified":"2024-04-04T04:00:20","modified_gmt":"2024-04-04T01:00:20","slug":"publikatsioonid","status":"publish","type":"page","link":"https:\/\/sisu.ut.ee\/ranne\/publikatsioonid\/","title":{"rendered":"Publikatsioonid"},"content":{"rendered":"<hr>\n<p>\n\tRITA-r\u00e4nne projektiga seotud publikatsioonid on jaotatud alateemadeks.\n<\/p>\n<p>\n\tProjekti k\u00e4igus valmivad teemakokkuv\u00f5tted ja \u00fclevaated, teaduspublikatsioonid ja artiklid meedias.\n<\/p>\n<hr>\n<p>\n\tProjekti tulemuste l\u00f5pparuanne on k\u00e4ttesaadav <a data-url=\"https:\/\/www.etag.ee\/wp-content\/uploads\/2021\/03\/L%C3%B5pparuanne.pdf\" href=\"https:\/\/www.etag.ee\/wp-content\/uploads\/2021\/03\/L%C3%B5pparuanne.pdf\" target=\"_blank\" title=\"\" rel=\"noopener\">siin<\/a>.<\/p>\n","protected":false},"excerpt":{"rendered":"<p>RITA-r\u00e4nne projektiga seotud publikatsioonid on jaotatud alateemadeks. Projekti k\u00e4igus valmivad teemakokkuv\u00f5tted ja \u00fclevaated, teaduspublikatsioonid ja artiklid meedias. Projekti tulemuste l\u00f5pparuanne on k\u00e4ttesaadav siin.<\/p>\n","protected":false},"author":138,"featured_media":0,"parent":0,"menu_order":0,"comment_status":"closed","ping_status":"closed","template":"","meta":{"_acf_changed":false,"inline_featured_image":false,"footnotes":""},"class_list":["post-14","page","type-page","status-publish","hentry"],"acf":[],"_links":{"self":[{"href":"https:\/\/sisu.ut.ee\/ranne\/wp-json\/wp\/v2\/pages\/14","targetHints":{"allow":["GET"]}}],"collection":[{"href":"https:\/\/sisu.ut.ee\/ranne\/wp-json\/wp\/v2\/pages"}],"about":[{"href":"https:\/\/sisu.ut.ee\/ranne\/wp-json\/wp\/v2\/types\/page"}],"author":[{"embeddable":true,"href":"https:\/\/sisu.ut.ee\/ranne\/wp-json\/wp\/v2\/users\/138"}],"replies":[{"embeddable":true,"href":"https:\/\/sisu.ut.ee\/ranne\/wp-json\/wp\/v2\/comments?post=14"}],"version-history":[{"count":1,"href":"https:\/\/sisu.ut.ee\/ranne\/wp-json\/wp\/v2\/pages\/14\/revisions"}],"predecessor-version":[{"id":441,"href":"https:\/\/sisu.ut.ee\/ranne\/wp-json\/wp\/v2\/pages\/14\/revisions\/441"}],"wp:attachment":[{"href":"https:\/\/sisu.ut.ee\/ranne\/wp-json\/wp\/v2\/media?parent=14"}],"curies":[{"name":"wp","href":"https:\/\/api.w.org\/{rel}","templated":true}]}}