{"id":13,"date":"2024-04-04T03:59:22","date_gmt":"2024-04-04T00:59:22","guid":{"rendered":"https:\/\/sisu.ut.ee\/ranne\/7-mitmekultuurilise-kooli-mudelid\/"},"modified":"2024-04-04T04:00:20","modified_gmt":"2024-04-04T01:00:20","slug":"7-mitmekultuurilise-kooli-mudelid","status":"publish","type":"page","link":"https:\/\/sisu.ut.ee\/ranne\/7-mitmekultuurilise-kooli-mudelid\/","title":{"rendered":"7. Mitmekultuurilise kooli mudelite t\u00f6\u00f6r\u00fchm:"},"content":{"rendered":"<table class=\"table table-hover\" width=\"700\" border=\"0\">\n<tbody>\n<tr>\n<td>\n\t\t\t\t<img loading=\"lazy\" decoding=\"async\" src=\"\/wp-content\/uploads\/sites\/265\/small_margus-pedaste.jpg\" width=\"90\" height=\"90\">\n\t\t\t<\/td>\n<td>\n<p>\n\t\t\t\t\tMargus Pedaste, Tartu \u00dclikooli\u00a0haridustehnoloogia professor\u00a0\u00a0\u00a0\u00a0\u00a0\u00a0\u00a0\u00a0\u00a0\u00a0\u00a0\u00a0\u00a0\u00a0\u00a0\u00a0\u00a0\u00a0\u00a0\u00a0\u00a0\u00a0\u00a0\u00a0\u00a0\u00a0\u00a0\u00a0\u00a0\u00a0\u00a0\u00a0\u00a0\u00a0\u00a0\u00a0\u00a0\u00a0\u00a0\u00a0\u00a0\u00a0\u00a0\u00a0\u00a0\u00a0\u00a0\u00a0\u00a0\n\t\t\t\t<\/p>\n<p>\n\t\t\t\t\tmargus.pedaste@ut.ee \u00a0\u00a0\u00a0\u00a0\u00a0\u00a0\u00a0\u00a0\u00a0\u00a0\n\t\t\t\t<\/p>\n<\/td>\n<\/tr>\n<tr>\n<td>\n\t\t\t\t<img loading=\"lazy\" decoding=\"async\" src=\"\/wp-content\/uploads\/sites\/265\/small_laura-kirss_ht.jpg\" width=\"90\" height=\"90\">\n\t\t\t<\/td>\n<td>\n<p>\n\t\t\t\t\tLaura Kirss, Tartu \u00dclikooli haridusteaduste lektor\n\t\t\t\t<\/p>\n<p>\n\t\t\t\t\tlaura.kirss@ut.ee\n\t\t\t\t<\/p>\n<\/td>\n<\/tr>\n<tr>\n<td>\n\t\t\t\t<img loading=\"lazy\" decoding=\"async\" src=\"\/wp-content\/uploads\/sites\/265\/small_ali-leijen.jpg\" width=\"90\" height=\"90\">\n\t\t\t<\/td>\n<td>\n<p>\n\t\t\t\t\t\u00c4li Leijen, Tartu \u00dclikooli \u00f5petajahariduse professor\n\t\t\t\t<\/p>\n<p>\n\t\t\t\t\tali.leijen@ut.ee\n\t\t\t\t<\/p>\n<\/td>\n<\/tr>\n<tr>\n<td>\n\t\t\t\t<img loading=\"lazy\" decoding=\"async\" src=\"\/wp-content\/uploads\/sites\/265\/small_uelle_saeaelik.jpg\" width=\"90\" height=\"90\">\n\t\t\t<\/td>\n<td>\n<p>\n\t\t\t\t\t\u00dclle S\u00e4\u00e4lik, Tartu \u00dclikooli ps\u00fchholoogia ja pedagoogika lektor\n\t\t\t\t<\/p>\n<div class=\"field-items\">\n<div class=\"field-item even\">\n\t\t\t\t\t\tulle.saalik@ut.ee\n\t\t\t\t\t<\/div>\n<\/div>\n<\/td>\n<\/tr>\n<tr>\n<td>\n\t\t\t\t<img loading=\"lazy\" decoding=\"async\" src=\"\/wp-content\/uploads\/sites\/265\/small_karmen-trasberg.jpg\" width=\"90\" height=\"90\">\n\t\t\t<\/td>\n<td>\n<p>\n\t\t\t\t\tKarmen Trasberg, Tartu \u00dclikooli haridusteooria lektor\n\t\t\t\t<\/p>\n<p>\n\t\t\t\t\tkarmen.trasberg@ut.ee\n\t\t\t\t<\/p>\n<\/td>\n<\/tr>\n<tr>\n<td>\n\t\t\t\t<img loading=\"lazy\" decoding=\"async\" width=\"520\" height=\"505\" class=\"alignnone wp-image-85\" src=\"https:\/\/sisu.ut.ee\/wp-content\/uploads\/sites\/265\/sandra_jarv_1.jpg\" title=\"sandra_jarv_1.jpg\" alt=\"Sandra\" srcset=\"https:\/\/sisu.ut.ee\/wp-content\/uploads\/sites\/265\/sandra_jarv_1.jpg 520w, https:\/\/sisu.ut.ee\/wp-content\/uploads\/sites\/265\/sandra_jarv_1-300x291.jpg 300w\" sizes=\"auto, (max-width: 520px) 100vw, 520px\">\n\t\t\t<\/td>\n<td>\n<p>\n\t\t\t\t\tSandra J\u00e4rv, Tartu \u00dclikooli nooremteadur\n\t\t\t\t<\/p>\n<p>\n\t\t\t\t\tsandra.jarv@ut.ee\n\t\t\t\t<\/p>\n<\/td>\n<\/tr>\n<tr>\n<td>\n\t\t\t\t<img loading=\"lazy\" decoding=\"async\" width=\"365\" height=\"356\" class=\"alignnone wp-image-86\" src=\"https:\/\/sisu.ut.ee\/wp-content\/uploads\/sites\/265\/mairo_raask_1.jpg\" title=\"mairo_raask_1.jpg\" alt=\"Mairo\" srcset=\"https:\/\/sisu.ut.ee\/wp-content\/uploads\/sites\/265\/mairo_raask_1.jpg 365w, https:\/\/sisu.ut.ee\/wp-content\/uploads\/sites\/265\/mairo_raask_1-300x293.jpg 300w\" sizes=\"auto, (max-width: 365px) 100vw, 365px\">\n\t\t\t<\/td>\n<td>\n<p>\n\t\t\t\t\tMairo R\u00e4\u00e4sk, RITA projekti peaspetsialist\n\t\t\t\t<\/p>\n<p>\n\t\t\t\t\tmairo.raask@ut.ee\n\t\t\t\t<\/p>\n<\/td>\n<\/tr>\n<tr>\n<td>\n\t\t\t\t<img loading=\"lazy\" decoding=\"async\" width=\"174\" height=\"172\" class=\"alignnone wp-image-87\" src=\"https:\/\/sisu.ut.ee\/wp-content\/uploads\/sites\/265\/egle_raask.jpg\" title=\"egle_raask.jpg\" alt=\"Egle\">\n\t\t\t<\/td>\n<td>\n<p>\n\t\t\t\t\tEgle R\u00e4\u00e4sk, RITA projekti spetsialist\n\t\t\t\t<\/p>\n<p>\n\t\t\t\t\tegle.raask@ut.ee\n\t\t\t\t<\/p>\n<\/td>\n<\/tr>\n<tr>\n<td>\n\t\t\t\t<img loading=\"lazy\" decoding=\"async\" width=\"552\" height=\"525\" class=\"alignnone wp-image-88\" src=\"https:\/\/sisu.ut.ee\/wp-content\/uploads\/sites\/265\/kerttu_palginomm_1.jpg\" title=\"kerttu_palginomm_1.jpg\" alt=\"KErttu\" srcset=\"https:\/\/sisu.ut.ee\/wp-content\/uploads\/sites\/265\/kerttu_palginomm_1.jpg 552w, https:\/\/sisu.ut.ee\/wp-content\/uploads\/sites\/265\/kerttu_palginomm_1-300x285.jpg 300w\" sizes=\"auto, (max-width: 552px) 100vw, 552px\">\n\t\t\t<\/td>\n<td>\n<p>\n\t\t\t\t\tKerttu Palgin\u00f5mm, RITA projekti spetsialist\n\t\t\t\t<\/p>\n<p>\n\t\t\t\t\tkerttu.palginomm@ut.ee\n\t\t\t\t<\/p>\n<\/td>\n<\/tr>\n<tr>\n<td>\n\t\t\t\t<img loading=\"lazy\" decoding=\"async\" width=\"1460\" height=\"1472\" class=\"alignnone wp-image-89\" src=\"https:\/\/sisu.ut.ee\/wp-content\/uploads\/sites\/265\/maie_soll-1.jpg\" title=\"maie_soll-1.jpg\" alt=\"Maie\" srcset=\"https:\/\/sisu.ut.ee\/wp-content\/uploads\/sites\/265\/maie_soll-1.jpg 1460w, https:\/\/sisu.ut.ee\/wp-content\/uploads\/sites\/265\/maie_soll-1-298x300.jpg 298w, https:\/\/sisu.ut.ee\/wp-content\/uploads\/sites\/265\/maie_soll-1-1016x1024.jpg 1016w, https:\/\/sisu.ut.ee\/wp-content\/uploads\/sites\/265\/maie_soll-1-150x150.jpg 150w, https:\/\/sisu.ut.ee\/wp-content\/uploads\/sites\/265\/maie_soll-1-768x774.jpg 768w\" sizes=\"auto, (max-width: 1460px) 100vw, 1460px\">\n\t\t\t<\/td>\n<td>\n<p>\n\t\t\t\t\tMaie Soll, RITA projekti spetsialist\n\t\t\t\t<\/p>\n<p>\n\t\t\t\t\tmainele@hotmail.com\n\t\t\t\t<\/p>\n<\/td>\n<\/tr>\n<\/tbody>\n<\/table>\n","protected":false},"excerpt":{"rendered":"<p>Margus Pedaste, Tartu \u00dclikooli\u00a0haridustehnoloogia professor\u00a0\u00a0\u00a0\u00a0\u00a0\u00a0\u00a0\u00a0\u00a0\u00a0\u00a0\u00a0\u00a0\u00a0\u00a0\u00a0\u00a0\u00a0\u00a0\u00a0\u00a0\u00a0\u00a0\u00a0\u00a0\u00a0\u00a0\u00a0\u00a0\u00a0\u00a0\u00a0\u00a0\u00a0\u00a0\u00a0\u00a0\u00a0\u00a0\u00a0\u00a0\u00a0\u00a0\u00a0\u00a0\u00a0\u00a0\u00a0\u00a0 margus.pedaste@ut.ee \u00a0\u00a0\u00a0\u00a0\u00a0\u00a0\u00a0\u00a0\u00a0\u00a0 Laura Kirss, Tartu \u00dclikooli haridusteaduste lektor laura.kirss@ut.ee \u00c4li Leijen, Tartu \u00dclikooli \u00f5petajahariduse professor ali.leijen@ut.ee \u00dclle S\u00e4\u00e4lik, Tartu \u00dclikooli ps\u00fchholoogia ja pedagoogika lektor ulle.saalik@ut.ee Karmen Trasberg, Tartu \u00dclikooli haridusteooria lektor karmen.trasberg@ut.ee Sandra J\u00e4rv, Tartu &#8230;<\/p>\n","protected":false},"author":138,"featured_media":0,"parent":0,"menu_order":0,"comment_status":"closed","ping_status":"closed","template":"","meta":{"_acf_changed":false,"inline_featured_image":false,"footnotes":""},"class_list":["post-13","page","type-page","status-publish","hentry"],"acf":[],"_links":{"self":[{"href":"https:\/\/sisu.ut.ee\/ranne\/wp-json\/wp\/v2\/pages\/13","targetHints":{"allow":["GET"]}}],"collection":[{"href":"https:\/\/sisu.ut.ee\/ranne\/wp-json\/wp\/v2\/pages"}],"about":[{"href":"https:\/\/sisu.ut.ee\/ranne\/wp-json\/wp\/v2\/types\/page"}],"author":[{"embeddable":true,"href":"https:\/\/sisu.ut.ee\/ranne\/wp-json\/wp\/v2\/users\/138"}],"replies":[{"embeddable":true,"href":"https:\/\/sisu.ut.ee\/ranne\/wp-json\/wp\/v2\/comments?post=13"}],"version-history":[{"count":1,"href":"https:\/\/sisu.ut.ee\/ranne\/wp-json\/wp\/v2\/pages\/13\/revisions"}],"predecessor-version":[{"id":442,"href":"https:\/\/sisu.ut.ee\/ranne\/wp-json\/wp\/v2\/pages\/13\/revisions\/442"}],"wp:attachment":[{"href":"https:\/\/sisu.ut.ee\/ranne\/wp-json\/wp\/v2\/media?parent=13"}],"curies":[{"name":"wp","href":"https:\/\/api.w.org\/{rel}","templated":true}]}}