{"id":12,"date":"2024-04-04T03:59:22","date_gmt":"2024-04-04T00:59:22","guid":{"rendered":"https:\/\/sisu.ut.ee\/ranne\/6-eesti-keele-ope\/"},"modified":"2024-04-04T04:00:20","modified_gmt":"2024-04-04T01:00:20","slug":"6-eesti-keele-ope","status":"publish","type":"page","link":"https:\/\/sisu.ut.ee\/ranne\/6-eesti-keele-ope\/","title":{"rendered":"6. Eesti keele \u00f5ppe t\u00f6\u00f6r\u00fchm:"},"content":{"rendered":"<table class=\"table table-hover\" style=\"height: 300px;width: 780px\" border=\"0\">\n<tbody>\n<tr>\n<td><img loading=\"lazy\" decoding=\"async\" src=\"\/wp-content\/uploads\/sites\/265\/small_birute_klaas-lang.jpg\" width=\"90\" height=\"90\"><\/td>\n<td>\n<p>Birute Klaas-Lang,\u00a0Tartu \u00dclikooli eesti keele professor\u00a0\u00a0\u00a0\u00a0 \u00a0\u00a0\u00a0 \u00a0 \u00a0 \u00a0 \u00a0 \u00a0 \u00a0 \u00a0 \u00a0 \u00a0 \u00a0 \u00a0 \u00a0 \u00a0 \u00a0 \u00a0 \u00a0 \u00a0 \u00a0 \u00a0 \u00a0 \u00a0 \u00a0 \u00a0<\/p>\n<p>birute.klaas-lang@ut.ee \u00a0\u00a0\u00a0\u00a0\u00a0\u00a0\u00a0\u00a0\u00a0\u00a0\u00a0\u00a0\u00a0\u00a0\u00a0\u00a0\u00a0\u00a0\u00a0\u00a0\u00a0\u00a0\u00a0\u00a0\u00a0\u00a0\u00a0\u00a0\u00a0\u00a0\u00a0\u00a0\u00a0\u00a0\u00a0\u00a0\u00a0<\/p>\n<\/td>\n<\/tr>\n<tr>\n<td><img loading=\"lazy\" decoding=\"async\" src=\"\/wp-content\/uploads\/sites\/265\/small_foto_ranne_lehele.jpg\" width=\"90\" height=\"90\"><\/td>\n<td>\n<p>Kristiina Praakli, Tartu \u00dclikooli sotsiolingvistika vanemteadur<\/p>\n<p>kristiina.praakli@ut.ee<\/p>\n<\/td>\n<\/tr>\n<tr>\n<td><img loading=\"lazy\" decoding=\"async\" src=\"\/wp-content\/uploads\/sites\/265\/small_img_7143.jpg\" width=\"90\" height=\"90\"><\/td>\n<td>\n<p>Mare Kitsnik, Tallinna \u00dclikooli lingvistika doktorant<\/p>\n<p>marekitsnik@gmail.com<\/p>\n<\/td>\n<\/tr>\n<tr>\n<td><img loading=\"lazy\" decoding=\"async\" src=\"\/wp-content\/uploads\/sites\/265\/small_marika_padrik.jpg\" width=\"90\" height=\"90\"><\/td>\n<td>\n<p>Marika Padrik, Tartu \u00dclikooli logopeedia lektor<\/p>\n<p>marika.padrik@ut.ee<\/p>\n<\/td>\n<\/tr>\n<tr>\n<td><img loading=\"lazy\" decoding=\"async\" src=\"\/wp-content\/uploads\/sites\/265\/small_merit_hallap.jpg\" width=\"90\" height=\"90\"><\/td>\n<td>\n<p>Merit Hallap, Tartu \u00dclikooli logopeedia lektor<\/p>\n<p>merit.hallap@ut.ee<\/p>\n<\/td>\n<\/tr>\n<tr>\n<td><\/td>\n<td><\/td>\n<\/tr>\n<tr>\n<td><\/td>\n<td><\/td>\n<\/tr>\n<tr>\n<td><\/td>\n<td><\/td>\n<\/tr>\n<\/tbody>\n<\/table>\n","protected":false},"excerpt":{"rendered":"<p>Birute Klaas-Lang,\u00a0Tartu \u00dclikooli eesti keele professor\u00a0\u00a0\u00a0\u00a0 \u00a0\u00a0\u00a0 \u00a0 \u00a0 \u00a0 \u00a0 \u00a0 \u00a0 \u00a0 \u00a0 \u00a0 \u00a0 \u00a0 \u00a0 \u00a0 \u00a0 \u00a0 \u00a0 \u00a0 \u00a0 \u00a0 \u00a0 \u00a0 \u00a0 \u00a0 birute.klaas-lang@ut.ee \u00a0\u00a0\u00a0\u00a0\u00a0\u00a0\u00a0\u00a0\u00a0\u00a0\u00a0\u00a0\u00a0\u00a0\u00a0\u00a0\u00a0\u00a0\u00a0\u00a0\u00a0\u00a0\u00a0\u00a0\u00a0\u00a0\u00a0\u00a0\u00a0\u00a0\u00a0\u00a0\u00a0\u00a0\u00a0\u00a0\u00a0 Kristiina Praakli, Tartu \u00dclikooli sotsiolingvistika vanemteadur kristiina.praakli@ut.ee Mare &#8230;<\/p>\n","protected":false},"author":138,"featured_media":0,"parent":0,"menu_order":0,"comment_status":"closed","ping_status":"closed","template":"","meta":{"_acf_changed":false,"inline_featured_image":false,"footnotes":""},"class_list":["post-12","page","type-page","status-publish","hentry"],"acf":[],"_links":{"self":[{"href":"https:\/\/sisu.ut.ee\/ranne\/wp-json\/wp\/v2\/pages\/12","targetHints":{"allow":["GET"]}}],"collection":[{"href":"https:\/\/sisu.ut.ee\/ranne\/wp-json\/wp\/v2\/pages"}],"about":[{"href":"https:\/\/sisu.ut.ee\/ranne\/wp-json\/wp\/v2\/types\/page"}],"author":[{"embeddable":true,"href":"https:\/\/sisu.ut.ee\/ranne\/wp-json\/wp\/v2\/users\/138"}],"replies":[{"embeddable":true,"href":"https:\/\/sisu.ut.ee\/ranne\/wp-json\/wp\/v2\/comments?post=12"}],"version-history":[{"count":1,"href":"https:\/\/sisu.ut.ee\/ranne\/wp-json\/wp\/v2\/pages\/12\/revisions"}],"predecessor-version":[{"id":443,"href":"https:\/\/sisu.ut.ee\/ranne\/wp-json\/wp\/v2\/pages\/12\/revisions\/443"}],"wp:attachment":[{"href":"https:\/\/sisu.ut.ee\/ranne\/wp-json\/wp\/v2\/media?parent=12"}],"curies":[{"name":"wp","href":"https:\/\/api.w.org\/{rel}","templated":true}]}}