{"id":72,"date":"2025-10-07T16:07:39","date_gmt":"2025-10-07T13:07:39","guid":{"rendered":"https:\/\/sisu.ut.ee\/rakera\/?page_id=72"},"modified":"2025-10-08T10:08:54","modified_gmt":"2025-10-08T07:08:54","slug":"inimese-tervisega-seotud-rakuprotsesside-alus-ja-rakendusuuringutes-osalevad-uurimisruhmad","status":"publish","type":"page","link":"https:\/\/sisu.ut.ee\/rakera\/inimese-tervisega-seotud-rakuprotsesside-alus-ja-rakendusuuringutes-osalevad-uurimisruhmad\/","title":{"rendered":"Inimese tervisega seotud rakuprotsesside alus- ja rakendusuuringutes osalevad uurimisr\u00fchmad"},"content":{"rendered":"<p><\/p>\n\n\n\n<figure class=\"wp-block-table\"><table class=\"table table-hover\"><thead><tr><th>Uurimisr\u00fchm\/PI<\/th><th>Asutus<\/th><th>P\u00f5hit\u00e4itjad (nimeliselt)<\/th><th>P\u00f5hitegevussuunad<\/th><th>RAKERA tegevus suund<\/th><\/tr><\/thead><tbody><tr><td>Rakumetabolismi t\u00f6\u00f6r\u00fchm <br>\/ Tuuli K\u00e4\u00e4mbre<\/td><td>KBFI, keemilise bioloogia labor<\/td><td>A. Terasmaa<br>K. Tepp<br>M. Puurand<br>R. Moreno\u2011Sanchez<\/td><td>Rakkude funktsionaalsete parameetrite m\u00f5\u00f5tmine rakukultuurides, eesk\u00e4tt v\u00e4hirakkudel ja materjalil in vivo;<br>Erinevate metabolismiteede anal\u00fc\u00fcs ja modelleerimine.<\/td><td>II\u2011I\u00a0II\u2011IV<\/td><\/tr><tr><td>S\u00fcsteemibioloogia labor <br>\/ Marko Vendelin<\/td><td>TT\u00dc k\u00fcberneetika instituut<\/td><td>R. Birkedal<br>M. Laasmaa<br>J. Branovets<br>M. Kalda<\/td><td>Ravimikandidaatide m\u00f5ju m\u00e4\u00e4ramine rakkude ioonkanalitele, -transporteritele ja -pumpadele, membraanipotentsiaalile;<br>Ravimikandidaatide m\u00f5ju m\u00e4\u00e4ramine rakkude metabolismile ja selle regulatsioonile;<br>Ravimikandidaatide m\u00f5ju m\u00e4\u00e4ramine s\u00fcdamelihasrakkude kontraktsioonile;<br>Rakusiseste protsesside matemaatiline modelleerimine.<\/td><td>II\u2011I<\/td><\/tr><tr><td>Rakubioloogia t\u00f6\u00f6r\u00fchm<br> \/ Toivo Maimets<\/td><td>T\u00dc molekulaar- ja rakubioloogia instituut<\/td><td>I. Teino<br>D. Lubenets<br>S. Kuuse<br>L. Kadaja\u2011Saarepuu<\/td><td>Geeni- ja rakuteraapia rakendused;<br>Oskuste ja v\u00f5imaluste loomine uudsete ravimite (geeni\u2011 ja rakuteraapia ravimid) kasutuselev\u00f5tuks.<\/td><td>II\u2011II<\/td><\/tr><tr><td>Bioaktiivsete ainete testimise t\u00f6\u00f6r\u00fchm<br> \/ Rando Tuvikene<\/td><td>TL\u00dc, loodus\u2011 ja terviseteaduste instituut<\/td><td>M. M. Howlader<br>K. Martma<\/td><td>P\u00f5letikuprotsesside modelleerimine rakukultuurides;<br>Bioaktiivsete ainete testimine rakukultuuris.<\/td><td>II\u2011III<\/td><\/tr><tr><td>Rakendusviroloogia t\u00f6\u00f6r\u00fchm <br>\/ Andres Merits<\/td><td>T\u00dc bioinseneeria instituut<\/td><td>E. \u017dusinaite<br>K. Rausalu<br>L. S. Lello<br>K. Naumenko<\/td><td>Rekombinantsetel ja n\u00f5rgestatud viirustel p\u00f5hinevate vaksiinikandidaatide arendamine;<br>Isereplitseeruva mRNA vaktsiini tehnoloogia arendamine;<br>Viirus\u2011peremees interaktsioonide uurimine peremeesrakkude mutantide abil.<\/td><td>II\u2011II<\/td><\/tr><tr><td>Ravimkandurs\u00fcsteemide t\u00f6\u00f6grupp <br>\/ Taavi Lehto, Margus Pooga<\/td><td>T\u00dc tehnoloogia instituut<\/td><td>Helena Sork<br>Annely Lorents<br>Ly Porosk<br>T\u00f5nis Lehto<br>Geeta Arya<\/td><td>Nukleiinhappep\u00f5histe ravimite kandurs\u00fcsteemide disain ja t\u00e4iustamine;<br>RNA t\u00e4ppisravimite tehnoloogiate arendamine;<br>RNA\u2011p\u00f5histe ravimite rakendamine p\u00f5letikuliste protsesside p\u00e4rssimiseks.<\/td><td>II\u2011II<\/td><\/tr><tr><td>Reproduktiivbioloogia uurimisgrupp <br>\/ Agne Velthut\u2011Meikas<\/td><td>TT\u00dc keemia\u2011 ja biotehnoloogia instituut<\/td><td>A. Rump<br>A. Sachett Dauernheimer<\/td><td>Rakupopulatsioonide iseloomustamine, \u00fclegenoomne anal\u00fc\u00fcs ja markerite leidmine inimese (reproduktiiv)kudedes;<br>Rakkude alampopulatsioonide kultiveerimine ja m\u00f5jutamine koekultuuri tingimustes.<\/td><td>II\u2011III<\/td><\/tr><tr><td>Neurogliia t\u00f6\u00f6r\u00fchm <br>\/ Indrek Koppel<\/td><td>TT\u00dc keemia\u2011 ja biotehnoloogia instituut<\/td><td>F. Cabrera Cabrera<br>A. Utt<\/td><td>Neurogliia rakukultuuride, neuron\u2011gliia ko\u2011kultuuride ja aju organot\u00fc\u00fcpsete l\u00f5ikude kultuuride arendamine;<br>Rakut\u00fc\u00fcbispetsiifiline proteoomika;<br>Rakut\u00fc\u00fcbispetsiifiline signaaliradade aktivatsioon.<\/td><td>II\u2011III<\/td><\/tr><tr><td>Molekulaarse neurobioloogia t\u00f6\u00f6r\u00fchm<br> \/ T\u00f5nis Timmusk<\/td><td>TT\u00dc keemia\u2011 ja biotehnoloogia instituut<\/td><td>M. Palgi<br>L. Tamberg<br>O. Jasnovidova<br>J. Tuvikene<br>E.\u2011E. Esvald<\/td><td>Geeniekspressiooni regulatsioon n\u00e4rvis\u00fcsteemis ja selle haigustes;<br>Geeniteraapiate arendamine intellektuaalse puude haiguste ja autismispektri h\u00e4irete raviks katseloomade mudelite abil.<\/td><td>II\u2011III<br>II\u2011IV<\/td><\/tr><tr><td>Metalloproteoomika t\u00f6\u00f6r\u00fchm <br>\/ Peep Palumaa<\/td><td>TT\u00dc keemia\u2011 ja biotehnoloogia instituut<\/td><td>V. T\u00f5ugu<br>J. Smirnova<br>E. Kabin<br>M. Sardis<\/td><td>Neurodegeneratiivsete haiguste (Alzheimeri ja Wilsoni t\u00f5bi) rakuliste mudels\u00fcsteemide arendamine valguagregaatide ja metalliioonide toksilisuse uurimiseks.<\/td><td>II\u2011IV<\/td><\/tr><\/tbody><\/table><\/figure>\n","protected":false},"excerpt":{"rendered":"<p>Uurimisr\u00fchm\/PI Asutus P\u00f5hit\u00e4itjad (nimeliselt) P\u00f5hitegevussuunad RAKERA tegevus suund Rakumetabolismi t\u00f6\u00f6r\u00fchm \/ Tuuli K\u00e4\u00e4mbre KBFI, keemilise bioloogia labor A. TerasmaaK. TeppM. PuurandR. Moreno\u2011Sanchez Rakkude funktsionaalsete parameetrite m\u00f5\u00f5tmine rakukultuurides, eesk\u00e4tt v\u00e4hirakkudel ja materjalil in vivo;Erinevate metabolismiteede anal\u00fc\u00fcs ja modelleerimine. II\u2011I\u00a0II\u2011IV S\u00fcsteemibioloogia labor &#8230;<\/p>\n","protected":false},"author":911,"featured_media":0,"parent":0,"menu_order":0,"comment_status":"closed","ping_status":"closed","template":"","meta":{"_acf_changed":false,"inline_featured_image":false,"footnotes":""},"class_list":["post-72","page","type-page","status-publish","hentry"],"acf":[],"_links":{"self":[{"href":"https:\/\/sisu.ut.ee\/rakera\/wp-json\/wp\/v2\/pages\/72","targetHints":{"allow":["GET"]}}],"collection":[{"href":"https:\/\/sisu.ut.ee\/rakera\/wp-json\/wp\/v2\/pages"}],"about":[{"href":"https:\/\/sisu.ut.ee\/rakera\/wp-json\/wp\/v2\/types\/page"}],"author":[{"embeddable":true,"href":"https:\/\/sisu.ut.ee\/rakera\/wp-json\/wp\/v2\/users\/911"}],"replies":[{"embeddable":true,"href":"https:\/\/sisu.ut.ee\/rakera\/wp-json\/wp\/v2\/comments?post=72"}],"version-history":[{"count":3,"href":"https:\/\/sisu.ut.ee\/rakera\/wp-json\/wp\/v2\/pages\/72\/revisions"}],"predecessor-version":[{"id":87,"href":"https:\/\/sisu.ut.ee\/rakera\/wp-json\/wp\/v2\/pages\/72\/revisions\/87"}],"wp:attachment":[{"href":"https:\/\/sisu.ut.ee\/rakera\/wp-json\/wp\/v2\/media?parent=72"}],"curies":[{"name":"wp","href":"https:\/\/api.w.org\/{rel}","templated":true}]}}