{"id":67,"date":"2025-10-07T16:04:13","date_gmt":"2025-10-07T13:04:13","guid":{"rendered":"https:\/\/sisu.ut.ee\/rakera\/?page_id=67"},"modified":"2025-10-08T10:10:36","modified_gmt":"2025-10-08T07:10:36","slug":"mikroobsete-protsesside-rakendustega-tegelevad-uurimisruhmad","status":"publish","type":"page","link":"https:\/\/sisu.ut.ee\/rakera\/mikroobsete-protsesside-rakendustega-tegelevad-uurimisruhmad\/","title":{"rendered":"Mikroobsete protsesside rakendustega tegelevad uurimisr\u00fchmad"},"content":{"rendered":"<h3 class=\"wp-block-heading\"><\/h3>\n\n\n\n<figure class=\"wp-block-table\"><table class=\"table table-hover\"><thead><tr><th>Uurimisr\u00fchm\/PI<\/th><th>Asutus<\/th><th>P\u00f5hit\u00e4itjad (nimeliselt)<\/th><th>P\u00f5hitegevussuunad<\/th><th>RAKERA tegevussuund<\/th><\/tr><\/thead><tbody><tr><td>Molekulaarne s\u00fcsteemibioloogia<\/td><td>T\u00dc bioinseneeria instituut<\/td><td>I. Faustova<br>N. Shtaida<br>E. Valk<br>R. Venta<br>M. \u00d6rd<\/td><td>Rakubioloogia<br>S\u00fcnteetiline bioloogia<br>Bioinseneeria<br>Biomaterjalid<br>Valkude disain<br>Rakkude pooldumise mehhanismid<br>Ravimistrateegiad<\/td><td>I\u2011I<\/td><\/tr><tr><td>Raku molekulaarsete protsesside uurimisgrupp <br>\/ Tiina Tamm, A. Kristjuhan<\/td><td>T\u00dc molekulaar- ja rakubioloogia instituut<\/td><td>M. Leppik<br>K. M\u00e4emets-Allas<br>A. Liiv<br>S. V\u00e4rv<br>H. J\u00fcrgens<\/td><td>Rekombinantsete valkude tootmine ja puhastamine erinevates prokar\u00fcootsetes ja eukar\u00fcootsetes ekspressioonis\u00fcsteemides.<br>Ekspressioonis\u00fcsteemide arendamine<br>P\u00e4rmikogu 101TYVE kogu kasutamine bioaktiivsete \u00fchendite skriinimises<\/td><td>I\u2011I\u00a0I\u2011II<\/td><\/tr><tr><td>Mikroobigeneetika t\u00f6\u00f6grupp<br> \/ Maia Kivisaar<\/td><td>T\u00dc molekulaar- ja rakubioloogia instituut<\/td><td>R. Teras<br>H. Ilves<br>S. Viggor<br>S. Saumaa<br>M. J\u00f5esaar<br>T. Visnapuu<\/td><td>Bakterite mutatsioonisagedust m\u00f5jutavad mehhanismid; laboratoorne evolutsioon;<br>Bakterite stressivastused, nende monitooring;<br>Protsessid bakterite biofilmis; taimejuurte koloniseerimine taimekasvu soodustavate bakterite poolt;<br>Keskkonda saastavate \u00fchendite biodegradatsiooniradade iseloomustamine ja regulatsioon; uute, efektiivsema biodegradatsiooniv\u00f5imega mikroobide isoleerimine ja iseloomustamine;<br>Keskkonnast eraldatud mikroorganismide (sh p\u00e4rmide) CELMS kogu kasutamine biodegradatsioonis ja bioremediatsioonis;<br>Mikroobide sahhariidsed produktid ja rakendused nt taimede kaitsmisel patogeenide vastu.<\/td><td>I\u2011III\u00a0I\u2011II<\/td><\/tr><tr><td>Bakterite ja faagide vastasm\u00f5jude uurimisgrupp <br>\/ Rita H\u00f5rak, H. Tamman<\/td><td>T\u00dc molekulaar- ja rakubioloogia instituut<\/td><td>A. Ainelo<br>S. Rosendahl<br>A. Brauer<br>M. B. Nowakowska<\/td><td>Keskkonnafaagide (CEPEST) kogude kasutamine bioloogiliste taimekaitsevahenditena<\/td><td>I\u2011II<\/td><\/tr><tr><td>Mikroobide ja materjalide vastasm\u00f5jude t\u00f6\u00f6grupp <br>\/ Angela Ivask<\/td><td>T\u00dc molekulaar- ja rakubioloogia instituut<\/td><td>M. Rosenberg<br>H. Ainelo<br>V. Kisand<br>M. Kook<br>A. Nefedova<br>B. Raid<\/td><td>Antimikroobsete \u00fchendite indutseeritud protsessid mikroobirakkudes;<br>Resistentsuse kujunemine antimikroobse stressi tingimustes;<br>Antimikroobsete \u00fchendite m\u00f5jumehhanismide ja efektiivsuse testimine reaalelu stsenaariumites.<\/td><td>I\u2011II<\/td><\/tr><tr><td>P\u00f5llumajandus- ja aiakultuuride haiguste biot\u00f5rje uurimisr\u00fchm<br> \/ Kaire Loit<\/td><td>EM\u00dc, p\u00f5llumajandus- ja keskkonnainstituut<\/td><td>M. P\u00f5ldmets<br>L. Soonvald<\/td><td>M\u00fckoviiruste abil taimehaiguste biot\u00f5rje lahenduste arendus;<br>Kohalikust keskkonnast eraldatud mutualistlike seente efektiivsuse testimine ja sobivate kasutusmeetodite v\u00e4ljat\u00f6\u00f6tamine erinevates p\u00f5llumajanduslikes tingimustes.<\/td><td>I\u2011II<\/td><\/tr><tr><td>Keskkonna mikrobioloogia ja biotehnoloogia uurimisgrupp <br>\/ Jaak Truu<\/td><td>T\u00dc molekulaar- ja rakubioloogia instituut<\/td><td>M. Truu<br>H. N\u00f5lvak<br>K. Tiirik<\/td><td>Mikroobsetel protsessidel p\u00f5hinevate tehnoloogiate arendus;<br>Mikroobsete markers\u00fcsteemide arendus keskkonnamuutuste seireks.<\/td><td>I\u2011IV<\/td><\/tr><tr><td>Fotoautotroofsete mikroobis\u00fcsteemide t\u00f6\u00f6r\u00fchm <br>\/ Kristiina Mark<\/td><td>EM\u00dc, p\u00f5llumajandus- ja keskkonnainstituut<\/td><td>I. J\u00fcriado<\/td><td>Keskkonnast eraldatud fotoautotroofsete mikroorganismide kultuuride kogu arendus ja kasutamine rakukolooniate kasvuprotsesside kirjeldamisel, rakkude funktsionaalsete parameetrite m\u00f5\u00f5tmisel, metabolismiteede anal\u00fc\u00fcsil ning bioaktiivsete \u00fchendite kirjeldamisel.<\/td><td>I\u2011II<\/td><\/tr><tr><td>Metsapatoloogia t\u00f6\u00f6r\u00fchm <br>\/ Rein Drenkhan<\/td><td>EM\u00dc, metsanduse ja inseneeria instituut<\/td><td>K. Adamson<br>T. Drenkhan-Maaten<br>A. Agan<br>M. Laas<\/td><td>Taimepatogeenide tuvastamine ja biopreparaatide v\u00e4ljat\u00f6\u00f6tamine metsanduses;<br>Erinevate seeneliikide ja nende t\u00fcvede kasvu ning bioaktiivsete \u00fchendite mustri tuvastamine.<\/td><td>I\u2011II<\/td><\/tr><tr><td>DNA diagnostika t\u00f6\u00f6r\u00fchm <br>\/ Maido Remm<\/td><td>T\u00dc molekulaar- ja rakubioloogia instituut<\/td><td>A. Brauer<br>R. Andreson<br>L. Kaplinski<\/td><td>Metagenoomse DNA anal\u00fc\u00fcsil p\u00f5hinevate diagnostiliste testide arendus.<\/td><td>I\u2011IV<\/td><\/tr><tr><td>Mikrofluiidika t\u00f6\u00f6r\u00fchm <br>\/ Ott Scheler<\/td><td>TT\u00dc keemia- ja biotehnoloogia instituut<\/td><td>S. Bartkova<br>T. Pardy<br>J. Mazina\u2011\u0160inkar<\/td><td>Mikrofluiidika tuumiklabori arendamine uute biotehnoloogiliste toodete (rakud, ens\u00fc\u00fcmid, antikehad jne) v\u00e4ljat\u00f6\u00f6tamiseks ja arendamiseks;<br>K\u00f5rgl\u00e4bilaskvusega vesi\u2011\u00f5lis emulsioons\u00fcsteemide arendamine biotehnoloogilisteks arendust\u00f6\u00f6deks.<\/td><td>I\u2011I\u00a0<br>I\u2011II\u00a0<br>I\u2011IV<\/td><\/tr><\/tbody><\/table><\/figure>\n","protected":false},"excerpt":{"rendered":"<p>Uurimisr\u00fchm\/PI Asutus P\u00f5hit\u00e4itjad (nimeliselt) P\u00f5hitegevussuunad RAKERA tegevussuund Molekulaarne s\u00fcsteemibioloogia T\u00dc bioinseneeria instituut I. FaustovaN. ShtaidaE. ValkR. VentaM. \u00d6rd RakubioloogiaS\u00fcnteetiline bioloogiaBioinseneeriaBiomaterjalidValkude disainRakkude pooldumise mehhanismidRavimistrateegiad I\u2011I Raku molekulaarsete protsesside uurimisgrupp \/ Tiina Tamm, A. Kristjuhan T\u00dc molekulaar- ja rakubioloogia instituut M. LeppikK. &#8230;<\/p>\n","protected":false},"author":911,"featured_media":0,"parent":0,"menu_order":0,"comment_status":"closed","ping_status":"closed","template":"","meta":{"_acf_changed":false,"inline_featured_image":false,"footnotes":""},"class_list":["post-67","page","type-page","status-publish","hentry"],"acf":[],"_links":{"self":[{"href":"https:\/\/sisu.ut.ee\/rakera\/wp-json\/wp\/v2\/pages\/67","targetHints":{"allow":["GET"]}}],"collection":[{"href":"https:\/\/sisu.ut.ee\/rakera\/wp-json\/wp\/v2\/pages"}],"about":[{"href":"https:\/\/sisu.ut.ee\/rakera\/wp-json\/wp\/v2\/types\/page"}],"author":[{"embeddable":true,"href":"https:\/\/sisu.ut.ee\/rakera\/wp-json\/wp\/v2\/users\/911"}],"replies":[{"embeddable":true,"href":"https:\/\/sisu.ut.ee\/rakera\/wp-json\/wp\/v2\/comments?post=67"}],"version-history":[{"count":3,"href":"https:\/\/sisu.ut.ee\/rakera\/wp-json\/wp\/v2\/pages\/67\/revisions"}],"predecessor-version":[{"id":89,"href":"https:\/\/sisu.ut.ee\/rakera\/wp-json\/wp\/v2\/pages\/67\/revisions\/89"}],"wp:attachment":[{"href":"https:\/\/sisu.ut.ee\/rakera\/wp-json\/wp\/v2\/media?parent=67"}],"curies":[{"name":"wp","href":"https:\/\/api.w.org\/{rel}","templated":true}]}}