{"id":58,"date":"2025-10-07T15:52:48","date_gmt":"2025-10-07T12:52:48","guid":{"rendered":"https:\/\/sisu.ut.ee\/rakera\/?page_id=58"},"modified":"2025-10-08T10:33:33","modified_gmt":"2025-10-08T07:33:33","slug":"rakera-tegevussuunad","status":"publish","type":"page","link":"https:\/\/sisu.ut.ee\/rakera\/rakera-tegevussuunad\/","title":{"rendered":"Tegevussuunad"},"content":{"rendered":"<p><\/p>\n\n\n\n<figure class=\"wp-block-table\"><table class=\"table table-hover\"><thead><tr><th>Tegevussuund<\/th><th>T\u00e4psem info<\/th><th>Juhtiv asutus<\/th><th>Osalejad<\/th><\/tr><\/thead><tbody><tr><td><strong>I-I<\/strong>\u00a0Mikroobsete rakuvabrikute disain, konstrueerimine ja optimeerimine eesm\u00e4rgiga s\u00fcnteesida uudseid biomaterjale<\/td><td>\u2022 Uute omadustega organismide disain<br>\u2022 Uute ekspressioonit\u00fcvede ja reporters\u00fcsteemide loomine<br>\u2022 Bioaktiivsete \u00fchendite tootmine mikroobide abil<\/td><td>T\u00dc MRI<\/td><td>T. Tamm, I. Faustova, M. Kivisaar, K. Mark<\/td><\/tr><tr><td><strong>I-II<\/strong>\u00a0Bioaktiivsete \u00fchendite aktiivsuse m\u00e4\u00e4ramine, meetodite ja mudels\u00fcsteemide disain<\/td><td>\u2022 Mikroobikoosluste otsing ja iseloomustamine<br>\u2022 Bioaktiivsete \u00fchendite skriining ja efektiivsuse hindamine<br>\u2022 Meetodid patogeensete seente ja antimikroobsete \u00fchendite uuringuks<\/td><td>EM\u00dc PKI<\/td><td>K. Mark, K. Loit, R. Drenkhan, T. Tamm, R. H\u00f5rak, H. Tamman, T. Visnapuu, A. Ivask, M. Kivisaar<\/td><\/tr><tr><td><strong>I-III<\/strong>\u00a0Mikroobide rakendamine keskkonnareostuse likvideerimisel ja seires<\/td><td>\u2022 Biodegradatsiooniradade iseloomustamine ja mikroobide selekteerimine<br>\u2022 Markers\u00fcsteemid keskkonnaseireks ja \u00f6kos\u00fcsteemide taastamiseks<\/td><td>T\u00dc MRI<\/td><td>M. Kivisaar, J. Truu, K. Mark, R. Drenkhan<\/td><\/tr><tr><td><strong>I-IV<\/strong>\u00a0Mikroobsete patogeenide seire toidu- ja keskkonnaproovides<\/td><td>\u2022 Patogeenide m\u00e4\u00e4ramine toidus ja keskkonnas<br>\u2022 Emulsioonis\u00fcsteemide anal\u00fc\u00fcs ja sorteerimine biotehnoloogias<\/td><td>T\u00dc MRI<\/td><td>M. Remm, J. Truu, O. Scheler<\/td><\/tr><tr><td><strong>II-I<\/strong>\u00a0Rakuenergeetika ja metabolism \u2013 rakendused v\u00e4hiteraapias ja s\u00fcdame-veresoonkonna haiguste ravis<\/td><td>\u2022 V\u00e4hirakkude ja s\u00fcdamerakkude metabolismi ja ioonvahetuse uuringud<br>\u2022 Geeni- ja rakuteraapia ravimite arendus<\/td><td>KBFI<\/td><td>T. K\u00e4\u00e4mbre, M. Vendelin, T. Maimets<\/td><\/tr><tr><td><strong>II-II<\/strong>\u00a0Organismi kaitsev\u00f5imet suurendavad rakuprotsessid, vaktsiini- ja RNA-terapeutikumide arendus<\/td><td>\u2022 P\u00f5letiku- ja haavaparanemisprotsesside m\u00f5jutamine<br>\u2022 mRNA vaktsiinide tehnoloogiad ja viirus-peremees interaktsioonid<\/td><td>TL\u00dc LTI<\/td><td>R. Tuvikene, A. Merits, T. Lehto<\/td><\/tr><tr><td><strong>II-III<\/strong>\u00a0Rakupopulatsioonide anal\u00fc\u00fcs ja n\u00e4rvirakkude protsesside uuringud teraapiate arendamiseks<\/td><td>\u2022 \u00dcksikrakkude sekveneerimine ja markerite valideerimine<br>\u2022 Neuronaalsete ko-kultuuride rakendamine geeniteraapia uuringutes<\/td><td>TT\u00dc KBI<\/td><td>A. Velthut-Meikas, I. Koppel, T. Timmusk<\/td><\/tr><tr><td><strong>II-IV<\/strong>\u00a0Nukleiinhappep\u00f5histe ravimite kandurs\u00fcsteemide ja geeniekspressiooni s\u00fcsteemide arendus (neurodegeneratiivsete haiguste ennetuseks)<\/td><td>\u2022 Kandurs\u00fcsteemide toimeteede ja ohutuse anal\u00fc\u00fcs<br>\u2022 CRISPR-Cas ja peptiid\u00fchendite kasutus geeniekspressiooni m\u00f5jutamiseks<br>\u2022 Anti-am\u00fcloidsed ja metalle kelateerivad ravimid<\/td><td>T\u00dc TI<\/td><td>T. Lehto, M. Pooga, T. Timmusk, I. Koppel, P. Palumaa<\/td><\/tr><\/tbody><\/table><\/figure>\n\n\n\n<p>T\u00dc BI \u2013 Tartu \u00dclikooli bioinseneeria instituut<br>T\u00dc TI \u2013 Tartu \u00dclikooli tehnoloogiainstituut<br>T\u00dc MRI \u2013 Tartu \u00dclikooli molekulaar- ja rakubioloogia instituut<br>TT\u00dc KBI \u2013 Tallinna Tehnika\u00fclikooli keemia- ja biotehnoloogia instituut<br>TL\u00dc LTI \u2013 Tallinna \u00dclikooli loodus ja terviseteaduste instituut<br>EM\u00dc PKI \u2013 Eesti Maa\u00fclikooli p\u00f5llumajandus ja keskkonnainstituut<br>KBFI \u2013 Keemilise ja Bioloogilise F\u00fc\u00fcsika Instituut<\/p>\n\n\n\n<figure class=\"wp-block-image size-full\"><img loading=\"lazy\" decoding=\"async\" width=\"940\" height=\"788\" src=\"https:\/\/sisu.ut.ee\/wp-content\/uploads\/sites\/794\/RAKERA-protsessid.png\" alt=\"\" class=\"wp-image-91\" srcset=\"https:\/\/sisu.ut.ee\/wp-content\/uploads\/sites\/794\/RAKERA-protsessid.png 940w, https:\/\/sisu.ut.ee\/wp-content\/uploads\/sites\/794\/RAKERA-protsessid-300x251.png 300w, https:\/\/sisu.ut.ee\/wp-content\/uploads\/sites\/794\/RAKERA-protsessid-768x644.png 768w\" sizes=\"auto, (max-width: 940px) 100vw, 940px\"><\/figure>\n","protected":false},"excerpt":{"rendered":"<p>Tegevussuund T\u00e4psem info Juhtiv asutus Osalejad I-I\u00a0Mikroobsete rakuvabrikute disain, konstrueerimine ja optimeerimine eesm\u00e4rgiga s\u00fcnteesida uudseid biomaterjale \u2022 Uute omadustega organismide disain\u2022 Uute ekspressioonit\u00fcvede ja reporters\u00fcsteemide loomine\u2022 Bioaktiivsete \u00fchendite tootmine mikroobide abil T\u00dc MRI T. Tamm, I. Faustova, M. Kivisaar, K. &#8230;<\/p>\n","protected":false},"author":911,"featured_media":0,"parent":0,"menu_order":0,"comment_status":"closed","ping_status":"closed","template":"","meta":{"_acf_changed":false,"inline_featured_image":false,"footnotes":""},"class_list":["post-58","page","type-page","status-publish","hentry"],"acf":[],"_links":{"self":[{"href":"https:\/\/sisu.ut.ee\/rakera\/wp-json\/wp\/v2\/pages\/58","targetHints":{"allow":["GET"]}}],"collection":[{"href":"https:\/\/sisu.ut.ee\/rakera\/wp-json\/wp\/v2\/pages"}],"about":[{"href":"https:\/\/sisu.ut.ee\/rakera\/wp-json\/wp\/v2\/types\/page"}],"author":[{"embeddable":true,"href":"https:\/\/sisu.ut.ee\/rakera\/wp-json\/wp\/v2\/users\/911"}],"replies":[{"embeddable":true,"href":"https:\/\/sisu.ut.ee\/rakera\/wp-json\/wp\/v2\/comments?post=58"}],"version-history":[{"count":6,"href":"https:\/\/sisu.ut.ee\/rakera\/wp-json\/wp\/v2\/pages\/58\/revisions"}],"predecessor-version":[{"id":93,"href":"https:\/\/sisu.ut.ee\/rakera\/wp-json\/wp\/v2\/pages\/58\/revisions\/93"}],"wp:attachment":[{"href":"https:\/\/sisu.ut.ee\/rakera\/wp-json\/wp\/v2\/media?parent=58"}],"curies":[{"name":"wp","href":"https:\/\/api.w.org\/{rel}","templated":true}]}}