{"id":24,"date":"2024-09-25T12:42:14","date_gmt":"2024-09-25T09:42:14","guid":{"rendered":"https:\/\/sisu.ut.ee\/rakera\/?page_id=24"},"modified":"2025-11-11T09:29:05","modified_gmt":"2025-11-11T07:29:05","slug":"kontakt","status":"publish","type":"page","link":"https:\/\/sisu.ut.ee\/rakera\/kontakt\/","title":{"rendered":"Kontakt"},"content":{"rendered":"<p>Soovid rohkem teada saada teadustaristus tehtavate anal\u00fc\u00fcside kohta, siis v\u00f5ta julgelt meiega \u00fchendust.<\/p>\n\n\n\n<div class=\"wp-block-columns is-layout-flex wp-container-core-columns-is-layout-9d6595d7 wp-block-columns-is-layout-flex\">\n<div class=\"wp-block-column is-layout-flow wp-block-column-is-layout-flow\"><div class=\"person-card border rounded p-2 pb-4 mb-4\">\n\t<div class=\"d-flex \">\n\t\t\t\t<div class=\"person-card__info\">\n\t\t\t\t\t\t\t<h3 class=\"h4 mb-2\">Angela Ivask, PhD<\/h3>\n\t\t\t\t\t\t\t\t\t\t<div class=\"mb-2\">\n\t\t\t\t\t<p>Geneetika professor- taristu juht<\/p>\n\n\t\t\t\t<\/div>\n\t\t\t\t\t\t\t\t\t\t\t\t\t<p class=\"mb-0\">+372 539 82998<\/p>\n\t\t\t\t\t\t\t\t\t\t<a href=\"mailto:angela.ivask@ut.ee\" class=\"mb-0\">angela.ivask@ut.ee<\/a>\n\t\t\t\t\t<\/div>\n\t<\/div>\n\t\t\t<div class=\"person-card__description mt-2\">\n\t\t\t<p>Tartu \u00dclikooli molekulaar- ja rakubioloogia instituut<br>\nRiia 23, 51010, Tartu<\/p>\n\n\t\t<\/div>\n\t<\/div>\n<\/div>\n\n\n\n<div class=\"wp-block-column is-layout-flow wp-block-column-is-layout-flow\"><div class=\"person-card border rounded p-2 pb-4 mb-4\">\n\t<div class=\"d-flex \">\n\t\t\t\t<div class=\"person-card__info\">\n\t\t\t\t\t\t\t<h3 class=\"h4 mb-2\">Maikki Moosus<\/h3>\n\t\t\t\t\t\t\t\t\t\t<div class=\"mb-2\">\n\t\t\t\t\t<p>projektijuht<\/p>\n\n\t\t\t\t<\/div>\n\t\t\t\t\t\t\t\t\t\t<p class=\"mb-0\">+372 737 6802<\/p>\n\t\t\t\t\t\t\t\t\t\t\t\t\t<a href=\"mailto:maikki.moosus@ut.ee\" class=\"mb-0\">maikki.moosus@ut.ee<\/a>\n\t\t\t\t\t<\/div>\n\t<\/div>\n\t\t\t<div class=\"person-card__description mt-2\">\n\t\t\t<p>Tartu \u00dclikooli molekulaar- ja rakubioloogia instituut<br>\nRiia 23, 51010, Tartu<\/p>\n\n\t\t<\/div>\n\t<\/div>\n<\/div>\n<\/div>\n\n\n\n<p><strong>RAKERA projekti juhtkomitee liikmete kontaktid leiab <a href=\"https:\/\/sisu.ut.ee\/rakera\/juhtkomitee\/\" data-type=\"page\" data-id=\"118\">siit<\/a> ja RAKERA n\u00f5ukogu esinadajate omad <a href=\"https:\/\/sisu.ut.ee\/rakera\/noukogu\/\" data-type=\"page\" data-id=\"125\">siit<\/a>.<\/strong><\/p>\n\n\n\n<p><em>Teadust\u00f6\u00f6 l\u00e4biviimisel kasutatakse teadustaristut \u201cRakuprotsesside eksperimentaaluuringud ja rakendused\u00a0\u2013\u00a0RAKERA\u201d, mida rahastab Eesti Teadusagentuur (projekt TARISTU24-TK14).<\/em><\/p>\n\n\n\n<figure class=\"wp-block-image aligncenter size-large\"><img loading=\"lazy\" decoding=\"async\" width=\"1024\" height=\"768\" src=\"https:\/\/sisu.ut.ee\/wp-content\/uploads\/sites\/794\/IMG_5823-1024x768.jpg\" alt=\"\" class=\"wp-image-81\" srcset=\"https:\/\/sisu.ut.ee\/wp-content\/uploads\/sites\/794\/IMG_5823-1024x768.jpg 1024w, https:\/\/sisu.ut.ee\/wp-content\/uploads\/sites\/794\/IMG_5823-300x225.jpg 300w, https:\/\/sisu.ut.ee\/wp-content\/uploads\/sites\/794\/IMG_5823-768x576.jpg 768w, https:\/\/sisu.ut.ee\/wp-content\/uploads\/sites\/794\/IMG_5823-1536x1152.jpg 1536w, https:\/\/sisu.ut.ee\/wp-content\/uploads\/sites\/794\/IMG_5823-2048x1536.jpg 2048w, https:\/\/sisu.ut.ee\/wp-content\/uploads\/sites\/794\/IMG_5823-1920x1440.jpg 1920w\" sizes=\"auto, (max-width: 1024px) 100vw, 1024px\"><\/figure>\n","protected":false},"excerpt":{"rendered":"<p>Soovid rohkem teada saada teadustaristus tehtavate anal\u00fc\u00fcside kohta, siis v\u00f5ta julgelt meiega \u00fchendust. RAKERA projekti juhtkomitee liikmete kontaktid leiab siit ja RAKERA n\u00f5ukogu esinadajate omad siit. Teadust\u00f6\u00f6 l\u00e4biviimisel kasutatakse teadustaristut \u201cRakuprotsesside eksperimentaaluuringud ja rakendused\u00a0\u2013\u00a0RAKERA\u201d, mida rahastab Eesti Teadusagentuur (projekt TARISTU24-TK14).<\/p>\n","protected":false},"author":636,"featured_media":0,"parent":0,"menu_order":0,"comment_status":"closed","ping_status":"closed","template":"","meta":{"_acf_changed":false,"inline_featured_image":false,"footnotes":""},"class_list":["post-24","page","type-page","status-publish","hentry"],"acf":[],"_links":{"self":[{"href":"https:\/\/sisu.ut.ee\/rakera\/wp-json\/wp\/v2\/pages\/24","targetHints":{"allow":["GET"]}}],"collection":[{"href":"https:\/\/sisu.ut.ee\/rakera\/wp-json\/wp\/v2\/pages"}],"about":[{"href":"https:\/\/sisu.ut.ee\/rakera\/wp-json\/wp\/v2\/types\/page"}],"author":[{"embeddable":true,"href":"https:\/\/sisu.ut.ee\/rakera\/wp-json\/wp\/v2\/users\/636"}],"replies":[{"embeddable":true,"href":"https:\/\/sisu.ut.ee\/rakera\/wp-json\/wp\/v2\/comments?post=24"}],"version-history":[{"count":9,"href":"https:\/\/sisu.ut.ee\/rakera\/wp-json\/wp\/v2\/pages\/24\/revisions"}],"predecessor-version":[{"id":205,"href":"https:\/\/sisu.ut.ee\/rakera\/wp-json\/wp\/v2\/pages\/24\/revisions\/205"}],"wp:attachment":[{"href":"https:\/\/sisu.ut.ee\/rakera\/wp-json\/wp\/v2\/media?parent=24"}],"curies":[{"name":"wp","href":"https:\/\/api.w.org\/{rel}","templated":true}]}}