{"id":2,"date":"2024-09-18T06:06:06","date_gmt":"2024-09-18T06:06:06","guid":{"rendered":"https:\/\/sisu.ut.ee\/rakera\/?page_id=2"},"modified":"2025-12-18T13:06:23","modified_gmt":"2025-12-18T11:06:23","slug":"demoleht","status":"publish","type":"page","link":"https:\/\/sisu.ut.ee\/rakera\/","title":{"rendered":"RAKERA teadustaristu"},"content":{"rendered":"<p>Rakuprotsesside rakenduste teadustaristu RAKERA koondab Eestis oleva raku- ja molekulaarbioloogia alase oskusteabe ning arendab v\u00e4lja Tartu \u00dclikooli, Tallinna Tehnika\u00fclikooli, Tallinna \u00dclikooli, Eesti Maa\u00fclikooli ning Keemilise ja Bioloogilise F\u00fc\u00fcsika Instituudi \u00fchiskasutusega aparatuurikompleksi. Kompleksi eesm\u00e4rk on arendada teadusalast kompetentsi ja teenuseid mikroobsete protsesside rakenduste valdkonnas ning biomeditsiinitehnoloogiatega seotud imetajarakkudes toimuvate protsesside rakendustes. Taristu n\u00e4ol luuakse\u00a0 Eestisse rakuprotsesside alusuuringuid ja rakendusi koondav oskusteabe ning teenuskeskus, mis oleks oluliseks partneriks nii ravimikandidaatide arendajatele, meditsiiniasutustele kui ka tervise- biotehnoloogia ning keskkonna valdkonnaga tegelevatele era ja avaliku sektori asutustele. Taristu tegevuse k\u00e4igus tagatakse raku- ja molekulaarbioloogia meetodeid valdavate teadlaste j\u00e4relkasv ning kaugemas perspektiivis panustab taristu teadusmahukate t\u00f6\u00f6kohtade loomisele ning targa ja elukeskkonda parandava majanduse edendamisele Eestis.<\/p>\n\n\n\n<p><em><strong>Taristu visioon on koondada Eesti erinevates \u00fclikoolides ja teadusasutustes olemasolev oskusteave rakuprotsessidest ning nende rakendustest biotehnoloogias ja biomeditsiinis. Koost\u00f6\u00f6s partnerettev\u00f5tete ja -asutustega t\u00f5hustatakse alusuuringuid ning arendatakse oskusteavet ja teenuseid:<\/strong><\/em><\/p>\n\n\n\n<ul class=\"wp-block-list\">\n<li><strong>mikroobsete protsesside<\/strong> rakenduste valdkonnas, kus tegeldakse s\u00fcnteetilise bioloogiaga, mikroobsete rakuvabrikute disaini, konstrueerimise ja optimeerimisega, rakendamisega keskkonnareostuse hindamisel ja selle likvideerimisel, bioaktiivsete \u00fchendite aktiivsuse ja mikroobsete patogeenide m\u00e4\u00e4ramisega ning kohalike mikroobikogude t\u00e4iendamisega, ja<\/li>\n\n\n\n<li><strong>inimrakkudes toimuvate protsesside<\/strong> teemal p\u00f5hifookusega rakuenergeetikal ja metabolismil, organismi kaitsev\u00f5imet suurendavatel rakuprotsessidel, protsessidel \u00fcksikrakus ning nukleiinhappe-p\u00f5histe ravimite kandurs\u00fcsteemide ja geeniekspressioonis\u00fcsteemide arendamisel.<\/li>\n<\/ul>\n\n\n\n<figure class=\"wp-block-image aligncenter size-large\"><img loading=\"lazy\" decoding=\"async\" width=\"1024\" height=\"600\" src=\"https:\/\/sisu.ut.ee\/wp-content\/uploads\/sites\/794\/Grupilt-RAKERA-avakohtumiselt-08122025-1024x600.jpg\" alt=\"\" class=\"wp-image-266\" srcset=\"https:\/\/sisu.ut.ee\/wp-content\/uploads\/sites\/794\/Grupilt-RAKERA-avakohtumiselt-08122025-1024x600.jpg 1024w, https:\/\/sisu.ut.ee\/wp-content\/uploads\/sites\/794\/Grupilt-RAKERA-avakohtumiselt-08122025-300x176.jpg 300w, https:\/\/sisu.ut.ee\/wp-content\/uploads\/sites\/794\/Grupilt-RAKERA-avakohtumiselt-08122025-768x450.jpg 768w, https:\/\/sisu.ut.ee\/wp-content\/uploads\/sites\/794\/Grupilt-RAKERA-avakohtumiselt-08122025-1920x1124.jpg 1920w\" sizes=\"auto, (max-width: 1024px) 100vw, 1024px\"><\/figure>\n\n\n\n<p><em>Teadust\u00f6\u00f6 l\u00e4biviimisel kasutatakse teadustaristut \u201cRakuprotsesside eksperimentaaluuringud ja rakendused\u00a0\u2013\u00a0RAKERA\u201d, mida rahastab Eesti Teadusagentuur (projekt TARISTU24-TK14).<\/em><\/p>\n\n\n\n<p><\/p>\n\n\n\n<div class=\"wp-block-columns are-vertically-aligned-center is-layout-flex wp-container-core-columns-is-layout-9d6595d7 wp-block-columns-is-layout-flex\">\n<div class=\"wp-block-column is-vertically-aligned-center is-layout-flow wp-block-column-is-layout-flow\">\n<figure class=\"wp-block-image aligncenter size-large is-resized\"><img loading=\"lazy\" decoding=\"async\" width=\"1024\" height=\"321\" src=\"https:\/\/sisu.ut.ee\/wp-content\/uploads\/sites\/794\/Eesti-Teadusagentuur-logo-color_RGB-1-1024x321.webp\" alt=\"\" class=\"wp-image-176\" style=\"width:213px;height:auto\" srcset=\"https:\/\/sisu.ut.ee\/wp-content\/uploads\/sites\/794\/Eesti-Teadusagentuur-logo-color_RGB-1-1024x321.webp 1024w, https:\/\/sisu.ut.ee\/wp-content\/uploads\/sites\/794\/Eesti-Teadusagentuur-logo-color_RGB-1-300x94.webp 300w, https:\/\/sisu.ut.ee\/wp-content\/uploads\/sites\/794\/Eesti-Teadusagentuur-logo-color_RGB-1-768x240.webp 768w, https:\/\/sisu.ut.ee\/wp-content\/uploads\/sites\/794\/Eesti-Teadusagentuur-logo-color_RGB-1-1536x481.webp 1536w, https:\/\/sisu.ut.ee\/wp-content\/uploads\/sites\/794\/Eesti-Teadusagentuur-logo-color_RGB-1.webp 1920w\" sizes=\"auto, (max-width: 1024px) 100vw, 1024px\"><\/figure>\n<\/div>\n\n\n\n<div class=\"wp-block-column is-vertically-aligned-center is-layout-flow wp-block-column-is-layout-flow\">\n<figure class=\"wp-block-image aligncenter size-full is-resized\"><img loading=\"lazy\" decoding=\"async\" width=\"768\" height=\"256\" src=\"https:\/\/sisu.ut.ee\/wp-content\/uploads\/sites\/794\/eestikeelne_kompaktlogo_lk9_0-768x256-1.png\" alt=\"\" class=\"wp-image-163\" style=\"width:134px;height:auto\" srcset=\"https:\/\/sisu.ut.ee\/wp-content\/uploads\/sites\/794\/eestikeelne_kompaktlogo_lk9_0-768x256-1.png 768w, https:\/\/sisu.ut.ee\/wp-content\/uploads\/sites\/794\/eestikeelne_kompaktlogo_lk9_0-768x256-1-300x100.png 300w\" sizes=\"auto, (max-width: 768px) 100vw, 768px\"><\/figure>\n<\/div>\n\n\n\n<div class=\"wp-block-column is-vertically-aligned-center is-layout-flow wp-block-column-is-layout-flow\">\n<figure class=\"wp-block-image aligncenter size-large is-resized\"><img loading=\"lazy\" decoding=\"async\" width=\"1024\" height=\"307\" src=\"https:\/\/sisu.ut.ee\/wp-content\/uploads\/sites\/794\/EMY_LOGO_HOR_RGB_EST_ROHELINE-1024x307.gif\" alt=\"\" class=\"wp-image-111\" style=\"width:164px;height:auto\" srcset=\"https:\/\/sisu.ut.ee\/wp-content\/uploads\/sites\/794\/EMY_LOGO_HOR_RGB_EST_ROHELINE-1024x307.gif 1024w, https:\/\/sisu.ut.ee\/wp-content\/uploads\/sites\/794\/EMY_LOGO_HOR_RGB_EST_ROHELINE-300x90.gif 300w, https:\/\/sisu.ut.ee\/wp-content\/uploads\/sites\/794\/EMY_LOGO_HOR_RGB_EST_ROHELINE-768x230.gif 768w, https:\/\/sisu.ut.ee\/wp-content\/uploads\/sites\/794\/EMY_LOGO_HOR_RGB_EST_ROHELINE-1536x460.gif 1536w, https:\/\/sisu.ut.ee\/wp-content\/uploads\/sites\/794\/EMY_LOGO_HOR_RGB_EST_ROHELINE-1920x576.gif 1920w\" sizes=\"auto, (max-width: 1024px) 100vw, 1024px\"><\/figure>\n<\/div>\n\n\n\n<div class=\"wp-block-column is-vertically-aligned-center is-layout-flow wp-block-column-is-layout-flow\">\n<figure class=\"wp-block-image aligncenter size-full is-resized\"><img loading=\"lazy\" decoding=\"async\" width=\"840\" height=\"323\" src=\"https:\/\/sisu.ut.ee\/wp-content\/uploads\/sites\/794\/TLU-logo-pilt-vrv-suur-1.jpg\" alt=\"\" class=\"wp-image-165\" style=\"width:215px;height:auto\" srcset=\"https:\/\/sisu.ut.ee\/wp-content\/uploads\/sites\/794\/TLU-logo-pilt-vrv-suur-1.jpg 840w, https:\/\/sisu.ut.ee\/wp-content\/uploads\/sites\/794\/TLU-logo-pilt-vrv-suur-1-300x115.jpg 300w, https:\/\/sisu.ut.ee\/wp-content\/uploads\/sites\/794\/TLU-logo-pilt-vrv-suur-1-768x295.jpg 768w\" sizes=\"auto, (max-width: 840px) 100vw, 840px\"><\/figure>\n<\/div>\n\n\n\n<div class=\"wp-block-column is-vertically-aligned-center is-layout-flow wp-block-column-is-layout-flow\">\n<figure class=\"wp-block-image aligncenter size-large is-resized\"><img loading=\"lazy\" decoding=\"async\" width=\"1024\" height=\"243\" src=\"https:\/\/sisu.ut.ee\/wp-content\/uploads\/sites\/794\/Logo-taisplokk_eesti-1024x243.jpg\" alt=\"\" class=\"wp-image-166\" style=\"width:190px;height:auto\" srcset=\"https:\/\/sisu.ut.ee\/wp-content\/uploads\/sites\/794\/Logo-taisplokk_eesti-1024x243.jpg 1024w, https:\/\/sisu.ut.ee\/wp-content\/uploads\/sites\/794\/Logo-taisplokk_eesti-300x71.jpg 300w, https:\/\/sisu.ut.ee\/wp-content\/uploads\/sites\/794\/Logo-taisplokk_eesti-768x182.jpg 768w, https:\/\/sisu.ut.ee\/wp-content\/uploads\/sites\/794\/Logo-taisplokk_eesti.jpg 1502w\" sizes=\"auto, (max-width: 1024px) 100vw, 1024px\"><\/figure>\n<\/div>\n\n\n\n<div class=\"wp-block-column is-vertically-aligned-center is-layout-flow wp-block-column-is-layout-flow\">\n<figure class=\"wp-block-image aligncenter size-large is-resized\"><img loading=\"lazy\" decoding=\"async\" width=\"945\" height=\"747\" src=\"https:\/\/sisu.ut.ee\/wp-content\/uploads\/sites\/794\/Logo_veeb_esitlus_png-1.png\" alt=\"\" class=\"wp-image-164\" style=\"width:105px;height:auto\" srcset=\"https:\/\/sisu.ut.ee\/wp-content\/uploads\/sites\/794\/Logo_veeb_esitlus_png-1.png 945w, https:\/\/sisu.ut.ee\/wp-content\/uploads\/sites\/794\/Logo_veeb_esitlus_png-1-300x237.png 300w, https:\/\/sisu.ut.ee\/wp-content\/uploads\/sites\/794\/Logo_veeb_esitlus_png-1-768x607.png 768w\" sizes=\"auto, (max-width: 945px) 100vw, 945px\"><\/figure>\n<\/div>\n<\/div>\n\n\n\n<p><\/p>\n","protected":false},"excerpt":{"rendered":"<p>Rakuprotsesside rakenduste teadustaristu RAKERA koondab Eestis oleva raku- ja molekulaarbioloogia alase oskusteabe ning arendab v\u00e4lja Tartu \u00dclikooli, Tallinna Tehnika\u00fclikooli, Tallinna \u00dclikooli, Eesti Maa\u00fclikooli ning Keemilise ja Bioloogilise F\u00fc\u00fcsika Instituudi \u00fchiskasutusega aparatuurikompleksi. Kompleksi eesm\u00e4rk on arendada teadusalast kompetentsi ja teenuseid mikroobsete &#8230;<\/p>\n","protected":false},"author":636,"featured_media":0,"parent":0,"menu_order":0,"comment_status":"closed","ping_status":"open","template":"","meta":{"_acf_changed":false,"inline_featured_image":false,"footnotes":""},"class_list":["post-2","page","type-page","status-publish","hentry"],"acf":[],"_links":{"self":[{"href":"https:\/\/sisu.ut.ee\/rakera\/wp-json\/wp\/v2\/pages\/2","targetHints":{"allow":["GET"]}}],"collection":[{"href":"https:\/\/sisu.ut.ee\/rakera\/wp-json\/wp\/v2\/pages"}],"about":[{"href":"https:\/\/sisu.ut.ee\/rakera\/wp-json\/wp\/v2\/types\/page"}],"author":[{"embeddable":true,"href":"https:\/\/sisu.ut.ee\/rakera\/wp-json\/wp\/v2\/users\/636"}],"replies":[{"embeddable":true,"href":"https:\/\/sisu.ut.ee\/rakera\/wp-json\/wp\/v2\/comments?post=2"}],"version-history":[{"count":30,"href":"https:\/\/sisu.ut.ee\/rakera\/wp-json\/wp\/v2\/pages\/2\/revisions"}],"predecessor-version":[{"id":268,"href":"https:\/\/sisu.ut.ee\/rakera\/wp-json\/wp\/v2\/pages\/2\/revisions\/268"}],"wp:attachment":[{"href":"https:\/\/sisu.ut.ee\/rakera\/wp-json\/wp\/v2\/media?parent=2"}],"curies":[{"name":"wp","href":"https:\/\/api.w.org\/{rel}","templated":true}]}}