{"id":125,"date":"2025-10-22T12:50:12","date_gmt":"2025-10-22T09:50:12","guid":{"rendered":"https:\/\/sisu.ut.ee\/rakera\/?page_id=125"},"modified":"2026-03-19T10:58:16","modified_gmt":"2026-03-19T08:58:16","slug":"noukogu","status":"publish","type":"page","link":"https:\/\/sisu.ut.ee\/rakera\/noukogu\/","title":{"rendered":"N\u00f5ukogu"},"content":{"rendered":"<p><\/p>\n\n\n\n<figure class=\"wp-block-table\"><table class=\"table table-hover\"><thead><tr><th>Nimi<\/th><th>Ametinimetus<\/th><th>Asutus<\/th><th>Kontakt<\/th><\/tr><\/thead><tbody><tr><td>Ants Kurg<\/td><td>Molekulaarse biotehnoloogia professor<\/td><td>Tartu \u00dclikool<\/td><td>\ud83d\udcde +372 737 5018 \u2022 \u2709\ufe0f <a href=\"mailto:ants.kurg@ut.ee\">ants.kurg@ut.ee<\/a><\/td><\/tr><tr><td>Ivar Ilves<\/td><td>Biomeditsiini kaasprofessor<\/td><td>Tartu \u00dclikool<\/td><td>\ud83d\udcde +372 737 4836 \u2022 \u2709\ufe0f <a href=\"mailto:ivar.ilves@ut.ee\">ivar.ilves@ut.ee<\/a><\/td><\/tr><tr><td>Vallo Varik<\/td><td>Bioinseneeria teadur<\/td><td>Tartu \u00dclikool<\/td><td>\u2709\ufe0f <a href=\"mailto:vallo.varik@ut.ee\">vallo.varik@ut.ee<\/a><\/td><\/tr><tr><td>Pirjo Spuul<\/td><td>Keemia ja biotehnoloogia instituudi direktor<\/td><td>Tallinna Tehnika\u00fclikool<\/td><td>\ud83d\udcde +372 620 4339 \u2022 \u2709\ufe0f <a href=\"mailto:pirjo.spuul@taltech.ee\">pirjo.spuul@taltech.ee<\/a><\/td><\/tr><tr><td>K\u00e4rt M\u00e4tlik<\/td><td>Vanemteadur<\/td><td>Tallinna Tehnika\u00fclikool<\/td><td>\u2709\ufe0f <a href=\"mailto:kart.matlik@taltech.ee\">kart.matlik@taltech.ee<\/a><\/td><\/tr><tr><td>Ruth Shimmo<\/td><td>Anal\u00fc\u00fctilise biokeemia teenekas professor<\/td><td>Tallinna \u00dclikool<\/td><td>\ud83d\udcde +372 640 9400 \u2022 \u2709\ufe0f <a href=\"mailto:ruth.shimmo@tlu.ee\">ruth.shimmo@tlu.ee<\/a><\/td><\/tr><tr><td>Katri Ots<\/td><td>Metsakasvatuse teadur<\/td><td>Eesti Maa\u00fclikool<\/td><td>\u2709\ufe0f <a href=\"mailto:katri.ots@emu.ee\" data-type=\"mailto\" data-id=\"mailto:katri.ots@emu.ee\">katri.ots@emu.ee<\/a><\/td><\/tr><tr><td>Eve Veromann<\/td><td>Rakendusentomoloogia professor<\/td><td>Eesti Maa\u00fclikool<\/td><td>\ud83d\udcde +372 731 3596 \u2022 \u2709\ufe0f <a href=\"mailto:eve.veromann@emu.ee\">eve.veromann@emu.ee<\/a><\/td><\/tr><tr><td>Indrek Reile<\/td><td>Vanemteadur<\/td><td>Keemilise ja Bioloogilise F\u00fc\u00fcsika Instituut<\/td><td>\u2709\ufe0f <a href=\"mailto:indrek.reile@kbfi.ee\">indrek.reile@kbfi.ee<\/a><\/td><\/tr><tr><td>Mart Ustav jr<\/td><td>Teadusdirektor<\/td><td>Icosagen Cell Factory O\u00dc<\/td><td>\u2709\ufe0f <a href=\"mailto:mart.ustav.jr@icosagen.com\">mart.ustav.jr@icosagen.com<\/a><\/td><\/tr><tr><td>J\u00fcri Teras<\/td><td>\u00dcld- ja onkokirurgia keskuse kirurg-\u00fclemarst<\/td><td>P\u00f5hja-Eesti Regionaalhaigla SA<\/td><td>\u2709\ufe0f <a href=\"mailto:jyrite@gmail.com\">jyrite@gmail.com<\/a><\/td><\/tr><tr><td>Marko Piirsoo<\/td><td>Strateegilise anal\u00fc\u00fcsi osakonnajuhataja<\/td><td>Eesti Teadusagentuur SA<\/td><td>\ud83d\udcde +372 555 35770 \u2022 \u2709\ufe0f <a href=\"mailto:marko.piirsoo@etag.ee\">marko.piirsoo@etag.ee<\/a><\/td><\/tr><\/tbody><\/table><\/figure>\n\n\n\n<figure class=\"wp-block-image size-full\"><img loading=\"lazy\" decoding=\"async\" width=\"940\" height=\"788\" src=\"https:\/\/sisu.ut.ee\/wp-content\/uploads\/sites\/794\/RAKERA-noukogu-1.png\" alt=\"\" class=\"wp-image-138\" srcset=\"https:\/\/sisu.ut.ee\/wp-content\/uploads\/sites\/794\/RAKERA-noukogu-1.png 940w, https:\/\/sisu.ut.ee\/wp-content\/uploads\/sites\/794\/RAKERA-noukogu-1-300x251.png 300w, https:\/\/sisu.ut.ee\/wp-content\/uploads\/sites\/794\/RAKERA-noukogu-1-768x644.png 768w\" sizes=\"auto, (max-width: 940px) 100vw, 940px\"><\/figure>\n\n\n\n<p><em>Teadust\u00f6\u00f6 l\u00e4biviimisel kasutatakse teadustaristut \u201cRakuprotsesside eksperimentaaluuringud ja rakendused\u00a0\u2013\u00a0RAKERA\u201d, mida rahastab Eesti Teadusagentuur (projekt TARISTU24-TK14).<\/em><\/p>\n","protected":false},"excerpt":{"rendered":"<p>Nimi Ametinimetus Asutus Kontakt Ants Kurg Molekulaarse biotehnoloogia professor Tartu \u00dclikool \ud83d\udcde +372 737 5018 \u2022 \u2709\ufe0f ants.kurg@ut.ee Ivar Ilves Biomeditsiini kaasprofessor Tartu \u00dclikool \ud83d\udcde +372 737 4836 \u2022 \u2709\ufe0f ivar.ilves@ut.ee Vallo Varik Bioinseneeria teadur Tartu \u00dclikool \u2709\ufe0f vallo.varik@ut.ee Pirjo &#8230;<\/p>\n","protected":false},"author":911,"featured_media":0,"parent":0,"menu_order":0,"comment_status":"closed","ping_status":"closed","template":"","meta":{"_acf_changed":false,"inline_featured_image":false,"footnotes":""},"class_list":["post-125","page","type-page","status-publish","hentry"],"acf":[],"_links":{"self":[{"href":"https:\/\/sisu.ut.ee\/rakera\/wp-json\/wp\/v2\/pages\/125","targetHints":{"allow":["GET"]}}],"collection":[{"href":"https:\/\/sisu.ut.ee\/rakera\/wp-json\/wp\/v2\/pages"}],"about":[{"href":"https:\/\/sisu.ut.ee\/rakera\/wp-json\/wp\/v2\/types\/page"}],"author":[{"embeddable":true,"href":"https:\/\/sisu.ut.ee\/rakera\/wp-json\/wp\/v2\/users\/911"}],"replies":[{"embeddable":true,"href":"https:\/\/sisu.ut.ee\/rakera\/wp-json\/wp\/v2\/comments?post=125"}],"version-history":[{"count":4,"href":"https:\/\/sisu.ut.ee\/rakera\/wp-json\/wp\/v2\/pages\/125\/revisions"}],"predecessor-version":[{"id":313,"href":"https:\/\/sisu.ut.ee\/rakera\/wp-json\/wp\/v2\/pages\/125\/revisions\/313"}],"wp:attachment":[{"href":"https:\/\/sisu.ut.ee\/rakera\/wp-json\/wp\/v2\/media?parent=125"}],"curies":[{"name":"wp","href":"https:\/\/api.w.org\/{rel}","templated":true}]}}