{"id":118,"date":"2025-10-22T12:38:10","date_gmt":"2025-10-22T09:38:10","guid":{"rendered":"https:\/\/sisu.ut.ee\/rakera\/?page_id=118"},"modified":"2025-11-11T14:40:55","modified_gmt":"2025-11-11T12:40:55","slug":"juhtkomitee","status":"publish","type":"page","link":"https:\/\/sisu.ut.ee\/rakera\/juhtkomitee\/","title":{"rendered":"Juhtkomitee"},"content":{"rendered":"<p><strong><em>Juhtkomitee<\/em>, ehk operatiivne juhtorgan<\/strong>\u00a0tegeleb taristu vahetu juhtimisega ning otsustab teadustaristu raames eraldatud rahaliste vahendite<br>kasutamise \u00fcle.<\/p>\n\n\n\n<h4 class=\"wp-block-heading\"><strong>Liikmed<\/strong><\/h4>\n\n\n\n<figure class=\"wp-block-table\"><table class=\"table table-hover\"><thead><tr><th><strong>Nimi<\/strong><\/th><th><strong>Ametinimetus<\/strong><\/th><th><strong>Asutus<\/strong><\/th><th><strong>Kontakt<\/strong><\/th><\/tr><\/thead><tbody><tr><td><strong>Angela Ivask<\/strong><\/td><td>Geneetika professor<\/td><td>Tartu \u00dclikool<\/td><td>\ud83d\udcde +372 737 5020 \u2022 \u2709\ufe0f <a>angela.ivask@ut.ee<\/a><\/td><\/tr><tr><td><strong>Maikki Moosus<\/strong><\/td><td>Projektijuht<\/td><td>Tartu \u00dclikool<\/td><td>\ud83d\udcde +372 737 6802 \u2022 \u2709\ufe0f <a>maikki.moosus@ut.ee<\/a><\/td><\/tr><tr><td><strong>Ott Scheler<\/strong><\/td><td>Kaasprofessor tenuuris<\/td><td>Tallinna Tehnika\u00fclikool<\/td><td>\u2709\ufe0f <a>ott.scheler@taltech.ee<\/a><\/td><\/tr><tr><td><strong>Rein Drenkhan<\/strong><\/td><td>Metsapatoloogia professor<\/td><td>Eesti Maa\u00fclikool<\/td><td>\ud83d\udcde +372 731 3169 \u2022 \u2709\ufe0f <a>rein.drenkhan@emu.ee<\/a><\/td><\/tr><tr><td><strong>Rando Tuvikene<\/strong><\/td><td>Biopol\u00fcmeeride keemia professor<\/td><td>Tallinna \u00dclikool<\/td><td>\ud83d\udcde +372 619 9843 \u2022 \u2709\ufe0f <a>rando.tuvikene@tlu.ee<\/a><\/td><\/tr><tr><td><strong>Tuuli K\u00e4\u00e4mbre<\/strong><\/td><td>Juhtivteadur<\/td><td>Keemilise ja Bioloogilise F\u00fc\u00fcsika Instituut<\/td><td>\ud83d\udcde +372 561 59541 \u2022 \u2709\ufe0f <a>tuuli.kaambre@kbfi.ee<\/a><\/td><\/tr><\/tbody><\/table><\/figure>\n\n\n\n<p><em>Teadust\u00f6\u00f6 l\u00e4biviimisel kasutatakse teadustaristut \u201cRakuprotsesside eksperimentaaluuringud ja rakendused\u00a0\u2013\u00a0RAKERA\u201d, mida rahastab Eesti Teadusagentuur (projekt TARISTU24-TK14).<\/em><\/p>\n\n\n\n<figure class=\"wp-block-image size-full\"><img loading=\"lazy\" decoding=\"async\" width=\"940\" height=\"788\" src=\"https:\/\/sisu.ut.ee\/wp-content\/uploads\/sites\/794\/RAKERA-JUHTKOMITEE-.png\" alt=\"\" class=\"wp-image-131\" srcset=\"https:\/\/sisu.ut.ee\/wp-content\/uploads\/sites\/794\/RAKERA-JUHTKOMITEE-.png 940w, https:\/\/sisu.ut.ee\/wp-content\/uploads\/sites\/794\/RAKERA-JUHTKOMITEE--300x251.png 300w, https:\/\/sisu.ut.ee\/wp-content\/uploads\/sites\/794\/RAKERA-JUHTKOMITEE--768x644.png 768w\" sizes=\"auto, (max-width: 940px) 100vw, 940px\"><\/figure>\n\n\n\n<p><\/p>\n","protected":false},"excerpt":{"rendered":"<p>Juhtkomitee, ehk operatiivne juhtorgan\u00a0tegeleb taristu vahetu juhtimisega ning otsustab teadustaristu raames eraldatud rahaliste vahenditekasutamise \u00fcle. Liikmed Nimi Ametinimetus Asutus Kontakt Angela Ivask Geneetika professor Tartu \u00dclikool \ud83d\udcde +372 737 5020 \u2022 \u2709\ufe0f angela.ivask@ut.ee Maikki Moosus Projektijuht Tartu \u00dclikool \ud83d\udcde +372 &#8230;<\/p>\n","protected":false},"author":911,"featured_media":0,"parent":0,"menu_order":0,"comment_status":"closed","ping_status":"closed","template":"","meta":{"_acf_changed":false,"inline_featured_image":false,"footnotes":""},"class_list":["post-118","page","type-page","status-publish","hentry"],"acf":[],"_links":{"self":[{"href":"https:\/\/sisu.ut.ee\/rakera\/wp-json\/wp\/v2\/pages\/118","targetHints":{"allow":["GET"]}}],"collection":[{"href":"https:\/\/sisu.ut.ee\/rakera\/wp-json\/wp\/v2\/pages"}],"about":[{"href":"https:\/\/sisu.ut.ee\/rakera\/wp-json\/wp\/v2\/types\/page"}],"author":[{"embeddable":true,"href":"https:\/\/sisu.ut.ee\/rakera\/wp-json\/wp\/v2\/users\/911"}],"replies":[{"embeddable":true,"href":"https:\/\/sisu.ut.ee\/rakera\/wp-json\/wp\/v2\/comments?post=118"}],"version-history":[{"count":4,"href":"https:\/\/sisu.ut.ee\/rakera\/wp-json\/wp\/v2\/pages\/118\/revisions"}],"predecessor-version":[{"id":262,"href":"https:\/\/sisu.ut.ee\/rakera\/wp-json\/wp\/v2\/pages\/118\/revisions\/262"}],"wp:attachment":[{"href":"https:\/\/sisu.ut.ee\/rakera\/wp-json\/wp\/v2\/media?parent=118"}],"curies":[{"name":"wp","href":"https:\/\/api.w.org\/{rel}","templated":true}]}}