{"id":7,"date":"2024-04-04T07:52:31","date_gmt":"2024-04-04T04:52:31","guid":{"rendered":"https:\/\/sisu.ut.ee\/radooniuuring\/osalejale\/"},"modified":"2025-03-27T16:24:41","modified_gmt":"2025-03-27T14:24:41","slug":"osalejale","status":"publish","type":"page","link":"https:\/\/sisu.ut.ee\/radooniuuring\/osalejale\/","title":{"rendered":"Osalejale"},"content":{"rendered":"<p>Ait\u00e4h, et osalete elamute sise\u00f5hu radooniuuringus!<br>Teile saadetud postipakist leiate detektorid (2tk), <a href=\"https:\/\/sisu.ut.ee\/wp-content\/uploads\/sites\/549\/Juhis-osalejale-2024_25_III-laine.pdf\">juhise detektorite paigaldamiseks<\/a>, <a href=\"https:\/\/sisu.ut.ee\/wp-content\/uploads\/sites\/549\/Ankeet-osalejale_2025_III-laine.pdf\">ankeedi<\/a> ning tagastamise \u00fcmbriku.<\/p>\n\n\n<div class=\"wp-block-columns is-layout-flex wp-container-core-columns-is-layout-9d6595d7 wp-block-columns-is-layout-flex\">\n<div class=\"wp-block-column is-layout-flow wp-block-column-is-layout-flow\">\n<figure class=\"wp-block-image aligncenter size-large\"><img loading=\"lazy\" decoding=\"async\" width=\"1024\" height=\"768\" src=\"https:\/\/sisu.ut.ee\/wp-content\/uploads\/sites\/549\/IMG_20241122_101552_HDR-1024x768.jpg\" alt=\"\" class=\"wp-image-71\" srcset=\"https:\/\/sisu.ut.ee\/wp-content\/uploads\/sites\/549\/IMG_20241122_101552_HDR-1024x768.jpg 1024w, https:\/\/sisu.ut.ee\/wp-content\/uploads\/sites\/549\/IMG_20241122_101552_HDR-300x225.jpg 300w, https:\/\/sisu.ut.ee\/wp-content\/uploads\/sites\/549\/IMG_20241122_101552_HDR-768x576.jpg 768w, https:\/\/sisu.ut.ee\/wp-content\/uploads\/sites\/549\/IMG_20241122_101552_HDR-1536x1152.jpg 1536w, https:\/\/sisu.ut.ee\/wp-content\/uploads\/sites\/549\/IMG_20241122_101552_HDR-2048x1536.jpg 2048w, https:\/\/sisu.ut.ee\/wp-content\/uploads\/sites\/549\/IMG_20241122_101552_HDR-1920x1440.jpg 1920w\" sizes=\"auto, (max-width: 1024px) 100vw, 1024px\"><figcaption class=\"wp-element-caption\">Alumiiniumpakendis detektorid.<\/figcaption><\/figure>\n<\/div>\n\n\n\n<div class=\"wp-block-column is-layout-flow wp-block-column-is-layout-flow\">\n<figure class=\"wp-block-image aligncenter size-large\"><img loading=\"lazy\" decoding=\"async\" width=\"1024\" height=\"768\" src=\"https:\/\/sisu.ut.ee\/wp-content\/uploads\/sites\/549\/IMG_20241114_093853_HDR-1024x768.jpg\" alt=\"\" class=\"wp-image-75\" srcset=\"https:\/\/sisu.ut.ee\/wp-content\/uploads\/sites\/549\/IMG_20241114_093853_HDR-1024x768.jpg 1024w, https:\/\/sisu.ut.ee\/wp-content\/uploads\/sites\/549\/IMG_20241114_093853_HDR-300x225.jpg 300w, https:\/\/sisu.ut.ee\/wp-content\/uploads\/sites\/549\/IMG_20241114_093853_HDR-768x576.jpg 768w, https:\/\/sisu.ut.ee\/wp-content\/uploads\/sites\/549\/IMG_20241114_093853_HDR-1536x1152.jpg 1536w, https:\/\/sisu.ut.ee\/wp-content\/uploads\/sites\/549\/IMG_20241114_093853_HDR-2048x1536.jpg 2048w, https:\/\/sisu.ut.ee\/wp-content\/uploads\/sites\/549\/IMG_20241114_093853_HDR-1920x1440.jpg 1920w\" sizes=\"auto, (max-width: 1024px) 100vw, 1024px\"><figcaption class=\"wp-element-caption\">M\u00f5\u00f5tmise alustamiseks avage pakend.<\/figcaption><\/figure>\n<\/div>\n<\/div>\n\n\n\n<p>M\u00f5\u00f5tmise alustamiseks v\u00f5tke detektorid alumiiniumpakendist v\u00e4lja. Detektorid tuleb paigaldada eluruumidesse: \u00fcks elutuppa ja teine magamistuppa. M\u00f5\u00f5tmisperioodi jooksul j\u00e4tkake oma tavap\u00e4rast elur\u00fctmi (ruumide kasutusharjumused, k\u00fctmine ning tuulutamine).<br>Kahe kuu p\u00e4rast palume teil detektorid koos t\u00e4idetud ankeediga posti teel laborisse tagastada. Selleks pange detektor tagasi alumiiniumkotti ja sulgege hoolikalt. Enne detektorite tagastamist veenduge, et ankeedile on korrektselt m\u00e4rgitud:<\/p>\n\n\n\n<ul class=\"wp-block-list\">\n<li>detektorite ID-d (detektori pakendil ja detektori alumisel k\u00fcljel\u00a0asuv kood),<\/li>\n\n\n\n<li>ruum, kus detektor asus, ning ruumi korrus,<\/li>\n\n\n\n<li>m\u00f5\u00f5teperioodi alguse ja l\u00f5pu kuup\u00e4evad.<\/li>\n<\/ul>\n\n\n\n<p>Seej\u00e4rel pistke detektorid koos t\u00e4idetud ankeediga tagastamise \u00fcmbrikusse ja viige l\u00e4himasse Omniva pakiautomaati. Kahe kuu jooksul p\u00e4rast detektorite tagastamist saadame teile e-posti teel teie kodu radoonisisalduse m\u00f5\u00f5tmistulemused.<\/p>\n\n\n\n<div class=\"wp-block-columns is-layout-flex wp-container-core-columns-is-layout-9d6595d7 wp-block-columns-is-layout-flex\">\n<div class=\"wp-block-column is-layout-flow wp-block-column-is-layout-flow\">\n<figure class=\"wp-block-image aligncenter size-large\"><img loading=\"lazy\" decoding=\"async\" width=\"768\" height=\"1024\" src=\"https:\/\/sisu.ut.ee\/wp-content\/uploads\/sites\/549\/IMG_20241114_093915_HDR-768x1024.jpg\" alt=\"\" class=\"wp-image-79\" srcset=\"https:\/\/sisu.ut.ee\/wp-content\/uploads\/sites\/549\/IMG_20241114_093915_HDR-768x1024.jpg 768w, https:\/\/sisu.ut.ee\/wp-content\/uploads\/sites\/549\/IMG_20241114_093915_HDR-225x300.jpg 225w, https:\/\/sisu.ut.ee\/wp-content\/uploads\/sites\/549\/IMG_20241114_093915_HDR-1152x1536.jpg 1152w, https:\/\/sisu.ut.ee\/wp-content\/uploads\/sites\/549\/IMG_20241114_093915_HDR-1536x2048.jpg 1536w, https:\/\/sisu.ut.ee\/wp-content\/uploads\/sites\/549\/IMG_20241114_093915_HDR-scaled.jpg 1920w\" sizes=\"auto, (max-width: 768px) 100vw, 768px\"><figcaption class=\"wp-element-caption\">Detektori ID on 6-kohaline kood deketori peal.<\/figcaption><\/figure>\n<\/div>\n\n\n\n<div class=\"wp-block-column is-layout-flow wp-block-column-is-layout-flow\">\n<figure class=\"wp-block-image aligncenter size-large\"><img loading=\"lazy\" decoding=\"async\" width=\"768\" height=\"1024\" src=\"https:\/\/sisu.ut.ee\/wp-content\/uploads\/sites\/549\/IMG_20241122_110908_HDR-768x1024.jpg\" alt=\"\" class=\"wp-image-80\" srcset=\"https:\/\/sisu.ut.ee\/wp-content\/uploads\/sites\/549\/IMG_20241122_110908_HDR-768x1024.jpg 768w, https:\/\/sisu.ut.ee\/wp-content\/uploads\/sites\/549\/IMG_20241122_110908_HDR-225x300.jpg 225w, https:\/\/sisu.ut.ee\/wp-content\/uploads\/sites\/549\/IMG_20241122_110908_HDR-1152x1536.jpg 1152w, https:\/\/sisu.ut.ee\/wp-content\/uploads\/sites\/549\/IMG_20241122_110908_HDR-1536x2048.jpg 1536w, https:\/\/sisu.ut.ee\/wp-content\/uploads\/sites\/549\/IMG_20241122_110908_HDR-scaled.jpg 1920w\" sizes=\"auto, (max-width: 768px) 100vw, 768px\"><figcaption class=\"wp-element-caption\">Laborisse saatmiseks paki detektor tagasi alumiiniumkotikesse.<\/figcaption><\/figure>\n<\/div>\n\n\n\n<div class=\"wp-block-column is-layout-flow wp-block-column-is-layout-flow\">\n<figure class=\"wp-block-image aligncenter size-large\"><img loading=\"lazy\" decoding=\"async\" width=\"768\" height=\"1024\" src=\"https:\/\/sisu.ut.ee\/wp-content\/uploads\/sites\/549\/IMG_20241122_124928_HDR-768x1024.jpg\" alt=\"\" class=\"wp-image-83\" srcset=\"https:\/\/sisu.ut.ee\/wp-content\/uploads\/sites\/549\/IMG_20241122_124928_HDR-768x1024.jpg 768w, https:\/\/sisu.ut.ee\/wp-content\/uploads\/sites\/549\/IMG_20241122_124928_HDR-225x300.jpg 225w, https:\/\/sisu.ut.ee\/wp-content\/uploads\/sites\/549\/IMG_20241122_124928_HDR-1152x1536.jpg 1152w, https:\/\/sisu.ut.ee\/wp-content\/uploads\/sites\/549\/IMG_20241122_124928_HDR-1536x2048.jpg 1536w, https:\/\/sisu.ut.ee\/wp-content\/uploads\/sites\/549\/IMG_20241122_124928_HDR-scaled.jpg 1920w\" sizes=\"auto, (max-width: 768px) 100vw, 768px\"><figcaption class=\"wp-element-caption\">Sulgege panekd hoolikalt (n\u00e4iteks teibiga).<\/figcaption><\/figure>\n<\/div>\n\n\n\n<div class=\"wp-block-column is-layout-flow wp-block-column-is-layout-flow\">\n<figure class=\"wp-block-image aligncenter size-full\"><img loading=\"lazy\" decoding=\"async\" width=\"450\" height=\"600\" src=\"https:\/\/sisu.ut.ee\/wp-content\/uploads\/sites\/549\/img_20220309_ymbrik.png\" alt=\"Tagastamise \u00fcmbrik\" class=\"wp-image-20\" srcset=\"https:\/\/sisu.ut.ee\/wp-content\/uploads\/sites\/549\/img_20220309_ymbrik.png 450w, https:\/\/sisu.ut.ee\/wp-content\/uploads\/sites\/549\/img_20220309_ymbrik-225x300.png 225w\" sizes=\"auto, (max-width: 450px) 100vw, 450px\"><figcaption class=\"wp-element-caption\">Tagastamise \u00fcmbrik<\/figcaption><\/figure>\n<\/div>\n<\/div>\n\n\n\n<figure class=\"wp-block-table is-style-stripes\"><table class=\"table table-hover\"><tbody><tr><td><mark style=\"background-color:rgba(0, 0, 0, 0)\" class=\"has-inline-color has-primary-color\"><strong>Detektorite tagastamise kuup\u00e4evad<\/strong><\/mark><\/td><td><\/td><td><\/td><\/tr><tr><td><strong><em>Millal alustasite m\u00f5\u00f5tmist?<\/em><\/strong><\/td><td><strong><em>Kuup\u00e4ev, mil detektorid peavad j\u00f5udma laborisse<\/em><\/strong><\/td><td><em><strong>M\u00f5\u00f5tmistulemuste teatamine<\/strong><\/em><\/td><\/tr><tr><td>Hiljemalt 15.12.2024<\/td><td>20.02.2025<\/td><td>Aprill 2025<\/td><\/tr><tr><td>Hiljemalt 01.02.2025<\/td><td>05.04.2025<\/td><td>Mai 2025<\/td><\/tr><tr><td>Hiljemalt 01.03.2025<\/td><td>05.05.2025<\/td><td>Juuni 2025<\/td><\/tr><\/tbody><\/table><\/figure>\n\n\n\n<p>Konkreetse eluruumi m\u00f5\u00f5tmistulemuste konfidentsiaalsus on tagatud. Tulemused kantakse ruumide sise\u00f5hu radooni m\u00f5\u00f5tetulemuste andmebaasi, mida haldab Keskkonnaamet. Andmete avalikustamisel keskmistatakse need kohaliku omavalitsuse (linna v\u00f5i valla) kohta. Tutvu <a href=\"https:\/\/sisu.ut.ee\/wp-content\/uploads\/sites\/549\/Rn-uuringu-n6usolek.pdf\" target=\"_blank\" rel=\"noreferrer noopener\">isikuandmete t\u00f6\u00f6tlemise p\u00f5him\u00f5tetega<\/a>.<\/p>\n\n\n\n<p>NB! Detektorid ei sisalda elektroonikat ega ole ise radioaktiivsed. Detektori korpuse sees on v\u00e4ike plastikplaat, millele j\u00e4\u00e4vad radooni lagunemisel j\u00e4ljed.<\/p>\n\n\n\n<p>K\u00fcsimuste korral: Siiri Salupere (<a href=\"mailto:siiri.salupere@ut.ee\">siiri.salupere@ut.ee<\/a>), uuringu projektijuht.<\/p>\n","protected":false},"excerpt":{"rendered":"<p>Ait\u00e4h, et osalete elamute sise\u00f5hu radooniuuringus!Teile saadetud postipakist leiate detektorid (2tk), juhise detektorite paigaldamiseks, ankeedi ning tagastamise \u00fcmbriku. M\u00f5\u00f5tmise alustamiseks v\u00f5tke detektorid alumiiniumpakendist v\u00e4lja. Detektorid tuleb paigaldada eluruumidesse: \u00fcks elutuppa ja teine magamistuppa. M\u00f5\u00f5tmisperioodi jooksul j\u00e4tkake oma tavap\u00e4rast elur\u00fctmi (ruumide &#8230;<\/p>\n","protected":false},"author":277,"featured_media":0,"parent":0,"menu_order":0,"comment_status":"closed","ping_status":"closed","template":"","meta":{"_acf_changed":false,"inline_featured_image":false,"footnotes":""},"class_list":["post-7","page","type-page","status-publish","hentry"],"acf":[],"_links":{"self":[{"href":"https:\/\/sisu.ut.ee\/radooniuuring\/wp-json\/wp\/v2\/pages\/7","targetHints":{"allow":["GET"]}}],"collection":[{"href":"https:\/\/sisu.ut.ee\/radooniuuring\/wp-json\/wp\/v2\/pages"}],"about":[{"href":"https:\/\/sisu.ut.ee\/radooniuuring\/wp-json\/wp\/v2\/types\/page"}],"author":[{"embeddable":true,"href":"https:\/\/sisu.ut.ee\/radooniuuring\/wp-json\/wp\/v2\/users\/277"}],"replies":[{"embeddable":true,"href":"https:\/\/sisu.ut.ee\/radooniuuring\/wp-json\/wp\/v2\/comments?post=7"}],"version-history":[{"count":23,"href":"https:\/\/sisu.ut.ee\/radooniuuring\/wp-json\/wp\/v2\/pages\/7\/revisions"}],"predecessor-version":[{"id":134,"href":"https:\/\/sisu.ut.ee\/radooniuuring\/wp-json\/wp\/v2\/pages\/7\/revisions\/134"}],"wp:attachment":[{"href":"https:\/\/sisu.ut.ee\/radooniuuring\/wp-json\/wp\/v2\/media?parent=7"}],"curies":[{"name":"wp","href":"https:\/\/api.w.org\/{rel}","templated":true}]}}