{"id":6,"date":"2024-04-04T07:52:31","date_gmt":"2024-04-04T04:52:31","guid":{"rendered":"https:\/\/sisu.ut.ee\/radooniuuring\/elamute-siseohu-radooniuuring-2022\/"},"modified":"2024-11-27T11:04:54","modified_gmt":"2024-11-27T09:04:54","slug":"elamute-siseohu-radooniuuring","status":"publish","type":"page","link":"https:\/\/sisu.ut.ee\/radooniuuring\/elamute-siseohu-radooniuuring\/","title":{"rendered":"Elamute sise\u00f5hu radooniuuring"},"content":{"rendered":"<p>Projekti eesm\u00e4rgiks on l\u00e4bi viia \u00fcleriigiline sise\u00f5hu radoonisisalduse m\u00f5\u00f5tekampaania, mis v\u00f5imaldab oluliselt t\u00e4iendada t\u00e4naseid teadmisi sise\u00f5hu radoonisisalduse jaotusest Eesti omavalitsus\u00fcksustes.<\/p>\n\n\n\n<p>Uuringu tulemused aitavad v\u00e4lja selgitada omavalitsus\u00fcksusi, kus sise\u00f5hu radoonisisaldus elamutes on keskmisest k\u00f5rgem. See teadmine v\u00f5imaldaks riigil v\u00e4lja t\u00f6\u00f6tada rahalisi toetusmeetmeid sise\u00f5hu radoonisisalduse v\u00e4hendamiseks probleemsetes piirkondades.<\/p>\n\n\n\n<p>Uuringu k\u00e4igus v\u00e4rvatakse osalejad ning teostatakse 2000 detektorit kasutades ligi 1000 elamus sise\u00f5hu radoonisisalduse m\u00f5\u00f5tmine. Detektorite anal\u00fc\u00fcs toimub Keskkonnaameti kliima- ja kiirgusosakonna kiirgusseireb\u00fcroos.<\/p>\n\n\n\n<figure class=\"wp-block-table aligncenter is-style-stripes\"><table class=\"table table-hover\"><tbody><tr><td><p>Uuringu tellija:<\/p><\/td><td><p>Kliimaministeerium<\/p><\/td><\/tr><tr><td><p>Teostaja:<\/p><\/td><td><p>Tartu \u00dclikooli F\u00fc\u00fcsika Instituut, atmosf\u00e4\u00e4ri- ja keskkonnateaduste labor<\/p><\/td><\/tr><tr><td><p>Koost\u00f6\u00f6<span style=\"font-family: inherit; font-size: inherit; font-weight: inherit; text-align: var(--bs-body-text-align);\">:<\/span><\/p><\/td><td><p>Keskkonnaameti kliima- ja kiirgusosakond<\/p><\/td><\/tr><\/tbody><\/table><\/figure>\n\n\n\n<p>Lisainfo: Siiri Salupere (<a href=\"mailto:siiri.salupere@ut.ee\">siiri.salupere@ut.ee<\/a>), uuringu projektijuht.<\/p>\n\n\n\n<p><strong>Projekti ajakava:<\/strong><\/p>\n\n\n\n<ul class=\"wp-block-list\">\n<li>detsember 2024 \u2013 aprill 2025 m\u00f5\u00f5tmiste l\u00e4biviimine;<\/li>\n\n\n\n<li>m\u00e4rts \u2013 mai 2025 detektorite laboratoorne anal\u00fc\u00fcs;<\/li>\n\n\n\n<li> aprill \u2013 juuni 2025 m\u00f5\u00f5tmistulemuste saatmine osalejatele;<\/li>\n\n\n\n<li>juuli \u2013 detsember 2025 m\u00f5\u00f5tmistulemuste anal\u00fc\u00fcs;<\/li>\n\n\n\n<li>jaanuar 2026 l\u00f5pparuande valmimine.<\/li>\n<\/ul>\n\n\n<p>2024-2025 teostatav \u00fcleriigiline elamute sise\u00f5hu radooniuuring on j\u00e4tk 2022. aastal l\u00e4biviidud elamute sise\u00f5hu radooniuuringule. 2022. aasta uuringus m\u00f5\u00f5deti sise\u00f5hu radoonisisaldust pea 500 eluhoones \u00fcle Eesti. Tutvu <a href=\"https:\/\/sisu.ut.ee\/wp-content\/uploads\/sites\/549\/Rn2022_l6pparuanne.pdf\" target=\"_blank\" rel=\"noopener\">2022. a uuringu aruandega<\/a>.<\/p>","protected":false},"excerpt":{"rendered":"<p>Projekti eesm\u00e4rgiks on l\u00e4bi viia \u00fcleriigiline sise\u00f5hu radoonisisalduse m\u00f5\u00f5tekampaania, mis v\u00f5imaldab oluliselt t\u00e4iendada t\u00e4naseid teadmisi sise\u00f5hu radoonisisalduse jaotusest Eesti omavalitsus\u00fcksustes. Uuringu tulemused aitavad v\u00e4lja selgitada omavalitsus\u00fcksusi, kus sise\u00f5hu radoonisisaldus elamutes on keskmisest k\u00f5rgem. See teadmine v\u00f5imaldaks riigil v\u00e4lja t\u00f6\u00f6tada rahalisi &#8230;<\/p>\n","protected":false},"author":277,"featured_media":0,"parent":0,"menu_order":0,"comment_status":"closed","ping_status":"closed","template":"","meta":{"_acf_changed":false,"inline_featured_image":false,"footnotes":""},"class_list":["post-6","page","type-page","status-publish","hentry"],"acf":[],"_links":{"self":[{"href":"https:\/\/sisu.ut.ee\/radooniuuring\/wp-json\/wp\/v2\/pages\/6","targetHints":{"allow":["GET"]}}],"collection":[{"href":"https:\/\/sisu.ut.ee\/radooniuuring\/wp-json\/wp\/v2\/pages"}],"about":[{"href":"https:\/\/sisu.ut.ee\/radooniuuring\/wp-json\/wp\/v2\/types\/page"}],"author":[{"embeddable":true,"href":"https:\/\/sisu.ut.ee\/radooniuuring\/wp-json\/wp\/v2\/users\/277"}],"replies":[{"embeddable":true,"href":"https:\/\/sisu.ut.ee\/radooniuuring\/wp-json\/wp\/v2\/comments?post=6"}],"version-history":[{"count":6,"href":"https:\/\/sisu.ut.ee\/radooniuuring\/wp-json\/wp\/v2\/pages\/6\/revisions"}],"predecessor-version":[{"id":125,"href":"https:\/\/sisu.ut.ee\/radooniuuring\/wp-json\/wp\/v2\/pages\/6\/revisions\/125"}],"wp:attachment":[{"href":"https:\/\/sisu.ut.ee\/radooniuuring\/wp-json\/wp\/v2\/media?parent=6"}],"curies":[{"name":"wp","href":"https:\/\/api.w.org\/{rel}","templated":true}]}}