{"id":5,"date":"2024-04-04T07:52:31","date_gmt":"2024-04-04T04:52:31","guid":{"rendered":"https:\/\/sisu.ut.ee\/radooniuuring\/miks-radoon-oluline\/"},"modified":"2024-11-22T14:04:12","modified_gmt":"2024-11-22T12:04:12","slug":"miks-radoon-oluline","status":"publish","type":"page","link":"https:\/\/sisu.ut.ee\/radooniuuring\/miks-radoon-oluline\/","title":{"rendered":"Miks on radoon oluline?"},"content":{"rendered":"<p>Radoon on tervisele kahjulik, see suurendab pikas perspektiivis kopsuv\u00e4hi esinemise t\u00f5en\u00e4osust. Maailma Terviseorganisatsioon toob v\u00e4lja, et radoon sise\u00f5hus on kopsuv\u00e4hi tekkep\u00f5hjusena suitsetamise j\u00e4rel II kohal (<a href=\"https:\/\/www.who.int\/publications\/i\/item\/9789241547673\" target=\"_blank\" rel=\"noopener\">WHO, 2009<\/a>). Varasemate uuringute raames on hinnatud, et Eestis p\u00f5hjustab radoon elamutes igal aastal ca 90 uut kopsuv\u00e4hi juhtu (<a href=\"https:\/\/www.stralsakerhetsmyndigheten.se\/contentassets\/046811b6d3be4266b2c0e3f681b172bc\/200316--radon-in-estonian-dwellings.-results-from-a-national-radon-survey\" target=\"_blank\" rel=\"noopener\">Pahapill et al. 2003<\/a>). See on v\u00f5rreldav inimeste arvuga, kes hukkuvad Eestis iga-aastaselt liiklus\u00f5nnetuses.<\/p>\n<p>Teema on eriti aktuaalne inimestele, kes elavad maapinnaga kokku puutuvatel korrustel, sest radoon on \u00f5hust 7,5 korda raskem gaas ega j\u00f5ua k\u00f5rgematele korrustele. Seep\u00e4rast on ka riikliku radooniuuringu sihtgrupiks\u00a0<strong>eramajade ja korrusmajade esimeste korruste ning keldrikorruste elanikud<\/strong>.<\/p>\n","protected":false},"excerpt":{"rendered":"<p>Radoon on tervisele kahjulik, see suurendab pikas perspektiivis kopsuv\u00e4hi esinemise t\u00f5en\u00e4osust. Maailma Terviseorganisatsioon toob v\u00e4lja, et radoon sise\u00f5hus on kopsuv\u00e4hi tekkep\u00f5hjusena suitsetamise j\u00e4rel II kohal (WHO, 2009). Varasemate uuringute raames on hinnatud, et Eestis p\u00f5hjustab radoon elamutes igal aastal ca &#8230;<\/p>\n","protected":false},"author":277,"featured_media":0,"parent":0,"menu_order":0,"comment_status":"closed","ping_status":"closed","template":"","meta":{"_acf_changed":false,"inline_featured_image":false,"footnotes":""},"class_list":["post-5","page","type-page","status-publish","hentry"],"acf":[],"_links":{"self":[{"href":"https:\/\/sisu.ut.ee\/radooniuuring\/wp-json\/wp\/v2\/pages\/5","targetHints":{"allow":["GET"]}}],"collection":[{"href":"https:\/\/sisu.ut.ee\/radooniuuring\/wp-json\/wp\/v2\/pages"}],"about":[{"href":"https:\/\/sisu.ut.ee\/radooniuuring\/wp-json\/wp\/v2\/types\/page"}],"author":[{"embeddable":true,"href":"https:\/\/sisu.ut.ee\/radooniuuring\/wp-json\/wp\/v2\/users\/277"}],"replies":[{"embeddable":true,"href":"https:\/\/sisu.ut.ee\/radooniuuring\/wp-json\/wp\/v2\/comments?post=5"}],"version-history":[{"count":3,"href":"https:\/\/sisu.ut.ee\/radooniuuring\/wp-json\/wp\/v2\/pages\/5\/revisions"}],"predecessor-version":[{"id":99,"href":"https:\/\/sisu.ut.ee\/radooniuuring\/wp-json\/wp\/v2\/pages\/5\/revisions\/99"}],"wp:attachment":[{"href":"https:\/\/sisu.ut.ee\/radooniuuring\/wp-json\/wp\/v2\/media?parent=5"}],"curies":[{"name":"wp","href":"https:\/\/api.w.org\/{rel}","templated":true}]}}