{"id":3,"date":"2024-04-04T07:52:30","date_gmt":"2024-04-04T04:52:30","guid":{"rendered":"https:\/\/sisu.ut.ee\/radooniuuring\/avaleht\/"},"modified":"2026-03-30T10:59:37","modified_gmt":"2026-03-30T07:59:37","slug":"avaleht","status":"publish","type":"page","link":"https:\/\/sisu.ut.ee\/radooniuuring\/","title":{"rendered":"Elamute sise\u00f5hu radooniuuring 2024-2025"},"content":{"rendered":"<p>T\u00dc F\u00fc\u00fcsika Instituudi <span style=\"font-size: revert; font-weight: var(--bs-body-font-weight); text-align: var(--bs-body-text-align);\">atmosf\u00e4\u00e4ri- ja keskkonnateaduste labor<\/span> viib l\u00e4bi \u00fcleriigilist elamute sise\u00f5hu radoonisisalduse uuringut. Uuringu eesm\u00e4rgiks on teostada sise\u00f5hu radoonim\u00f5\u00f5tmine pea 1000 eluhoones \u00fcle Eesti, et saada parem \u00fclevaade sise\u00f5hu radoonisisalduse jaotusest Eesti omavalitsus\u00fcksustes.<\/p>\n\n\n\n<p class=\"has-large-font-size\"><strong><mark style=\"background-color:rgba(0, 0, 0, 0)\" class=\"has-inline-color has-blue-active-color\">Osalejate registreerimine on l\u00f5ppenud! Ait\u00e4h k\u00f5igile huvilistele! Uuringu tulemustega saate tutvuda siin:<\/mark><\/strong><\/p>\n\n\n\n<div data-wp-interactive=\"core\/file\" class=\"wp-block-file\"><object data-wp-bind--hidden=\"!state.hasPdfPreview\" hidden class=\"wp-block-file__embed\" data=\"https:\/\/sisu.ut.ee\/wp-content\/uploads\/sites\/549\/Rn_l6pparuanne_2024_2025_final.pdf\" type=\"application\/pdf\" style=\"width:100%;height:600px\" aria-label=\"Lisa Rn_l6pparuanne_2024_2025_final.\"><\/object><a id=\"wp-block-file--media-54c33d33-1abc-4606-9465-ab3505abd710\" href=\"https:\/\/sisu.ut.ee\/wp-content\/uploads\/sites\/549\/Rn_l6pparuanne_2024_2025_final.pdf\">Rn_l6pparuanne_2024_2025_final<\/a><a href=\"https:\/\/sisu.ut.ee\/wp-content\/uploads\/sites\/549\/Rn_l6pparuanne_2024_2025_final.pdf\" class=\"wp-block-file__button wp-element-button\" download aria-describedby=\"wp-block-file--media-54c33d33-1abc-4606-9465-ab3505abd710\">Laadi alla<\/a><\/div>\n\n\n\n<figure class=\"wp-block-image alignright size-large is-resized\"><img loading=\"lazy\" decoding=\"async\" width=\"1024\" height=\"607\" src=\"https:\/\/sisu.ut.ee\/wp-content\/uploads\/sites\/549\/Rn-detektor-pliiatsiga-1024x607.jpg\" alt=\"\" class=\"wp-image-53\" style=\"width:551px;height:auto\" srcset=\"https:\/\/sisu.ut.ee\/wp-content\/uploads\/sites\/549\/Rn-detektor-pliiatsiga-1024x607.jpg 1024w, https:\/\/sisu.ut.ee\/wp-content\/uploads\/sites\/549\/Rn-detektor-pliiatsiga-300x178.jpg 300w, https:\/\/sisu.ut.ee\/wp-content\/uploads\/sites\/549\/Rn-detektor-pliiatsiga-768x455.jpg 768w, https:\/\/sisu.ut.ee\/wp-content\/uploads\/sites\/549\/Rn-detektor-pliiatsiga-1536x911.jpg 1536w, https:\/\/sisu.ut.ee\/wp-content\/uploads\/sites\/549\/Rn-detektor-pliiatsiga-2048x1214.jpg 2048w, https:\/\/sisu.ut.ee\/wp-content\/uploads\/sites\/549\/Rn-detektor-pliiatsiga-1920x1138.jpg 1920w\" sizes=\"auto, (max-width: 1024px) 100vw, 1024px\"><figcaption class=\"wp-element-caption\">Uuringus kasutatav radoonidetektor (Radosys).<\/figcaption><\/figure>\n\n\n\n<p>Uuringu sihtgrupiks on eramajade ja korrusmajade esimeste korruste ning keldrikorruste elanikud.<\/p>\n\n\n\n<p>M\u00f5\u00f5tmiste teostamiseks kasutatakse passiivdetektoreid, neid saadetakse igale osalejale kaks t\u00fckki (\u00fcks elutuppa ja teine magamistuppa paigutamiseks). M\u00f5\u00f5tmisperiood on kaks kuud pikk andes usaldusv\u00e4\u00e4rse tulemuse. Passiivdetektoreid anal\u00fc\u00fcsib Keskkonnaameti kliima- ja kiirgusosakonna labor kasutades akrediteeritud m\u00f5\u00f5temetoodikat.<\/p>\n\n\n\n<p><strong>NB! <\/strong>Detektorid ei sisalda elektroonikat ega ole ise radioaktiivsed. Detektori korpuse sees on v\u00e4ike plastikplaat, millele j\u00e4\u00e4vad radooni lagunemisel j\u00e4ljed.<\/p>\n\n\n\n<p><mark style=\"background-color:rgba(0, 0, 0, 0)\" class=\"has-inline-color has-primary-color\"><strong>Mida osaleja tegema peab?<\/strong><\/mark><\/p>\n\n\n\n<ul class=\"wp-block-list\">\n<li>Teile saadetakse detektorid (m\u00f5\u00f5teseadmed) koos ankeediga kas pakiautomaati v\u00f5i kulleriga koju.<\/li>\n\n\n\n<li>Detektorid tuleb paigaldada eluruumidesse: \u00fcks elutuppa ja teine magamistuppa.<\/li>\n\n\n\n<li>Kahe kuu p\u00e4rast palume teil detektorid koos t\u00e4idetud ankeediga posti teel laborisse tagastada.<\/li>\n\n\n\n<li>Kahe kuu jooksul p\u00e4rast detektorite laborisse saabumist saadame teile e-posti teel m\u00f5\u00f5tmistulemused.<\/li>\n<\/ul>\n\n\n\n<p>Konkreetse eluruumi m\u00f5\u00f5tmistulemuste konfidentsiaalsus on tagatud. Tulemused kantakse ruumide sise\u00f5hu radooni m\u00f5\u00f5tetulemuste andmebaasi, mida haldab Keskkonnaamet. Andmete avalikustamisel keskmistatakse need kohaliku omavalitsuse (linna v\u00f5i valla) kohta. Tutvu <a href=\"https:\/\/sisu.ut.ee\/wp-content\/uploads\/sites\/549\/Rn-uuringu-n6usolek.pdf\" target=\"_blank\" rel=\"noreferrer noopener\">isikuandmete t\u00f6\u00f6tlemise p\u00f5him\u00f5tetega<\/a>.<\/p>\n\n\n\n<p><em>Projekti rahastab Kliimaministeerium ning seda viiakse l\u00e4bi koost\u00f6\u00f6s Keskkonnaameti kliima- ja kiirgusosakonnaga.<br><strong>K\u00fcsimuste korral:<\/strong> Siiri Salupere, uuringu projektijuht, kiirguskaitse teadur, T\u00dc F\u00fc\u00fcsika Instituut, e-post: <\/em><a href=\"mailto:siiri.salupere@ut.ee\">siiri.salupere@ut.ee<\/a><em>, tel. 5341 0739.<\/em><\/p>\n","protected":false},"excerpt":{"rendered":"<p>T\u00dc F\u00fc\u00fcsika Instituudi atmosf\u00e4\u00e4ri- ja keskkonnateaduste labor viib l\u00e4bi \u00fcleriigilist elamute sise\u00f5hu radoonisisalduse uuringut. Uuringu eesm\u00e4rgiks on teostada sise\u00f5hu radoonim\u00f5\u00f5tmine pea 1000 eluhoones \u00fcle Eesti, et saada parem \u00fclevaade sise\u00f5hu radoonisisalduse jaotusest Eesti omavalitsus\u00fcksustes. Osalejate registreerimine on l\u00f5ppenud! Ait\u00e4h k\u00f5igile &#8230;<\/p>\n","protected":false},"author":277,"featured_media":0,"parent":0,"menu_order":0,"comment_status":"closed","ping_status":"closed","template":"","meta":{"_acf_changed":false,"inline_featured_image":false,"footnotes":""},"class_list":["post-3","page","type-page","status-publish","hentry"],"acf":[],"_links":{"self":[{"href":"https:\/\/sisu.ut.ee\/radooniuuring\/wp-json\/wp\/v2\/pages\/3","targetHints":{"allow":["GET"]}}],"collection":[{"href":"https:\/\/sisu.ut.ee\/radooniuuring\/wp-json\/wp\/v2\/pages"}],"about":[{"href":"https:\/\/sisu.ut.ee\/radooniuuring\/wp-json\/wp\/v2\/types\/page"}],"author":[{"embeddable":true,"href":"https:\/\/sisu.ut.ee\/radooniuuring\/wp-json\/wp\/v2\/users\/277"}],"replies":[{"embeddable":true,"href":"https:\/\/sisu.ut.ee\/radooniuuring\/wp-json\/wp\/v2\/comments?post=3"}],"version-history":[{"count":29,"href":"https:\/\/sisu.ut.ee\/radooniuuring\/wp-json\/wp\/v2\/pages\/3\/revisions"}],"predecessor-version":[{"id":142,"href":"https:\/\/sisu.ut.ee\/radooniuuring\/wp-json\/wp\/v2\/pages\/3\/revisions\/142"}],"wp:attachment":[{"href":"https:\/\/sisu.ut.ee\/radooniuuring\/wp-json\/wp\/v2\/media?parent=3"}],"curies":[{"name":"wp","href":"https:\/\/api.w.org\/{rel}","templated":true}]}}