{"id":4,"date":"2024-04-04T08:04:34","date_gmt":"2024-04-04T05:04:34","guid":{"rendered":"https:\/\/sisu.ut.ee\/ps30\/programm\/"},"modified":"2024-04-04T08:04:40","modified_gmt":"2024-04-04T05:04:40","slug":"programm","status":"publish","type":"page","link":"https:\/\/sisu.ut.ee\/ps30\/programm\/","title":{"rendered":"Pankrotiseaduse kolmek\u00fcmnendale aastap\u00e4evale ja prof Paul Varuli juubelile p\u00fchendatud konverentsi programm"},"content":{"rendered":"<table class=\"table table-hover\" style=\"width:464.5pt;border-collapse:collapse;border:none\" width=\"619\">\n<tbody>\n<tr>\n<td colspan=\"4\" style=\"width:464.5pt;border:none\" width=\"619\">\n<p style=\"padding:0cm5.4pt0cm5.4pt\">\n\t\t\t\t\t\u00a0\n\t\t\t\t<\/p>\n<p style=\"padding:0cm5.4pt0cm5.4pt\">\n\t\t\t\t\t\u00a0 9.30-10.15\u00a0 \u00a0 \u00a0Registreerimine T\u00dc peahoones ja kohv T\u00dc kohvikus\n\t\t\t\t<\/p>\n<p style=\"padding:0cm5.4pt0cm5.4pt\">\n\t\t\t\t\t10.30-10.45\u00a0 \u00a0 \u00a0Konverentsi avamine ja tervituss\u00f5nad\n\t\t\t\t<\/p>\n<p style=\"padding:0cm5.4pt0cm5.4pt\">\n\t\t\t\t\t\u00a0\n\t\t\t\t<\/p>\n<p style=\"padding:0cm5.4pt0cm5.4pt\">\n\t\t\t\t\t<b><i>I sessioon<\/i><\/b>\n\t\t\t\t<\/p>\n<\/td>\n<\/tr>\n<tr>\n<td colspan=\"4\" style=\"width:464.5pt;border:none\" width=\"619\">\n<p style=\"text-align:justify;padding:0cm5.4pt0cm5.4pt\">\n\t\t\t\t\t<span>Moderaatorid: Peeter Viirsalu, Tarmo Peterson<\/span>\n\t\t\t\t<\/p>\n<\/td>\n<\/tr>\n<tr>\n<td style=\"width:77.4pt;border:none\" width=\"103\">\n<p style=\"padding:0cm5.4pt0cm5.4pt\">\n\t\t\t\t\t10.45\u201311.20\n\t\t\t\t<\/p>\n<\/td>\n<td style=\"width:115.2pt;border:none\" width=\"154\">\n<p style=\"padding:0cm5.4pt0cm5.4pt\">\n\t\t\t\t\t<strong><a data-url=\"https:\/\/www.jura.uni-halle.de\/lehrstuehle_dozenten\/madaus\/madaus\/?lang=en\" href=\"https:\/\/www.jura.uni-halle.de\/lehrstuehle_dozenten\/madaus\/madaus\/?lang=en\" target=\"_blank\" title=\"\" rel=\"noopener\">Stephan Madaus<\/a><\/strong>\n\t\t\t\t<\/p>\n<\/td>\n<td style=\"width:268.1pt;border:none\" width=\"357\">\n<p style=\"text-align:justify;padding:0cm5.4pt0cm5.4pt\">\n\t\t\t\t\tThe position of secured creditors in restructuring proceedings\n\t\t\t\t<\/p>\n<\/td>\n<td style=\"border:none\" width=\"5\">\n<p style=\"padding:0cm0cm0cm0cm\">\n\t\t\t\t\t\u00a0\n\t\t\t\t<\/p>\n<\/td>\n<\/tr>\n<tr>\n<td style=\"width:77.4pt;border:none\" width=\"103\">\n<p style=\"padding:0cm5.4pt0cm5.4pt\">\n\t\t\t\t\t11.20\u201311.55\n\t\t\t\t<\/p>\n<\/td>\n<td style=\"width:115.2pt;border:none\" width=\"154\">\n<p style=\"padding:0cm5.4pt0cm5.4pt\">\n\t\t\t\t\t<strong><a data-url=\"https:\/\/www.dmu.ac.uk\/about-dmu\/academic-staff\/business-and-law\/paul-omar\/paul-omar.aspx\" href=\"https:\/\/www.dmu.ac.uk\/about-dmu\/academic-staff\/business-and-law\/paul-omar\/paul-omar.aspx\" target=\"_blank\" title=\"\" rel=\"noopener\">Paul Omar<\/a><\/strong>\n\t\t\t\t<\/p>\n<\/td>\n<td style=\"width:268.1pt;border:none\" width=\"357\">\n<p style=\"text-align:justify;padding:0cm5.4pt0cm5.4pt\">\n\t\t\t\t\tChallenging the Assumption of Asset-Security Privileges: Some Thoughts?\n\t\t\t\t<\/p>\n<\/td>\n<td style=\"border:none\" width=\"5\">\n<p style=\"padding:0cm0cm0cm0cm\">\n\t\t\t\t\t\u00a0\n\t\t\t\t<\/p>\n<\/td>\n<\/tr>\n<tr>\n<td style=\"width:77.4pt;border:none\" width=\"103\">\n<p style=\"padding:0cm5.4pt0cm5.4pt\">\n\t\t\t\t\t11.55\u201312.30\n\t\t\t\t<\/p>\n<\/td>\n<td style=\"width:115.2pt;border:none\" width=\"154\">\n<p style=\"padding:0cm5.4pt0cm5.4pt\">\n\t\t\t\t\t<strong><a data-url=\"https:\/\/www.rewi.hu-berlin.de\/en\/lf\/em\/pls\/cp\" href=\"https:\/\/www.rewi.hu-berlin.de\/en\/lf\/em\/pls\/cp\" target=\"_blank\" title=\"\" rel=\"noopener\">Christoph G. Paulus<\/a><\/strong>\n\t\t\t\t<\/p>\n<\/td>\n<td style=\"width:268.1pt;border:none\" width=\"357\">\n<p style=\"text-align:justify;padding:0cm5.4pt0cm5.4pt\">\n\t\t\t\t\t<span lang=\"EN-GB\">On the Crossroads of Security Interests and Insolvency Law: the Cape Town Convention and its Protocols<\/span>\n\t\t\t\t<\/p>\n<\/td>\n<td style=\"border:none\" width=\"5\">\n<p style=\"padding:0cm0cm0cm0cm\">\n\t\t\t\t\t\u00a0\n\t\t\t\t<\/p>\n<\/td>\n<\/tr>\n<tr>\n<td style=\"width:77.4pt;border:none\" width=\"103\">\n<p style=\"padding:0cm5.4pt0cm5.4pt\">\n\t\t\t\t\t12.30-13.00\n\t\t\t\t<\/p>\n<\/td>\n<td style=\"width:115.2pt;border:none\" width=\"154\">\n<p style=\"padding:0cm5.4pt0cm5.4pt\">\n\t\t\t\t\tDiskussioon\n\t\t\t\t<\/p>\n<\/td>\n<td style=\"width:268.1pt;border:none\" width=\"357\">\n<p style=\"text-align:justify;padding:0cm5.4pt0cm5.4pt\">\n\t\t\t\t\t\u00a0\n\t\t\t\t<\/p>\n<\/td>\n<td style=\"border:none\" width=\"5\">\n<p style=\"padding:0cm0cm0cm0cm\">\n\t\t\t\t\t\u00a0\n\t\t\t\t<\/p>\n<\/td>\n<\/tr>\n<tr>\n<td style=\"width:77.4pt;border:none\" width=\"103\">\n<p style=\"padding:0cm5.4pt0cm5.4pt\">\n\t\t\t\t\t13.00\u201314.00\n\t\t\t\t<\/p>\n<\/td>\n<td style=\"width:115.2pt;border:none\" width=\"154\">\n<p style=\"padding:0cm5.4pt0cm5.4pt\">\n\t\t\t\t\t<b>L\u00d5UNA<\/b>\n\t\t\t\t<\/p>\n<\/td>\n<td style=\"width:268.1pt;border:none\" width=\"357\">\n<p style=\"text-align:justify;padding:0cm5.4pt0cm5.4pt\">\n\t\t\t\t\t\u00a0\n\t\t\t\t<\/p>\n<\/td>\n<td style=\"border:none\" width=\"5\">\n<p style=\"padding:0cm0cm0cm0cm\">\n\t\t\t\t\t\u00a0\n\t\t\t\t<\/p>\n<\/td>\n<\/tr>\n<tr>\n<td colspan=\"4\" style=\"width:464.5pt;border:none\" width=\"619\">\n<p style=\"text-align:justify;padding:0cm5.4pt0cm5.4pt\">\n\t\t\t\t\t<b><i>II sessioon <\/i><\/b>\n\t\t\t\t<\/p>\n<\/td>\n<\/tr>\n<tr>\n<td colspan=\"4\" style=\"width:464.5pt;border:none\" width=\"619\">\n<p style=\"text-align:justify;padding:0cm5.4pt0cm5.4pt\">\n\t\t\t\t\tModeraatorid: Peeter Viirsalu, Tarmo Peterson\n\t\t\t\t<\/p>\n<\/td>\n<\/tr>\n<tr>\n<td style=\"width:77.4pt;border:none\" width=\"103\">\n<p style=\"padding:0cm5.4pt0cm5.4pt\">\n\t\t\t\t\t14.00\u201314.20\n\t\t\t\t<\/p>\n<\/td>\n<td style=\"width:115.2pt;border:none\" width=\"154\">\n<p style=\"padding:0cm5.4pt0cm5.4pt\">\n\t\t\t\t\t<b>Urmas Volens<\/b>\n\t\t\t\t<\/p>\n<\/td>\n<td style=\"width:268.1pt;border:none\" width=\"357\">\n<p style=\"text-align:justify;padding:0cm5.4pt0cm5.4pt\">\n\t\t\t\t\tEsemelised tagatised pankrotimenetluses\n\t\t\t\t<\/p>\n<\/td>\n<td style=\"border:none\" width=\"5\">\n<p style=\"padding:0cm0cm0cm0cm\">\n\t\t\t\t\t\u00a0\n\t\t\t\t<\/p>\n<\/td>\n<\/tr>\n<tr>\n<td style=\"width:77.4pt;border:none\" width=\"103\">\n<p style=\"padding:0cm5.4pt0cm5.4pt\">\n\t\t\t\t\t14.20\u201314.40\n\t\t\t\t<\/p>\n<\/td>\n<td style=\"width:115.2pt;border:none\" width=\"154\">\n<p style=\"padding:0cm5.4pt0cm5.4pt\">\n\t\t\t\t\t<b>Kersti Kerstna-Vaks<\/b>\n\t\t\t\t<\/p>\n<\/td>\n<td style=\"width:268.1pt;border:none\" width=\"357\">\n<p style=\"margin-bottom:.0001pt;text-align:justify;padding:0cm5.4pt0cm5.4pt\">\n\t\t\t\t\t<span style=\"line-height:normal\"><span style=\"color:black\">Maksej\u00f5uetuse revisjoniga kaasnevad uued v\u00f5imalused f\u00fc\u00fcsilisel isikul vabaneda oma v\u00f5lgadest<\/span><\/span>\n\t\t\t\t<\/p>\n<\/td>\n<td style=\"border:none\" width=\"5\">\n<p style=\"padding:0cm0cm0cm0cm\">\n\t\t\t\t\t\u00a0\n\t\t\t\t<\/p>\n<\/td>\n<\/tr>\n<tr>\n<td style=\"width:77.4pt;border:none\" width=\"103\">\n<p style=\"padding:0cm5.4pt0cm5.4pt\">\n\t\t\t\t\t14.40\u201315.00\n\t\t\t\t<\/p>\n<\/td>\n<td style=\"width:115.2pt;border:none\" width=\"154\">\n<p style=\"padding:0cm5.4pt0cm5.4pt\">\n\t\t\t\t\t<b>Toomas Saarma<\/b>\n\t\t\t\t<\/p>\n<\/td>\n<td style=\"width:268.1pt;border:none\" width=\"357\">\n<p style=\"text-align:justify;padding:0cm5.4pt0cm5.4pt\">\n\t\t\t\t\t<span style=\"color:black\">F\u00fc\u00fcsilise isiku v\u00f5lad ja nendest vabanemine \u00f5iguslikus ja antropoloogilises vaates<\/span>\n\t\t\t\t<\/p>\n<\/td>\n<td style=\"border:none\" width=\"5\">\n<p style=\"padding:0cm0cm0cm0cm\">\n\t\t\t\t\t\u00a0\n\t\t\t\t<\/p>\n<\/td>\n<\/tr>\n<tr>\n<td style=\"width:77.4pt;border:none\" width=\"103\">\n<p style=\"padding:0cm5.4pt0cm5.4pt\">\n\t\t\t\t\t15.00-15.20\n\t\t\t\t<\/p>\n<\/td>\n<td style=\"width:115.2pt;border:none\" width=\"154\">\n<p style=\"padding:0cm5.4pt0cm5.4pt\">\n\t\t\t\t\tDiskussioon\n\t\t\t\t<\/p>\n<\/td>\n<td style=\"width:268.1pt;border:none\" width=\"357\">\n<p style=\"padding:0cm5.4pt0cm5.4pt\">\n\t\t\t\t\t\u00a0\n\t\t\t\t<\/p>\n<\/td>\n<td style=\"border:none\" width=\"5\">\n<p style=\"padding:0cm0cm0cm0cm\">\n\t\t\t\t\t\u00a0\n\t\t\t\t<\/p>\n<\/td>\n<\/tr>\n<tr style=\"height:4.25pt\">\n<td style=\"width:77.4pt;border:none\" width=\"103\">\n<p style=\"padding:0cm5.4pt0cm5.4pt\">\n\t\t\t\t\t<span style=\"height:4.25pt\">15.20-16.00<\/span>\n\t\t\t\t<\/p>\n<\/td>\n<td style=\"width:115.2pt;border:none\" width=\"154\">\n<p style=\"padding:0cm5.4pt0cm5.4pt\">\n\t\t\t\t\t<span style=\"height:4.25pt\"><b>KOHVIPAUS<\/b><\/span>\n\t\t\t\t<\/p>\n<\/td>\n<td style=\"width:268.1pt;border:none\" width=\"357\">\n<p style=\"padding:0cm5.4pt0cm5.4pt\">\n\t\t\t\t\t<span style=\"height:4.25pt\"><b>T\u00dc kohvik<\/b><\/span>\n\t\t\t\t<\/p>\n<\/td>\n<td style=\"border:none\" width=\"5\">\n<p style=\"padding:0cm0cm0cm0cm\">\n\t\t\t\t\t\u00a0\n\t\t\t\t<\/p>\n<\/td>\n<\/tr>\n<tr>\n<td style=\"width:77.4pt;border:none\" width=\"103\">\n<p style=\"padding:0cm5.4pt0cm5.4pt\">\n\t\t\t\t\t16.00\u201316.20\n\t\t\t\t<\/p>\n<\/td>\n<td style=\"width:115.2pt;border:none\" width=\"154\">\n<p style=\"padding:0cm5.4pt0cm5.4pt\">\n\t\t\t\t\t<b>Annemari \u00d5unpuu<\/b>\n\t\t\t\t<\/p>\n<\/td>\n<td style=\"width:268.1pt;border:none\" width=\"357\">\n<p style=\"text-align:justify;padding:0cm5.4pt0cm5.4pt\">\n\t\t\t\t\tSaneerimisseaduse muudatused\n\t\t\t\t<\/p>\n<\/td>\n<td style=\"border:none\" width=\"5\">\n<p style=\"padding:0cm0cm0cm0cm\">\n\t\t\t\t\t\u00a0\n\t\t\t\t<\/p>\n<\/td>\n<\/tr>\n<tr>\n<td style=\"width:77.4pt;border:none\" width=\"103\">\n<p style=\"padding:0cm5.4pt0cm5.4pt\">\n\t\t\t\t\t16.40\u201317.00\n\t\t\t\t<\/p>\n<\/td>\n<td style=\"width:115.2pt;border:none\" width=\"154\">\n<p style=\"padding:0cm5.4pt0cm5.4pt\">\n\t\t\t\t\t<b>Anto Kasak<\/b>\n\t\t\t\t<\/p>\n<\/td>\n<td style=\"width:268.1pt;border:none\" width=\"357\">\n<p style=\"margin-right:-14.95pt;text-align:justify;padding:0cm5.4pt0cm5.4pt\">\n\t\t\t\t\tR\u00fchma\u00fclene kohustamine saneerimismenetluses\n\t\t\t\t<\/p>\n<\/td>\n<td style=\"border:none\" width=\"5\">\n<p style=\"padding:0cm0cm0cm0cm\">\n\t\t\t\t\t\u00a0\n\t\t\t\t<\/p>\n<\/td>\n<\/tr>\n<tr>\n<td style=\"width:77.4pt;border:none\" width=\"103\">\n<p style=\"padding:0cm5.4pt0cm5.4pt\">\n\t\t\t\t\t<span style=\"color:black\">17.00 \u2013 17.25<\/span>\n\t\t\t\t<\/p>\n<\/td>\n<td style=\"width:115.2pt;border:none\" width=\"154\">\n<p style=\"padding:0cm5.4pt0cm5.4pt\">\n\t\t\t\t\t<strong><span style=\"color:black\">Paul Varul<\/span><\/strong>\n\t\t\t\t<\/p>\n<\/td>\n<td style=\"width:268.1pt;border:none\" width=\"357\">\n<p style=\"margin-bottom:.0001pt;text-align:justify;padding:0cm5.4pt0cm5.4pt\">\n\t\t\t\t\t<span style=\"line-height:normal\">Pankrotiseadus: 30 aastat reforme<\/span>\n\t\t\t\t<\/p>\n<\/td>\n<td style=\"border:none\" width=\"5\">\n<p style=\"padding:0cm0cm0cm0cm\">\n\t\t\t\t\t\u00a0\n\t\t\t\t<\/p>\n<\/td>\n<\/tr>\n<tr>\n<td style=\"width:77.4pt;border:none\" width=\"103\">\n<p style=\"padding:0cm5.4pt0cm5.4pt\">\n\t\t\t\t\t<span style=\"color:black\">17.25 \u2013 17.45<\/span>\n\t\t\t\t<\/p>\n<\/td>\n<td style=\"width:115.2pt;border:none\" width=\"154\">\n<p style=\"padding:0cm5.4pt0cm5.4pt\">\n\t\t\t\t\t<span style=\"color:black\">Diskussioon\/Kokkuv\u00f5te<\/span>\n\t\t\t\t<\/p>\n<\/td>\n<td style=\"width:268.1pt;border:none\" width=\"357\">\n<p style=\"padding:0cm5.4pt0cm5.4pt\">\n\t\t\t\t\t\u00a0\n\t\t\t\t<\/p>\n<\/td>\n<td style=\"border:none\" width=\"5\">\n<p style=\"padding:0cm0cm0cm0cm\">\n\t\t\t\t\t\u00a0\n\t\t\t\t<\/p>\n<\/td>\n<\/tr>\n<tr>\n<td style=\"width:77.4pt;border:none\" width=\"103\">\n<p style=\"padding:0cm5.4pt0cm5.4pt\">\n\t\t\t\t\t<span style=\"color:black\">17.45 \u2013 18.00<\/span>\n\t\t\t\t<\/p>\n<\/td>\n<td style=\"width:115.2pt;border:none\" width=\"154\">\n<p style=\"padding:0cm5.4pt0cm5.4pt\">\n\t\t\t\t\t\u00a0\n\t\t\t\t<\/p>\n<\/td>\n<td style=\"width:268.1pt;border:none\" width=\"357\">\n<p style=\"padding:0cm5.4pt0cm5.4pt\">\n\t\t\t\t\t<span style=\"color:black\">Kohtut\u00e4iturite ja Pankrotihaldurite koja meenem\u00fcndi tutvustamine<\/span>\n\t\t\t\t<\/p>\n<\/td>\n<td style=\"border:none\" width=\"5\">\n<p style=\"padding:0cm0cm0cm0cm\">\n\t\t\t\t\t\u00a0\n\t\t\t\t<\/p>\n<\/td>\n<\/tr>\n<tr>\n<td style=\"width:77.4pt;border:none\" width=\"103\">\n<p style=\"padding:0cm5.4pt0cm5.4pt\">\n\t\t\t\t\t<b>18.15 \u2013 20.30<\/b>\n\t\t\t\t<\/p>\n<\/td>\n<td style=\"width:115.2pt;border:none\" width=\"154\">\n<p style=\"padding:0cm5.4pt0cm5.4pt\">\n\t\t\t\t\t<b>VASTUV\u00d5TT<\/b>\n\t\t\t\t<\/p>\n<\/td>\n<td style=\"width:268.1pt;border:none\" width=\"357\">\n<p style=\"padding:0cm5.4pt0cm5.4pt\">\n\t\t\t\t\t<b>T\u00dc kohvik<\/b>\n\t\t\t\t<\/p>\n<\/td>\n<td style=\"border:none\" width=\"5\">\n<p style=\"padding:0cm0cm0cm0cm\">\n\t\t\t\t\t\u00a0\n\t\t\t\t<\/p>\n<\/td>\n<\/tr>\n<\/tbody>\n<\/table>\n","protected":false},"excerpt":{"rendered":"<p>\u00a0 \u00a0 9.30-10.15\u00a0 \u00a0 \u00a0Registreerimine T\u00dc peahoones ja kohv T\u00dc kohvikus 10.30-10.45\u00a0 \u00a0 \u00a0Konverentsi avamine ja tervituss\u00f5nad \u00a0 I sessioon Moderaatorid: Peeter Viirsalu, Tarmo Peterson 10.45\u201311.20 Stephan Madaus The position of secured creditors in restructuring proceedings \u00a0 11.20\u201311.55 Paul Omar &#8230;<\/p>\n","protected":false},"author":105,"featured_media":0,"parent":0,"menu_order":0,"comment_status":"closed","ping_status":"closed","template":"","meta":{"_acf_changed":false,"inline_featured_image":false,"footnotes":""},"class_list":["post-4","page","type-page","status-publish","hentry"],"acf":[],"_links":{"self":[{"href":"https:\/\/sisu.ut.ee\/ps30\/wp-json\/wp\/v2\/pages\/4","targetHints":{"allow":["GET"]}}],"collection":[{"href":"https:\/\/sisu.ut.ee\/ps30\/wp-json\/wp\/v2\/pages"}],"about":[{"href":"https:\/\/sisu.ut.ee\/ps30\/wp-json\/wp\/v2\/types\/page"}],"author":[{"embeddable":true,"href":"https:\/\/sisu.ut.ee\/ps30\/wp-json\/wp\/v2\/users\/105"}],"replies":[{"embeddable":true,"href":"https:\/\/sisu.ut.ee\/ps30\/wp-json\/wp\/v2\/comments?post=4"}],"version-history":[{"count":1,"href":"https:\/\/sisu.ut.ee\/ps30\/wp-json\/wp\/v2\/pages\/4\/revisions"}],"predecessor-version":[{"id":38,"href":"https:\/\/sisu.ut.ee\/ps30\/wp-json\/wp\/v2\/pages\/4\/revisions\/38"}],"wp:attachment":[{"href":"https:\/\/sisu.ut.ee\/ps30\/wp-json\/wp\/v2\/media?parent=4"}],"curies":[{"name":"wp","href":"https:\/\/api.w.org\/{rel}","templated":true}]}}