{"id":3,"date":"2024-04-04T08:04:33","date_gmt":"2024-04-04T05:04:33","guid":{"rendered":"https:\/\/sisu.ut.ee\/ps30\/avaleht\/"},"modified":"2024-04-17T23:54:44","modified_gmt":"2024-04-17T20:54:44","slug":"avaleht","status":"publish","type":"page","link":"https:\/\/sisu.ut.ee\/ps30\/","title":{"rendered":"Avaleht"},"content":{"rendered":"<h1 style=\"text-align: center;\"><span style=\"color: #000080;\"><strong>Rahvusvaheline konverents<\/strong><\/span><\/h1>\n<h2 style=\"text-align: center;\"><span style=\"color: #000080;\"><strong>8. detsember 2022, Tartu \u00dclikooli peahoone aula<\/strong><\/span><\/h2>\n<p style=\"text-align: left;\"><img loading=\"lazy\" decoding=\"async\" width=\"440\" height=\"293\" class=\"alignnone wp-image-12\" style=\"float: right;\" title=\"pankrot.jpg\" src=\"https:\/\/sisu.ut.ee\/wp-content\/uploads\/sites\/562\/pankrot.jpg\" alt=\"Foto: Panthermedia\/Scanpix\" srcset=\"https:\/\/sisu.ut.ee\/wp-content\/uploads\/sites\/562\/pankrot.jpg 440w, https:\/\/sisu.ut.ee\/wp-content\/uploads\/sites\/562\/pankrot-300x200.jpg 300w\" sizes=\"auto, (max-width: 440px) 100vw, 440px\"><\/p>\n<p>Konverentsiga t\u00e4histatakse pankrotiseaduse kolmek\u00fcmnendat aastap\u00e4eva ja prof Paul Varuli juubelit. Konverents keskendub maksej\u00f5uetus\u00f5iguse reformile.\u00a0 \u00a0 \u00a0 \u00a0 \u00a0 \u00a0 \u00a0 \u00a0 \u00a0 \u00a0 \u00a0 \u00a0 \u00a0 \u00a0 \u00a0 \u00a0 \u00a0 \u00a0 \u00a0 \u00a0 \u00a0 \u00a0 \u00a0 \u00a0 \u00a0 \u00a0 \u00a0 \u00a0 \u00a0 \u00a0 \u00a0 \u00a0 \u00a0 \u00a0 \u00a0 \u00a0 \u00a0 \u00a0 \u00a0 \u00a0\u00a0<span style=\"font-size: 9px;\">\u00a0 \u00a0 \u00a0 \u00a0 \u00a0 \u00a0 \u00a0 \u00a0 \u00a0 \u00a0 \u00a0 \u00a0 \u00a0 \u00a0 \u00a0 \u00a0 \u00a0 \u00a0 \u00a0 \u00a0 \u00a0 \u00a0 \u00a0 \u00a0 \u00a0 \u00a0 \u00a0 \u00a0 \u00a0 \u00a0 \u00a0 \u00a0 \u00a0 \u00a0 \u00a0 \u00a0 \u00a0 \u00a0 \u00a0 \u00a0 \u00a0 \u00a0 \u00a0 \u00a0 \u00a0 \u00a0 \u00a0 \u00a0 \u00a0 \u00a0 \u00a0 \u00a0 \u00a0 \u00a0 \u00a0 \u00a0 \u00a0 \u00a0 \u00a0 \u00a0 \u00a0 \u00a0 \u00a0 \u00a0 \u00a0 \u00a0 \u00a0 \u00a0 \u00a0 \u00a0 \u00a0 \u00a0 \u00a0 \u00a0 \u00a0<\/span><\/p>\n<p><span lang=\"ET\">Konverentsil esinevad ettekannetega Eesti maksej\u00f5uetus\u00f5iguse \u00fched parimad asjatundjad prof Paul Varul, Urmas Volens, Kersti Kerstna-Vaks, Toomas Saarma, Annemari \u00d5unpuu ja Anto Kasak, kes k\u00e4sitlevad eelk\u00f5ige maksej\u00f5uetus\u00f5iguses tehtud uuemaid muudatusi.\u00a0<\/span><\/p>\n<p style=\"text-align: right;\">\u00a0 \u00a0 \u00a0 \u00a0 \u00a0 \u00a0 \u00a0 \u00a0 \u00a0 \u00a0 \u00a0 \u00a0 \u00a0 \u00a0 \u00a0 \u00a0 \u00a0 \u00a0 \u00a0 \u00a0 \u00a0 \u00a0 \u00a0 \u00a0 \u00a0 \u00a0 \u00a0 \u00a0 \u00a0 \u00a0 \u00a0 \u00a0 \u00a0 \u00a0 \u00a0 \u00a0 \u00a0 \u00a0 \u00a0 \u00a0 \u00a0 \u00a0 \u00a0 \u00a0 \u00a0 \u00a0 \u00a0 \u00a0 \u00a0 \u00a0 \u00a0 \u00a0 \u00a0 \u00a0 \u00a0 \u00a0 \u00a0 \u00a0 \u00a0 \u00a0 \u00a0\u00a0<span style=\"font-size: 9px;\">Foto: Panthermedia\/Scanpix<\/span><\/p>\n<p style=\"text-align: justify;\"><span lang=\"ET\">Maksej\u00f5uetuse\u00a0aktuaalseid probleeme k\u00e4sitlevad\u00a0rahvusvaheliselt tunnustatud maksej\u00f5uetus\u00f5iguse eksperdid prof Stephan Madaus,\u00a0prof Paul Omar ja prof Christoph G. Paulus, kelle ettekanded seonduvad muuhulgas Eestiga.\u00a0<\/span>Konverentsi v\u00e4lisk\u00fclaliste ettekanded konverentsi esimeses sessioonis on inglise keeles, ettekandeid ja diskussiooni eesti keelde ei t\u00f5lgita. Konverentsi teise sessiooni t\u00f6\u00f6keel on eesti keel.<\/p>\n<p style=\"text-align: justify;\">Konverentsi korraldab Tartu \u00dclikooli \u00f5igusteaduskond koost\u00f6\u00f6s Eesti Akadeemilise \u00d5igusteaduse Seltsiga.<\/p>\n<p style=\"text-align: justify;\">Konverentsi l\u00e4biviimist toetavad <a title=\"\" href=\"https:\/\/ut.ee\/et\" target=\"_blank\" rel=\"noopener\" data-url=\"https:\/\/ut.ee\/et\">Tartu \u00dclikool<\/a>, <a title=\"\" href=\"https:\/\/oigus-selts.ee\/\" target=\"_blank\" rel=\"noopener\" data-url=\"https:\/\/oigus-selts.ee\/\">Eesti Akadeemiline \u00d5igusteaduse Selts<\/a>, <a title=\"\" href=\"https:\/\/www.tgsbaltic.com\/\" target=\"_blank\" rel=\"noopener\" data-url=\"https:\/\/www.tgsbaltic.com\/\">Advokaadib\u00fcroo TGS Baltic<\/a>, <a title=\"\" href=\"https:\/\/rask.ee\/\" target=\"_blank\" rel=\"noopener\" data-url=\"https:\/\/rask.ee\/\">Advokaadib\u00fcroo Rask<\/a>, <a title=\"\" href=\"https:\/\/www.kasaklepikson.ee\/\" target=\"_blank\" rel=\"noopener\" data-url=\"https:\/\/www.kasaklepikson.ee\/\">Advokaadib\u00fcroo Kasak &amp; Lepikson<\/a>, <a title=\"\" href=\"https:\/\/eipre.ee\/\" target=\"_blank\" rel=\"noopener\" data-url=\"https:\/\/eipre.ee\/\">Advokaadib\u00fcroo Eipre &amp; Partnerid<\/a>,\u00a0<a title=\"\" href=\"https:\/\/www.cobalt.legal\/ee\/\" target=\"_blank\" rel=\"noopener\" data-url=\"https:\/\/www.cobalt.legal\/ee\/\">Advokaadib\u00fcroo COBALT<\/a>,\u00a0<a title=\"\" href=\"https:\/\/kpkoda.ee\/\" target=\"_blank\" rel=\"noopener\" data-url=\"https:\/\/kpkoda.ee\/\">Kohtut\u00e4iturite ja Pankrotihaldurite Koda<\/a>\u00a0ja <a title=\"\" href=\"https:\/\/lydia.ee\/\" target=\"_blank\" rel=\"noopener\" data-url=\"https:\/\/lydia.ee\/\">hotell Lydia<\/a>.<\/p>\n<p style=\"text-align: justify;\">Ootame teid konverentsile\u00a0Tartus!<\/p>\n<p style=\"text-align: justify;\">Korraldustoimkonna nimel Prof Irene Kull<\/p>\n<p>\u00a0 \u00a0 <img loading=\"lazy\" decoding=\"async\" class=\"alignnone wp-image-13\" title=\"ut.png\" src=\"https:\/\/sisu.ut.ee\/wp-content\/uploads\/sites\/562\/ut.png\" alt=\"UT\" width=\"115\" height=\"117\" srcset=\"https:\/\/sisu.ut.ee\/wp-content\/uploads\/sites\/562\/ut.png 518w, https:\/\/sisu.ut.ee\/wp-content\/uploads\/sites\/562\/ut-295x300.png 295w\" sizes=\"auto, (max-width: 115px) 100vw, 115px\">\u00a0 \u00a0 \u00a0 \u00a0 \u00a0 \u00a0 \u00a0 <img loading=\"lazy\" decoding=\"async\" width=\"95\" height=\"39\" class=\"alignnone wp-image-11\" title=\"rask_01.png\" src=\"https:\/\/sisu.ut.ee\/wp-content\/uploads\/sites\/562\/rask_01.png\" alt=\"Rask\">\u00a0 \u00a0 \u00a0 \u00a0 \u00a0\u00a0 \u00a0\u00a0<img loading=\"lazy\" decoding=\"async\" class=\"alignnone wp-image-10\" title=\"tgs_without_colour_rgb_01.png\" src=\"https:\/\/sisu.ut.ee\/wp-content\/uploads\/sites\/562\/tgs_without_colour_rgb_01.png\" alt=\"TGS\" width=\"318\" height=\"77\" srcset=\"https:\/\/sisu.ut.ee\/wp-content\/uploads\/sites\/562\/tgs_without_colour_rgb_01.png 2067w, https:\/\/sisu.ut.ee\/wp-content\/uploads\/sites\/562\/tgs_without_colour_rgb_01-300x73.png 300w, https:\/\/sisu.ut.ee\/wp-content\/uploads\/sites\/562\/tgs_without_colour_rgb_01-1024x248.png 1024w, https:\/\/sisu.ut.ee\/wp-content\/uploads\/sites\/562\/tgs_without_colour_rgb_01-768x186.png 768w, https:\/\/sisu.ut.ee\/wp-content\/uploads\/sites\/562\/tgs_without_colour_rgb_01-1536x372.png 1536w, https:\/\/sisu.ut.ee\/wp-content\/uploads\/sites\/562\/tgs_without_colour_rgb_01-2048x496.png 2048w, https:\/\/sisu.ut.ee\/wp-content\/uploads\/sites\/562\/tgs_without_colour_rgb_01-1920x465.png 1920w\" sizes=\"auto, (max-width: 318px) 100vw, 318px\">\u00a0 \u00a0 \u00a0\u00a0<img loading=\"lazy\" decoding=\"async\" class=\"alignnone wp-image-7\" title=\"eaos.png\" src=\"https:\/\/sisu.ut.ee\/wp-content\/uploads\/sites\/562\/eaos.png\" alt=\"EAOS\" width=\"154\" height=\"154\" srcset=\"https:\/\/sisu.ut.ee\/wp-content\/uploads\/sites\/562\/eaos.png 600w, https:\/\/sisu.ut.ee\/wp-content\/uploads\/sites\/562\/eaos-300x300.png 300w, https:\/\/sisu.ut.ee\/wp-content\/uploads\/sites\/562\/eaos-150x150.png 150w\" sizes=\"auto, (max-width: 154px) 100vw, 154px\">\u00a0 <img loading=\"lazy\" decoding=\"async\" class=\"alignnone wp-image-18\" title=\"kasak_lepikson.jpg\" src=\"https:\/\/sisu.ut.ee\/wp-content\/uploads\/sites\/562\/kasak_lepikson.jpg\" alt=\"Kasak_Lepikson\" width=\"323\" height=\"90\" srcset=\"https:\/\/sisu.ut.ee\/wp-content\/uploads\/sites\/562\/kasak_lepikson.jpg 733w, https:\/\/sisu.ut.ee\/wp-content\/uploads\/sites\/562\/kasak_lepikson-300x83.jpg 300w\" sizes=\"auto, (max-width: 323px) 100vw, 323px\">\u00a0 \u00a0 \u00a0 \u00a0 \u00a0 \u00a0 \u00a0 \u00a0 \u00a0 \u00a0 \u00a0 \u00a0 \u00a0 \u00a0 \u00a0 \u00a0 \u00a0\u00a0\u00a0 \u00a0 \u00a0 \u00a0 \u00a0 \u00a0 \u00a0 \u00a0 \u00a0 \u00a0 \u00a0 \u00a0 \u00a0 \u00a0 \u00a0<img loading=\"lazy\" decoding=\"async\" class=\"wp-image-19 alignleft\" title=\"lydiahotel_logo.jpg\" src=\"https:\/\/sisu.ut.ee\/wp-content\/uploads\/sites\/562\/lydiahotel_logo.jpg\" alt=\"Lydia\" width=\"72\" height=\"72\" srcset=\"https:\/\/sisu.ut.ee\/wp-content\/uploads\/sites\/562\/lydiahotel_logo.jpg 621w, https:\/\/sisu.ut.ee\/wp-content\/uploads\/sites\/562\/lydiahotel_logo-300x300.jpg 300w, https:\/\/sisu.ut.ee\/wp-content\/uploads\/sites\/562\/lydiahotel_logo-150x150.jpg 150w\" sizes=\"auto, (max-width: 72px) 100vw, 72px\"> \u00a0 \u00a0 \u00a0 \u00a0\u00a0 \u00a0 \u00a0\u00a0<img loading=\"lazy\" decoding=\"async\" class=\"wp-image-15 alignleft\" title=\"ep.png\" src=\"https:\/\/sisu.ut.ee\/wp-content\/uploads\/sites\/562\/ep.png\" alt=\"EP\" width=\"197\" height=\"112\">\u00a0 \u00a0 \u00a0 \u00a0 <img loading=\"lazy\" decoding=\"async\" class=\"wp-image-20 alignleft\" title=\"cobalt_logo_blue_rgb.jpg\" src=\"https:\/\/sisu.ut.ee\/wp-content\/uploads\/sites\/562\/cobalt_logo_blue_rgb.jpg\" alt=\"Cobalt\" width=\"275\" height=\"79\" srcset=\"https:\/\/sisu.ut.ee\/wp-content\/uploads\/sites\/562\/cobalt_logo_blue_rgb.jpg 2084w, https:\/\/sisu.ut.ee\/wp-content\/uploads\/sites\/562\/cobalt_logo_blue_rgb-300x86.jpg 300w, https:\/\/sisu.ut.ee\/wp-content\/uploads\/sites\/562\/cobalt_logo_blue_rgb-1024x294.jpg 1024w, https:\/\/sisu.ut.ee\/wp-content\/uploads\/sites\/562\/cobalt_logo_blue_rgb-768x221.jpg 768w, https:\/\/sisu.ut.ee\/wp-content\/uploads\/sites\/562\/cobalt_logo_blue_rgb-1536x441.jpg 1536w, https:\/\/sisu.ut.ee\/wp-content\/uploads\/sites\/562\/cobalt_logo_blue_rgb-2048x589.jpg 2048w, https:\/\/sisu.ut.ee\/wp-content\/uploads\/sites\/562\/cobalt_logo_blue_rgb-1920x552.jpg 1920w\" sizes=\"auto, (max-width: 275px) 100vw, 275px\">\u00a0 \u00a0 \u00a0<img loading=\"lazy\" decoding=\"async\" class=\"wp-image-16 alignleft\" title=\"kpk_logo.jpg\" src=\"https:\/\/sisu.ut.ee\/wp-content\/uploads\/sites\/562\/kpk_logo.jpg\" alt=\"KPK\" width=\"336\" height=\"117\" srcset=\"https:\/\/sisu.ut.ee\/wp-content\/uploads\/sites\/562\/kpk_logo.jpg 914w, https:\/\/sisu.ut.ee\/wp-content\/uploads\/sites\/562\/kpk_logo-300x104.jpg 300w, https:\/\/sisu.ut.ee\/wp-content\/uploads\/sites\/562\/kpk_logo-768x267.jpg 768w\" sizes=\"auto, (max-width: 336px) 100vw, 336px\"><\/p>\n<p align=\"center\">\n<\/p>","protected":false},"excerpt":{"rendered":"<p>Rahvusvaheline konverents 8. detsember 2022, Tartu \u00dclikooli peahoone aula Konverentsiga t\u00e4histatakse pankrotiseaduse kolmek\u00fcmnendat aastap\u00e4eva ja prof Paul Varuli juubelit. Konverents keskendub maksej\u00f5uetus\u00f5iguse reformile.\u00a0 \u00a0 \u00a0 \u00a0 \u00a0 \u00a0 \u00a0 \u00a0 \u00a0 \u00a0 \u00a0 \u00a0 \u00a0 \u00a0 \u00a0 \u00a0 \u00a0 \u00a0 &#8230;<\/p>\n","protected":false},"author":105,"featured_media":0,"parent":0,"menu_order":0,"comment_status":"closed","ping_status":"closed","template":"","meta":{"_acf_changed":false,"inline_featured_image":false,"footnotes":""},"class_list":["post-3","page","type-page","status-publish","hentry"],"acf":[],"_links":{"self":[{"href":"https:\/\/sisu.ut.ee\/ps30\/wp-json\/wp\/v2\/pages\/3","targetHints":{"allow":["GET"]}}],"collection":[{"href":"https:\/\/sisu.ut.ee\/ps30\/wp-json\/wp\/v2\/pages"}],"about":[{"href":"https:\/\/sisu.ut.ee\/ps30\/wp-json\/wp\/v2\/types\/page"}],"author":[{"embeddable":true,"href":"https:\/\/sisu.ut.ee\/ps30\/wp-json\/wp\/v2\/users\/105"}],"replies":[{"embeddable":true,"href":"https:\/\/sisu.ut.ee\/ps30\/wp-json\/wp\/v2\/comments?post=3"}],"version-history":[{"count":7,"href":"https:\/\/sisu.ut.ee\/ps30\/wp-json\/wp\/v2\/pages\/3\/revisions"}],"predecessor-version":[{"id":48,"href":"https:\/\/sisu.ut.ee\/ps30\/wp-json\/wp\/v2\/pages\/3\/revisions\/48"}],"wp:attachment":[{"href":"https:\/\/sisu.ut.ee\/ps30\/wp-json\/wp\/v2\/media?parent=3"}],"curies":[{"name":"wp","href":"https:\/\/api.w.org\/{rel}","templated":true}]}}