{"id":8,"date":"2024-04-04T04:42:02","date_gmt":"2024-04-04T01:42:02","guid":{"rendered":"https:\/\/sisu.ut.ee\/praktikamajanduses\/probleemid-praktikal\/"},"modified":"2024-04-14T22:35:52","modified_gmt":"2024-04-14T19:35:52","slug":"probleemid-praktikal","status":"publish","type":"page","link":"https:\/\/sisu.ut.ee\/praktikamajanduses\/praktika-ajal\/probleemid-praktikal\/","title":{"rendered":"Millised on v\u00f5imalikud probleemid praktikal?"},"content":{"rendered":"<div class=\"box generalbox center clearfix\">\n<div class=\"no-overflow\">\n<p>\n\t\t\t\u00a0\n\t\t<\/p>\n<p>\n\t\t\t<b>Igal praktikal esineb mingeid probleeme, see on osa protsessist. Olulisem on, kuidas Sa l\u00e4hened tekkinud probleemidele, sest see m\u00f5jutab nii tulemust kui ka Sinu rahulolu praktikaga!<\/b>\n\t\t<\/p>\n<ul>\n<li>\n\t\t\t\t<strong>Ajalised piirangud\u00a0<\/strong>\u2013 vahel v\u00f5ib eesm\u00e4rkide t\u00e4itmine, \u00f5piv\u00e4ljundite saavutamine, vilumuseni j\u00f5udmine v\u00f5tta aega, kuid paraku on praktika kestus piiritletud \u00f5ppekavas etten\u00e4htud mahuga. Ajakulu suurenemine v\u00f5ib olla tingitud \u00f5ppijast (aeglane \u00f5ppija, varasemad puuduj\u00e4\u00e4gid \u00f5ppeprotsessis, ps\u00fchholoogilised takistused jne), juhendajast (v\u00e4hene \u00f5petamiskogemus, v\u00e4simus, p\u00f5hit\u00f6\u00f6ga koormatus, motivatsiooniprobleemid jne), \u00f5ppeasutusest (ebaselged \u00f5piv\u00e4ljundid ja\/v\u00f5i eesm\u00e4rgid, v\u00e4hene koost\u00f6\u00f6 praktikaasutusega) v\u00f5i ka praktikaasutusest (\u00f5pitavat toimingut\/protsessi \u00a0esineb harva, puuduvad lisavahendid praktikandi kaasamiseks, v\u00e4hene motiveeritus jne).\n\t\t\t<\/li>\n<li>\n\t\t\t\t<strong>Konkureerivad n\u00f5udmised<\/strong>\u00a0\u2013 praktikaasutuse huvid (eriti kui need lausa vastanduvad praktikandi vajadustele), administratiivsed huvid, teadust\u00f6\u00f6-alased huvid. Erinevate ootuste ja n\u00f5udmiste korral valib praktikaasutus esmalt siiski oma p\u00f5hifunktsiooni ja asutuse huvid ning \u00f5ppija vajadused j\u00e4\u00e4vad tahaplaanile.\n\t\t\t<\/li>\n<li>\n\t\t\t\t<strong>Juhendamisel l\u00e4htutakse oludest ja mitte \u00f5piv\u00e4ljunditest<\/strong>\u00a0\u2013 see muudab praktika eesm\u00e4rgistamise ja planeerimise keerukaks. Eeldusel, et praktikaasutuse valik on olnud siiski sobiv, tuleb juhendajal \u00f5pisituatsiooni loomiseks arvestada praktikaasutuse v\u00f5imalusi ning p\u00fcstitada vastavalt ka eesm\u00e4rgid, mis tagavad \u00f5piv\u00e4ljundite saavutamise.\n\t\t\t<\/li>\n<li>\n\t\t\t\t<strong>Suur \u00fcli\u00f5pilaste arv<\/strong>\u00a0\u2013\u00a0see koormab praktikaasutusi, langetab motivatsiooni, v\u00e4sitab juhendajaid, sunnib valima mitte k\u00f5ige sobivamaid asutusi praktika sooritamiseks ning see k\u00f5ik omakorda v\u00e4hendab praktilise \u00f5ppe kvaliteeti.\n\t\t\t<\/li>\n<li>\n\t\t\t\t<strong>Praktikaasutuste suutmatus pakkuda piisavalt mitmek\u00fclgset praktilist v\u00e4lja\u00f5pet<\/strong>\u00a0\u2013 praktikaasutused ei tarvitse suuta pakkuda igak\u00fclgset praktilist \u00f5pet \u2013 kindlasti on \u00f5piv\u00e4ljundeid, mida neis saab saavutada, kuid sageli j\u00e4\u00e4b \u00f5pe pinnapealseks seet\u00f5ttu, et praktikaasutuses pole igap\u00e4evaelus kasutusel v\u00f5tted, protseduurid, protsessid, mida \u00f5ppija omandama peaks.\n\t\t\t<\/li>\n<li>\n\t\t\t\t<strong>Ebapiisavad ressursid<\/strong>\u00a0\u2013 napib sobivaid praktikaasutusi, koolitatud juhendajaid ning lisavahendeid (nt ebapiisav t\u00f6\u00f6vahendite hulk, praktika ei ole tasustatud jne).\n\t\t\t<\/li>\n<li>\n\t\t\t\t<strong>Praktikakeskkond ei ole \u00f5pi-\/\u00f5petamiss\u00f5bralik, paralleelselt toimub igap\u00e4evane t\u00f6\u00f6<\/strong>\u00a0\u2013 praktikaasutuse igap\u00e4evaste p\u00f5hifunktsioonide t\u00e4itmine n\u00f5uab juhendajailt oma aja ja j\u00f5uressursid, sageli on t\u00f6\u00f6 nii intensiivne, et lihtsam on asi ise \u00e4ra teha kui algajat \u00f5petada. T\u00f6\u00f6 kuhjumine praktikandi t\u00f5ttu toob omakorda kaasa frustratsiooni ja sageli elatakse see \u00f5ppija peal v\u00e4lja.\n\t\t\t<\/li>\n<li>\n\t\t\t\t<strong>Praktikajuhendajate nappus<\/strong>\u00a0\u2013 koolitatud ja kogemustega\u00a0juhendajaid pole kunagi piisavalt. Samas aitab ehk juhendajaks olemise motivatsiooni t\u00f5sta v\u00f5imalus oma t\u00f6\u00f6d praktikandi juhendamise perioodil \u00fcmber korraldada, \u00f5petamiseks vajaliku aja leidmine igap\u00e4evakohustuste v\u00e4hendamise arvel jne.\n\t\t\t<\/li>\n<li>\n\t\t\t\t<strong>Ebapiisav (arengut mitte soodustav) tagasiside<\/strong>\u00a0praktika sooritamisele. Juhendaja(te)l pole ei aega ega ka oskust tagasisidestada selliselt, et \u00fcli\u00f5pilane m\u00f5istaks oma tugevaid k\u00fclgi ja arenguvajadusi.\n\t\t\t<\/li>\n<\/ul><\/div>\n<\/div>\n<div class=\"modified\">\n\t\u00a0\n<\/div>\n","protected":false},"excerpt":{"rendered":"<p>\u00a0 Igal praktikal esineb mingeid probleeme, see on osa protsessist. Olulisem on, kuidas Sa l\u00e4hened tekkinud probleemidele, sest see m\u00f5jutab nii tulemust kui ka Sinu rahulolu praktikaga! Ajalised piirangud\u00a0\u2013 vahel v\u00f5ib eesm\u00e4rkide t\u00e4itmine, \u00f5piv\u00e4ljundite saavutamine, vilumuseni j\u00f5udmine v\u00f5tta aega, kuid &#8230;<\/p>\n","protected":false},"author":164,"featured_media":0,"parent":12,"menu_order":0,"comment_status":"closed","ping_status":"closed","template":"","meta":{"_acf_changed":false,"inline_featured_image":false,"footnotes":""},"class_list":["post-8","page","type-page","status-publish","hentry"],"acf":[],"_links":{"self":[{"href":"https:\/\/sisu.ut.ee\/praktikamajanduses\/wp-json\/wp\/v2\/pages\/8","targetHints":{"allow":["GET"]}}],"collection":[{"href":"https:\/\/sisu.ut.ee\/praktikamajanduses\/wp-json\/wp\/v2\/pages"}],"about":[{"href":"https:\/\/sisu.ut.ee\/praktikamajanduses\/wp-json\/wp\/v2\/types\/page"}],"author":[{"embeddable":true,"href":"https:\/\/sisu.ut.ee\/praktikamajanduses\/wp-json\/wp\/v2\/users\/164"}],"replies":[{"embeddable":true,"href":"https:\/\/sisu.ut.ee\/praktikamajanduses\/wp-json\/wp\/v2\/comments?post=8"}],"version-history":[{"count":1,"href":"https:\/\/sisu.ut.ee\/praktikamajanduses\/wp-json\/wp\/v2\/pages\/8\/revisions"}],"predecessor-version":[{"id":66,"href":"https:\/\/sisu.ut.ee\/praktikamajanduses\/wp-json\/wp\/v2\/pages\/8\/revisions\/66"}],"up":[{"embeddable":true,"href":"https:\/\/sisu.ut.ee\/praktikamajanduses\/wp-json\/wp\/v2\/pages\/12"}],"wp:attachment":[{"href":"https:\/\/sisu.ut.ee\/praktikamajanduses\/wp-json\/wp\/v2\/media?parent=8"}],"curies":[{"name":"wp","href":"https:\/\/api.w.org\/{rel}","templated":true}]}}