{"id":7,"date":"2024-04-04T04:42:02","date_gmt":"2024-04-04T01:42:02","guid":{"rendered":"https:\/\/sisu.ut.ee\/praktikamajanduses\/millist-praktikat-valida-praktika-liigid\/"},"modified":"2024-04-14T22:36:15","modified_gmt":"2024-04-14T19:36:15","slug":"millist-praktikat-valida-praktika-liigid","status":"publish","type":"page","link":"https:\/\/sisu.ut.ee\/praktikamajanduses\/enne-praktikat\/millist-praktikat-valida-praktika-liigid\/","title":{"rendered":"Millist praktikat valida? Praktika liigid"},"content":{"rendered":"<p align=\"left\">\n\t\u00a0\n<\/p>\n<p align=\"left\">\n\tV\u00f5imalik on l\u00e4bida eri liiki praktikaid, erinevates t\u00f6\u00f6keskkondades:\n<\/p>\n<p align=\"left\">\n\t<strong>1. Praktika ettev\u00f5ttes v\u00f5i organisatsioonis<\/strong>\n<\/p>\n<p>\n\t\u00dcli\u00f5pilane v\u00f5ib praktika sooritada nii avalikus, era kui ka kolmandas sektoris. Praktika toimub t\u00f6\u00f6keskkonnas. Praktika pikkuseks on enamasti 1-2 kuud. \u00dcli\u00f5pilane saab sobiva praktikakoha otsida <strong><a data-url=\"https:\/\/sisu.ut.ee\/praktikamajanduses\/praktikabaaside-nimekiri\" href=\"https:\/\/sisu.ut.ee\/praktikamajanduses\/praktikabaaside-nimekiri\" target=\"_blank\" title=\"\" rel=\"noopener\">praktikabaaside listist<\/a><\/strong>, tutvuda praktikapakkumistega <strong><a data-url=\"http:\/\/praktika.ut.ee\/\" href=\"http:\/\/praktika.ut.ee\/\" target=\"_blank\" title=\"\" rel=\"noopener\">\u00fcle\u00fclikoolilisel praktikavahenduse\u00a0kodulehel<\/a><\/strong>, otsida praktikapakkumisi ettev\u00f5tete kodulehelt ja kontakteeruda endale huvipakkuva organisatsiooniga, uurimaks praktikate v\u00f5imaluste kohta.\u00a0\n<\/p>\n<p>\n\t\u00a0\n<\/p>\n<p>\n\t<strong>2. Projektipraktika<\/strong>\n<\/p>\n<p>\n\t\u00dcli\u00f5pilasel on v\u00f5imalus praktikat l\u00e4bida projektipraktikana,\u00a0liitudes vabalt valitud projektiga v\u00f5i esitades ise projektiidee <strong><a data-url=\"http:\/\/praktika.ut.ee\/team\/\" href=\"http:\/\/praktika.ut.ee\/team\/\" target=\"_blank\" title=\"\" rel=\"noopener\">praktikavahenduse kodulehel<\/a><\/strong>. Projektiideed tulevad \u00fcli\u00f5pilastelt, \u00f5ppej\u00f5ududelt, organisatsioonidelt. Eriti on oodatud\u00a0\u00fcli\u00f5pilastepoolsed ideed. See on v\u00f5imalus oma ideed ellu viia koos \u00e4geda meeskonna ja juhendaja kaastoel. Meeskonna moodustavad \u00fcli\u00f5pilased erinevatelt erialadelt ja haridustasemetelt. Projektid kestavad enamasti \u00fche semestri. Projektiidee esitamise t\u00e4htajad on <b>augusti ja jaanuari l\u00f5pus<\/b>!\u00a0<br><strong>Esita oma idee v\u00f5i liitu projektiga <\/strong><a data-url=\"https:\/\/praktika.ut.ee\/projektipraktika\/\" href=\"https:\/\/praktika.ut.ee\/projektipraktika\/\" target=\"_blank\" title=\"\" rel=\"noopener\">praktika.ut.ee\/projektipraktika<\/a>.\n<\/p>\n<p>\n\tProjektipraktikat\u00a0iseloomustavad:\n<\/p>\n<ul>\n<li>\n\t\t<em><strong>k\u00e4ed k\u00fclge \u00f5ppimine<\/strong><\/em> \u2013 lahendatakse\u00a0probleeme praktilise tegevuse kaudu\n\t<\/li>\n<li>\n\t\t<strong><em>interdistsiplinaarsus<\/em> <\/strong>\u2013 tegutsed keskkonnas, kus kaas\u00fcli\u00f5pilased, probleemid ja v\u00e4ljakutsed \u00fcletavad eriala piire\n\t<\/li>\n<li>\n\t\t<em><strong>tulevikuoskused <\/strong><\/em>\u2013 anal\u00fc\u00fcsid tulevikuoskuste rakendamist, et olla t\u00f6\u00f6turul konkurentsiv\u00f5imeline\n\t<\/li>\n<li>\n\t\t<em><strong>paindlikkus\u00a0<\/strong><\/em>\u2013 mida, millal ja kus Sa\u00a0\u00f5pid on Sinu otsustada, protsessi toetavad kindlad\u00a0kriteeriumid, juhendaja ja praktika koordinaatorid.\n\t<\/li>\n<\/ul>\n<p>\n\t\u00a0\n<\/p>\n<p>\n\t<strong>3. Ettev\u00f5tluspraktika<\/strong>\n<\/p>\n<p style=\"text-align: justify\">\n\tEttev\u00f5tluspraktika v\u00f5imaldab \u00fcli\u00f5pilasel tegeleda \u00f5ppeainetes arendatud ja koostatud \u00e4riplaani elluviimisega, mist\u00f5ttu on soovituslik ettev\u00f5tluspraktika sooritada p\u00e4rast ettev\u00f5tlusainete\u00a0(nt Ettev\u00f5tluse alused ja \u00e4riplaan v\u00f5i Praktiline v\u00e4ikeettev\u00f5tlus) l\u00e4bimist. Praktika h\u00f5lmab ettev\u00f5tte asutamise ja arendamise erinevaid astmeid, v\u00f5imalust osaleda reaalsetes otsustusprotsessides, turu-uuringutes, meeskonnat\u00f6\u00f6s ja suhtlemises eri institutsioonidega. Praktika k\u00e4igus tuleb aru saada p\u00f5hiliste ettev\u00f5tlusvormide olemusest, registreerimisest vastavalt Eesti Vabariigi seadusandlusele ning l\u00e4bi viia \u00fcks reaalne m\u00fc\u00fcgiprotsess v\u00f5i viia ellu \u00fcks ettev\u00f5tte tegevusalasid iseloomustav projektip\u00f5hine tegevus. <strong>Ettev\u00f5tte asutamine \u00f5ppeprotsessi k\u00e4igus on soovitav, mitte kohustuslik etapp!<\/strong>\n<\/p>\n<p>\n\t\u00a0\n<\/p>\n<p>\n\t<strong>4. Praktika sTARTUp Lab\u2019is<\/strong>\n<\/p>\n<p>\n\tSTARTUp Lab (varem Ideelabor) pakub \u00fcli\u00f5pilastele suunatud eelinkubatsiooni teenuseid, sealhulgas \u00e4riideede arendusprogrammi STARTER, kaasates ettev\u00f5tjaid ja start-up maastikul kogenud mentoreid. STARTUp Lab on koht, kus p\u00f5nevatele probleemidele \u00fcheskoos uudseid lahendusi leida ning neid ellu viia. Oodatud on k\u00f5ik, kes tahavad leida oma teadmistele praktilist rakendust ning tutvuda ja t\u00f6\u00f6tada koos inimestega erinevatelt erialadelt nii \u00fclikooli seest kui v\u00e4ljast.\u00a0<br>Vaata lisa:\u00a0<a href=\"https:\/\/startuplab.ut.ee\/et\">https:\/\/startuplab.ut.ee\/et<\/a>\n<\/p>\n<p>\n\t<img loading=\"lazy\" decoding=\"async\" width=\"1920\" height=\"1080\" class=\"alignnone wp-image-19\" src=\"https:\/\/sisu.ut.ee\/wp-content\/uploads\/sites\/315\/startup-lab-labipaistev_2.png\" title=\"startup-lab-labipaistev_2.png\" alt=\"sTARTUpLab\" srcset=\"https:\/\/sisu.ut.ee\/wp-content\/uploads\/sites\/315\/startup-lab-labipaistev_2.png 1920w, https:\/\/sisu.ut.ee\/wp-content\/uploads\/sites\/315\/startup-lab-labipaistev_2-300x169.png 300w, https:\/\/sisu.ut.ee\/wp-content\/uploads\/sites\/315\/startup-lab-labipaistev_2-1024x576.png 1024w, https:\/\/sisu.ut.ee\/wp-content\/uploads\/sites\/315\/startup-lab-labipaistev_2-768x432.png 768w, https:\/\/sisu.ut.ee\/wp-content\/uploads\/sites\/315\/startup-lab-labipaistev_2-1536x864.png 1536w\" sizes=\"auto, (max-width: 1920px) 100vw, 1920px\">\n<\/p>\n<p>\n\t<strong>5. Praktika uurimisgrupis<\/strong>\n<\/p>\n<p>\n\t\u00dcli\u00f5pilane osaleb uurimisgrupi t\u00f6\u00f6s teatud \u00fclesande lahendamiseks. Uurimisgrupil on \u00fclikoolipoolne juhendaja ja uurimisgrupis tehtavale praktikale kehtivad samad tingimused nagu ettev\u00f5ttes tehtavale praktikale. Kestuseks on enamasti 1-2 kuud. Uurimisgrupis praktika l\u00e4bimine toetab kindla teema s\u00fcgavamate teadmisteni j\u00f5udmist ning \u00fcli\u00f5pilase motivatsioonile aitab kaasa, kui uurimisgrupi teema \u00fchildub \u00fcli\u00f5pilase huvidega. Uurimisgrupis kaasa l\u00f6\u00f6mine tugevdab \u00fcli\u00f5pilase uurimisoskust ja aitab kaasa praktilise uurimist\u00f6\u00f6 kogemuse saamisele.\u00a0\n<\/p>\n<p>\n\t\u00a0\n<\/p>\n<p>\n\t<strong>6. Praktika juhendajana (teise \u00fcli\u00f5pilase praktika juhendamine)<\/strong>\n<\/p>\n<p>\n\tPraktikat saavad juhendajana sooritada magistri\u00f5ppe \u00fcli\u00f5pilased. \u00dcli\u00f5pilane juhendab teise \u00fcli\u00f5pilase praktikat v\u00f5i kaasjuhendab projektipraktikat\u00a0koos \u00fclikoolipoolse \u00f5ppej\u00f5uga. Enne praktika juhendajaks hakkamist tuleb l\u00e4bida seminar, kus r\u00e4\u00e4gitakse olulisematest aspektidest praktika juhendamisel. Juhendajana praktika l\u00e4biviimine eeldab j\u00e4rgmisi p\u00e4devusi:\n<\/p>\n<ul>\n<li>\n\t\tjuhendamise oskus\n\t<\/li>\n<li>\n\t\tsuhtlemisoskus\n\t<\/li>\n<li>\n\t\tajaplaneerimine\n\t<\/li>\n<li>\n\t\tmeeskonnat\u00f6\u00f6\n\t<\/li>\n<li>\n\t\ttagasiside andmise oskus.\n\t<\/li>\n<\/ul>\n<p>\n\t\u00a0\n<\/p>\n<p>\n\t<strong>7. Praktika v\u00e4lismaal<\/strong>\n<\/p>\n<p dir=\"ltr\">\n<\/p><p dir=\"ltr\">\n\tPraktika sooritamine v\u00e4lismaal annab silmapaistva rahvusvahelise ja kultuuridevahelise kogemuse koos rahvusvaheliste\u00a0kontaktidega, mis on suureks eeliseks t\u00f6\u00f6turul. Lisaks hea\u00a0v\u00f5imaluse arendada v\u00f5\u00f5rkeelt. V\u00e4lismaise\u00a0praktika kohta uuri siit: <a href=\"https:\/\/www.ut.ee\/et\/oppimine\/erasmus-programmi-toel-euroopasse-praktikale\">https:\/\/www.ut.ee\/et\/oppimine\/erasmus-programmi-toel-euroopasse-praktikale<\/a>\u00a0\n<\/p>\n<p dir=\"ltr\">\n\t\u00dcli\u00f5pilaste v\u00e4lismaise praktika ja \u00f5ppimise vahendamisega tegeleb mitu rahvusvahelist organisatsiooni.\u00a0NB! Erafirmade kaudu praktikale minnes tuleb kindlasti enne lepingu s\u00f5lmimist see korralikult l\u00e4bi lugeda ja m\u00f5elda, kas pakutakse v\u00f5imalust, kus saate rakendada nii erialaseid kui tulevikuoskusi. N\u00e4iteks \u2013 kui alguses on suus\u00f5naliselt juttu, et saate praktikakoha ja valdkonna ise valida, siis kontrollige, kas lepingus on samamoodi. Kui leping on v\u00e4ga \u00fclds\u00f5naline, tehke ettepanek just Teile vajalikud punktid sinna lisada. M\u00f5nes riigis on praktika sooritamiseks ettev\u00f5tte juures vaja ka t\u00f6\u00f6luba, uurige seda kindlasti enne minekut.\n<\/p>\n<p dir=\"ltr\">\n\t\u00a0<\/p>\n","protected":false},"excerpt":{"rendered":"<p>\u00a0 V\u00f5imalik on l\u00e4bida eri liiki praktikaid, erinevates t\u00f6\u00f6keskkondades: 1. Praktika ettev\u00f5ttes v\u00f5i organisatsioonis \u00dcli\u00f5pilane v\u00f5ib praktika sooritada nii avalikus, era kui ka kolmandas sektoris. Praktika toimub t\u00f6\u00f6keskkonnas. Praktika pikkuseks on enamasti 1-2 kuud. \u00dcli\u00f5pilane saab sobiva praktikakoha otsida praktikabaaside &#8230;<\/p>\n","protected":false},"author":164,"featured_media":0,"parent":11,"menu_order":0,"comment_status":"closed","ping_status":"closed","template":"","meta":{"_acf_changed":false,"inline_featured_image":false,"footnotes":""},"class_list":["post-7","page","type-page","status-publish","hentry"],"acf":[],"_links":{"self":[{"href":"https:\/\/sisu.ut.ee\/praktikamajanduses\/wp-json\/wp\/v2\/pages\/7","targetHints":{"allow":["GET"]}}],"collection":[{"href":"https:\/\/sisu.ut.ee\/praktikamajanduses\/wp-json\/wp\/v2\/pages"}],"about":[{"href":"https:\/\/sisu.ut.ee\/praktikamajanduses\/wp-json\/wp\/v2\/types\/page"}],"author":[{"embeddable":true,"href":"https:\/\/sisu.ut.ee\/praktikamajanduses\/wp-json\/wp\/v2\/users\/164"}],"replies":[{"embeddable":true,"href":"https:\/\/sisu.ut.ee\/praktikamajanduses\/wp-json\/wp\/v2\/comments?post=7"}],"version-history":[{"count":1,"href":"https:\/\/sisu.ut.ee\/praktikamajanduses\/wp-json\/wp\/v2\/pages\/7\/revisions"}],"predecessor-version":[{"id":67,"href":"https:\/\/sisu.ut.ee\/praktikamajanduses\/wp-json\/wp\/v2\/pages\/7\/revisions\/67"}],"up":[{"embeddable":true,"href":"https:\/\/sisu.ut.ee\/praktikamajanduses\/wp-json\/wp\/v2\/pages\/11"}],"wp:attachment":[{"href":"https:\/\/sisu.ut.ee\/praktikamajanduses\/wp-json\/wp\/v2\/media?parent=7"}],"curies":[{"name":"wp","href":"https:\/\/api.w.org\/{rel}","templated":true}]}}