{"id":3,"date":"2024-04-04T04:42:02","date_gmt":"2024-04-04T01:42:02","guid":{"rendered":"https:\/\/sisu.ut.ee\/praktikamajanduses\/praktika-moiste-ja-liigid\/"},"modified":"2024-04-04T04:42:13","modified_gmt":"2024-04-04T01:42:13","slug":"praktika-moiste-ja-liigid","status":"publish","type":"page","link":"https:\/\/sisu.ut.ee\/praktikamajanduses\/praktika-moiste-ja-liigid\/","title":{"rendered":"Praktika m\u00f5iste ja eesm\u00e4rk"},"content":{"rendered":"<div>\n\t<strong>Praktika<\/strong>\u00a0on \u00f5ppekava \u00f5piv\u00e4ljundite saavutamiseks \u00fcli\u00f5pilase\u00a0<em><strong>eesm\u00e4rgip\u00e4rane tegevus<\/strong>\u00a0<\/em>t\u00f6\u00f6keskkonnas. Praktika k\u00e4igus on v\u00f5imalik rakendada \u00f5ppekava raames \u00f5pitud teadmisi, oskusi ja hoiakuid.\n<\/div>\n<div class=\"no-overflow\">\n<p>\n\t\tEnne praktikale minekut on oluline seada eesm\u00e4rk ja \u00fclesanded, sest just<strong> \u00f5igesti s\u00f5nastatud praktika eesm\u00e4rk<\/strong>\u00a0annab tegutsemisele suuna, aitab keskenduda tulemusele ja saavutatud tulemust hinnata. \u00a0 \u00a0 \u00a0 \u00a0 \u00a0 \u00a0 \u00a0 \u00a0 \u00a0 \u00a0 \u00a0 \u00a0 \u00a0 \u00a0 \u00a0 \u00a0 \u00a0 \u00a0 \u00a0 \u00a0 \u00a0\n\t<\/p>\n<p>\n\t\t\u00a0\n\t<\/p>\n<p>\n\t\t<\/p><div class=\"accordion mb-3\">\n        <div class=\"accordion-item accordion-item--white\">\n        <h2 class=\"accordion-header\" id=\"accordion-69e061cfcbaac-heading\">\n            <button class=\"accordion-button collapsed\" type=\"button\" data-bs-toggle=\"collapse\" data-bs-target=\"#accordion-69e061cfcbaac-collapse\" aria-expanded=\"true\" aria-controls=\"accordion-69e061cfcbaac-collapse\">EESM\u00c4RGISTAMINE l\u00e4htuvalt SMART mudelist<\/button>\n        <\/h2>\n        <div id=\"accordion-69e061cfcbaac-collapse\" class=\"accordion-collapse collapse\" aria-labelledby=\"accordion-69e061cfcbaac-heading\">\n            <div class=\"accordion-body\">Praktika eesm\u00e4rk ja \u00fclesanded peavad kokku moodustama terviku ning olema:\n\t\n<p>\n\t\t\u00a0\n\t<\/p>\n<p>\n\t\tPraktika eesm\u00e4rgi ja \u00fclesannete s\u00f5nastamiseks kasutatakse \u00fcle maailma kasutusel olevat SMART mudelit, sest\u00a0 siis on eesm\u00e4rk:\n\t<\/p>\n<p>\n\t\t\u00a0 \u00a0 \u00a0 \u00a0 \u00a0 \u00a0 \u00a0\u00a0<strong>o S- spetsiifiline (specific)\u00a0<\/strong>\u2013 v\u00e4lja on toodud organisatsioon, kus praktika toimub ning vastatud k\u00fcsimustele MIKS?, KUIDAS? ja MIDA?\n\t<\/p>\n<p>\n\t\t<strong>\u00a0 \u00a0 \u00a0 \u00a0 \u00a0 \u00a0 \u00a0 \u00a0 o M \u2013 m\u00f5\u00f5detav (measurable)\u00a0<\/strong>\u2013 mis on tulemus? Tulemus peab olema m\u00f5\u00f5detav\n\t<\/p>\n<p>\n\t\t<strong>\u00a0 \u00a0 \u00a0 \u00a0 \u00a0 \u00a0 \u00a0 \u00a0 o A \u2013 saavutatav (achievable)\u00a0<\/strong>\u2013 peab olema ellu viidav praktika aja jooksul\n\t<\/p>\n<p>\n\t\t<strong>\u00a0 \u00a0 \u00a0 \u00a0 \u00a0 \u00a0 \u00a0 \u00a0 o R \u2013 asjakohane (relevant)\u00a0<\/strong>\u2013 toetab organisatsiooni strateegiat\n\t<\/p>\n<p>\n\t\t<strong>\u00a0 \u00a0 \u00a0 \u00a0 \u00a0 \u00a0 \u00a0 \u00a0o T \u2013 ajaliselt ohjatud (timely)<\/strong>\u00a0\u2013 peab olema aeg, kuna see ellu viidakse\n\t<\/p>\n<p>\n\t\tSMART mudelit j\u00e4rgides on Sinu eesm\u00e4rk ja \u00fclesanded arusaadavad nii Sulle endale\u00a0 kui ka juhendaja(te)le ning teistele lugejatele.\n\t<\/p>\n<p>\n\t\tSMART mudeli k\u00f5ik komponendid peavad mahttuma \u00fchte v\u00f5i kahte lausesse.\n\t<\/p>\n<p>\n\t\tEesm\u00e4rgi s\u00f5nastamise n\u00e4ited (praktikate aruannetest):\n\t<\/p>\n<p>\n\t\t<em><strong>Hea s\u00f5nastus:\u00a0<\/strong><\/em>Praktika eesm\u00e4rk praktikaperioodi ajal (05.08\u201329.08.2019) ettev\u00f5ttes \u00dckssarvik on\u00a0 turundusstrateegia 2020 \u2013 2023 v\u00e4ljat\u00f6\u00f6tamine, kasutades turu andmeid, et suurendada turuosa 5%.<br>Turundusstrateegia koostamiseks on vaja koguda andmeid.\n\t<\/p>\n<p>\n\t\t\u00dclesanded:<br>1. Koostada situatsioonianal\u00fc\u00fcs ehk turu anal\u00fc\u00fcs kasutades andmeid 2015 \u2013 2020 ning selle p\u00f5hjal v\u00e4lja selgitada kuidas jaguneb tarbimine kliendigruppide vahel.<br>2. V\u00e4lja selgitada olemasolev turumaht ehk mis mahus tarbitakse samu teenuseid\/tooteid ning millisele sihtgrupile.<br>3. Koostada konkurentsi anal\u00fc\u00fcs sarnaste firmade kohta (eeldatavalt v\u00e4hemalt samasuunalist 50 ettev\u00f5tet).\n\t<\/p>\n<p>\n\t\t4. Tulevikuoskuse \u00fclesanne \u2013 tulla toime erinevates kultuurikeskkondades \u2013 koguda v\u00e4hemalt 10 ettev\u00f5tte klienti tagasisidet erinevatest riikidest ning esitleda seda juhtkonnale.\n\t<\/p>\n<p>\n\t\t\u00a0\n\t<\/p>\n<p>\n\t\t<\/p><\/div>\n        <\/div>\n        <\/div>\n    <\/div>\n\t\n<\/div>\n<blockquote>\n<p>\n\t\tPRAKTIKA EESM\u00c4RGI JA \u00dcLESANNETE S\u00d5NASTAMINE V\u00d5TAB AEGA!\n\t<\/p>\n<\/blockquote>\n<p>\n\t\u00a0<\/p>\n","protected":false},"excerpt":{"rendered":"<p>Praktika\u00a0on \u00f5ppekava \u00f5piv\u00e4ljundite saavutamiseks \u00fcli\u00f5pilase\u00a0eesm\u00e4rgip\u00e4rane tegevus\u00a0t\u00f6\u00f6keskkonnas. Praktika k\u00e4igus on v\u00f5imalik rakendada \u00f5ppekava raames \u00f5pitud teadmisi, oskusi ja hoiakuid. Enne praktikale minekut on oluline seada eesm\u00e4rk ja \u00fclesanded, sest just \u00f5igesti s\u00f5nastatud praktika eesm\u00e4rk\u00a0annab tegutsemisele suuna, aitab keskenduda tulemusele ja saavutatud &#8230;<\/p>\n","protected":false},"author":164,"featured_media":0,"parent":0,"menu_order":0,"comment_status":"closed","ping_status":"closed","template":"","meta":{"_acf_changed":false,"inline_featured_image":false,"footnotes":""},"class_list":["post-3","page","type-page","status-publish","hentry"],"acf":[],"_links":{"self":[{"href":"https:\/\/sisu.ut.ee\/praktikamajanduses\/wp-json\/wp\/v2\/pages\/3","targetHints":{"allow":["GET"]}}],"collection":[{"href":"https:\/\/sisu.ut.ee\/praktikamajanduses\/wp-json\/wp\/v2\/pages"}],"about":[{"href":"https:\/\/sisu.ut.ee\/praktikamajanduses\/wp-json\/wp\/v2\/types\/page"}],"author":[{"embeddable":true,"href":"https:\/\/sisu.ut.ee\/praktikamajanduses\/wp-json\/wp\/v2\/users\/164"}],"replies":[{"embeddable":true,"href":"https:\/\/sisu.ut.ee\/praktikamajanduses\/wp-json\/wp\/v2\/comments?post=3"}],"version-history":[{"count":1,"href":"https:\/\/sisu.ut.ee\/praktikamajanduses\/wp-json\/wp\/v2\/pages\/3\/revisions"}],"predecessor-version":[{"id":71,"href":"https:\/\/sisu.ut.ee\/praktikamajanduses\/wp-json\/wp\/v2\/pages\/3\/revisions\/71"}],"wp:attachment":[{"href":"https:\/\/sisu.ut.ee\/praktikamajanduses\/wp-json\/wp\/v2\/media?parent=3"}],"curies":[{"name":"wp","href":"https:\/\/api.w.org\/{rel}","templated":true}]}}