{"id":15,"date":"2024-04-04T04:42:03","date_gmt":"2024-04-04T01:42:03","guid":{"rendered":"https:\/\/sisu.ut.ee\/praktikamajanduses\/korduma-kippuvad-kusimused\/"},"modified":"2024-04-04T04:42:13","modified_gmt":"2024-04-04T01:42:13","slug":"korduma-kippuvad-kusimused","status":"publish","type":"page","link":"https:\/\/sisu.ut.ee\/praktikamajanduses\/korduma-kippuvad-kusimused\/","title":{"rendered":"Korduma kippuvad k\u00fcsimused"},"content":{"rendered":"<p>\n\t<\/p><div class=\"accordion mb-3\">\n        <div class=\"accordion-item accordion-item--white\">\n        <h2 class=\"accordion-header\" id=\"accordion-69e06206988a3-heading\">\n            <button class=\"accordion-button collapsed\" type=\"button\" data-bs-toggle=\"collapse\" data-bs-target=\"#accordion-69e06206988a3-collapse\" aria-expanded=\"true\" aria-controls=\"accordion-69e06206988a3-collapse\">Miks ma pean praktika eesm\u00e4rgi nii t\u00e4pselt s\u00f5nastama?<\/button>\n        <\/h2>\n        <div id=\"accordion-69e06206988a3-collapse\" class=\"accordion-collapse collapse\" aria-labelledby=\"accordion-69e06206988a3-heading\">\n            <div class=\"accordion-body\">Mida t\u00e4psemalt suudate praktika eesm\u00e4rgi ja \u00fclesanded kirja panna, seda suurem t\u00f5en\u00e4osus on praktika edukalt sooritada ja saavutada areng praktika k\u00e4igus. Lisaks on eesm\u00e4rgi s\u00f5nastamine oluline ka igap\u00e4evases elus. Mida paremini s\u00f5nastate, seda kiiremini suudate liikuda eesm\u00e4rgini.<\/div>\n        <\/div>\n        <\/div>\n    <\/div>\n\n<p>\n\t<\/p><div class=\"accordion mb-3\">\n        <div class=\"accordion-item accordion-item--white\">\n        <h2 class=\"accordion-header\" id=\"accordion-69e06206988a8-heading\">\n            <button class=\"accordion-button collapsed\" type=\"button\" data-bs-toggle=\"collapse\" data-bs-target=\"#accordion-69e06206988a8-collapse\" aria-expanded=\"true\" aria-controls=\"accordion-69e06206988a8-collapse\">Kas eesm\u00e4rki ja \u00fclesandeid on v\u00f5imalus muuta praktika k\u00e4igus?<\/button>\n        <\/h2>\n        <div id=\"accordion-69e06206988a8-collapse\" class=\"accordion-collapse collapse\" aria-labelledby=\"accordion-69e06206988a8-heading\">\n            <div class=\"accordion-body\">Jah, ikka on v\u00f5imalus. Praktikabaasis v\u00f5ivad tekkida uued v\u00f5imalused v\u00f5i selgub, et p\u00fcstitatud eesm\u00e4rki ei saa t\u00e4ita. Siis v\u00f5ite julgelt muuta, aga \u00e4rge unustage EESM\u00c4RGISTAMISE ABC. Kui s\u00f5nastate praktika k\u00e4igus eesm\u00e4rgi ja \u00fclesanded uuesti, siis eneseanal\u00fc\u00fcsis p\u00f5hjendage, et miks seda pidite tegema. Uuesti s\u00f5nastatud eesm\u00e4rk on eneseanal\u00fc\u00fcsi aluseks.<\/div>\n        <\/div>\n        <\/div>\n    <\/div>\n\n<p>\n\t<\/p><div class=\"accordion mb-3\">\n        <div class=\"accordion-item accordion-item--white\">\n        <h2 class=\"accordion-header\" id=\"accordion-69e06206988ab-heading\">\n            <button class=\"accordion-button collapsed\" type=\"button\" data-bs-toggle=\"collapse\" data-bs-target=\"#accordion-69e06206988ab-collapse\" aria-expanded=\"true\" aria-controls=\"accordion-69e06206988ab-collapse\">Mis siis kui praktikabaasis mul juhendajat ei ole?<\/button>\n        <\/h2>\n        <div id=\"accordion-69e06206988ab-collapse\" class=\"accordion-collapse collapse\" aria-labelledby=\"accordion-69e06206988ab-heading\">\n            <div class=\"accordion-body\">Siis v\u00f5tke \u00fchendust \u00fclikoolipoolse praktika juhendajaga. Koos leitakse lahendus.<\/div>\n        <\/div>\n        <\/div>\n    <\/div>\n\n<p>\n\t<\/p><div class=\"accordion mb-3\">\n        <div class=\"accordion-item accordion-item--white\">\n        <h2 class=\"accordion-header\" id=\"accordion-69e06206988ad-heading\">\n            <button class=\"accordion-button collapsed\" type=\"button\" data-bs-toggle=\"collapse\" data-bs-target=\"#accordion-69e06206988ad-collapse\" aria-expanded=\"true\" aria-controls=\"accordion-69e06206988ad-collapse\">Miks ma pean praktikale minema, kui ma juba t\u00f6\u00f6tan?<\/button>\n        <\/h2>\n        <div id=\"accordion-69e06206988ad-collapse\" class=\"accordion-collapse collapse\" aria-labelledby=\"accordion-69e06206988ad-heading\">\n            <div class=\"accordion-body\">Praktika eesm\u00e4rk on rakendada neid teadmisi ja oskusi, mida on juurde \u00f5pitud (erialased ja \u00fcldoskused) ning tulla v\u00e4lja \u201cmugavustsoonist\u201d. Enda t\u00f6\u00f6kohal praktikat sooritades teete igap\u00e4evaseid \u00fclesandeid, aga eesm\u00e4rk on saada uus kogemus ja uued teadmised.<\/div>\n        <\/div>\n        <\/div>\n    <\/div>\n","protected":false},"excerpt":{"rendered":"<p>Miks ma pean praktika eesm\u00e4rgi nii t\u00e4pselt s\u00f5nastama? Mida t\u00e4psemalt suudate praktika eesm\u00e4rgi ja \u00fclesanded kirja panna, seda suurem t\u00f5en\u00e4osus on praktika edukalt sooritada ja saavutada areng praktika k\u00e4igus. Lisaks on eesm\u00e4rgi s\u00f5nastamine oluline ka igap\u00e4evases elus. Mida paremini s\u00f5nastate, &#8230;<\/p>\n","protected":false},"author":164,"featured_media":0,"parent":0,"menu_order":0,"comment_status":"closed","ping_status":"closed","template":"","meta":{"_acf_changed":false,"inline_featured_image":false,"footnotes":""},"class_list":["post-15","page","type-page","status-publish","hentry"],"acf":[],"_links":{"self":[{"href":"https:\/\/sisu.ut.ee\/praktikamajanduses\/wp-json\/wp\/v2\/pages\/15","targetHints":{"allow":["GET"]}}],"collection":[{"href":"https:\/\/sisu.ut.ee\/praktikamajanduses\/wp-json\/wp\/v2\/pages"}],"about":[{"href":"https:\/\/sisu.ut.ee\/praktikamajanduses\/wp-json\/wp\/v2\/types\/page"}],"author":[{"embeddable":true,"href":"https:\/\/sisu.ut.ee\/praktikamajanduses\/wp-json\/wp\/v2\/users\/164"}],"replies":[{"embeddable":true,"href":"https:\/\/sisu.ut.ee\/praktikamajanduses\/wp-json\/wp\/v2\/comments?post=15"}],"version-history":[{"count":1,"href":"https:\/\/sisu.ut.ee\/praktikamajanduses\/wp-json\/wp\/v2\/pages\/15\/revisions"}],"predecessor-version":[{"id":59,"href":"https:\/\/sisu.ut.ee\/praktikamajanduses\/wp-json\/wp\/v2\/pages\/15\/revisions\/59"}],"wp:attachment":[{"href":"https:\/\/sisu.ut.ee\/praktikamajanduses\/wp-json\/wp\/v2\/media?parent=15"}],"curies":[{"name":"wp","href":"https:\/\/api.w.org\/{rel}","templated":true}]}}