{"id":14,"date":"2024-04-04T04:42:03","date_gmt":"2024-04-04T01:42:03","guid":{"rendered":"https:\/\/sisu.ut.ee\/praktikamajanduses\/juhendajale\/"},"modified":"2024-04-04T04:42:13","modified_gmt":"2024-04-04T01:42:13","slug":"juhendajale","status":"publish","type":"page","link":"https:\/\/sisu.ut.ee\/praktikamajanduses\/juhendajale\/","title":{"rendered":"Juhendajale"},"content":{"rendered":"<p style=\"text-align: justify\">\n\tPraktika (vt ka\u00a0<a data-url=\"https:\/\/praktika.ut.ee\/\" href=\"https:\/\/praktika.ut.ee\/\" target=\"_blank\" title=\"\" rel=\"noopener\">praktika.ut.ee<\/a>) on \u00f5ppeaine, kus \u00fcli\u00f5pilane rakendab olemasolevaid ja omandab uusi teadmisi ja oskusi t\u00f6\u00f6keskkonnas \u00fclesandeid lahendades. Praktikal on kolm osapoolt: \u00fcli\u00f5pilane, \u00fclikoolipoolne juhendaja ja praktikabaasi juhendaja. Praktikal on <strong>kaks olulist eesm\u00e4rki<\/strong>: toetada \u00f5pitu rakendamist ning \u00fcli\u00f5pilase arengut. T\u00e4psema praktika eesm\u00e4rgi s\u00f5nastab \u00fcli\u00f5pilane, mis koosk\u00f5lastatakse \u00fclikooli ja praktikabaasi poolt praktika alguses. Eesm\u00e4rgi ja \u00fclesannete s\u00f5nastamisel peab \u00fcli\u00f5pilane l\u00e4htuma <a data-url=\"https:\/\/sisu.ut.ee\/praktikamajanduses\/praktika-m%C3%B5iste-ja-liigid#\" href=\"https:\/\/sisu.ut.ee\/praktikamajanduses\/praktika-m%C3%B5iste-ja-liigid#\" target=\"_blank\" title=\"\" rel=\"noopener\">SMART mudelist<\/a>.\n<\/p>\n<p style=\"text-align: justify\">\n\t<strong>Kuidas korraldada praktikat nii, et see toetaks kolmepoolset koost\u00f6\u00f6d ja rahulolu?\u00a0<\/strong>\n<\/p>\n<p style=\"text-align: justify;margin-left: 360px\">\n\t<img loading=\"lazy\" decoding=\"async\" width=\"1024\" height=\"768\" class=\"alignnone wp-image-23\" style=\"width:59px;height:44px\" src=\"https:\/\/sisu.ut.ee\/wp-content\/uploads\/sites\/315\/nool_alla.png\" title=\"nool_alla.png\" alt=\"nool alla\" srcset=\"https:\/\/sisu.ut.ee\/wp-content\/uploads\/sites\/315\/nool_alla.png 1024w, https:\/\/sisu.ut.ee\/wp-content\/uploads\/sites\/315\/nool_alla-300x225.png 300w, https:\/\/sisu.ut.ee\/wp-content\/uploads\/sites\/315\/nool_alla-768x576.png 768w\" sizes=\"auto, (max-width: 1024px) 100vw, 1024px\">\n<\/p>\n<p style=\"text-align: justify\">\n\t<\/p><div class=\"accordion mb-3\">\n        <div class=\"accordion-item accordion-item--white\">\n        <h2 class=\"accordion-header\" id=\"accordion-69e0621f20b13-heading\">\n            <button class=\"accordion-button collapsed\" type=\"button\" data-bs-toggle=\"collapse\" data-bs-target=\"#accordion-69e0621f20b13-collapse\" aria-expanded=\"true\" aria-controls=\"accordion-69e0621f20b13-collapse\">Kasulikud n\u00f5uanded \u00fclikooli juhendajale<\/button>\n        <\/h2>\n        <div id=\"accordion-69e0621f20b13-collapse\" class=\"accordion-collapse collapse\" aria-labelledby=\"accordion-69e0621f20b13-heading\">\n            <div class=\"accordion-body\">\n\n<p style=\"text-align: justify\">\n\t<b>Miks juhendada praktikaid?<\/b>\n<\/p>\n<p style=\"text-align: justify\">\n\t<span style=\"color:#ff8c00\">\u21d2 <\/span>Koost\u00f6\u00f6 organisatsioonidega.\n<\/p>\n<p style=\"text-align: justify\">\n\t<span style=\"color:#ff8c00\">\u21d2 <\/span>Ideede juurdevool\u00a0ja sisend\u00a0\u00f5ppekavadesse.\n<\/p>\n<p style=\"text-align: justify\">\n\t<span style=\"color:#ff8c00\">\u21d2 <\/span>Oma \u00f5ppekava turundamine.\n<\/p>\n<p style=\"text-align: justify\">\n\t\u00a0\n<\/p>\n<p style=\"text-align: justify\">\n\t<strong>Soovitused \u00fclikooli juhendajale:<\/strong>\u00a0\u00a0\n<\/p>\n<p style=\"text-align: justify\">\n<\/p><p>\n\t<span style=\"color:#ff8c00\">\u2666 <\/span>Tunne\u00a0praktikaprotsessi ning vastuta\u00a0praktikakorralduse eest.\u00a0\n<\/p>\n<p>\n\t<span style=\"color:#ff8c00\">\u2666 <\/span>Planeeri\u00a0praktika ajaline\u00a0asetus\u00a0\u00f5ppekavas, praktika eesm\u00e4rk\u00a0ning oodatavad \u00f5piv\u00e4ljundid.\n<\/p>\n<p>\n\t<span style=\"color:#ff8c00\">\u2666 <\/span>Vii\u00a0l\u00e4bi sissejuhatav\u00a0seminar, kus tutvusta\u00a0praktika l\u00e4bimise tingimusi (\u00e4rge unustage, et praktika on samasugune aine nagu muud ained \u00f5ppekavas).\u00a0\n<\/p>\n<p>\n\t<span style=\"color:#ff8c00\">\u2666 <\/span>N\u00f5usta\u00a0praktikakoha leidmisel.\n<\/p>\n<p>\n\t<span style=\"color:#ff8c00\">\u2666 <\/span>Toeta\u00a0\u00fcli\u00f5pilase praktika eesm\u00e4rgi ja \u00fclesannete s\u00f5nastamist.\u00a0\n<\/p>\n<p>\n\t<span style=\"color:#ff8c00\">\u2666 <\/span>Aita\u00a0vajadusel lahendada nii \u00fcli\u00f5pilase\u00a0kui ka praktikabaasi juhendajal praktikaga tekkinud probleeme.\n<\/p>\n<p>\n\t<span style=\"color:#ff8c00\">\u2666 <\/span>Anna\u00a0\u00fcli\u00f5pilasele tagasisidet praktika jooksul.\u00a0\n<\/p>\n<p>\n\t<span style=\"color:#ff8c00\">\u2666 <\/span>Vii\u00a0l\u00e4bi praktika l\u00f5puseminar\u00a0(sh tagasiside eneseanal\u00fc\u00fcsile).\n<\/p>\n<p dir=\"ltr\">\n\tNB! <strong><a data-url=\"https:\/\/www.is.ut.ee\/rwservlet?oa_aine_info.rdf+1231563+PDF+64671946656914327937+application\/pdf\" href=\"https:\/\/www.is.ut.ee\/rwservlet?oa_aine_info.rdf+1231563+PDF+64671946656914327937+application\/pdf\" target=\"_blank\" title=\"\" rel=\"noopener\">SVMJ.02.014.Projektipraktikal<\/a><\/strong> korraldatakse ja viiakse l\u00e4bi seminarid majandusteaduskonna poolt, kes vastutab ka praktikakorralduse eest (sh praktika eesm\u00e4rgi ja \u00f5piv\u00e4ljundite s\u00f5nastamine).\n<\/p>\n<p style=\"text-align: justify\">\n\t\u00a0\n<\/p>\n<p style=\"text-align: justify\">\n\t<\/p><\/div>\n        <\/div>\n        <\/div>\n    <\/div>\n\n<p style=\"text-align: justify\">\n\t<\/p><div class=\"accordion mb-3\">\n        <div class=\"accordion-item accordion-item--white\">\n        <h2 class=\"accordion-header\" id=\"accordion-69e0621f20b26-heading\">\n            <button class=\"accordion-button collapsed\" type=\"button\" data-bs-toggle=\"collapse\" data-bs-target=\"#accordion-69e0621f20b26-collapse\" aria-expanded=\"true\" aria-controls=\"accordion-69e0621f20b26-collapse\">Kasulikud n\u00f5uanded praktikabaasi juhendajale<\/button>\n        <\/h2>\n        <div id=\"accordion-69e0621f20b26-collapse\" class=\"accordion-collapse collapse\" aria-labelledby=\"accordion-69e0621f20b26-heading\">\n            <div class=\"accordion-body\">\n\n<p>\n\t<strong>Miks pakkuda \u00fcli\u00f5pilastele praktikabaasi kohta?<\/strong>\n<\/p>\n<p>\n\t<span style=\"color:#ff8c00\">\u21d2 <\/span>Hoiad\u00a0kokku kulusid v\u00e4rbamisprotsessilt.\n<\/p>\n<p>\n\t<span style=\"color:#ff8c00\">\u21d2 <\/span>Leiad enda organisatsiooni motiveeritud tulevase t\u00f6\u00f6taja.\u00a0\n<\/p>\n<p>\n\t<span style=\"color:#ff8c00\">\u21d2 <\/span>Koost\u00f6\u00f6 Baltimaade nr 1\u00a0\u00fclikooliga.\n<\/p>\n<p>\n\t<span style=\"color:#ff8c00\">\u21d2\u00a0<\/span>Sisend\u00a0uutele ja mitmekesistele ideedele, vaatenurkadele.\n<\/p>\n<p>\n\t\u00a0\n<\/p>\n<p>\n\t<strong>Soovitused praktikabaasi juhendajale<\/strong>:\n<\/p>\n<p>\n\t<span style=\"color:#ff8c00\">\u2666 <\/span>Tutvusta\u00a0organisatsiooni ja seal t\u00f6\u00f6tavaid\u00a0inimesi.\n<\/p>\n<p>\n\t<span style=\"color:#ff8c00\">\u2666 <\/span>Koosk\u00f5lasta\u00a0ja vaata \u00fcle \u00fcli\u00f5pilase praktika\u00a0eesm\u00e4rgid ja \u00fclesanded (projektipraktikal vaata\u00a0\u00fcle projekti t\u00e4psem eesm\u00e4rk).\n<\/p>\n<p>\n\t<span style=\"color:#ff8c00\">\u2666 <\/span>Toeta \u00fcli\u00f5pilast tema eesm\u00e4rkide ja \u00fclesannete saavutamisel.\n<\/p>\n<p>\n\t<span style=\"color:#ff8c00\">\u2666 <\/span>V\u00e4hemalt 1 kord n\u00e4dalas anna \u00fcli\u00f5pilasele konstruktiivset tagasisidet nii, et ta \u00f5piks veel\u00a0(ideaalis oleks igap\u00e4evane v\u00e4ike tagasiside tehtud t\u00f6\u00f6le).\n<\/p>\n<p>\n\t<span style=\"color:#ff8c00\">\u2666 <\/span>Toeta\u00a0\u00fcli\u00f5pilase efektiivset ajakasutust,\u00a0t\u00f6\u00f6vahendite kasutamist, \u00f5igete t\u00f6\u00f6v\u00f5tete omandamist, t\u00f6\u00f6protsesside m\u00f5testamist ja\u00a0t\u00f6\u00f6de planeerimist.\n<\/p>\n<p>\n\t<span style=\"color:#ff8c00\">\u2666 <\/span>Julgusta \u00fcli\u00f5pilast k\u00fcsima k\u00fcsimusi ja otsima vastuseid.\n<\/p>\n<p>\n\t<span style=\"color:#ff8c00\">\u2666 <\/span>Ole igas olukorras toetav ja s\u00f5bralik, aga \u00e4ra lase tal ennast mugavalt tunda.\n<\/p>\n<p dir=\"ltr\" role=\"presentation\">\n\t<span style=\"color:#ff8c00\">\u2666 <\/span>Jaga enda teadmisi ja oskusi.\n<\/p>\n<p dir=\"ltr\" role=\"presentation\">\n\t<span style=\"color:#ff8c00\">\u2666 <\/span>Ole n\u00f5udlik ja suuna \u00fcli\u00f5pilast vastutust v\u00f5tma.\n<\/p>\n<p>\n\t<span style=\"color:#ff8c00\">\u2666 <\/span>Probleemide korral teavita\u00a0\u00fclikoolipoolset juhendajat.\n<\/p>\n<p>\n\t<span style=\"color:#ff8c00\">\u2666 <\/span>Anna\u00a0praktika l\u00f5pus kokkuv\u00f5ttev tagasiside \u00fcli\u00f5pilase sooritusele ning praktika korraldusele.\n<\/p>\n<p>\n\t<span style=\"color:#ff8c00\">\u2666 <\/span>V\u00f5imalusel osale\u00a0praktika l\u00f5puseminaril.\n<\/p>\n\n<p dir=\"ltr\" role=\"presentation\">\n\t\u00a0\n<\/p>\n<p style=\"text-align: justify\">\n\t\u00a0\u00a0<\/p><\/div>\n        <\/div>\n        <\/div>\n    <\/div>\n\n<p style=\"text-align: justify\">\n\t\u00a0<\/p>\n","protected":false},"excerpt":{"rendered":"<p>Praktika (vt ka\u00a0praktika.ut.ee) on \u00f5ppeaine, kus \u00fcli\u00f5pilane rakendab olemasolevaid ja omandab uusi teadmisi ja oskusi t\u00f6\u00f6keskkonnas \u00fclesandeid lahendades. Praktikal on kolm osapoolt: \u00fcli\u00f5pilane, \u00fclikoolipoolne juhendaja ja praktikabaasi juhendaja. Praktikal on kaks olulist eesm\u00e4rki: toetada \u00f5pitu rakendamist ning \u00fcli\u00f5pilase arengut. T\u00e4psema &#8230;<\/p>\n","protected":false},"author":164,"featured_media":0,"parent":0,"menu_order":0,"comment_status":"closed","ping_status":"closed","template":"","meta":{"_acf_changed":false,"inline_featured_image":false,"footnotes":""},"class_list":["post-14","page","type-page","status-publish","hentry"],"acf":[],"_links":{"self":[{"href":"https:\/\/sisu.ut.ee\/praktikamajanduses\/wp-json\/wp\/v2\/pages\/14","targetHints":{"allow":["GET"]}}],"collection":[{"href":"https:\/\/sisu.ut.ee\/praktikamajanduses\/wp-json\/wp\/v2\/pages"}],"about":[{"href":"https:\/\/sisu.ut.ee\/praktikamajanduses\/wp-json\/wp\/v2\/types\/page"}],"author":[{"embeddable":true,"href":"https:\/\/sisu.ut.ee\/praktikamajanduses\/wp-json\/wp\/v2\/users\/164"}],"replies":[{"embeddable":true,"href":"https:\/\/sisu.ut.ee\/praktikamajanduses\/wp-json\/wp\/v2\/comments?post=14"}],"version-history":[{"count":1,"href":"https:\/\/sisu.ut.ee\/praktikamajanduses\/wp-json\/wp\/v2\/pages\/14\/revisions"}],"predecessor-version":[{"id":60,"href":"https:\/\/sisu.ut.ee\/praktikamajanduses\/wp-json\/wp\/v2\/pages\/14\/revisions\/60"}],"wp:attachment":[{"href":"https:\/\/sisu.ut.ee\/praktikamajanduses\/wp-json\/wp\/v2\/media?parent=14"}],"curies":[{"name":"wp","href":"https:\/\/api.w.org\/{rel}","templated":true}]}}