{"id":13,"date":"2024-04-04T04:42:03","date_gmt":"2024-04-04T01:42:03","guid":{"rendered":"https:\/\/sisu.ut.ee\/praktikamajanduses\/peale-praktikat\/"},"modified":"2024-04-04T04:42:13","modified_gmt":"2024-04-04T01:42:13","slug":"peale-praktikat","status":"publish","type":"page","link":"https:\/\/sisu.ut.ee\/praktikamajanduses\/peale-praktikat\/","title":{"rendered":"P\u00e4rast praktikat"},"content":{"rendered":"<p>\n\t\u00a0\n<\/p>\n<p>\n\t<strong>Praktika on l\u00e4bitud ja aeg on keskenduda j\u00e4rgmistele tegevustele<\/strong>:\n<\/p>\n<p dir=\"ltr\" role=\"presentation\">\n\t<span style=\"color:#ff8c00\">\u2666<\/span> Anal\u00fc\u00fcsin praktika l\u00f5ppedes oma praktika eesm\u00e4rgi, \u00fclesannete saavutamist ja enda arengut (<strong><a data-fid=\"41264\" href=\"https:\/\/sisu.ut.ee\/wp-content\/uploads\/sites\/315\/praktika_aruanne_naidis_1_0.docx\">STARR metoodika<\/a><\/strong>).\n<\/p>\n<p dir=\"ltr\" role=\"presentation\">\n\t<span style=\"color:#ff8c00\">\u2666<\/span> K\u00fcsin praktikabaasipoolselt juhendajalt kokkuv\u00f5tva <strong><a data-url=\"https:\/\/sisu.ut.ee\/praktikamajanduses\/praktikamajanduses\" href=\"https:\/\/sisu.ut.ee\/praktikamajanduses\/praktikamajanduses\" target=\"_blank\" title=\"\" rel=\"noopener\">tagasiside<\/a><\/strong>.\n<\/p>\n<p dir=\"ltr\" role=\"presentation\">\n\t<span style=\"color:#ff8c00\">\u2666<\/span> Osalen l\u00f5puseminaril.\n<\/p>\n<p dir=\"ltr\" role=\"presentation\">\n\t<span style=\"color:#ff8c00\">\u2666<\/span> Annan \u00d5ISis tagasiside\u00a0praktika ainele.\n<\/p>\n<p dir=\"ltr\" role=\"presentation\">\n\t\u00a0\n<\/p>\n<p dir=\"ltr\" role=\"presentation\">\n\tPraktika on sooritatud ja n\u00fc\u00fcd vaata \u201cpeeglisse\u201d ja k\u00fcsi, et kas panustasid nii, et v\u00f5id olla endaga rahul ja ARENG on saavutatud\u00a0\u00a0<img loading=\"lazy\" decoding=\"async\" width=\"800\" height=\"800\" class=\"alignnone wp-image-20\" style=\"width: 32px;height: 32px\" src=\"https:\/\/sisu.ut.ee\/wp-content\/uploads\/sites\/315\/100.png\" title=\"100.png\" alt=\"100\" srcset=\"https:\/\/sisu.ut.ee\/wp-content\/uploads\/sites\/315\/100.png 800w, https:\/\/sisu.ut.ee\/wp-content\/uploads\/sites\/315\/100-300x300.png 300w, https:\/\/sisu.ut.ee\/wp-content\/uploads\/sites\/315\/100-150x150.png 150w, https:\/\/sisu.ut.ee\/wp-content\/uploads\/sites\/315\/100-768x768.png 768w\" sizes=\"auto, (max-width: 800px) 100vw, 800px\">\n<\/p>\n<p dir=\"ltr\" role=\"presentation\">\n\tKui vastasid \u201cjah\u201d, siis v\u00f5id endaga rahul olla ja saad m\u00f5elda, et kuidas edasi.\u00a0\n<\/p>\n<p dir=\"ltr\" role=\"presentation\">\n\tKui vastasid \u201cei\u201d, siis pead m\u00f5tlema, et mis valesti l\u00e4ks.\n<\/p>\n<p dir=\"ltr\" role=\"presentation\">\n\t\u00a0\n<\/p>\n<p style=\"text-align: center\">\n\t<span style=\"font-size:28px\"><strong><span style=\"color:#ff0000\">!\u00a0<\/span><\/strong><\/span><strong>PRAKTIKA TULEMUS JA SINU ARENG S\u00d5LTUB SINUST ENDAST<font color=\"#ff0000\">\u00a0<\/font><span style=\"font-size:28px\"><span style=\"color:#ff0000\">!\u00a0<\/span><\/span><\/strong>\n<\/p>\n<p>\n\t\u00a0\n<\/p>\n<p>\n\t\u00a0<\/p>\n","protected":false},"excerpt":{"rendered":"<p>\u00a0 Praktika on l\u00e4bitud ja aeg on keskenduda j\u00e4rgmistele tegevustele: \u2666 Anal\u00fc\u00fcsin praktika l\u00f5ppedes oma praktika eesm\u00e4rgi, \u00fclesannete saavutamist ja enda arengut (STARR metoodika). \u2666 K\u00fcsin praktikabaasipoolselt juhendajalt kokkuv\u00f5tva tagasiside. \u2666 Osalen l\u00f5puseminaril. \u2666 Annan \u00d5ISis tagasiside\u00a0praktika ainele. \u00a0 Praktika &#8230;<\/p>\n","protected":false},"author":164,"featured_media":0,"parent":0,"menu_order":0,"comment_status":"closed","ping_status":"closed","template":"","meta":{"_acf_changed":false,"inline_featured_image":false,"footnotes":""},"class_list":["post-13","page","type-page","status-publish","hentry"],"acf":[],"_links":{"self":[{"href":"https:\/\/sisu.ut.ee\/praktikamajanduses\/wp-json\/wp\/v2\/pages\/13","targetHints":{"allow":["GET"]}}],"collection":[{"href":"https:\/\/sisu.ut.ee\/praktikamajanduses\/wp-json\/wp\/v2\/pages"}],"about":[{"href":"https:\/\/sisu.ut.ee\/praktikamajanduses\/wp-json\/wp\/v2\/types\/page"}],"author":[{"embeddable":true,"href":"https:\/\/sisu.ut.ee\/praktikamajanduses\/wp-json\/wp\/v2\/users\/164"}],"replies":[{"embeddable":true,"href":"https:\/\/sisu.ut.ee\/praktikamajanduses\/wp-json\/wp\/v2\/comments?post=13"}],"version-history":[{"count":1,"href":"https:\/\/sisu.ut.ee\/praktikamajanduses\/wp-json\/wp\/v2\/pages\/13\/revisions"}],"predecessor-version":[{"id":61,"href":"https:\/\/sisu.ut.ee\/praktikamajanduses\/wp-json\/wp\/v2\/pages\/13\/revisions\/61"}],"wp:attachment":[{"href":"https:\/\/sisu.ut.ee\/praktikamajanduses\/wp-json\/wp\/v2\/media?parent=13"}],"curies":[{"name":"wp","href":"https:\/\/api.w.org\/{rel}","templated":true}]}}