{"id":11,"date":"2024-04-04T04:42:02","date_gmt":"2024-04-04T01:42:02","guid":{"rendered":"https:\/\/sisu.ut.ee\/praktikamajanduses\/enne-praktikat\/"},"modified":"2024-04-04T04:42:13","modified_gmt":"2024-04-04T01:42:13","slug":"enne-praktikat","status":"publish","type":"page","link":"https:\/\/sisu.ut.ee\/praktikamajanduses\/enne-praktikat\/","title":{"rendered":"Enne praktikat"},"content":{"rendered":"<p>\n\t\u00a0\n<\/p>\n<p>\n\t<b id=\"docs-internal-guid-2055e731-7fff-d463-43e8-90de7c4ce3c5\">Enne praktikale minekut m\u00f5tlen, millised on MINU huvid ja soovid praktikat teha!<\/b>\n<\/p>\n\n<p>\n\t<span style=\"color:#ff8c00\">\u2666<\/span> Tutvun oma \u00f5ppekava praktika eesm\u00e4rgiga.<b>\u00a0<\/b>\n<\/p>\n<p>\n\t<span style=\"color:#ff8c00\">\u2666<\/span> Osalen sissejuhatavas seminaris.\n<\/p>\n<p>\n\t<span style=\"color:#ff8c00\">\u2666<\/span> Valin <a data-url=\"https:\/\/sisu.ut.ee\/praktikamajanduses\/millist-praktikat-valida-praktika-liigid\" href=\"https:\/\/sisu.ut.ee\/praktikamajanduses\/millist-praktikat-valida-praktika-liigid\" target=\"_blank\" title=\"\" rel=\"noopener\">praktikaliigi<\/a> (nt praktika v\u00e4lismaal, projektipraktikana, uurimisgrupis, ettev\u00f5ttes v\u00f5i hoopis kaasjuhendajana) ja praktikabaasi. Praktikabaasi leidmisel on abiks <a data-url=\"https:\/\/sisu.ut.ee\/praktikamajanduses\/praktikabaaside-nimekiri\" href=\"https:\/\/sisu.ut.ee\/praktikamajanduses\/praktikabaaside-nimekiri\" target=\"_blank\" title=\"\" rel=\"noopener\">praktikabaaside nimekiri<\/a>, <a data-url=\"https:\/\/praktika.ut.ee\/\" href=\"https:\/\/praktika.ut.ee\/\" target=\"_blank\" title=\"\" rel=\"noopener\">praktikate vahenduskeskkond<\/a>, organisatsioonide kodulehed, t\u00f6\u00f6pakkumised, isiklikud tutvused.<b> <\/b>\n<\/p>\n<p>\n\t\u00a0\n<\/p>\n<p style=\"text-align: center\">\n\t<strong><span style=\"font-size:28px\"><span style=\"color:#ff0000\">! <\/span><\/span><\/strong>\u00dcli\u00f5pilased peavad praktikat l\u00e4bides\u00a0saavutama ARENGU.\u00a0Arengule annad hinnangu l\u00e4bi anal\u00fc\u00fcsi\u00a0<span style=\"font-size:28px\"><strong><span style=\"color:#ff0000\">! <\/span><\/strong><\/span>\n<\/p>\n<p>\n\t\u00a0\n<\/p>\n<p>\n\t\u00a0<\/p>\n","protected":false},"excerpt":{"rendered":"<p>\u00a0 Enne praktikale minekut m\u00f5tlen, millised on MINU huvid ja soovid praktikat teha! \u2666 Tutvun oma \u00f5ppekava praktika eesm\u00e4rgiga.\u00a0 \u2666 Osalen sissejuhatavas seminaris. \u2666 Valin praktikaliigi (nt praktika v\u00e4lismaal, projektipraktikana, uurimisgrupis, ettev\u00f5ttes v\u00f5i hoopis kaasjuhendajana) ja praktikabaasi. Praktikabaasi leidmisel on &#8230;<\/p>\n","protected":false},"author":164,"featured_media":0,"parent":0,"menu_order":0,"comment_status":"closed","ping_status":"closed","template":"","meta":{"_acf_changed":false,"inline_featured_image":false,"footnotes":""},"class_list":["post-11","page","type-page","status-publish","hentry"],"acf":[],"_links":{"self":[{"href":"https:\/\/sisu.ut.ee\/praktikamajanduses\/wp-json\/wp\/v2\/pages\/11","targetHints":{"allow":["GET"]}}],"collection":[{"href":"https:\/\/sisu.ut.ee\/praktikamajanduses\/wp-json\/wp\/v2\/pages"}],"about":[{"href":"https:\/\/sisu.ut.ee\/praktikamajanduses\/wp-json\/wp\/v2\/types\/page"}],"author":[{"embeddable":true,"href":"https:\/\/sisu.ut.ee\/praktikamajanduses\/wp-json\/wp\/v2\/users\/164"}],"replies":[{"embeddable":true,"href":"https:\/\/sisu.ut.ee\/praktikamajanduses\/wp-json\/wp\/v2\/comments?post=11"}],"version-history":[{"count":1,"href":"https:\/\/sisu.ut.ee\/praktikamajanduses\/wp-json\/wp\/v2\/pages\/11\/revisions"}],"predecessor-version":[{"id":63,"href":"https:\/\/sisu.ut.ee\/praktikamajanduses\/wp-json\/wp\/v2\/pages\/11\/revisions\/63"}],"wp:attachment":[{"href":"https:\/\/sisu.ut.ee\/praktikamajanduses\/wp-json\/wp\/v2\/media?parent=11"}],"curies":[{"name":"wp","href":"https:\/\/api.w.org\/{rel}","templated":true}]}}