{"id":10,"date":"2024-04-04T04:42:02","date_gmt":"2024-04-04T01:42:02","guid":{"rendered":"https:\/\/sisu.ut.ee\/praktikamajanduses\/avaleht\/"},"modified":"2024-04-14T22:57:58","modified_gmt":"2024-04-14T19:57:58","slug":"avaleht","status":"publish","type":"page","link":"https:\/\/sisu.ut.ee\/praktikamajanduses\/","title":{"rendered":"Avaleht"},"content":{"rendered":"<div class=\"wp-block-columns is-layout-flex wp-container-core-columns-is-layout-9d6595d7 wp-block-columns-is-layout-flex\">\n<div class=\"wp-block-column is-layout-flow wp-block-column-is-layout-flow\">\n<h2>\n\tHea \u00fcli\u00f5pilane!<br>\n<\/h2>\n<p>\n\tOled majandusteaduskonna praktikalehel, kust saad oma esimesed ja vajalikud teadmised praktika edukaks sooritamiseks.\u00a0\n<\/p>\n<h3>\n\tAlusta video vaatamisega<br>\n<\/h3>\n<p>\n\t<a data-url=\"https:\/\/youtu.be\/HxBNezBsVrg\" href=\"https:\/\/youtu.be\/HxBNezBsVrg\" title=\"\"><div class=\"ratio ratio-16x9 mb-3\"><div class=\"video-placeholder-wrapper video-placeholder-wrapper--16x9\">\n\t\t\t    <div class=\"video-placeholder d-flex justify-content-center align-items-center\">\n\t\t\t        <div class=\"overlay text-white p-2 w-100 text-center d-block justify-content-center align-items-center\">\n\t\t\t            <div>Kolmandate osapoolte sisu n\u00e4gemiseks palun n\u00f5ustu k\u00fcpsistega.<\/div>\n\t\t\t            <button class=\"btn btn-secondary btn-sm mt-1 consent-change\">Muuda n\u00f5usolekut<\/button>\n\t\t\t        <\/div>\n\t\t\t    <\/div>\n\t\t\t<\/div>\n<\/div><\/a>\n<\/p>\n<h3>\n\tLisaks saad teada:<br>\n<\/h3>\n<ol>\n<li>\n\t\tMis on praktika?\n\t<\/li>\n<li>\n\t\tMiks ma pean praktikale minekuks eesm\u00e4rgi(d) p\u00fcstitama?\n\t<\/li>\n<li>\n\t\tMillistest osadest praktika koosneb?\n\t<\/li>\n<li>\n\t\tMida peab teadma enne praktikale minekut, praktika ajal ja peale praktikat?\n\t<\/li>\n<li>\n\t\tMillega praktika l\u00f5peb?\n\t<\/li>\n<\/ol>\n<p>\n\tTutvudes, lugedes l\u00e4bi ja planeerides oma praktikat, v\u00f5id olla peaaegu kindel, et l\u00e4bid praktika edukalt.\u00a0\u00a0\n<\/p>\n<p>\n\tJ\u00f5udu ja edu!\n<\/p>\n<\/div>\n\n\n\n<div class=\"wp-block-column is-layout-flow wp-block-column-is-layout-flow\">\n<div class=\"ptimeline\">\n<style>\n.timeline-app {\n  font: 100% \"Rubik\", sans-serif;\n  font-weight: 300;\n  height: 100%;\n  background-color: white;\n}\n\n.timeline-app .blue-bg {\n  background-color: white;\n  color: #2d5695;\n  height: 100%;\n}\n\n.timeline-app .circle {\n  font-weight: bold;\n  padding: 15px 20px;\n  border-radius: 100px;\n  background-color: #2d5695;\n  color: white;\n  max-height: 50px;\n  z-index: 2;\n}\n.timeline-app .how-it-works.row {\n  display: flex;\n}\n\n.timeline-app .how-it-works.row .col-md-1 {\n  display: inline-flex;\n  align-self: stretch;\n  align-items: center;\n  justify-content: center;\n}\n.timeline-app .how-it-works.row .col-md-1::after {\n  content: \"\";\n  position: absolute;\n  border-left: 3px solid #faa419;\n  z-index: 1;\n}\n.timeline-app .how-it-works.row .col-md-1.bottom::after {\n  height: 50%;\n  left: 50%;\n  top: 50%;\n}\n.timeline-app .how-it-works.row .col-md-1.full::after {\n  height: 100%;\n  left: calc(50% - 3px);\n}\n.timeline-app .how-it-works.row .col-md-1.top::after {\n  height: 50%;\n  left: 50%;\n  top: 0;\n}\n.timeline-app .timeline div {\n  padding: 0;\n  height: 40px;\n}\n.timeline-app .timeline hr {\n  border-top: 3px solid #faa419;\n  margin: 0;\n  top: 17px;\n  position: relative;\n}\n\n.timeline-app .timeline .col-md-1 {\n  display: flex;\n  overflow: hidden;\n}\n.timeline-app .timeline .corner {\n  border: 3px solid #faa419;\n  width: 100%;\n  position: relative;\n  border-radius: 15px;\n}\n.timeline-app .timeline .top-right {\n  left: 50%;\n  top: -50%;\n}\n.timeline-app .timeline .left-bottom {\n  left: -50%;\n  top: calc(50% - 3px);\n}\n.timeline-app .timeline .top-left {\n  left: -50%;\n  top: -50%;\n}\n.timeline-app .timeline .right-bottom {\n  left: 50%;\n  top: calc(50% - 3px);\n}\n.timeline-app .container {\n  max-width: 98%;\n  min-width: 250px;\n}\n.timeline-app h5 {\n  \/\/border-bottom: 2px dotted #2d5695;\n \/\/ padding: 6px 12px;\n  width: auto;\n  border-radius: 3px;\n  font-weight: 500;\n  text-transform: uppercase;\n  color: #2d5695;\n  font-size: 16px;\n}\n\n.timeline-app.row {\n    display: -ms-flexbox;\n    display: flex;\n    -ms-flex-wrap: wrap;\n    flex-wrap: wrap;\n    margin-right: -15px;\n    margin-left: -15px;\n}\n\n.fleft {\n    float:left;\n    width: 50px;\n}\n\n.col-md-10.fleft {\n    width: calc(100% - 100px);\n}\n\n.row.align-items-center.how-it-works p {\n    color: #2d5695;\n    font-size: 15px;\n}\n\n.timeline-app h2{\n    color: #2d5695;\n    margin-bottom: 20px;\n}\n\/*.timeline-app .row.align-items-center.how-it-works:nth-child(6):hover {*\/\n.timeline-app a .row.align-items-center.how-it-works:hover {\n    background: #ff5722;\n    cursor: pointer;\n    border-radius: 4px;\n    padding: 15px;\n}\n\n.timeline-app .row.align-items-center.how-it-works {\n    transition: all .25s ease-in-out;\n}\n\n.timeline-app a {\n  text-decoration: none;\n}\n\n.timeline-app a .row.align-items-center.how-it-works:hover h5,\n.timeline-app a .row.align-items-center.how-it-works:hover p{\n  color: white;\n}\n\n<\/style>\n<div class=\"container-fluid blue-bg timeline-app\">\n  <div class=\"container\">\n    <h2 class=\"pb-3 pt-2\">Praktika k\u00e4igus pead<\/h2>\n    <!--first section-->\n<a href=\"https:\/\/moodle.ut.ee\" target=\"_blank\" rel=\"noopener\">\n    <div class=\"row align-items-center how-it-works\">\n      <div class=\"col-md-1 text-center\">\n        <div class=\"circle\">1<\/div>\n      <\/div>\n      <div class=\"col-md-8\">\n        <h5>Praktika eesm\u00e4rk<\/h5>\n        <p>S\u00f5nastama praktika eesm\u00e4rgi ja \u00fclesanded (tegevus Moodle`s).<\/p>\n      <\/div>\n     <div class=\"col-md-3\"><\/div>\n    <\/div>\n    <!--path between 1-2-->\n    <div class=\"row timeline\">\n      <div class=\"col-md-1 fleft\">\n        <div class=\"corner top-right\"><\/div>\n      <\/div>\n      <div class=\"col-md-10 fleft\">\n        <hr>\n      <\/div>\n      <div class=\"col-md-1 fleft\">\n        <div class=\"corner left-bottom\"><\/div>\n      <\/div>\n    <\/div><\/a>\n    <!--second section-->\n<a href=\"https:\/\/moodle.ut.ee\" target=\"_blank\" rel=\"noopener\">\n    <div class=\"row align-items-center justify-content-end how-it-works\">\n      <div class=\"col-md-3\"><\/div>\n      <div class=\"col-md-8 text-right\">\n        <h5>Eneseanal\u00fc\u00fcs<\/h5>\n        <p>Anal\u00fc\u00fcsima praktikal omandatut (enda arengut!) STARR metoodika j\u00e4rgi (tegevus Moodle`s).<\/p>\n      <\/div>\n      <div class=\"col-md-1 text-center\">\n        <div class=\"circle\">2<\/div>\n      <\/div>\n      \n    <\/div>\n    <!--path between 2-3-->\n    <div class=\"row timeline\">\n      <div class=\"col-md-1 fleft\">\n        <div class=\"corner right-bottom\"><\/div>\n      <\/div>\n      <div class=\"col-md-10 fleft\">\n        <hr>\n      <\/div>\n      <div class=\"col-md-1 fleft\">\n        <div class=\"corner top-left\"><\/div>\n      <\/div>\n    <\/div><\/a>\n    <!--third section-->\n<a href=\"https:\/\/survey.ut.ee\/index.php\/828164?newtest=Y&amp;lang=et\">\n    <div class=\"row align-items-center how-it-works\">\n      <div class=\"col-md-1 text-center\">\n        <div class=\"circle\">3<\/div>\n      <\/div>\n      <div class=\"col-md-8\">\n        <h5>Tagasiside juhendajalt<\/h5>\n        <p>Saama tagasiside juhendajalt. Juhendaja saab praktikat tagasisidestada SIIN.<\/p>\n      <\/div>\n      <div class=\"col-md-3\"><\/div>\n    <\/div>\n    <!--path between 3-4-->\n    <div class=\"row timeline\">\n      \n      <div class=\"col-md-1 fleft\">\n        <div class=\"corner top-right\"><\/div>\n      <\/div>\n      <div class=\"col-md-10 fleft\">\n        <hr>\n      <\/div>\n      <div class=\"col-md-1 fleft\">\n        <div class=\"corner left-bottom\"><\/div>\n      <\/div>\n    <\/div>\n<\/a>\n    <!--fourth section-->\n<a href=\"https:\/\/moodle.ut.ee\" target=\"_blank\" rel=\"noopener\">\n    <div class=\"row align-items-center justify-content-end how-it-works\">\n      <div class=\"col-md-3\"><\/div>\n      <div class=\"col-md-8 text-right\">\n        <h5>Tagasiside praktikale<\/h5>\n        <p>Andma tagasiside praktikale ja kogu protsessile (tegevus Moodle`s).<\/p>\n      <\/div>\n      <div class=\"col-md-1 text-center\">\n        <div class=\"circle\">4<\/div>\n      <\/div>\n    <\/div>\n  <\/a><\/div>\n<\/div>\n<\/div>\n<h3 style=\"text-align: center;\">\u00a0<\/h3><h4 style=\"text-align: center;\"><span><span style=\"color:#2d5695;\">VAATA PRAKTIKA- JA T\u00d6\u00d6PAKKUMISI <\/span><a data-url=\"https:\/\/praktika.ut.ee\/\" href=\"https:\/\/praktika.ut.ee\/\" target=\"_blank\" title=\"\" rel=\"noopener\"><span style=\"color:#ffa500;\">FUTULABIST<\/span><\/a><\/span><\/h4><p style=\"text-align: center;\">\u00a0<\/p>\n<\/div>\n<\/div>\n\n\n\n<style>\n.row.os-avaleht-nupud .col-md-4:nth-child(2) button.btn.btn-lg.btn-warning {\n    background: #2d5695;\n}\n.os-avaleht-nupud .btn.btn-lg.btn-warning {\n    width: 100%;\n    border-radius: 0px;\n    margin-bottom: 4px;\n    text-transform: uppercase;\n    margin: 10px 0;\n    font-weight: 500;\n    box-shadow: 6px 5px 5px rgba(0,0,0,.2);\n    background: #FAA41A;\n    padding: 20px;\n    transition: all .25s;\n    border-radius: 4px;\n    color:white;\n    font-weight:500;\n}\n.btn.btn-lg {\n  position: relative;\n  overflow: hidden;\n  transform: translate3d(0, 0, 0);\n}\n\n.btn.btn-lg:after {\n  content: \"\";\n  display: block;\n  position: absolute;\n  width: 100%;\n  height: 100%;\n  top: 0;\n  left: 0;\n  pointer-events: none;\n  background-image: radial-gradient(circle, #fff 10%, transparent 10.01%);\n  background-repeat: no-repeat;\n  background-position: 50%;\n  transform: scale(10, 10);\n  opacity: 0;\n  transition: transform .5s, opacity 1s;\n}\n\n.btn.btn-lg:active:after {\n  transform: scale(0, 0);\n  opacity: .3;\n  transition: 0s;\n}\n\n<\/style>\n<div class=\"row os-avaleht-nupud\">\n    <div class=\"col-md-4 col-12\">  <a href=\".\/enne-praktikat\"><button type=\"button\" class=\"btn btn-lg btn-warning\">Enne praktikat<\/button><\/a><\/div>\n    <div class=\"col-md-4 col-12\">  <a href=\".\/praktika-ajal\"><button type=\"button\" class=\"btn btn-lg btn-warning\">Praktika ajal<\/button><\/a><\/div>  \n    <div class=\"col-md-4 col-12\">  <a href=\".\/peale-praktikat\"><button type=\"button\" class=\"btn btn-lg btn-warning\">P\u00e4rast praktikat<\/button><\/a><\/div>\n<\/div>\n","protected":false},"excerpt":{"rendered":"<p>Hea \u00fcli\u00f5pilane! Oled majandusteaduskonna praktikalehel, kust saad oma esimesed ja vajalikud teadmised praktika edukaks sooritamiseks.\u00a0 Alusta video vaatamisega Kolmandate osapoolte sisu n\u00e4gemiseks palun n\u00f5ustu k\u00fcpsistega. Muuda n\u00f5usolekut Lisaks saad teada: Mis on praktika? Miks ma pean praktikale minekuks eesm\u00e4rgi(d) p\u00fcstitama? &#8230;<\/p>\n","protected":false},"author":164,"featured_media":0,"parent":0,"menu_order":0,"comment_status":"closed","ping_status":"closed","template":"","meta":{"_acf_changed":false,"inline_featured_image":false,"footnotes":""},"class_list":["post-10","page","type-page","status-publish","hentry"],"acf":[],"_links":{"self":[{"href":"https:\/\/sisu.ut.ee\/praktikamajanduses\/wp-json\/wp\/v2\/pages\/10","targetHints":{"allow":["GET"]}}],"collection":[{"href":"https:\/\/sisu.ut.ee\/praktikamajanduses\/wp-json\/wp\/v2\/pages"}],"about":[{"href":"https:\/\/sisu.ut.ee\/praktikamajanduses\/wp-json\/wp\/v2\/types\/page"}],"author":[{"embeddable":true,"href":"https:\/\/sisu.ut.ee\/praktikamajanduses\/wp-json\/wp\/v2\/users\/164"}],"replies":[{"embeddable":true,"href":"https:\/\/sisu.ut.ee\/praktikamajanduses\/wp-json\/wp\/v2\/comments?post=10"}],"version-history":[{"count":13,"href":"https:\/\/sisu.ut.ee\/praktikamajanduses\/wp-json\/wp\/v2\/pages\/10\/revisions"}],"predecessor-version":[{"id":98,"href":"https:\/\/sisu.ut.ee\/praktikamajanduses\/wp-json\/wp\/v2\/pages\/10\/revisions\/98"}],"wp:attachment":[{"href":"https:\/\/sisu.ut.ee\/praktikamajanduses\/wp-json\/wp\/v2\/media?parent=10"}],"curies":[{"name":"wp","href":"https:\/\/api.w.org\/{rel}","templated":true}]}}