{"id":8,"date":"2024-04-04T07:56:05","date_gmt":"2024-04-04T04:56:05","guid":{"rendered":"https:\/\/sisu.ut.ee\/praktikajuhendaja\/uliopilane-otsib-praktikakoha\/"},"modified":"2024-06-18T17:05:52","modified_gmt":"2024-06-18T14:05:52","slug":"uliopilane-otsib-praktikakoha","status":"publish","type":"page","link":"https:\/\/sisu.ut.ee\/praktikajuhendaja\/uliopilane-otsib-praktikakoha\/","title":{"rendered":"\u00dcli\u00f5pilane otsib praktikakoha"},"content":{"rendered":"<p>\n\tSelles osas kirjeldatakse, kuidas \u00fcli\u00f5pilane valib praktikakoha. Saab teada, mida \u00fcli\u00f5pilane peab praktikakoha leidmiseks tegema ja millest ta praktikakoha valikul l\u00e4htub.\n<\/p>\n<h3>\n\tMida t\u00e4hendab\u00a0praktikakoha otsimine?<br>\n<\/h3>\n<p>\n\t\u00dclikoolipoolses praktika sissejuhatuses on \u00fcli\u00f5pilane enda jaoks selgeks m\u00f5elnud ja teadvustanud oma ootused, huvid ja vajadused. \u00dcldreeglina tuleb \u00fcli\u00f5pilasel praktikakoht\u00a0leida iseseisvalt. Teatud \u00f5ppekavadel (\u00f5petajakoolitus, meditsiin) pakub praktikakohti \u00fclikool ja \u00fcli\u00f5pilane saab valida nende seast. Enne praktikakoha otsimist m\u00f5tleb \u00fcli\u00f5pilane l\u00e4bi, millist kogemust ta soovib. Kui \u00fcli\u00f5pilane endale praktikakohta ei leia, siis otsitakse see koost\u00f6\u00f6s \u00fclikoolipoolse juhendajaga.<br>P\u00e4rast praktikakoha valimist v\u00f5tab \u00fcli\u00f5pilane kohaga \u00fchendust ning selgitab v\u00e4lja valmisoleku ja tingimused tema praktikale v\u00f5tmiseks. \u00a0\n<\/p>\n<h3>\n\tKuidas leiab \u00fcli\u00f5pilane praktikakoha?<br>\n<\/h3>\n<p>\n\t\u00dcli\u00f5pilane peab otsingut alustama varakult ja kasutama erinevaid v\u00f5imalusi sobivaima praktikakoha leidmiseks. Kuigi t\u00f6\u00f6k\u00e4test on v\u00e4ga puudus, ei t\u00e4henda see, et sobiva koha leidmine lihtne on.\u00a0\n<\/p>\n<p>\n\tPraktikaasutuse otsingul on \u00fcli\u00f5pilasel vaja arvesse v\u00f5tta mitut aspekti:\n<\/p>\n<h4>\n\tMis on praktika \u00fcldine eesm\u00e4rk?<br>\n<\/h4>\n<p>\n\tPositiivse ja praktikaasutusele professionaalse mulje j\u00e4tmiseks ja saadava kasu suurendamiseks peavad \u00fcldised eesm\u00e4rgid selged olema. \u00dcli\u00f5pilane peab enda jaoks vastama j\u00e4rgmistele k\u00fcsimustele: millisesse asutusse ma tahan minna (suur organisatsioon, start-up ettev\u00f5te vm) ja mida tahan seal teha. Olenemata motivatsioonist ja eesm\u00e4rkidest tasub olla ambitsioonikas. T\u00f6\u00f6andjad hindavad kandidaate, kes on enda jaoks m\u00e4\u00e4ratlenud m\u00f5\u00f5detavad oskused ja saavutused. Eesm\u00e4rkide seadmisel peaks \u00fcli\u00f5pilane l\u00e4htuma praktikakoha visioonist, et n\u00e4idata soovi ettev\u00f5tte edule kaasa aidata. T\u00e4psemad eesm\u00e4rgid ja \u00fclesanded p\u00fcstitatakse p\u00e4rast praktika leppe s\u00f5lmimist praktikakohas ja r\u00e4\u00e4gitakse l\u00e4bi sealse juhendajaga.\n<\/p>\n<h4>\n\tMillised on \u00fcli\u00f5pilase seni omandatud teadmised ja oskused ning tulevased karj\u00e4\u00e4riv\u00f5imalused?<br>\n<\/h4>\n<p>\n\tPraktikakoha otsimisel on kasulik m\u00f5elda ka karj\u00e4\u00e4riv\u00f5imalustele pikemas perspektiivis. Neid v\u00f5imalusi tasub vaadata laiemalt, sest tihti on \u00fcli\u00f5pilasel lisaks seni \u00f5ppekava raames \u00f5pitule olemas t\u00e4iendavad (nt varasemate \u00f5pingute ja t\u00f6\u00f6kogemuse, t\u00e4ienduskoolituste, huvitegevuse vmt kaudu omandatud) teadmised ja oskused, mis aitavad karj\u00e4\u00e4riv\u00f5imalusi avardada. N\u00e4iteks kui majandusteadust \u00f5ppival \u00fcli\u00f5pilasel on v\u00e4ga head IT oskused v\u00f5i kui ajakirjanduse \u00fcli\u00f5pilasel on head turundusoskused, v\u00f5ib see olla tugevaks konkurentsieeliseks, kandideerides praktikakohale v\u00f5i hiljem ka t\u00f6\u00f6kohale.\n<\/p>\n<h4>\n\tMillised on \u00fcli\u00f5pilase ajalised v\u00f5imalused?<br>\n<\/h4>\n<p>\n\tLisaks konkreetsete eesm\u00e4rkide seadmisele tuleb arvestada ka praktika ajalise kuluga. Praktika kestus ja maht ainepunktides on ette antud ainekavas ning selle t\u00e4itmine on kohustuslik. Praktika ajal v\u00f5ivad olla vajalikud olulised muudatused \u00fcli\u00f5pilase tavap\u00e4rases ajakavas, mist\u00f5ttu v\u00f5ib tekkida raskusi muude kohustuste ja praktika \u00fchildamisega. Kui avaneb v\u00f5imalus kauemaks praktikale j\u00e4\u00e4da v\u00f5i sooritada \u00f5ppekava v\u00e4liselt lisapraktika, saab ka see arvesse minna \u00f5ppekava t\u00e4itmisena valik- v\u00f5i vabaainena. Igal juhul tuleb kaaluda, kas \u00f5pingud ja isiklik elu seda v\u00f5imaldavad. Lisapraktika kasulikkus \u00fcli\u00f5pilasele ja koosk\u00f5la \u00f5ppekavas \u00f5pituga tuleb \u00fcli\u00f5pilasel instituudis eelnevalt koosk\u00f5lastada.\n<\/p>\n<h4>\n\tKas praktika peab olema tasustatud?<br>\n<\/h4>\n<p>\n\tPraktikakohta otsides tasub m\u00f5elda oma rahalise olukorra peale. S\u00f5ltumata sellest, kas praktika on tasustatud v\u00f5i tasustamata, on see \u00fcli\u00f5pilasele igal juhul kasulik, sest v\u00f5imaldab arendada \u00fcli\u00f5pilase teadmisi ja oskusi, laiendada hilisemas t\u00f6\u00f6elus olulist kontaktide v\u00f5rgustikku, omandada juhendatud t\u00f6\u00f6kogemus ning sageli saada t\u00f6\u00f6pakkumisi. Samas tuleb endalt siiski k\u00fcsida, kas ma saan rahaliselt hakkama, kui ma praktika eest tasu ei saa.<br>Suvekuudel on praktika sagedamini tasustatud, sest \u00fcli\u00f5pilaselt oodatakse nt t\u00f6\u00f6tajate puhkuste ajal asendamist (t\u00e4iskoormusega). Samuti on suvekuudel parem v\u00f5imalus v\u00e4lismaale praktikale minna, et saada kogemus ka teistes riikides.\u00a0\n<\/p>\n<h4>\n\tKas praktika tuleb sooritada organisatsioonis kohapeal v\u00f5i saab seda teha kaugt\u00f6\u00f6na?<br>\n<\/h4>\n<p>\n\tCOVID-19 epideemia t\u00f5ttu on praktika vorm v\u00e4ga palju muutunud. Enam ei ole probleem teha praktikat kaugt\u00f6\u00f6na. Kaugpraktikad toimuvad erinevate virtuaalsete platvormide kaudu ning suhtlemine kolleegide ja juhendajatega toimub e-posti, telefonik\u00f5nede ja konverentsirakenduste (nt Google Hangouts, Zoom ja Skype) kaudu. Kaugpraktika puhul on \u00fcli\u00f5pilasel vaja suuremat enesedistsipliini ning -motivatsiooni: kokkulepitud \u00fclesanded tuleb suuremal m\u00e4\u00e4ral iseseisvalt ja \u00fcksinda lahendada, sest vahetu suhtlemine on sageli raskendatud. Seega arendab kaugpraktika lisaks enesejuhtimisele hoopis teistsuguseid suhtlemisoskusi kui tavap\u00e4rane praktika organisatsioonis kohapeal.\n<\/p>\n<h4>\n\tKuidas leida k\u00f5ige sobivam praktikakoht?<br>\n<\/h4>\n<p>\n\tUurida \u00fclikooli pakutavaid praktikavahendus- ja -n\u00f5ustamisteenuseid:\n<\/p>\n<ul>\n<li>\n\t\tPraktika ja t\u00f6\u00f6pakkumiste veebileht <a data-url=\"https:\/\/futulab.ut.ee\/\" href=\"https:\/\/futulab.ut.ee\/\" target=\"_blank\" title=\"\" rel=\"noopener\">https:\/\/futulab.ut.ee\/<\/a>\u00a0\n\t<\/li>\n<li>\n\t\t\u00dclikooli n\u00f5ustamiskeskus, kus karj\u00e4\u00e4rin\u00f5ustajad saavad n\u00f5ustada sobiva praktikakoha otsimisel ning pakuvad vastavaid koolitusi (kuidas koostada CV ja motivatsioonikirja, kuidas leida praktikakoht jne) \u2013\u00a0<a data-url=\"https:\/\/ut.ee\/et\/sisu\/karjaarinoustamine\" href=\"https:\/\/ut.ee\/et\/sisu\/karjaarinoustamine\" target=\"_blank\" title=\"\" rel=\"noopener\">https:\/\/ut.ee\/et\/sisu\/karjaarinoustamine<\/a>\n\t<\/li>\n<li>\n\t\tV\u00e4lispraktika v\u00f5imalused \u2013 <a data-url=\"https:\/\/futulab.ut.ee\/\" href=\"https:\/\/futulab.ut.ee\/\" target=\"_blank\" title=\"\" rel=\"noopener\">https:\/\/www.ut.ee\/et\/erasmus<\/a>\u00a0\n\t<\/li>\n<li>\n\t\tInstituutide kodulehed \u2013 <a data-url=\"https:\/\/futulab.ut.ee\/uliopilasele\/\u00a0\" href=\"https:\/\/futulab.ut.ee\/uliopilasele\/%C2%A0\" target=\"_blank\" title=\"\" rel=\"noopener\">https:\/\/futulab.ut.ee\/uliopilasele\/\u00a0<\/a>\n\t<\/li>\n<\/ul>\n<p>\n\tOtsida praktikapakkumisi internetist (nt Linkedin, CV online jne) ja ettev\u00f5tete kodulehtedelt\n<\/p>\n<ul>\n<li>\n\t\tOma soovidest praktikaasutuse leidmiseks v\u00f5iks r\u00e4\u00e4kida sarnaste karj\u00e4\u00e4rihuvidega s\u00f5prade ja pereliikmetega. Samuti v\u00f5ivad v\u00e4\u00e4rtuslikku n\u00f5u anda endised t\u00f6\u00f6andjad ja mentorid, sest nad tunnevad \u00fcli\u00f5pilast professionaalsel tasemel ning oskavad iseloomustada tema t\u00f6\u00f6eetikat. Kindlasti tasub \u00fcli\u00f5pilasel abi k\u00fcsida \u00fclikooli \u00f5ppej\u00f5ududelt, sest neil on head teadmised valdkonnast, milles \u00fcli\u00f5pilane soovib praktikakohta leida.\n\t<\/li>\n<\/ul>\n<h4>\n\tKuidas ja millal kandideerida?\u00a0<br>\n<\/h4>\n<p>\n\tH\u00e4sti koostatud ja aegsasti esitatud kandideerimisavaldus j\u00e4tab potentsiaalsetele praktikajuhendajatele positiivse esmamulje ja suurendab oluliselt soovitud praktikakoha kiirema leidmise t\u00f5en\u00e4osust.\u00a0\n<\/p>\n<p>\n\t<strong>Soovitusi kandideerimiseks:\u00a0<\/strong>\n<\/p>\n<ul>\n<li>\n\t\tEnne avalduse esitamist v\u00f5ta potentsiaalse praktikakohaga \u00fchendust ja k\u00fcsi praktikale kandideerimise tingimuste kohta. See loob juba esimese sideme selle organisatsiooniga.\u00a0\n\t<\/li>\n<li>\n\t\tVaata iga avaldus hoolikalt \u00fcle ja kohanda see organisatsiooni n\u00f5uetele vastavaks. Selleks tutvu ettev\u00f5tte visiooni ja missiooniga ning too avalduses v\u00e4lja, kuidas sina saad neid aidata saavutada.\n\t<\/li>\n<li>\n\t\tPalu \u00fclikoolipoolsel juhendajal v\u00f5i t\u00f6\u00f6tajate v\u00e4rbamise\/praktikantide praktikalev\u00f5tmise kogemusega inimesel praktikaavaldus \u00fcle vaadata.\u00a0\n\t<\/li>\n<li>\n\t\tKontrolli, et su curriculum vitae (CV) oleks ajakohane, vormistus korrektne jakeelekasutus selge \u00a0ning sisu arusaadav. Olenevalt organisatsioonist v\u00f5ivad ka n\u00f5udmised CV-le olla erinevad. N\u00e4iteks kui kandideerid loovettev\u00f5tetesse, siis peaks CV n\u00e4itama ka sinu loovust jne. V\u00e4rbamisega tegelevad inimesed teevad oma esimese otsuse esitatud CV v\u00e4limuse ja sisu j\u00e4rgi. NB! Hea CV loomine v\u00f5tab aega.\u00a0\n\t<\/li>\n<li>\n\t\tLisa CVle pilt. Aga \u00e4ra kasuta peol v\u00f5i naljaviluks tehtud pilte.\n\t<\/li>\n<li>\n\t\tAvalduses ja CV-s too v\u00e4lja, mille poolest sa v\u00f5imalikest teistest kandidaatidest eristud, millised on sinu tugevused, oskused ja senised saavutused. Ole enesekindel, aga mitte \u00fclbe.\n\t<\/li>\n<li>\n\t\tKui omad sotsiaalmeedia kontot, siis vaata (enne kandideerimist) see kriitiliselt \u00fcle ja kustuta postitused, mis ei j\u00e4ta muljet sinust kui professionaalsest t\u00f6\u00f6tajast. Kui sul LinkedIn\u00b4i kontot veel ei ole, siis on soovitav see teha ja seal olevat infot regulaarselt v\u00e4rskendada.\u00a0\n\t<\/li>\n<li>\n\t\tSaada kandideerimisavaldus v\u00f5imalikult aegsasti ja mitmesse potentsiaalsesse praktikakohta enne praktika kavandatavat algust.\u00a0\n\t<\/li>\n<\/ul>\n<h3>\n\tMiks peab \u00fcli\u00f5pilane ise praktikakoha otsima?<br>\n<\/h3>\n<p>\n\tPraktikakoha iseseisev otsimine (mitte \u00fclikooli poolt ettem\u00e4\u00e4ramine, v.a teatud kindla kutsesuunitlusega \u00f5ppekavadel) on oluline, et \u00fcli\u00f5pilane harjutaks tegema (t\u00f6\u00f6alaseid) valikuid oma isiklikest ja erialastest arenguvajadustest l\u00e4htuvalt. Samuti\u00a0arendaks omaalgatust ja -vastutust ning valmistuks t\u00f6\u00f6turul iseseisvalt konkureerima.\u00a0<\/p>\n","protected":false},"excerpt":{"rendered":"<p>Selles osas kirjeldatakse, kuidas \u00fcli\u00f5pilane valib praktikakoha. Saab teada, mida \u00fcli\u00f5pilane peab praktikakoha leidmiseks tegema ja millest ta praktikakoha valikul l\u00e4htub. Mida t\u00e4hendab\u00a0praktikakoha otsimine? \u00dclikoolipoolses praktika sissejuhatuses on \u00fcli\u00f5pilane enda jaoks selgeks m\u00f5elnud ja teadvustanud oma ootused, huvid ja vajadused. &#8230;<\/p>\n","protected":false},"author":164,"featured_media":0,"parent":0,"menu_order":0,"comment_status":"closed","ping_status":"closed","template":"","meta":{"_acf_changed":false,"inline_featured_image":false,"footnotes":""},"class_list":["post-8","page","type-page","status-publish","hentry"],"acf":[],"_links":{"self":[{"href":"https:\/\/sisu.ut.ee\/praktikajuhendaja\/wp-json\/wp\/v2\/pages\/8","targetHints":{"allow":["GET"]}}],"collection":[{"href":"https:\/\/sisu.ut.ee\/praktikajuhendaja\/wp-json\/wp\/v2\/pages"}],"about":[{"href":"https:\/\/sisu.ut.ee\/praktikajuhendaja\/wp-json\/wp\/v2\/types\/page"}],"author":[{"embeddable":true,"href":"https:\/\/sisu.ut.ee\/praktikajuhendaja\/wp-json\/wp\/v2\/users\/164"}],"replies":[{"embeddable":true,"href":"https:\/\/sisu.ut.ee\/praktikajuhendaja\/wp-json\/wp\/v2\/comments?post=8"}],"version-history":[{"count":2,"href":"https:\/\/sisu.ut.ee\/praktikajuhendaja\/wp-json\/wp\/v2\/pages\/8\/revisions"}],"predecessor-version":[{"id":105,"href":"https:\/\/sisu.ut.ee\/praktikajuhendaja\/wp-json\/wp\/v2\/pages\/8\/revisions\/105"}],"wp:attachment":[{"href":"https:\/\/sisu.ut.ee\/praktikajuhendaja\/wp-json\/wp\/v2\/media?parent=8"}],"curies":[{"name":"wp","href":"https:\/\/api.w.org\/{rel}","templated":true}]}}