{"id":7,"date":"2024-04-04T07:56:05","date_gmt":"2024-04-04T04:56:05","guid":{"rendered":"https:\/\/sisu.ut.ee\/praktikajuhendaja\/uliopilane\/"},"modified":"2024-04-04T07:56:16","modified_gmt":"2024-04-04T04:56:16","slug":"uliopilane","status":"publish","type":"page","link":"https:\/\/sisu.ut.ee\/praktikajuhendaja\/uliopilane\/","title":{"rendered":"\u00dcli\u00f5pilane"},"content":{"rendered":"<p>Siit leiad k\u00f5ige olulisemad \u00fcli\u00f5pilast puuduvad teemad.<\/p>\n","protected":false},"excerpt":{"rendered":"<p>Siit leiad k\u00f5ige olulisemad \u00fcli\u00f5pilast puuduvad teemad.<\/p>\n","protected":false},"author":164,"featured_media":0,"parent":0,"menu_order":0,"comment_status":"closed","ping_status":"closed","template":"","meta":{"_acf_changed":false,"inline_featured_image":false,"footnotes":""},"class_list":["post-7","page","type-page","status-publish","hentry"],"acf":[],"_links":{"self":[{"href":"https:\/\/sisu.ut.ee\/praktikajuhendaja\/wp-json\/wp\/v2\/pages\/7","targetHints":{"allow":["GET"]}}],"collection":[{"href":"https:\/\/sisu.ut.ee\/praktikajuhendaja\/wp-json\/wp\/v2\/pages"}],"about":[{"href":"https:\/\/sisu.ut.ee\/praktikajuhendaja\/wp-json\/wp\/v2\/types\/page"}],"author":[{"embeddable":true,"href":"https:\/\/sisu.ut.ee\/praktikajuhendaja\/wp-json\/wp\/v2\/users\/164"}],"replies":[{"embeddable":true,"href":"https:\/\/sisu.ut.ee\/praktikajuhendaja\/wp-json\/wp\/v2\/comments?post=7"}],"version-history":[{"count":1,"href":"https:\/\/sisu.ut.ee\/praktikajuhendaja\/wp-json\/wp\/v2\/pages\/7\/revisions"}],"predecessor-version":[{"id":69,"href":"https:\/\/sisu.ut.ee\/praktikajuhendaja\/wp-json\/wp\/v2\/pages\/7\/revisions\/69"}],"wp:attachment":[{"href":"https:\/\/sisu.ut.ee\/praktikajuhendaja\/wp-json\/wp\/v2\/media?parent=7"}],"curies":[{"name":"wp","href":"https:\/\/api.w.org\/{rel}","templated":true}]}}