{"id":6,"date":"2024-04-04T07:56:05","date_gmt":"2024-04-04T04:56:05","guid":{"rendered":"https:\/\/sisu.ut.ee\/praktikajuhendaja\/teeb-praktika-sissejuhatuse\/"},"modified":"2024-06-18T17:06:35","modified_gmt":"2024-06-18T14:06:35","slug":"teeb-praktika-sissejuhatuse","status":"publish","type":"page","link":"https:\/\/sisu.ut.ee\/praktikajuhendaja\/teeb-praktika-sissejuhatuse\/","title":{"rendered":"\u00dclikoolipoolne juhendaja teeb praktika sissejuhatuse"},"content":{"rendered":"<p>\n\tSelles osas selgitatakse, kuidas \u00fcli\u00f5pilane praktikaks valmistub. Saad teada, millised \u00fclesanded \u00fcli\u00f5pilane enne praktikale minekut peab sooritama ja millised suunised \u00fclikool talle annab.\u00a0\n<\/p>\n<h3>\n\tMis on praktika sissejuhatus?<br>\n<\/h3>\n<p>\n\t\u00dclikooli eesm\u00e4rk on \u00fcli\u00f5pilasi praktikaks v\u00f5imalikult h\u00e4sti ette valmistada. \u00a0\n<\/p>\n<p>\n\tPraktika sissejuhatuses saab \u00fcli\u00f5pilane \u00fclevaate praktika \u00fcldistest eesm\u00e4rkidest ja protsessist ning n\u00f5uetest ja suunistest praktika edukaks l\u00e4bimiseks.\u00a0Lisaks on \u00fclikooli\/instituudi poolt olemas\u00a0praktikakirjeldus\u00a0ja ootused praktikabaasi juhendajale, mida \u00fcli\u00f5pilane saab jagada.\n<\/p>\n<p>\n\t\u00dclikoolipoolne juhendaja ja \u00fcli\u00f5pilased arutlevad j\u00e4rgmistel teemadel:\n<\/p>\n<h4>\n\tMis on praktika?\u00a0<br>\n<\/h4>\n<p>\n\tPraktika on \u00f5pitud teadmiste rakendamine ja kinnistamine reaalses elus.\u00a0\n<\/p>\n<p>\n\tK\u00f5rgharidusstandardis on praktika defineeritud nii: \u201dPraktika on \u00f5piv\u00e4ljundite saavutamise sihip\u00e4rane tegevus, mille eesm\u00e4rk on rakendada \u00f5pitud teadmisi ja oskusi \u00f5ppeasutuse m\u00e4\u00e4ratud vormis ning juhendaja juhendamisel t\u00f6\u00f6keskkonnas\u201d.\n<\/p>\n<p>\n\t\u00d5ppekavas on praktika \u00f5ppeaine eriliik. N\u00e4iteks Tartu \u00dclikooli majandusteaduskonna bakalaureuse \u00f5ppekavades on praktika maht on 6 EAP (156 tundi t\u00f6\u00f6d, sellest 4 tundi seminare, 140 tundi t\u00f6\u00f6d organisatsioonis, 12 tundi anal\u00fc\u00fcsi osa. Vaata t\u00e4psemalt <a data-url=\"https:\/\/sisu.ut.ee\/praktikamajanduses\/avaleht\" href=\"https:\/\/sisu.ut.ee\/praktikamajanduses\/avaleht\" target=\"_blank\" title=\"\" rel=\"noopener\">https:\/\/sisu.ut.ee\/praktikamajanduses\/avaleht<\/a>.\n<\/p>\n<h4>\n\tKuidas praktika toimub?<br>\n<\/h4>\n<p>\n\tPraktika protsess h\u00f5lmab praktikapoolte (\u00fcli\u00f5pilane, praktikajuhendaja, \u00fclikoolipoolne juhendaja) tegevusi praktika kolmes etapis: enne praktikat, praktika ajal ja p\u00e4rast praktikat. N\u00e4ited tegevustest:\n<\/p>\n<p>\n\tPraktika eesm\u00e4rgi p\u00fcstitamine SMART mudeli j\u00e4rgi. Eesm\u00e4rk vastab mudelile, kui see on konkreetne (<strong>S<\/strong>pecific), m\u00f5\u00f5detav (<strong>M<\/strong>easurable), saavutatav (<strong>A<\/strong>chievable), asjakohane (<strong>R<\/strong>elevant) ja t\u00e4htajaline (<strong>T<\/strong>imely).\n<\/p>\n<p>\n\tPraktika sooritamise aja m\u00e4\u00e4ramine (nt suvel, sobival ajal aastaringselt, \u00f5ppekavas etten\u00e4htud perioodil)\n<\/p>\n<p>\n\tPraktika sooritamine (lepingu s\u00f5lmimine, juhendajalt tagasiside saamine jne)\n<\/p>\n<p>\n\tP\u00e4rast praktikat eneseanal\u00fc\u00fcsi tegemine STARR metoodika j\u00e4rgi:<br><strong>S<\/strong> \u2013 situation: olukord, kus kogemus saadi (nt t\u00f6\u00f6koha kirjeldus);<br><strong>T<\/strong> \u2013 task: \u00fclesanded ja rollid, mida praktikal t\u00e4ideti;<br><strong>A<\/strong> \u2013 activities: tegevused ja meetodid;\u00a0<br><strong>R<\/strong> \u2013 results: k\u00f5ige olulisemad tulemused;\u00a0<br><strong>R<\/strong> \u2013 reflection: anal\u00fc\u00fcs, milles selguvad praktika k\u00e4igus saadud p\u00e4devused ja arenguv\u00f5imalused.\u00a0\n<\/p>\n<p>\n\tPraktikaaruande koostamine ja kaitsmine\n<\/p>\n<p>\n\tPraktikaaruande vorm ja hindamine on m\u00e4\u00e4ratletud instituudis. Praktikaaruande hindamise eesm\u00e4rk on anda \u00fcli\u00f5pilasele tagasisidet tema oskuse kohta oma \u00f5ppimiskogemust anal\u00fc\u00fcsida.\n<\/p>\n<h4>\n\tKus on v\u00f5imalik praktikat sooritada?<br>\n<\/h4>\n<p>\n\tPraktikat on v\u00f5imalik l\u00e4bida erinevates t\u00f6\u00f6keskkondades, n\u00e4iteks m\u00f5nes eraettev\u00f5ttes, avaliku v\u00f5i kolmanda sektori organisatsioonis, sTARTUPlab\u00b4is, aga ka projekti-, juhendamis- v\u00f5i uurimispraktikana \u00fclikoolis v\u00f5i mujal nii Eestis kui v\u00e4lismaal.\u00a0\n<\/p>\n<p>\n\t\u00dclikool suunab \u00fcli\u00f5pilast valima praktikakohta, mis on seotud tema \u00f5ppekava ja\/v\u00f5i huviga ning mis v\u00f5imaldab tal areneda. Toimumiskoha j\u00e4rgi saab praktikat m\u00e4\u00e4ratleda j\u00e4rgmiselt:\n<\/p>\n<ul>\n<li>\n\t\tpraktika ettev\u00f5ttes (sh FIE), riigi- ja avaliku v\u00f5i kolmanda sektori organisatsioonis (nt ministeeriumis, \u00fclikoolis, MT\u00dcs);\n\t<\/li>\n<li>\n\t\tprojektipraktika;\n\t<\/li>\n<li>\n\t\tpraktika sTARTUplab`is;\n\t<\/li>\n<li>\n\t\tpraktika uurimisr\u00fchmas;\n\t<\/li>\n<li>\n\t\tjuhendamispraktika (magistri\u00f5ppes);\n\t<\/li>\n<li>\n\t\tpraktika v\u00e4lismaal (<a data-url=\"https:\/\/www.ut.ee\/et\/erasmus\" href=\"https:\/\/www.ut.ee\/et\/erasmus\" target=\"_blank\" title=\"\" rel=\"noopener\">https:\/\/www.ut.ee\/et\/erasmus<\/a>, <a data-url=\"https:\/\/www.ut.ee\/et\/oppimine\/erasmus-programmi-toel-euroopasse-praktikale\" href=\"https:\/\/www.ut.ee\/et\/oppimine\/erasmus-programmi-toel-euroopasse-praktikale\" target=\"_blank\" title=\"\" rel=\"noopener\">https:\/\/www.ut.ee\/et\/oppimine\/erasmus-programmi-toel-euroopasse-praktikale<\/a>; \u00fcli\u00f5pilaste blogi, kes k\u00e4ivad v\u00e4lismaa, <a data-url=\"https:\/\/uttraineeshipblog.com\" href=\"https:\/\/uttraineeshipblog.com\" target=\"_blank\" title=\"\" rel=\"noopener\">https:\/\/uttraineeshipblog.com<\/a>\/).\n\t<\/li>\n<\/ul>\n<h4>\n\tMillised on n\u00f5uded praktika l\u00e4bimiseks?<br>\n<\/h4>\n<p>\n\tN\u00f5uded \u00fcli\u00f5pilasele praktika l\u00e4bimiseks m\u00e4\u00e4ratletakse \u00f5ppekavas oleva <strong>praktika ainekavas<\/strong>.\u00a0\n<\/p>\n<h4>\n\tKuidas praktika edukalt l\u00e4bida?\u00a0<br>\n<\/h4>\n<p>\n\t\u00dclikoolipoolne juhendaja annab \u00fcli\u00f5pilastele soovitusi ja n\u00f5uandeid praktika edukaks l\u00e4bimiseks, \u00fchiselt anal\u00fc\u00fcsitakse v\u00f5imalikke riske ja nende maandamise v\u00f5imalusi.\n<\/p>\n<h3>\n\tKuidas praktika sissejuhatus on korraldatud?<br>\n<\/h3>\n<p>\n\tPraktika sissejuhatus v\u00f5ib olla korraldatud \u00fche v\u00f5i mitme seminarina, infotunnina v\u00f5i muul moel. See on kirjeldatud praktika ainekavas. \u00dclikoolis on olemas alati isik, kes \u00f5ppekava praktikat koordineerib.\u00a0\n<\/p>\n<h3>\n\tMiks on praktika sissejuhatust vaja?<br>\n<\/h3>\n<p>\n\tPraktika sissejuhatus aitab \u00fcli\u00f5pilasel saada kiire \u00fclevaade sellest, mida praktika endast kujutab, millised on ootused ja n\u00f5uded \u00fcli\u00f5pilasele, mida ta tegema peab. \u00dcli\u00f5pilasel v\u00f5imalik kohe alguses oma aega ja tegevusi \u00f5igesti planeerida ning praktika ladusalt ja edukalt l\u00e4bida. Kui \u00fcli\u00f5pilasele on selged tema \u00fclesanded, aitab see ennetada potentsiaalseid probleeme ja takistusi praktika ajal.\n<\/p>\n<p>\n\tPraktika sissejuhatus suunab \u00fcli\u00f5pilast m\u00f5tlema, kuhu ta soovib praktikale minna ning mida ta peab sobiva praktikakoha leidmiseks tegema.\u00a0\n<\/p>\n<p>\n\tKui \u00fcli\u00f5pilane on praktika sissejuhatuses sooritanud eneseanal\u00fc\u00fcsi \u00fclesanded ja tutvunud erinevate praktikav\u00f5imalustega, oskab ta teadlikumalt valida praktikakoha ja see teeb praktikajuhendaja jaoks juhendamise lihtsamaks.\u00a0<\/p>\n","protected":false},"excerpt":{"rendered":"<p>Selles osas selgitatakse, kuidas \u00fcli\u00f5pilane praktikaks valmistub. Saad teada, millised \u00fclesanded \u00fcli\u00f5pilane enne praktikale minekut peab sooritama ja millised suunised \u00fclikool talle annab.\u00a0 Mis on praktika sissejuhatus? \u00dclikooli eesm\u00e4rk on \u00fcli\u00f5pilasi praktikaks v\u00f5imalikult h\u00e4sti ette valmistada. \u00a0 Praktika sissejuhatuses saab &#8230;<\/p>\n","protected":false},"author":164,"featured_media":0,"parent":0,"menu_order":0,"comment_status":"closed","ping_status":"closed","template":"","meta":{"_acf_changed":false,"inline_featured_image":false,"footnotes":""},"class_list":["post-6","page","type-page","status-publish","hentry"],"acf":[],"_links":{"self":[{"href":"https:\/\/sisu.ut.ee\/praktikajuhendaja\/wp-json\/wp\/v2\/pages\/6","targetHints":{"allow":["GET"]}}],"collection":[{"href":"https:\/\/sisu.ut.ee\/praktikajuhendaja\/wp-json\/wp\/v2\/pages"}],"about":[{"href":"https:\/\/sisu.ut.ee\/praktikajuhendaja\/wp-json\/wp\/v2\/types\/page"}],"author":[{"embeddable":true,"href":"https:\/\/sisu.ut.ee\/praktikajuhendaja\/wp-json\/wp\/v2\/users\/164"}],"replies":[{"embeddable":true,"href":"https:\/\/sisu.ut.ee\/praktikajuhendaja\/wp-json\/wp\/v2\/comments?post=6"}],"version-history":[{"count":2,"href":"https:\/\/sisu.ut.ee\/praktikajuhendaja\/wp-json\/wp\/v2\/pages\/6\/revisions"}],"predecessor-version":[{"id":109,"href":"https:\/\/sisu.ut.ee\/praktikajuhendaja\/wp-json\/wp\/v2\/pages\/6\/revisions\/109"}],"wp:attachment":[{"href":"https:\/\/sisu.ut.ee\/praktikajuhendaja\/wp-json\/wp\/v2\/media?parent=6"}],"curies":[{"name":"wp","href":"https:\/\/api.w.org\/{rel}","templated":true}]}}